{"id":6248,"date":"2014-05-21T17:55:52","date_gmt":"2014-05-21T15:55:52","guid":{"rendered":"http:\/\/inverma.de\/produkte\/"},"modified":"2023-08-14T12:18:48","modified_gmt":"2023-08-14T10:18:48","slug":"products-5","status":"publish","type":"page","link":"https:\/\/inverma.de\/en\/products-5\/","title":{"rendered":"Products"},"content":{"rendered":"[et_pb_section fb_built=&#8221;1&#8243; _builder_version=&#8221;3.22.4&#8243; parallax=&#8221;on&#8221; inner_width_tablet=&#8221;50px&#8221; inner_max_width_tablet=&#8221;50px&#8221; custom_padding=&#8221;0px|||&#8221; z_index_tablet=&#8221;500&#8243;][et_pb_row _builder_version=&#8221;3.25&#8243; custom_padding=&#8221;0px||0px|&#8221; z_index_tablet=&#8221;500&#8243;][et_pb_column type=&#8221;4_4&#8243; _builder_version=&#8221;3.25&#8243; custom_padding=&#8221;|||&#8221; custom_padding__hover=&#8221;|||&#8221;][et_pb_post_title meta=&#8221;off&#8221; featured_image=&#8221;off&#8221; _builder_version=&#8221;3.22.4&#8243; z_index_tablet=&#8221;500&#8243;][\/et_pb_post_title][\/et_pb_column][\/et_pb_row][et_pb_row column_structure=&#8221;1_3,1_3,1_3&#8243; make_equal=&#8221;on&#8221; _builder_version=&#8221;3.25&#8243; z_index_tablet=&#8221;500&#8243;][et_pb_column type=&#8221;1_3&#8243; module_class=&#8221;box-shadow&#8221; _builder_version=&#8221;3.25&#8243; background_color=&#8221;#ffffff&#8221; custom_padding=&#8221;|||&#8221; custom_padding__hover=&#8221;|||&#8221;][et_pb_button button_url=&#8221;https:\/\/inverma.de\/en\/products-5\/products-for-her\/&#8221; button_text=&#8221;For her&#8221; button_alignment=&#8221;center&#8221; admin_label=&#8221;F\u00fcr sie&#8221; _builder_version=&#8221;3.22.4&#8243; background_layout=&#8221;dark&#8221; custom_margin=&#8221;||0px|&#8221; z_index_tablet=&#8221;500&#8243; custom_css_main_element=&#8221;width: 100%;&#8221;][\/et_pb_button][et_pb_gallery gallery_ids=&#8221;6984,7059,7534,7096,6879,7017,7099,7041,7159,7156,7117,7114,7111,6927,6942&#8243; fullwidth=&#8221;on&#8221; module_id=&#8221;prod-fuer-sie&#8221; module_class=&#8221;disable-lightbox&#8221; _builder_version=&#8221;3.22.4&#8243; pagination_font_size=&#8221;1px&#8221; background_color=&#8221;#ffffff&#8221; text_orientation=&#8221;center&#8221; module_alignment=&#8221;center&#8221; custom_margin=&#8221;0px|||&#8221; custom_padding=&#8221;5%|5%|5%|5%&#8221; auto=&#8221;on&#8221; link_option_url=&#8221;https:\/\/inverma.de\/produkte\/fuer-sie\/&#8221; z_index_tablet=&#8221;500&#8243;][\/et_pb_gallery][\/et_pb_column][et_pb_column type=&#8221;1_3&#8243; module_class=&#8221;box-shadow&#8221; _builder_version=&#8221;3.25&#8243; background_color=&#8221;#ffffff&#8221; custom_padding=&#8221;|||&#8221; custom_padding__hover=&#8221;|||&#8221;][et_pb_button button_url=&#8221;https:\/\/inverma.de\/en\/products-5\/products-for-him\/&#8221; button_text=&#8221;for him&#8221; button_alignment=&#8221;center&#8221; admin_label=&#8221;F\u00fcr ihn&#8221; _builder_version=&#8221;3.22.4&#8243; background_layout=&#8221;dark&#8221; custom_margin=&#8221;||0px|&#8221; z_index_tablet=&#8221;500&#8243; custom_css_main_element=&#8221;width: 100%;&#8221;][\/et_pb_button][et_pb_gallery gallery_ids=&#8221;11820,6951,6912,7053,7075,7760,6975,7174,7087,7056,7093,6918,8062&#8243; fullwidth=&#8221;on&#8221; module_id=&#8221;prod-fuer-ihn&#8221; module_class=&#8221;disable-lightbox&#8221; _builder_version=&#8221;4.4.3&#8243; pagination_font_size=&#8221;1px&#8221; background_color=&#8221;#ffffff&#8221; text_orientation=&#8221;center&#8221; module_alignment=&#8221;center&#8221; custom_margin=&#8221;0px|||&#8221; custom_padding=&#8221;5%|5%|5%|5%&#8221; auto=&#8221;on&#8221; link_option_url=&#8221;https:\/\/inverma.de\/produkte\/fuer-ihn\/&#8221; hover_enabled=&#8221;0&#8243; z_index_tablet=&#8221;500&#8243;][\/et_pb_gallery][\/et_pb_column][et_pb_column type=&#8221;1_3&#8243; module_class=&#8221;box-shadow&#8221; _builder_version=&#8221;3.25&#8243; background_color=&#8221;#ffffff&#8221; custom_padding=&#8221;|||&#8221; custom_padding__hover=&#8221;|||&#8221;][et_pb_button button_url=&#8221;https:\/\/inverma.de\/en\/products-5\/for-her-and-him\/&#8221; button_text=&#8221;For her and him&#8221; button_alignment=&#8221;center&#8221; admin_label=&#8221;F\u00fcr sie und ihn&#8221; _builder_version=&#8221;3.22.4&#8243; background_layout=&#8221;dark&#8221; custom_margin=&#8221;||0px|&#8221; z_index_tablet=&#8221;500&#8243; custom_css_main_element=&#8221;width: 100%;&#8221;][\/et_pb_button][et_pb_gallery gallery_ids=&#8221;7044,7177,7168&#8243; fullwidth=&#8221;on&#8221; module_id=&#8221;prod-fuer-sie-ihn&#8221; module_class=&#8221;disable-lightbox&#8221; _builder_version=&#8221;3.22.4&#8243; pagination_font_size=&#8221;1px&#8221; background_color=&#8221;#ffffff&#8221; text_orientation=&#8221;center&#8221; module_alignment=&#8221;center&#8221; custom_margin=&#8221;0px|||&#8221; custom_padding=&#8221;5%|5%|5%|5%&#8221; auto=&#8221;on&#8221; link_option_url=&#8221;https:\/\/inverma.de\/produkte\/fuer-sie-und-ihn\/&#8221; z_index_tablet=&#8221;500&#8243;][\/et_pb_gallery][\/et_pb_column][\/et_pb_row][\/et_pb_section]\n","protected":false},"excerpt":{"rendered":"","protected":false},"author":8,"featured_media":6071,"parent":0,"menu_order":23,"comment_status":"closed","ping_status":"closed","template":"","meta":{"_et_pb_use_builder":"on","_et_pb_old_content":"<p><img class=\"alignright wp-image-2333 size-full\" src=\"https:\/\/inverma.de\/wp-content\/uploads\/produkte_pic.jpg\" alt=\"produkte_pic\" width=\"700\" height=\"470\" \/><\/p><div class=\"prod-button-gross\"><p><a class=\"btn btn-primary fp-button\" title=\"F\u00fcr sie\" href=\"\/?page_id=777\">F\u00dcR SIE \u00bb<\/a><\/p><p><a class=\"btn btn-primary fp-button\" title=\"F\u00fcr ihn\" href=\"http:\/\/inverma.de\/fuer-ihn\/\">F\u00fcr ihn \u00bb<\/a><\/p><p><a class=\"btn btn-primary fp-button\" title=\"F\u00fcr sie und ihn\" href=\"http:\/\/inverma.de\/fuer-sie-und-ihn\/\">F\u00fcr sie und ihn \u00bb<\/a><\/p><\/div>","_et_gb_content_width":"","footnotes":""},"yoast_head":"<!-- This site is optimized with the Yoast SEO plugin v22.2 - https:\/\/yoast.com\/wordpress\/plugins\/seo\/ -->\n<title>Products - INVERMA<\/title>\n<meta name=\"description\" content=\"Alle Produkte von INVERMA entsprechen modernsten Qualit\u00e4tsstandards. Sie erhalten effektive Sexualmittel h\u00f6chster Qualit\u00e4t und Sicherheit.\" \/>\n<meta name=\"robots\" content=\"index, follow, max-snippet:-1, max-image-preview:large, max-video-preview:-1\" \/>\n<link rel=\"canonical\" href=\"https:\/\/inverma.de\/en\/products-5\/\" \/>\n<meta property=\"og:locale\" content=\"en_US\" \/>\n<meta property=\"og:type\" content=\"article\" \/>\n<meta property=\"og:title\" content=\"Products - INVERMA\" \/>\n<meta property=\"og:description\" content=\"Alle Produkte von INVERMA entsprechen modernsten Qualit\u00e4tsstandards. Sie erhalten effektive Sexualmittel h\u00f6chster Qualit\u00e4t und Sicherheit.\" \/>\n<meta property=\"og:url\" content=\"https:\/\/inverma.de\/en\/products-5\/\" \/>\n<meta property=\"og:site_name\" content=\"INVERMA\" \/>\n<meta property=\"article:publisher\" content=\"https:\/\/www.facebook.com\/inverma.lange\" \/>\n<meta property=\"article:modified_time\" content=\"2023-08-14T10:18:48+00:00\" \/>\n<meta property=\"og:image\" content=\"https:\/\/inverma.de\/wp-content\/uploads\/homewidgets-rahmen2.png\" \/>\n\t<meta property=\"og:image:width\" content=\"250\" \/>\n\t<meta property=\"og:image:height\" content=\"180\" \/>\n\t<meta property=\"og:image:type\" content=\"image\/png\" \/>\n<meta name=\"twitter:label1\" content=\"Est. reading time\" \/>\n\t<meta name=\"twitter:data1\" content=\"2 minutes\" \/>\n<script type=\"application\/ld+json\" class=\"yoast-schema-graph\">{\"@context\":\"https:\/\/schema.org\",\"@graph\":[{\"@type\":\"WebPage\",\"@id\":\"https:\/\/inverma.de\/en\/products-5\/\",\"url\":\"https:\/\/inverma.de\/en\/products-5\/\",\"name\":\"Products - INVERMA\",\"isPartOf\":{\"@id\":\"https:\/\/inverma.de\/en\/#website\"},\"primaryImageOfPage\":{\"@id\":\"https:\/\/inverma.de\/en\/products-5\/#primaryimage\"},\"image\":{\"@id\":\"https:\/\/inverma.de\/en\/products-5\/#primaryimage\"},\"thumbnailUrl\":\"https:\/\/inverma.de\/wp-content\/uploads\/homewidgets-rahmen2.png\",\"datePublished\":\"2014-05-21T15:55:52+00:00\",\"dateModified\":\"2023-08-14T10:18:48+00:00\",\"description\":\"Alle Produkte von INVERMA entsprechen modernsten Qualit\u00e4tsstandards. Sie erhalten effektive Sexualmittel h\u00f6chster Qualit\u00e4t und Sicherheit.\",\"breadcrumb\":{\"@id\":\"https:\/\/inverma.de\/en\/products-5\/#breadcrumb\"},\"inLanguage\":\"en-US\",\"potentialAction\":[{\"@type\":\"ReadAction\",\"target\":[\"https:\/\/inverma.de\/en\/products-5\/\"]}]},{\"@type\":\"ImageObject\",\"inLanguage\":\"en-US\",\"@id\":\"https:\/\/inverma.de\/en\/products-5\/#primaryimage\",\"url\":\"https:\/\/inverma.de\/wp-content\/uploads\/homewidgets-rahmen2.png\",\"contentUrl\":\"https:\/\/inverma.de\/wp-content\/uploads\/homewidgets-rahmen2.png\",\"width\":250,\"height\":180},{\"@type\":\"BreadcrumbList\",\"@id\":\"https:\/\/inverma.de\/en\/products-5\/#breadcrumb\",\"itemListElement\":[{\"@type\":\"ListItem\",\"position\":1,\"name\":\"Home\",\"item\":\"https:\/\/inverma.de\/en\/\"},{\"@type\":\"ListItem\",\"position\":2,\"name\":\"Products\"}]},{\"@type\":\"WebSite\",\"@id\":\"https:\/\/inverma.de\/en\/#website\",\"url\":\"https:\/\/inverma.de\/en\/\",\"name\":\"INVERMA\",\"description\":\"Come in to the world of erotic and exotic\",\"publisher\":{\"@id\":\"https:\/\/inverma.de\/en\/#organization\"},\"potentialAction\":[{\"@type\":\"SearchAction\",\"target\":{\"@type\":\"EntryPoint\",\"urlTemplate\":\"https:\/\/inverma.de\/en\/?s={search_term_string}\"},\"query-input\":\"required name=search_term_string\"}],\"inLanguage\":\"en-US\"},{\"@type\":\"Organization\",\"@id\":\"https:\/\/inverma.de\/en\/#organization\",\"name\":\"INVERMA Johannes Lange GmbH+Co KG\",\"url\":\"https:\/\/inverma.de\/en\/\",\"logo\":{\"@type\":\"ImageObject\",\"inLanguage\":\"en-US\",\"@id\":\"https:\/\/inverma.de\/en\/#\/schema\/logo\/image\/\",\"url\":\"https:\/\/inverma.de\/wp-content\/uploads\/inverma_logo_neu-e1545358251143.png\",\"contentUrl\":\"https:\/\/inverma.de\/wp-content\/uploads\/inverma_logo_neu-e1545358251143.png\",\"width\":280,\"height\":74,\"caption\":\"INVERMA Johannes Lange GmbH+Co KG\"},\"image\":{\"@id\":\"https:\/\/inverma.de\/en\/#\/schema\/logo\/image\/\"},\"sameAs\":[\"https:\/\/www.facebook.com\/inverma.lange\"]}]}<\/script>\n<!-- \/ Yoast SEO plugin. -->","yoast_head_json":{"title":"Products - INVERMA","description":"Alle Produkte von INVERMA entsprechen modernsten Qualit\u00e4tsstandards. Sie erhalten effektive Sexualmittel h\u00f6chster Qualit\u00e4t und Sicherheit.","robots":{"index":"index","follow":"follow","max-snippet":"max-snippet:-1","max-image-preview":"max-image-preview:large","max-video-preview":"max-video-preview:-1"},"canonical":"https:\/\/inverma.de\/en\/products-5\/","og_locale":"en_US","og_type":"article","og_title":"Products - INVERMA","og_description":"Alle Produkte von INVERMA entsprechen modernsten Qualit\u00e4tsstandards. Sie erhalten effektive Sexualmittel h\u00f6chster Qualit\u00e4t und Sicherheit.","og_url":"https:\/\/inverma.de\/en\/products-5\/","og_site_name":"INVERMA","article_publisher":"https:\/\/www.facebook.com\/inverma.lange","article_modified_time":"2023-08-14T10:18:48+00:00","og_image":[{"width":250,"height":180,"url":"https:\/\/inverma.de\/wp-content\/uploads\/homewidgets-rahmen2.png","type":"image\/png"}],"twitter_misc":{"Est. reading time":"2 minutes"},"schema":{"@context":"https:\/\/schema.org","@graph":[{"@type":"WebPage","@id":"https:\/\/inverma.de\/en\/products-5\/","url":"https:\/\/inverma.de\/en\/products-5\/","name":"Products - INVERMA","isPartOf":{"@id":"https:\/\/inverma.de\/en\/#website"},"primaryImageOfPage":{"@id":"https:\/\/inverma.de\/en\/products-5\/#primaryimage"},"image":{"@id":"https:\/\/inverma.de\/en\/products-5\/#primaryimage"},"thumbnailUrl":"https:\/\/inverma.de\/wp-content\/uploads\/homewidgets-rahmen2.png","datePublished":"2014-05-21T15:55:52+00:00","dateModified":"2023-08-14T10:18:48+00:00","description":"Alle Produkte von INVERMA entsprechen modernsten Qualit\u00e4tsstandards. Sie erhalten effektive Sexualmittel h\u00f6chster Qualit\u00e4t und Sicherheit.","breadcrumb":{"@id":"https:\/\/inverma.de\/en\/products-5\/#breadcrumb"},"inLanguage":"en-US","potentialAction":[{"@type":"ReadAction","target":["https:\/\/inverma.de\/en\/products-5\/"]}]},{"@type":"ImageObject","inLanguage":"en-US","@id":"https:\/\/inverma.de\/en\/products-5\/#primaryimage","url":"https:\/\/inverma.de\/wp-content\/uploads\/homewidgets-rahmen2.png","contentUrl":"https:\/\/inverma.de\/wp-content\/uploads\/homewidgets-rahmen2.png","width":250,"height":180},{"@type":"BreadcrumbList","@id":"https:\/\/inverma.de\/en\/products-5\/#breadcrumb","itemListElement":[{"@type":"ListItem","position":1,"name":"Home","item":"https:\/\/inverma.de\/en\/"},{"@type":"ListItem","position":2,"name":"Products"}]},{"@type":"WebSite","@id":"https:\/\/inverma.de\/en\/#website","url":"https:\/\/inverma.de\/en\/","name":"INVERMA","description":"Come in to the world of erotic and exotic","publisher":{"@id":"https:\/\/inverma.de\/en\/#organization"},"potentialAction":[{"@type":"SearchAction","target":{"@type":"EntryPoint","urlTemplate":"https:\/\/inverma.de\/en\/?s={search_term_string}"},"query-input":"required name=search_term_string"}],"inLanguage":"en-US"},{"@type":"Organization","@id":"https:\/\/inverma.de\/en\/#organization","name":"INVERMA Johannes Lange GmbH+Co KG","url":"https:\/\/inverma.de\/en\/","logo":{"@type":"ImageObject","inLanguage":"en-US","@id":"https:\/\/inverma.de\/en\/#\/schema\/logo\/image\/","url":"https:\/\/inverma.de\/wp-content\/uploads\/inverma_logo_neu-e1545358251143.png","contentUrl":"https:\/\/inverma.de\/wp-content\/uploads\/inverma_logo_neu-e1545358251143.png","width":280,"height":74,"caption":"INVERMA Johannes Lange GmbH+Co KG"},"image":{"@id":"https:\/\/inverma.de\/en\/#\/schema\/logo\/image\/"},"sameAs":["https:\/\/www.facebook.com\/inverma.lange"]}]}},"_links":{"self":[{"href":"https:\/\/inverma.de\/en\/wp-json\/wp\/v2\/pages\/6248"}],"collection":[{"href":"https:\/\/inverma.de\/en\/wp-json\/wp\/v2\/pages"}],"about":[{"href":"https:\/\/inverma.de\/en\/wp-json\/wp\/v2\/types\/page"}],"author":[{"embeddable":true,"href":"https:\/\/inverma.de\/en\/wp-json\/wp\/v2\/users\/8"}],"replies":[{"embeddable":true,"href":"https:\/\/inverma.de\/en\/wp-json\/wp\/v2\/comments?post=6248"}],"version-history":[{"count":2,"href":"https:\/\/inverma.de\/en\/wp-json\/wp\/v2\/pages\/6248\/revisions"}],"predecessor-version":[{"id":19757,"href":"https:\/\/inverma.de\/en\/wp-json\/wp\/v2\/pages\/6248\/revisions\/19757"}],"wp:featuredmedia":[{"embeddable":true,"href":"https:\/\/inverma.de\/en\/wp-json\/wp\/v2\/media\/6071"}],"wp:attachment":[{"href":"https:\/\/inverma.de\/en\/wp-json\/wp\/v2\/media?parent=6248"}],"curies":[{"name":"wp","href":"https:\/\/api.w.org\/{rel}","templated":true}]}}