{"id":6259,"date":"2014-05-21T17:55:02","date_gmt":"2014-05-21T15:55:02","guid":{"rendered":"http:\/\/inverma.de\/inverma-effektive-sexualmittel\/"},"modified":"2023-10-18T23:00:37","modified_gmt":"2023-10-18T21:00:37","slug":"inverma-effective-sexual-products","status":"publish","type":"page","link":"https:\/\/inverma.de\/en\/inverma-effective-sexual-products\/","title":{"rendered":"INVERMA"},"content":{"rendered":"[et_pb_section fb_built=&#8221;1&#8243; _builder_version=&#8221;4.16&#8243; inner_width_tablet=&#8221;50px&#8221; inner_max_width_tablet=&#8221;50px&#8221; custom_padding=&#8221;0px|||&#8221; z_index_tablet=&#8221;500&#8243; global_colors_info=&#8221;{}&#8221;][et_pb_row _builder_version=&#8221;4.16&#8243; custom_padding=&#8221;0px||0px|&#8221; z_index_tablet=&#8221;500&#8243; global_colors_info=&#8221;{}&#8221;][et_pb_column type=&#8221;4_4&#8243; _builder_version=&#8221;4.16&#8243; custom_padding=&#8221;|||&#8221; global_colors_info=&#8221;{}&#8221; custom_padding__hover=&#8221;|||&#8221;][et_pb_post_title meta=&#8221;off&#8221; featured_image=&#8221;off&#8221; _builder_version=&#8221;4.16&#8243; z_index_tablet=&#8221;500&#8243; global_colors_info=&#8221;{}&#8221;][\/et_pb_post_title][\/et_pb_column][\/et_pb_row][et_pb_row column_structure=&#8221;1_3,1_3,1_3&#8243; make_equal=&#8221;on&#8221; _builder_version=&#8221;4.16&#8243; background_color=&#8221;#ffffff&#8221; module_alignment=&#8221;center&#8221; z_index_tablet=&#8221;500&#8243; border_radii=&#8221;on|0px|0px|0px|0px&#8221; box_shadow_style=&#8221;preset3&#8243; global_colors_info=&#8221;{}&#8221;][et_pb_column type=&#8221;1_3&#8243; _builder_version=&#8221;4.16&#8243; background_color=&#8221;#ffffff&#8221; custom_padding=&#8221;|||&#8221; global_colors_info=&#8221;{}&#8221; custom_padding__hover=&#8221;|||&#8221;][et_pb_text _builder_version=&#8221;4.22.0&#8243; custom_padding=&#8221;5%|5%|5%|5%&#8221; hover_enabled=&#8221;0&#8243; z_index_tablet=&#8221;500&#8243; global_colors_info=&#8221;{}&#8221; sticky_enabled=&#8221;0&#8243;]\n<h3>PERFORMANCE AND QUALITY \u201cMADE IN GERMANY\u201d FOR MORE THAN 72 YEARS<\/h3>\n<p>The traditional company INVERMA which is run by the second generation is located nearby Hamburg and well known for its sexual brand products all over the world.\u00a0It occupies a leading position in the international ranking. The range of products contains water- and siliconebased lubricants (come in lubricant with Aloe Vera or come in Glide-Oil silicone), excellently caring intimate cosmetics for men and women and pleasing wellness massage products.<\/p>\n[\/et_pb_text][\/et_pb_column][et_pb_column type=&#8221;1_3&#8243; _builder_version=&#8221;4.16&#8243; background_color=&#8221;#ffffff&#8221; custom_padding=&#8221;|||&#8221; global_colors_info=&#8221;{}&#8221; custom_padding__hover=&#8221;|||&#8221;][et_pb_text admin_label=&#8221;\u00dcber&#8221; _builder_version=&#8221;4.16&#8243; custom_margin=&#8221;5%|||&#8221; custom_padding=&#8221;||0px|&#8221; z_index_tablet=&#8221;500&#8243; global_colors_info=&#8221;{}&#8221;]\n<h3 style=\"font-size: 28px; text-align: center;\">More than<\/h3>\n[\/et_pb_text][et_pb_number_counter number=&#8221;72&#8243; percent_sign=&#8221;off&#8221; admin_label=&#8221;Number Counter&#8221; _builder_version=&#8221;4.18.0&#8243; title_line_height=&#8221;1.6em&#8221; number_text_align=&#8221;center&#8221; number_font_size=&#8221;150&#8243; number_line_height=&#8221;45px&#8221; custom_margin=&#8221;||6%|&#8221; z_index_tablet=&#8221;500&#8243; global_colors_info=&#8221;{}&#8221;][\/et_pb_number_counter][et_pb_text admin_label=&#8221;Jahre&#8221; _builder_version=&#8221;4.16&#8243; custom_margin=&#8221;||4%|&#8221; custom_padding=&#8221;0px||0px|&#8221; z_index_tablet=&#8221;500&#8243; global_colors_info=&#8221;{}&#8221;]\n<h3 style=\"font-size: 50px; text-align: center;\">YEARS<\/h3>\n[\/et_pb_text][\/et_pb_column][et_pb_column type=&#8221;1_3&#8243; _builder_version=&#8221;4.16&#8243; background_color=&#8221;#ffffff&#8221; custom_padding=&#8221;|||&#8221; global_colors_info=&#8221;{}&#8221; custom_padding__hover=&#8221;|||&#8221;][et_pb_text _builder_version=&#8221;4.16&#8243; custom_padding=&#8221;5%|5%|5%|5%&#8221; z_index_tablet=&#8221;500&#8243; global_colors_info=&#8221;{}&#8221;]All INVERMA-products are produced and controlled according to modern quality standards. Starting with the selection of the ingredients and their qualtity control to make sure that the consumer can buy effective sexual products of high quality. Especially concerning safety of use the INVERMA-products meet the highest requirements. All products are tested dermatologically \u201cvery good\u201d and proven for decades. You will be surprised how much undiscovered energy you can discover with our\u00a0<a href=\"https:\/\/inverma.de\/en\/infos\/inverma-intimate-wellness\/\"><strong>INVERMA-INTIMATE-WELLNESS<\/strong><\/a> products.[\/et_pb_text][\/et_pb_column][\/et_pb_row][\/et_pb_section]\n","protected":false},"excerpt":{"rendered":"<p>PERFORMANCE AND QUALITY \u201cMADE IN GERMANY\u201d FOR MORE THAN 72 YEARS The traditional company INVERMA which is run by the second generation is located nearby Hamburg and well known for its sexual brand products all over the world.\u00a0It occupies a leading position in the international ranking. The range of products contains water- and siliconebased lubricants [&hellip;]<\/p>\n","protected":false},"author":8,"featured_media":6068,"parent":0,"menu_order":30,"comment_status":"closed","ping_status":"closed","template":"","meta":{"_et_pb_use_builder":"on","_et_pb_old_content":"<h3>Leistung mit Tradition \u201eMade in Germany\u201c seit mehr als 68 Jahren<\/h3>\r\n[su_row]\r\n\r\n[su_column size=\"2\/3\"]\r\n<p style=\"text-align: justify;\">Das Traditionsunternehmen INVERMA, welches in der zweiten Generation gef\u00fchrt wird, hat seinen Sitz in der N\u00e4he von Hamburg und ist durch seine Marken-Sexual-Produkte weltweit bekannt und nimmt im internationalen Ranking einen Spitzenplatz ein.\r\nDas Sortiment reicht von Gleitmitteln auf Wasser- oder Silikonbasis (come in Gleit-Gel mit Aloe Vera bzw. come in Glide-Oil silicone) \u00fcber hervorragend pflegende Intim-Kosmetika f\u00fcr Mann und Frau bis hin zu verw\u00f6hnenden Wellness-Massage-Mitteln.\r\nAlle INVERMA-Produkte werden nach modernsten Qualit\u00e4tsstandards hergestellt und kontrolliert. Dies beginnt bei der Auswahl der zu verarbeitenden Substanzen mit umfassenden Kontrollen, um sicherzustellen, dass der Verbraucher effektive Sexualmittel von h\u00f6chster Qualit\u00e4t erh\u00e4lt. Besonders auf dem Gebiet der Sicherheit gen\u00fcgen die Produkte von INVERMA h\u00f6chsten Standards. Alle Produkte sind nat\u00fcrlich dermatologisch \u201esehr gut\u201c getestet und seit Jahrzehnten bew\u00e4hrt. Sie werden \u00fcberrascht sein, wie viel unentdeckte Energie Sie mit unseren <strong><a href=\"\/?page_id=18\">INVERMA-INTIM-WELLNESS<\/a><\/strong> Produkten entdecken k\u00f6nnen.<\/p>\r\n[\/su_column]\r\n\r\n[su_column size=\"1\/3\"]\r\n\r\n[metaslider id=563]\r\n\r\n[\/su_column]\r\n\r\n[\/su_row]","_et_gb_content_width":"","footnotes":""},"yoast_head":"<!-- This site is optimized with the Yoast SEO plugin v22.2 - https:\/\/yoast.com\/wordpress\/plugins\/seo\/ -->\n<title>effective sexual products in highest quality - INVERMA<\/title>\n<meta name=\"description\" content=\"The range of products contains water- and siliconebased lubricants (come in lubricant with Aloe Vera or come in Glide-Oil silicone), excellently caring intimate cosmetics for men and women and pleasing wellness massage products.\" \/>\n<meta name=\"robots\" content=\"index, follow, max-snippet:-1, max-image-preview:large, max-video-preview:-1\" \/>\n<link rel=\"canonical\" href=\"https:\/\/inverma.de\/en\/inverma-effective-sexual-products\/\" \/>\n<meta property=\"og:locale\" content=\"en_US\" \/>\n<meta property=\"og:type\" content=\"article\" \/>\n<meta property=\"og:title\" content=\"effective sexual products in highest quality - INVERMA\" \/>\n<meta property=\"og:description\" content=\"The range of products contains water- and siliconebased lubricants (come in lubricant with Aloe Vera or come in Glide-Oil silicone), excellently caring intimate cosmetics for men and women and pleasing wellness massage products.\" \/>\n<meta property=\"og:url\" content=\"https:\/\/inverma.de\/en\/inverma-effective-sexual-products\/\" \/>\n<meta property=\"og:site_name\" content=\"INVERMA\" \/>\n<meta property=\"article:publisher\" content=\"https:\/\/www.facebook.com\/inverma.lange\" \/>\n<meta property=\"article:modified_time\" content=\"2023-10-18T21:00:37+00:00\" \/>\n<meta property=\"og:image\" content=\"https:\/\/inverma.de\/wp-content\/uploads\/homewidgets-rahmen-1.png\" \/>\n\t<meta property=\"og:image:width\" content=\"250\" \/>\n\t<meta property=\"og:image:height\" content=\"180\" \/>\n\t<meta property=\"og:image:type\" content=\"image\/png\" \/>\n<meta name=\"twitter:label1\" content=\"Est. reading time\" \/>\n\t<meta name=\"twitter:data1\" content=\"2 minutes\" \/>\n<script type=\"application\/ld+json\" class=\"yoast-schema-graph\">{\"@context\":\"https:\/\/schema.org\",\"@graph\":[{\"@type\":\"WebPage\",\"@id\":\"https:\/\/inverma.de\/en\/inverma-effective-sexual-products\/\",\"url\":\"https:\/\/inverma.de\/en\/inverma-effective-sexual-products\/\",\"name\":\"effective sexual products in highest quality - INVERMA\",\"isPartOf\":{\"@id\":\"https:\/\/inverma.de\/en\/#website\"},\"primaryImageOfPage\":{\"@id\":\"https:\/\/inverma.de\/en\/inverma-effective-sexual-products\/#primaryimage\"},\"image\":{\"@id\":\"https:\/\/inverma.de\/en\/inverma-effective-sexual-products\/#primaryimage\"},\"thumbnailUrl\":\"https:\/\/inverma.de\/wp-content\/uploads\/homewidgets-rahmen-1.png\",\"datePublished\":\"2014-05-21T15:55:02+00:00\",\"dateModified\":\"2023-10-18T21:00:37+00:00\",\"description\":\"The range of products contains water- and siliconebased lubricants (come in lubricant with Aloe Vera or come in Glide-Oil silicone), excellently caring intimate cosmetics for men and women and pleasing wellness massage products.\",\"breadcrumb\":{\"@id\":\"https:\/\/inverma.de\/en\/inverma-effective-sexual-products\/#breadcrumb\"},\"inLanguage\":\"en-US\",\"potentialAction\":[{\"@type\":\"ReadAction\",\"target\":[\"https:\/\/inverma.de\/en\/inverma-effective-sexual-products\/\"]}]},{\"@type\":\"ImageObject\",\"inLanguage\":\"en-US\",\"@id\":\"https:\/\/inverma.de\/en\/inverma-effective-sexual-products\/#primaryimage\",\"url\":\"https:\/\/inverma.de\/wp-content\/uploads\/homewidgets-rahmen-1.png\",\"contentUrl\":\"https:\/\/inverma.de\/wp-content\/uploads\/homewidgets-rahmen-1.png\",\"width\":250,\"height\":180},{\"@type\":\"BreadcrumbList\",\"@id\":\"https:\/\/inverma.de\/en\/inverma-effective-sexual-products\/#breadcrumb\",\"itemListElement\":[{\"@type\":\"ListItem\",\"position\":1,\"name\":\"Home\",\"item\":\"https:\/\/inverma.de\/en\/\"},{\"@type\":\"ListItem\",\"position\":2,\"name\":\"INVERMA\"}]},{\"@type\":\"WebSite\",\"@id\":\"https:\/\/inverma.de\/en\/#website\",\"url\":\"https:\/\/inverma.de\/en\/\",\"name\":\"INVERMA\",\"description\":\"Come in to the world of erotic and exotic\",\"publisher\":{\"@id\":\"https:\/\/inverma.de\/en\/#organization\"},\"potentialAction\":[{\"@type\":\"SearchAction\",\"target\":{\"@type\":\"EntryPoint\",\"urlTemplate\":\"https:\/\/inverma.de\/en\/?s={search_term_string}\"},\"query-input\":\"required name=search_term_string\"}],\"inLanguage\":\"en-US\"},{\"@type\":\"Organization\",\"@id\":\"https:\/\/inverma.de\/en\/#organization\",\"name\":\"INVERMA Johannes Lange GmbH+Co KG\",\"url\":\"https:\/\/inverma.de\/en\/\",\"logo\":{\"@type\":\"ImageObject\",\"inLanguage\":\"en-US\",\"@id\":\"https:\/\/inverma.de\/en\/#\/schema\/logo\/image\/\",\"url\":\"https:\/\/inverma.de\/wp-content\/uploads\/inverma_logo_neu-e1545358251143.png\",\"contentUrl\":\"https:\/\/inverma.de\/wp-content\/uploads\/inverma_logo_neu-e1545358251143.png\",\"width\":280,\"height\":74,\"caption\":\"INVERMA Johannes Lange GmbH+Co KG\"},\"image\":{\"@id\":\"https:\/\/inverma.de\/en\/#\/schema\/logo\/image\/\"},\"sameAs\":[\"https:\/\/www.facebook.com\/inverma.lange\"]}]}<\/script>\n<!-- \/ Yoast SEO plugin. -->","yoast_head_json":{"title":"effective sexual products in highest quality - INVERMA","description":"The range of products contains water- and siliconebased lubricants (come in lubricant with Aloe Vera or come in Glide-Oil silicone), excellently caring intimate cosmetics for men and women and pleasing wellness massage products.","robots":{"index":"index","follow":"follow","max-snippet":"max-snippet:-1","max-image-preview":"max-image-preview:large","max-video-preview":"max-video-preview:-1"},"canonical":"https:\/\/inverma.de\/en\/inverma-effective-sexual-products\/","og_locale":"en_US","og_type":"article","og_title":"effective sexual products in highest quality - INVERMA","og_description":"The range of products contains water- and siliconebased lubricants (come in lubricant with Aloe Vera or come in Glide-Oil silicone), excellently caring intimate cosmetics for men and women and pleasing wellness massage products.","og_url":"https:\/\/inverma.de\/en\/inverma-effective-sexual-products\/","og_site_name":"INVERMA","article_publisher":"https:\/\/www.facebook.com\/inverma.lange","article_modified_time":"2023-10-18T21:00:37+00:00","og_image":[{"width":250,"height":180,"url":"https:\/\/inverma.de\/wp-content\/uploads\/homewidgets-rahmen-1.png","type":"image\/png"}],"twitter_misc":{"Est. reading time":"2 minutes"},"schema":{"@context":"https:\/\/schema.org","@graph":[{"@type":"WebPage","@id":"https:\/\/inverma.de\/en\/inverma-effective-sexual-products\/","url":"https:\/\/inverma.de\/en\/inverma-effective-sexual-products\/","name":"effective sexual products in highest quality - INVERMA","isPartOf":{"@id":"https:\/\/inverma.de\/en\/#website"},"primaryImageOfPage":{"@id":"https:\/\/inverma.de\/en\/inverma-effective-sexual-products\/#primaryimage"},"image":{"@id":"https:\/\/inverma.de\/en\/inverma-effective-sexual-products\/#primaryimage"},"thumbnailUrl":"https:\/\/inverma.de\/wp-content\/uploads\/homewidgets-rahmen-1.png","datePublished":"2014-05-21T15:55:02+00:00","dateModified":"2023-10-18T21:00:37+00:00","description":"The range of products contains water- and siliconebased lubricants (come in lubricant with Aloe Vera or come in Glide-Oil silicone), excellently caring intimate cosmetics for men and women and pleasing wellness massage products.","breadcrumb":{"@id":"https:\/\/inverma.de\/en\/inverma-effective-sexual-products\/#breadcrumb"},"inLanguage":"en-US","potentialAction":[{"@type":"ReadAction","target":["https:\/\/inverma.de\/en\/inverma-effective-sexual-products\/"]}]},{"@type":"ImageObject","inLanguage":"en-US","@id":"https:\/\/inverma.de\/en\/inverma-effective-sexual-products\/#primaryimage","url":"https:\/\/inverma.de\/wp-content\/uploads\/homewidgets-rahmen-1.png","contentUrl":"https:\/\/inverma.de\/wp-content\/uploads\/homewidgets-rahmen-1.png","width":250,"height":180},{"@type":"BreadcrumbList","@id":"https:\/\/inverma.de\/en\/inverma-effective-sexual-products\/#breadcrumb","itemListElement":[{"@type":"ListItem","position":1,"name":"Home","item":"https:\/\/inverma.de\/en\/"},{"@type":"ListItem","position":2,"name":"INVERMA"}]},{"@type":"WebSite","@id":"https:\/\/inverma.de\/en\/#website","url":"https:\/\/inverma.de\/en\/","name":"INVERMA","description":"Come in to the world of erotic and exotic","publisher":{"@id":"https:\/\/inverma.de\/en\/#organization"},"potentialAction":[{"@type":"SearchAction","target":{"@type":"EntryPoint","urlTemplate":"https:\/\/inverma.de\/en\/?s={search_term_string}"},"query-input":"required name=search_term_string"}],"inLanguage":"en-US"},{"@type":"Organization","@id":"https:\/\/inverma.de\/en\/#organization","name":"INVERMA Johannes Lange GmbH+Co KG","url":"https:\/\/inverma.de\/en\/","logo":{"@type":"ImageObject","inLanguage":"en-US","@id":"https:\/\/inverma.de\/en\/#\/schema\/logo\/image\/","url":"https:\/\/inverma.de\/wp-content\/uploads\/inverma_logo_neu-e1545358251143.png","contentUrl":"https:\/\/inverma.de\/wp-content\/uploads\/inverma_logo_neu-e1545358251143.png","width":280,"height":74,"caption":"INVERMA Johannes Lange GmbH+Co KG"},"image":{"@id":"https:\/\/inverma.de\/en\/#\/schema\/logo\/image\/"},"sameAs":["https:\/\/www.facebook.com\/inverma.lange"]}]}},"_links":{"self":[{"href":"https:\/\/inverma.de\/en\/wp-json\/wp\/v2\/pages\/6259"}],"collection":[{"href":"https:\/\/inverma.de\/en\/wp-json\/wp\/v2\/pages"}],"about":[{"href":"https:\/\/inverma.de\/en\/wp-json\/wp\/v2\/types\/page"}],"author":[{"embeddable":true,"href":"https:\/\/inverma.de\/en\/wp-json\/wp\/v2\/users\/8"}],"replies":[{"embeddable":true,"href":"https:\/\/inverma.de\/en\/wp-json\/wp\/v2\/comments?post=6259"}],"version-history":[{"count":19,"href":"https:\/\/inverma.de\/en\/wp-json\/wp\/v2\/pages\/6259\/revisions"}],"predecessor-version":[{"id":19850,"href":"https:\/\/inverma.de\/en\/wp-json\/wp\/v2\/pages\/6259\/revisions\/19850"}],"wp:featuredmedia":[{"embeddable":true,"href":"https:\/\/inverma.de\/en\/wp-json\/wp\/v2\/media\/6068"}],"wp:attachment":[{"href":"https:\/\/inverma.de\/en\/wp-json\/wp\/v2\/media?parent=6259"}],"curies":[{"name":"wp","href":"https:\/\/api.w.org\/{rel}","templated":true}]}}