{"id":6321,"date":"2017-10-25T16:01:57","date_gmt":"2017-10-25T14:01:57","guid":{"rendered":"http:\/\/inverma.de\/?page_id=6321"},"modified":"2019-10-23T12:49:43","modified_gmt":"2019-10-23T10:49:43","slug":"for-her-and-him","status":"publish","type":"page","link":"https:\/\/inverma.de\/en\/products-5\/for-her-and-him\/","title":{"rendered":"Products for her and him"},"content":{"rendered":"[et_pb_section bb_built=&#8221;1&#8243; inner_width_tablet=&#8221;50px&#8221; inner_max_width_tablet=&#8221;50px&#8221; _builder_version=&#8221;3.22.4&#8243; custom_padding=&#8221;0px|||&#8221; z_index_tablet=&#8221;500&#8243; custom_margin=&#8221;||5%|&#8221;][et_pb_row _builder_version=&#8221;3.22.4&#8243; custom_padding=&#8221;0px||0px|&#8221; z_index_tablet=&#8221;500&#8243;][et_pb_column type=&#8221;4_4&#8243;][et_pb_post_title _builder_version=&#8221;3.22.4&#8243; meta=&#8221;off&#8221; featured_image=&#8221;off&#8221; text_shadow_horizontal_length=&#8221;text_shadow_style,%91object Object%93&#8243; text_shadow_vertical_length=&#8221;text_shadow_style,%91object Object%93&#8243; text_shadow_blur_strength=&#8221;text_shadow_style,%91object Object%93&#8243; title_text_shadow_horizontal_length=&#8221;title_text_shadow_style,%91object Object%93&#8243; title_text_shadow_vertical_length=&#8221;title_text_shadow_style,%91object Object%93&#8243; title_text_shadow_blur_strength=&#8221;title_text_shadow_style,%91object Object%93&#8243; meta_text_shadow_horizontal_length=&#8221;meta_text_shadow_style,%91object Object%93&#8243; meta_text_shadow_vertical_length=&#8221;meta_text_shadow_style,%91object Object%93&#8243; meta_text_shadow_blur_strength=&#8221;meta_text_shadow_style,%91object Object%93&#8243; z_index_tablet=&#8221;500&#8243; \/][\/et_pb_column][\/et_pb_row][et_pb_row _builder_version=&#8221;3.22.4&#8243; z_index_tablet=&#8221;500&#8243; background_position=&#8221;top_left&#8221; background_repeat=&#8221;repeat&#8221; background_size=&#8221;initial&#8221; background_color_1=&#8221;#ffffff&#8221; background_color_2=&#8221;#ffffff&#8221; background_color_3=&#8221;#ffffff&#8221; make_equal=&#8221;on&#8221; module_class_1=&#8221;box-shadow&#8221; module_class_2=&#8221;box-shadow&#8221; module_class_3=&#8221;box-shadow&#8221;][et_pb_column type=&#8221;1_3&#8243;][et_pb_button admin_label=&#8221;212 CLITO-KITZLER JIL&#8221; _builder_version=&#8221;3.22.4&#8243; button_text=&#8221;212 CLITO-KITZLER JIL&#8221; button_url=&#8221;http:\/\/inverma.de\/en\/products\/for-her-and-him\/jil\/&#8221; button_text_shadow_horizontal_length=&#8221;button_text_shadow_style,%91object Object%93&#8243; button_text_shadow_vertical_length=&#8221;button_text_shadow_style,%91object Object%93&#8243; button_text_shadow_blur_strength=&#8221;button_text_shadow_style,%91object Object%93&#8243; z_index_tablet=&#8221;500&#8243; button_alignment=&#8221;center&#8221; background_layout=&#8221;dark&#8221; animation_style=&#8221;slide&#8221; custom_css_main_element=&#8221;width: 100%;&#8221; custom_margin=&#8221;||0px|&#8221; custom_button=&#8221;on&#8221; button_bg_size=&#8221;initial&#8221; button_bg_position=&#8221;top_right&#8221; button_text_size=&#8221;16&#8243; \/][et_pb_image _builder_version=&#8221;3.22.4&#8243; src=&#8221;http:\/\/inverma.de\/wp-content\/uploads\/klitoris-kitzler21290-e1428333109283.png&#8221; url=&#8221;http:\/\/inverma.de\/en\/products\/for-her-and-him\/jil\/&#8221; z_index_tablet=&#8221;500&#8243; align=&#8221;center&#8221; show_bottom_space=&#8221;off&#8221; custom_padding=&#8221;5%|5%|5%|5%&#8221; max_height=&#8221;160px&#8221; \/][\/et_pb_column][et_pb_column type=&#8221;1_3&#8243;][et_pb_button admin_label=&#8221;22090 WOLLUST-HOPPER&#8221; _builder_version=&#8221;3.22.4&#8243; button_text=&#8221;22090 WOLLUST-HOPPER&#8221; button_url=&#8221;http:\/\/inverma.de\/en\/products\/for-her-and-him\/wollust-hopper\/&#8221; button_text_shadow_horizontal_length=&#8221;button_text_shadow_style,%91object Object%93&#8243; button_text_shadow_vertical_length=&#8221;button_text_shadow_style,%91object Object%93&#8243; button_text_shadow_blur_strength=&#8221;button_text_shadow_style,%91object Object%93&#8243; z_index_tablet=&#8221;500&#8243; button_alignment=&#8221;center&#8221; background_layout=&#8221;dark&#8221; animation_style=&#8221;slide&#8221; custom_css_main_element=&#8221;width: 100%;&#8221; custom_margin=&#8221;||0px|&#8221; custom_button=&#8221;on&#8221; button_text_size=&#8221;16&#8243; \/][et_pb_image _builder_version=&#8221;3.22.4&#8243; src=&#8221;http:\/\/inverma.de\/wp-content\/uploads\/wollust-hopper22090-e1428333052890.png&#8221; url=&#8221;http:\/\/inverma.de\/en\/products\/for-her-and-him\/wollust-hopper\/&#8221; z_index_tablet=&#8221;500&#8243; align=&#8221;center&#8221; show_bottom_space=&#8221;off&#8221; custom_padding=&#8221;5%|5%|5%|5%&#8221; max_height=&#8221;160px&#8221; \/][\/et_pb_column][et_pb_column type=&#8221;1_3&#8243;][et_pb_button admin_label=&#8221;222 TRI-SEX-DOPPLER&#8221; _builder_version=&#8221;3.22.4&#8243; button_text=&#8221;222 TRI-SEX-DOPPLER&#8221; button_url=&#8221;http:\/\/inverma.de\/en\/products\/for-her-and-him\/tri-sex-doppler\/&#8221; button_text_shadow_horizontal_length=&#8221;button_text_shadow_style,%91object Object%93&#8243; button_text_shadow_vertical_length=&#8221;button_text_shadow_style,%91object Object%93&#8243; button_text_shadow_blur_strength=&#8221;button_text_shadow_style,%91object Object%93&#8243; z_index_tablet=&#8221;500&#8243; button_alignment=&#8221;center&#8221; background_layout=&#8221;dark&#8221; animation_style=&#8221;slide&#8221; custom_css_main_element=&#8221;width: 100%;&#8221; custom_margin=&#8221;||0px|&#8221; custom_button=&#8221;on&#8221; button_text_size=&#8221;16&#8243; \/][et_pb_image _builder_version=&#8221;3.22.4&#8243; src=&#8221;http:\/\/inverma.de\/wp-content\/uploads\/tri-sex-doppler22290-e1428333037985.png&#8221; url=&#8221;http:\/\/inverma.de\/en\/products\/for-her-and-him\/tri-sex-doppler\/&#8221; z_index_tablet=&#8221;500&#8243; align=&#8221;center&#8221; show_bottom_space=&#8221;off&#8221; custom_padding=&#8221;5%|5%|5%|5%&#8221; max_height=&#8221;160px&#8221; \/][\/et_pb_column][\/et_pb_row][\/et_pb_section]\n","protected":false},"excerpt":{"rendered":"","protected":false},"author":8,"featured_media":7150,"parent":6248,"menu_order":17,"comment_status":"closed","ping_status":"closed","template":"","meta":{"_et_pb_use_builder":"on","_et_pb_old_content":"[su_row class=\"marginbottom\"]\r\n[su_column size=\"1\/3\"]\r\n<div class=\"box-150\">[su_box title=\"212 Clito-Kitzler Jil\" box_color=\"#e2007a\"]\r\n<a title=\"Klitoris Kitzler\" href=\"\/?page_id=2069\"><img class=\"aligncenter wp-image-1929\" src=\"http:\/\/inverma.de\/wp-content\/uploads\/klitoris-kitzler21290-e1428333109283.png\" alt=\"title=\" width=\"106\" height=\"140\" \/><\/a><\/div>\r\n[\/su_box]\r\n[\/su_column]\r\n[su_column size=\"1\/3\"]\r\n<div class=\"box-150\">[su_box title=\"22090 Wollust-Hopper\" box_color=\"#e2007a\"]\r\n<a title=\"Wollust-Hopper\" href=\"\/?page_id=2074\"><img class=\"aligncenter wp-image-1932\" src=\"http:\/\/inverma.de\/wp-content\/uploads\/wollust-hopper22090-e1428333052890.png\" alt=\"Wollust-Hopper\" width=\"88\" height=\"140\" \/><\/a><\/div>\r\n[\/su_box]\r\n[\/su_column]\r\n[su_column size=\"1\/3\"]\r\n<div class=\"box-150\">[su_box title=\"222 TRI-SEX-DOPPLER\" box_color=\"#e2007a\"]\r\n<a title=\"Tri-Sex-Doppler\" href=\"\/?page_id=2079\"><img class=\"aligncenter wp-image-1933\" src=\"http:\/\/inverma.de\/wp-content\/uploads\/tri-sex-doppler22290-e1428333037985.png\" alt=\"Tri-Sex-Doppler\" width=\"98\" height=\"140\" \/><\/a><\/div>\r\n[\/su_box]\r\n[\/su_column]\r\n[\/su_row]","_et_gb_content_width":"","footnotes":""},"yoast_head":"<!-- This site is optimized with the Yoast SEO plugin v22.2 - https:\/\/yoast.com\/wordpress\/plugins\/seo\/ -->\n<title>Products for her and him - INVERMA<\/title>\n<meta name=\"description\" content=\"INVERMA &quot;Produkte f\u00fcr sie und ihn&quot; k\u00f6nnen f\u00fcr das Intimleben von Mann und Frau wunderbare Lustbereiter in der Partner-Beziehung sein.\" \/>\n<meta name=\"robots\" content=\"index, follow, max-snippet:-1, max-image-preview:large, max-video-preview:-1\" \/>\n<link rel=\"canonical\" href=\"https:\/\/inverma.de\/en\/products-5\/for-her-and-him\/\" \/>\n<meta property=\"og:locale\" content=\"en_US\" \/>\n<meta property=\"og:type\" content=\"article\" \/>\n<meta property=\"og:title\" content=\"Products for her and him - INVERMA\" \/>\n<meta property=\"og:description\" content=\"INVERMA &quot;Produkte f\u00fcr sie und ihn&quot; k\u00f6nnen f\u00fcr das Intimleben von Mann und Frau wunderbare Lustbereiter in der Partner-Beziehung sein.\" \/>\n<meta property=\"og:url\" content=\"https:\/\/inverma.de\/en\/products-5\/for-her-and-him\/\" \/>\n<meta property=\"og:site_name\" content=\"INVERMA\" \/>\n<meta property=\"article:publisher\" content=\"https:\/\/www.facebook.com\/inverma.lange\" \/>\n<meta property=\"article:modified_time\" content=\"2019-10-23T10:49:43+00:00\" \/>\n<meta property=\"og:image\" content=\"https:\/\/inverma.de\/wp-content\/uploads\/slider6.jpg\" \/>\n\t<meta property=\"og:image:width\" content=\"340\" \/>\n\t<meta property=\"og:image:height\" content=\"240\" \/>\n\t<meta property=\"og:image:type\" content=\"image\/jpeg\" \/>\n<meta name=\"twitter:label1\" content=\"Est. reading time\" \/>\n\t<meta name=\"twitter:data1\" content=\"3 minutes\" \/>\n<script type=\"application\/ld+json\" class=\"yoast-schema-graph\">{\"@context\":\"https:\/\/schema.org\",\"@graph\":[{\"@type\":\"WebPage\",\"@id\":\"https:\/\/inverma.de\/en\/products-5\/for-her-and-him\/\",\"url\":\"https:\/\/inverma.de\/en\/products-5\/for-her-and-him\/\",\"name\":\"Products for her and him - INVERMA\",\"isPartOf\":{\"@id\":\"https:\/\/inverma.de\/en\/#website\"},\"primaryImageOfPage\":{\"@id\":\"https:\/\/inverma.de\/en\/products-5\/for-her-and-him\/#primaryimage\"},\"image\":{\"@id\":\"https:\/\/inverma.de\/en\/products-5\/for-her-and-him\/#primaryimage\"},\"thumbnailUrl\":\"https:\/\/inverma.de\/wp-content\/uploads\/slider6.jpg\",\"datePublished\":\"2017-10-25T14:01:57+00:00\",\"dateModified\":\"2019-10-23T10:49:43+00:00\",\"description\":\"INVERMA \\\"Produkte f\u00fcr sie und ihn\\\" k\u00f6nnen f\u00fcr das Intimleben von Mann und Frau wunderbare Lustbereiter in der Partner-Beziehung sein.\",\"breadcrumb\":{\"@id\":\"https:\/\/inverma.de\/en\/products-5\/for-her-and-him\/#breadcrumb\"},\"inLanguage\":\"en-US\",\"potentialAction\":[{\"@type\":\"ReadAction\",\"target\":[\"https:\/\/inverma.de\/en\/products-5\/for-her-and-him\/\"]}]},{\"@type\":\"ImageObject\",\"inLanguage\":\"en-US\",\"@id\":\"https:\/\/inverma.de\/en\/products-5\/for-her-and-him\/#primaryimage\",\"url\":\"https:\/\/inverma.de\/wp-content\/uploads\/slider6.jpg\",\"contentUrl\":\"https:\/\/inverma.de\/wp-content\/uploads\/slider6.jpg\",\"width\":340,\"height\":240},{\"@type\":\"BreadcrumbList\",\"@id\":\"https:\/\/inverma.de\/en\/products-5\/for-her-and-him\/#breadcrumb\",\"itemListElement\":[{\"@type\":\"ListItem\",\"position\":1,\"name\":\"Home\",\"item\":\"https:\/\/inverma.de\/en\/\"},{\"@type\":\"ListItem\",\"position\":2,\"name\":\"Products\",\"item\":\"https:\/\/inverma.de\/en\/products-5\/\"},{\"@type\":\"ListItem\",\"position\":3,\"name\":\"Products for her and him\"}]},{\"@type\":\"WebSite\",\"@id\":\"https:\/\/inverma.de\/en\/#website\",\"url\":\"https:\/\/inverma.de\/en\/\",\"name\":\"INVERMA\",\"description\":\"Come in to the world of erotic and exotic\",\"publisher\":{\"@id\":\"https:\/\/inverma.de\/en\/#organization\"},\"potentialAction\":[{\"@type\":\"SearchAction\",\"target\":{\"@type\":\"EntryPoint\",\"urlTemplate\":\"https:\/\/inverma.de\/en\/?s={search_term_string}\"},\"query-input\":\"required name=search_term_string\"}],\"inLanguage\":\"en-US\"},{\"@type\":\"Organization\",\"@id\":\"https:\/\/inverma.de\/en\/#organization\",\"name\":\"INVERMA Johannes Lange GmbH+Co KG\",\"url\":\"https:\/\/inverma.de\/en\/\",\"logo\":{\"@type\":\"ImageObject\",\"inLanguage\":\"en-US\",\"@id\":\"https:\/\/inverma.de\/en\/#\/schema\/logo\/image\/\",\"url\":\"https:\/\/inverma.de\/wp-content\/uploads\/inverma_logo_neu-e1545358251143.png\",\"contentUrl\":\"https:\/\/inverma.de\/wp-content\/uploads\/inverma_logo_neu-e1545358251143.png\",\"width\":280,\"height\":74,\"caption\":\"INVERMA Johannes Lange GmbH+Co KG\"},\"image\":{\"@id\":\"https:\/\/inverma.de\/en\/#\/schema\/logo\/image\/\"},\"sameAs\":[\"https:\/\/www.facebook.com\/inverma.lange\"]}]}<\/script>\n<!-- \/ Yoast SEO plugin. -->","yoast_head_json":{"title":"Products for her and him - INVERMA","description":"INVERMA \"Produkte f\u00fcr sie und ihn\" k\u00f6nnen f\u00fcr das Intimleben von Mann und Frau wunderbare Lustbereiter in der Partner-Beziehung sein.","robots":{"index":"index","follow":"follow","max-snippet":"max-snippet:-1","max-image-preview":"max-image-preview:large","max-video-preview":"max-video-preview:-1"},"canonical":"https:\/\/inverma.de\/en\/products-5\/for-her-and-him\/","og_locale":"en_US","og_type":"article","og_title":"Products for her and him - INVERMA","og_description":"INVERMA \"Produkte f\u00fcr sie und ihn\" k\u00f6nnen f\u00fcr das Intimleben von Mann und Frau wunderbare Lustbereiter in der Partner-Beziehung sein.","og_url":"https:\/\/inverma.de\/en\/products-5\/for-her-and-him\/","og_site_name":"INVERMA","article_publisher":"https:\/\/www.facebook.com\/inverma.lange","article_modified_time":"2019-10-23T10:49:43+00:00","og_image":[{"width":340,"height":240,"url":"https:\/\/inverma.de\/wp-content\/uploads\/slider6.jpg","type":"image\/jpeg"}],"twitter_misc":{"Est. reading time":"3 minutes"},"schema":{"@context":"https:\/\/schema.org","@graph":[{"@type":"WebPage","@id":"https:\/\/inverma.de\/en\/products-5\/for-her-and-him\/","url":"https:\/\/inverma.de\/en\/products-5\/for-her-and-him\/","name":"Products for her and him - INVERMA","isPartOf":{"@id":"https:\/\/inverma.de\/en\/#website"},"primaryImageOfPage":{"@id":"https:\/\/inverma.de\/en\/products-5\/for-her-and-him\/#primaryimage"},"image":{"@id":"https:\/\/inverma.de\/en\/products-5\/for-her-and-him\/#primaryimage"},"thumbnailUrl":"https:\/\/inverma.de\/wp-content\/uploads\/slider6.jpg","datePublished":"2017-10-25T14:01:57+00:00","dateModified":"2019-10-23T10:49:43+00:00","description":"INVERMA \"Produkte f\u00fcr sie und ihn\" k\u00f6nnen f\u00fcr das Intimleben von Mann und Frau wunderbare Lustbereiter in der Partner-Beziehung sein.","breadcrumb":{"@id":"https:\/\/inverma.de\/en\/products-5\/for-her-and-him\/#breadcrumb"},"inLanguage":"en-US","potentialAction":[{"@type":"ReadAction","target":["https:\/\/inverma.de\/en\/products-5\/for-her-and-him\/"]}]},{"@type":"ImageObject","inLanguage":"en-US","@id":"https:\/\/inverma.de\/en\/products-5\/for-her-and-him\/#primaryimage","url":"https:\/\/inverma.de\/wp-content\/uploads\/slider6.jpg","contentUrl":"https:\/\/inverma.de\/wp-content\/uploads\/slider6.jpg","width":340,"height":240},{"@type":"BreadcrumbList","@id":"https:\/\/inverma.de\/en\/products-5\/for-her-and-him\/#breadcrumb","itemListElement":[{"@type":"ListItem","position":1,"name":"Home","item":"https:\/\/inverma.de\/en\/"},{"@type":"ListItem","position":2,"name":"Products","item":"https:\/\/inverma.de\/en\/products-5\/"},{"@type":"ListItem","position":3,"name":"Products for her and him"}]},{"@type":"WebSite","@id":"https:\/\/inverma.de\/en\/#website","url":"https:\/\/inverma.de\/en\/","name":"INVERMA","description":"Come in to the world of erotic and exotic","publisher":{"@id":"https:\/\/inverma.de\/en\/#organization"},"potentialAction":[{"@type":"SearchAction","target":{"@type":"EntryPoint","urlTemplate":"https:\/\/inverma.de\/en\/?s={search_term_string}"},"query-input":"required name=search_term_string"}],"inLanguage":"en-US"},{"@type":"Organization","@id":"https:\/\/inverma.de\/en\/#organization","name":"INVERMA Johannes Lange GmbH+Co KG","url":"https:\/\/inverma.de\/en\/","logo":{"@type":"ImageObject","inLanguage":"en-US","@id":"https:\/\/inverma.de\/en\/#\/schema\/logo\/image\/","url":"https:\/\/inverma.de\/wp-content\/uploads\/inverma_logo_neu-e1545358251143.png","contentUrl":"https:\/\/inverma.de\/wp-content\/uploads\/inverma_logo_neu-e1545358251143.png","width":280,"height":74,"caption":"INVERMA Johannes Lange GmbH+Co KG"},"image":{"@id":"https:\/\/inverma.de\/en\/#\/schema\/logo\/image\/"},"sameAs":["https:\/\/www.facebook.com\/inverma.lange"]}]}},"_links":{"self":[{"href":"https:\/\/inverma.de\/en\/wp-json\/wp\/v2\/pages\/6321"}],"collection":[{"href":"https:\/\/inverma.de\/en\/wp-json\/wp\/v2\/pages"}],"about":[{"href":"https:\/\/inverma.de\/en\/wp-json\/wp\/v2\/types\/page"}],"author":[{"embeddable":true,"href":"https:\/\/inverma.de\/en\/wp-json\/wp\/v2\/users\/8"}],"replies":[{"embeddable":true,"href":"https:\/\/inverma.de\/en\/wp-json\/wp\/v2\/comments?post=6321"}],"version-history":[{"count":0,"href":"https:\/\/inverma.de\/en\/wp-json\/wp\/v2\/pages\/6321\/revisions"}],"up":[{"embeddable":true,"href":"https:\/\/inverma.de\/en\/wp-json\/wp\/v2\/pages\/6248"}],"wp:featuredmedia":[{"embeddable":true,"href":"https:\/\/inverma.de\/en\/wp-json\/wp\/v2\/media\/7150"}],"wp:attachment":[{"href":"https:\/\/inverma.de\/en\/wp-json\/wp\/v2\/media?parent=6321"}],"curies":[{"name":"wp","href":"https:\/\/api.w.org\/{rel}","templated":true}]}}