{"id":6354,"date":"2017-11-01T11:15:09","date_gmt":"2017-11-01T10:15:09","guid":{"rendered":"http:\/\/inverma.de\/?page_id=6354"},"modified":"2020-04-30T01:39:34","modified_gmt":"2020-04-29T23:39:34","slug":"jil","status":"publish","type":"page","link":"https:\/\/inverma.de\/en\/products-5\/for-her-and-him\/jil\/","title":{"rendered":"Klitoris-Kitzler Jil"},"content":{"rendered":"[et_pb_section fb_built=&#8221;1&#8243; _builder_version=&#8221;3.22.4&#8243; inner_width_tablet=&#8221;50px&#8221; inner_max_width_tablet=&#8221;50px&#8221; custom_padding=&#8221;0px|||&#8221; z_index_tablet=&#8221;500&#8243;][et_pb_row _builder_version=&#8221;3.25&#8243; background_size=&#8221;initial&#8221; background_position=&#8221;top_left&#8221; background_repeat=&#8221;repeat&#8221;][et_pb_column type=&#8221;4_4&#8243; _builder_version=&#8221;3.25&#8243; custom_padding=&#8221;|||&#8221; custom_padding__hover=&#8221;|||&#8221;][et_pb_post_title meta=&#8221;off&#8221; featured_image=&#8221;off&#8221; _builder_version=&#8221;3.22.4&#8243; z_index_tablet=&#8221;500&#8243;][\/et_pb_post_title][\/et_pb_column][\/et_pb_row][et_pb_row column_structure=&#8221;1_3,1_3,1_3&#8243; make_equal=&#8221;on&#8221; _builder_version=&#8221;3.25&#8243; background_color=&#8221;#ffffff&#8221; z_index_tablet=&#8221;500&#8243; box_shadow_style=&#8221;preset3&#8243;][et_pb_column type=&#8221;1_3&#8243; _builder_version=&#8221;3.25&#8243; custom_padding=&#8221;|||&#8221; custom_padding__hover=&#8221;|||&#8221;][et_pb_text _builder_version=&#8221;3.27.4&#8243; background_color=&#8221;#ffffff&#8221; custom_padding=&#8221;5%|5%|5%|5%&#8221; z_index_tablet=&#8221;500&#8243;]\n<p><img loading=\"lazy\" decoding=\"async\" class=\"size-full wp-image-7043 aligncenter\" src=\"https:\/\/inverma.de\/wp-content\/uploads\/klitoris-kitzler21290-e1428333109283.png\" alt=\"\" width=\"228\" height=\"300\" srcset=\"https:\/\/inverma.de\/wp-content\/uploads\/klitoris-kitzler21290-e1428333109283.png 228w, https:\/\/inverma.de\/wp-content\/uploads\/klitoris-kitzler21290-e1428333109283-61x80.png 61w\" sizes=\"(max-width: 228px) 100vw, 228px\" \/><\/p>\n<p>Effect for the man:<\/p>\n<p>The penis becomes tight and in the area around the glance larger. The vagina is filled out with the penis completely. The woman senses an especially beautiful feeling in her vagina and also the powerful penis inside herself.<\/p>\n[\/et_pb_text][\/et_pb_column][et_pb_column type=&#8221;1_3&#8243; _builder_version=&#8221;3.25&#8243; custom_padding=&#8221;|||&#8221; custom_padding__hover=&#8221;|||&#8221;][et_pb_text _builder_version=&#8221;4.4.3&#8243; background_color=&#8221;#ffffff&#8221; custom_padding=&#8221;5%|||&#8221; custom_padding_tablet=&#8221;|5%||5%&#8221; custom_padding_phone=&#8221;&#8221; custom_padding_last_edited=&#8221;on|phone&#8221; z_index_tablet=&#8221;500&#8243;]\n<div class=\"prod_box\">Productinformation<\/div>\n<div class=\"prod_list\">\n<ul>\n<li><i class=\"far fa-check-circle\"><\/i>Content: 1 piece\u00a0penisring with\u00a0clitorisstimulationbrush<\/li>\n<li><i class=\"far fa-check-circle\"><\/i>Made in Germany<\/li>\n<li><i class=\"far fa-check-circle\"><\/i><strong>Art.-No.: 212<\/strong><\/li>\n<\/ul>\n<\/div>\n[\/et_pb_text][et_pb_button button_url=&#8221;https:\/\/inverma.de\/en\/contact\/&#8221; url_new_window=&#8221;on&#8221; button_text=&#8221;More Questions?&#8221; button_alignment=&#8221;left&#8221; admin_label=&#8221;Noch Fragen? Button&#8221; _builder_version=&#8221;3.22.4&#8243; custom_button=&#8221;on&#8221; button_text_color=&#8221;#e2007a&#8221; button_bg_color=&#8221;#efefef&#8221; button_use_icon=&#8221;off&#8221; custom_padding_tablet=&#8221;&#8221; custom_padding_phone=&#8221;&#8221; custom_padding_last_edited=&#8221;on|desktop&#8221; animation_style=&#8221;bounce&#8221; z_index_tablet=&#8221;500&#8243; saved_tabs=&#8221;all&#8221;][\/et_pb_button][\/et_pb_column][et_pb_column type=&#8221;1_3&#8243; _builder_version=&#8221;3.25&#8243; custom_padding=&#8221;|||&#8221; custom_padding__hover=&#8221;|||&#8221;][et_pb_text admin_label=&#8221;Siblings&#8221; _builder_version=&#8221;3.27.4&#8243; background_color=&#8221;#efefef&#8221; use_background_color_gradient=&#8221;on&#8221; background_color_gradient_start=&#8221;#efefef&#8221; background_color_gradient_end=&#8221;#ffffff&#8221; custom_margin=&#8221;5%|5%||&#8221; custom_margin_tablet=&#8221;5%|5%|5%|5%&#8221; custom_margin_phone=&#8221;&#8221; custom_margin_last_edited=&#8221;on|phone&#8221; custom_padding=&#8221;5%|5%|5%|5%&#8221; z_index_tablet=&#8221;500&#8243;]\n<h3><a title=\"ADDITIONAL PRODUCTS FOR HER AND HIM\" href=\"https:\/\/inverma.de\/en\/products-5\/for-her-and-him\/\">ADDITIONAL PRODUCTS FOR HER AND HIM:<\/a><\/h3>\n<ul class=\"su-siblings\"><li class=\"page_item page-item-6362\"><a href=\"https:\/\/inverma.de\/en\/products-5\/for-her-and-him\/wollust-hopper\/\">Wollust-Hopper<\/a><\/li>\n<li class=\"page_item page-item-6358\"><a href=\"https:\/\/inverma.de\/en\/products-5\/for-her-and-him\/tri-sex-doppler\/\">Tri-Sex-Doppler<\/a><\/li>\n<\/ul>\n[\/et_pb_text][\/et_pb_column][\/et_pb_row][\/et_pb_section]\n","protected":false},"excerpt":{"rendered":"<p>Effect for the man: The penis becomes tight and in the area around the glance larger. The vagina is filled out with the penis completely. The woman senses an especially beautiful feeling in her vagina and also the powerful penis inside herself. Productinformation Content: 1 piece\u00a0penisring with\u00a0clitorisstimulationbrush Made in Germany Art.-No.: 212 ADDITIONAL PRODUCTS FOR [&hellip;]<\/p>\n","protected":false},"author":9,"featured_media":0,"parent":6321,"menu_order":0,"comment_status":"closed","ping_status":"closed","template":"","meta":{"_et_pb_use_builder":"on","_et_pb_old_content":"[su_row]\r\n[su_column size=\"1\/3\"]\r\n<img class=\"aligncenter wp-image-1929 size-medium\" title=\"Klitoris-Kitzler Jil\" src=\"http:\/\/inverma.de\/wp-content\/uploads\/klitoris-kitzler21290-e1428333109283.png\" alt=\"Klitoris-Kitzler Jil\" width=\"228\" height=\"300\" \/>\r\n[\/su_column]\r\n[su_column size=\"1\/3\"]\r\n<p style=\"text-align: justify;\">Effekt f\u00fcr den Mann:\r\nDer Penis wird stramm und bl\u00e4ht sich im Bereich der Eichel pilzf\u00f6rmig auf. Dadurch wird die Vagina voll ausgef\u00fcllt. Die Frau sp\u00fcrt, au\u00dfer einer Klitorisreizung, das Zucken und das kraftvolle Aufb\u00e4umen des Penis in sich.<\/p>\r\n[\/su_column]\r\n\r\n[su_column size=\"1\/3\"]\r\n<div class=\"prod_box_klein\">\r\n\r\n[su_box title=\"Produktinformation\" box_color=\"#e2007a\"]\r\n<ul>\r\n \t<li>Inhalt: 1 St\u00fcck Penisring mit Klitorisstimulationsb\u00fcrste<\/li>\r\n \t<li>Made in Germany<\/li>\r\n \t<li><strong>Art.-Nr.: 212<\/strong><\/li>\r\n<\/ul>\r\n[\/su_box]\r\n\r\n<\/div>\r\n[\/su_column]\r\n[\/su_row]\r\n<h3><a title=\"Produkte f\u00fcr sie und ihn\" href=\"\/?page_id=24\">Weitere Produkte F\u00dcR SIE und IHN:<\/a><\/h3>\r\n[su_siblings]","_et_gb_content_width":"","footnotes":""},"yoast_head":"<!-- This site is optimized with the Yoast SEO plugin v22.2 - https:\/\/yoast.com\/wordpress\/plugins\/seo\/ -->\n<title>INVERMA Klitoris-Kitzler Jil<\/title>\n<meta name=\"description\" content=\"INVERMA Klitoris-Kitzler Jil - Penis-Straffer f\u00fcr den Mann. Die Frau sp\u00fcrt das kraftvolle Aufb\u00e4umen des Penis in sich.\" \/>\n<meta name=\"robots\" content=\"index, follow, max-snippet:-1, max-image-preview:large, max-video-preview:-1\" \/>\n<link rel=\"canonical\" href=\"https:\/\/inverma.de\/en\/products-5\/for-her-and-him\/jil\/\" \/>\n<meta property=\"og:locale\" content=\"en_US\" \/>\n<meta property=\"og:type\" content=\"article\" \/>\n<meta property=\"og:title\" content=\"INVERMA Klitoris-Kitzler Jil\" \/>\n<meta property=\"og:description\" content=\"INVERMA Klitoris-Kitzler Jil - Penis-Straffer f\u00fcr den Mann. Die Frau sp\u00fcrt das kraftvolle Aufb\u00e4umen des Penis in sich.\" \/>\n<meta property=\"og:url\" content=\"https:\/\/inverma.de\/en\/products-5\/for-her-and-him\/jil\/\" \/>\n<meta property=\"og:site_name\" content=\"INVERMA\" \/>\n<meta property=\"article:publisher\" content=\"https:\/\/www.facebook.com\/inverma.lange\" \/>\n<meta property=\"article:modified_time\" content=\"2020-04-29T23:39:34+00:00\" \/>\n<meta property=\"og:image\" content=\"https:\/\/inverma.de\/wp-content\/uploads\/klitoris-kitzler21290-e1428333109283.png\" \/>\n<meta name=\"twitter:label1\" content=\"Est. reading time\" \/>\n\t<meta name=\"twitter:data1\" content=\"2 minutes\" \/>\n<script type=\"application\/ld+json\" class=\"yoast-schema-graph\">{\"@context\":\"https:\/\/schema.org\",\"@graph\":[{\"@type\":\"WebPage\",\"@id\":\"https:\/\/inverma.de\/en\/products-5\/for-her-and-him\/jil\/\",\"url\":\"https:\/\/inverma.de\/en\/products-5\/for-her-and-him\/jil\/\",\"name\":\"INVERMA Klitoris-Kitzler Jil\",\"isPartOf\":{\"@id\":\"https:\/\/inverma.de\/en\/#website\"},\"primaryImageOfPage\":{\"@id\":\"https:\/\/inverma.de\/en\/products-5\/for-her-and-him\/jil\/#primaryimage\"},\"image\":{\"@id\":\"https:\/\/inverma.de\/en\/products-5\/for-her-and-him\/jil\/#primaryimage\"},\"thumbnailUrl\":\"https:\/\/inverma.de\/wp-content\/uploads\/klitoris-kitzler21290-e1428333109283.png\",\"datePublished\":\"2017-11-01T10:15:09+00:00\",\"dateModified\":\"2020-04-29T23:39:34+00:00\",\"description\":\"INVERMA Klitoris-Kitzler Jil - Penis-Straffer f\u00fcr den Mann. Die Frau sp\u00fcrt das kraftvolle Aufb\u00e4umen des Penis in sich.\",\"breadcrumb\":{\"@id\":\"https:\/\/inverma.de\/en\/products-5\/for-her-and-him\/jil\/#breadcrumb\"},\"inLanguage\":\"en-US\",\"potentialAction\":[{\"@type\":\"ReadAction\",\"target\":[\"https:\/\/inverma.de\/en\/products-5\/for-her-and-him\/jil\/\"]}]},{\"@type\":\"ImageObject\",\"inLanguage\":\"en-US\",\"@id\":\"https:\/\/inverma.de\/en\/products-5\/for-her-and-him\/jil\/#primaryimage\",\"url\":\"https:\/\/inverma.de\/wp-content\/uploads\/klitoris-kitzler21290-e1428333109283.png\",\"contentUrl\":\"https:\/\/inverma.de\/wp-content\/uploads\/klitoris-kitzler21290-e1428333109283.png\",\"width\":228,\"height\":300},{\"@type\":\"BreadcrumbList\",\"@id\":\"https:\/\/inverma.de\/en\/products-5\/for-her-and-him\/jil\/#breadcrumb\",\"itemListElement\":[{\"@type\":\"ListItem\",\"position\":1,\"name\":\"Home\",\"item\":\"https:\/\/inverma.de\/en\/\"},{\"@type\":\"ListItem\",\"position\":2,\"name\":\"Products\",\"item\":\"https:\/\/inverma.de\/en\/products-5\/\"},{\"@type\":\"ListItem\",\"position\":3,\"name\":\"Products for her and him\",\"item\":\"https:\/\/inverma.de\/en\/products-5\/for-her-and-him\/\"},{\"@type\":\"ListItem\",\"position\":4,\"name\":\"Klitoris-Kitzler Jil\"}]},{\"@type\":\"WebSite\",\"@id\":\"https:\/\/inverma.de\/en\/#website\",\"url\":\"https:\/\/inverma.de\/en\/\",\"name\":\"INVERMA\",\"description\":\"Come in to the world of erotic and exotic\",\"publisher\":{\"@id\":\"https:\/\/inverma.de\/en\/#organization\"},\"potentialAction\":[{\"@type\":\"SearchAction\",\"target\":{\"@type\":\"EntryPoint\",\"urlTemplate\":\"https:\/\/inverma.de\/en\/?s={search_term_string}\"},\"query-input\":\"required name=search_term_string\"}],\"inLanguage\":\"en-US\"},{\"@type\":\"Organization\",\"@id\":\"https:\/\/inverma.de\/en\/#organization\",\"name\":\"INVERMA Johannes Lange GmbH+Co KG\",\"url\":\"https:\/\/inverma.de\/en\/\",\"logo\":{\"@type\":\"ImageObject\",\"inLanguage\":\"en-US\",\"@id\":\"https:\/\/inverma.de\/en\/#\/schema\/logo\/image\/\",\"url\":\"https:\/\/inverma.de\/wp-content\/uploads\/inverma_logo_neu-e1545358251143.png\",\"contentUrl\":\"https:\/\/inverma.de\/wp-content\/uploads\/inverma_logo_neu-e1545358251143.png\",\"width\":280,\"height\":74,\"caption\":\"INVERMA Johannes Lange GmbH+Co KG\"},\"image\":{\"@id\":\"https:\/\/inverma.de\/en\/#\/schema\/logo\/image\/\"},\"sameAs\":[\"https:\/\/www.facebook.com\/inverma.lange\"]}]}<\/script>\n<!-- \/ Yoast SEO plugin. -->","yoast_head_json":{"title":"INVERMA Klitoris-Kitzler Jil","description":"INVERMA Klitoris-Kitzler Jil - Penis-Straffer f\u00fcr den Mann. Die Frau sp\u00fcrt das kraftvolle Aufb\u00e4umen des Penis in sich.","robots":{"index":"index","follow":"follow","max-snippet":"max-snippet:-1","max-image-preview":"max-image-preview:large","max-video-preview":"max-video-preview:-1"},"canonical":"https:\/\/inverma.de\/en\/products-5\/for-her-and-him\/jil\/","og_locale":"en_US","og_type":"article","og_title":"INVERMA Klitoris-Kitzler Jil","og_description":"INVERMA Klitoris-Kitzler Jil - Penis-Straffer f\u00fcr den Mann. Die Frau sp\u00fcrt das kraftvolle Aufb\u00e4umen des Penis in sich.","og_url":"https:\/\/inverma.de\/en\/products-5\/for-her-and-him\/jil\/","og_site_name":"INVERMA","article_publisher":"https:\/\/www.facebook.com\/inverma.lange","article_modified_time":"2020-04-29T23:39:34+00:00","og_image":[{"url":"https:\/\/inverma.de\/wp-content\/uploads\/klitoris-kitzler21290-e1428333109283.png"}],"twitter_misc":{"Est. reading time":"2 minutes"},"schema":{"@context":"https:\/\/schema.org","@graph":[{"@type":"WebPage","@id":"https:\/\/inverma.de\/en\/products-5\/for-her-and-him\/jil\/","url":"https:\/\/inverma.de\/en\/products-5\/for-her-and-him\/jil\/","name":"INVERMA Klitoris-Kitzler Jil","isPartOf":{"@id":"https:\/\/inverma.de\/en\/#website"},"primaryImageOfPage":{"@id":"https:\/\/inverma.de\/en\/products-5\/for-her-and-him\/jil\/#primaryimage"},"image":{"@id":"https:\/\/inverma.de\/en\/products-5\/for-her-and-him\/jil\/#primaryimage"},"thumbnailUrl":"https:\/\/inverma.de\/wp-content\/uploads\/klitoris-kitzler21290-e1428333109283.png","datePublished":"2017-11-01T10:15:09+00:00","dateModified":"2020-04-29T23:39:34+00:00","description":"INVERMA Klitoris-Kitzler Jil - Penis-Straffer f\u00fcr den Mann. Die Frau sp\u00fcrt das kraftvolle Aufb\u00e4umen des Penis in sich.","breadcrumb":{"@id":"https:\/\/inverma.de\/en\/products-5\/for-her-and-him\/jil\/#breadcrumb"},"inLanguage":"en-US","potentialAction":[{"@type":"ReadAction","target":["https:\/\/inverma.de\/en\/products-5\/for-her-and-him\/jil\/"]}]},{"@type":"ImageObject","inLanguage":"en-US","@id":"https:\/\/inverma.de\/en\/products-5\/for-her-and-him\/jil\/#primaryimage","url":"https:\/\/inverma.de\/wp-content\/uploads\/klitoris-kitzler21290-e1428333109283.png","contentUrl":"https:\/\/inverma.de\/wp-content\/uploads\/klitoris-kitzler21290-e1428333109283.png","width":228,"height":300},{"@type":"BreadcrumbList","@id":"https:\/\/inverma.de\/en\/products-5\/for-her-and-him\/jil\/#breadcrumb","itemListElement":[{"@type":"ListItem","position":1,"name":"Home","item":"https:\/\/inverma.de\/en\/"},{"@type":"ListItem","position":2,"name":"Products","item":"https:\/\/inverma.de\/en\/products-5\/"},{"@type":"ListItem","position":3,"name":"Products for her and him","item":"https:\/\/inverma.de\/en\/products-5\/for-her-and-him\/"},{"@type":"ListItem","position":4,"name":"Klitoris-Kitzler Jil"}]},{"@type":"WebSite","@id":"https:\/\/inverma.de\/en\/#website","url":"https:\/\/inverma.de\/en\/","name":"INVERMA","description":"Come in to the world of erotic and exotic","publisher":{"@id":"https:\/\/inverma.de\/en\/#organization"},"potentialAction":[{"@type":"SearchAction","target":{"@type":"EntryPoint","urlTemplate":"https:\/\/inverma.de\/en\/?s={search_term_string}"},"query-input":"required name=search_term_string"}],"inLanguage":"en-US"},{"@type":"Organization","@id":"https:\/\/inverma.de\/en\/#organization","name":"INVERMA Johannes Lange GmbH+Co KG","url":"https:\/\/inverma.de\/en\/","logo":{"@type":"ImageObject","inLanguage":"en-US","@id":"https:\/\/inverma.de\/en\/#\/schema\/logo\/image\/","url":"https:\/\/inverma.de\/wp-content\/uploads\/inverma_logo_neu-e1545358251143.png","contentUrl":"https:\/\/inverma.de\/wp-content\/uploads\/inverma_logo_neu-e1545358251143.png","width":280,"height":74,"caption":"INVERMA Johannes Lange GmbH+Co KG"},"image":{"@id":"https:\/\/inverma.de\/en\/#\/schema\/logo\/image\/"},"sameAs":["https:\/\/www.facebook.com\/inverma.lange"]}]}},"_links":{"self":[{"href":"https:\/\/inverma.de\/en\/wp-json\/wp\/v2\/pages\/6354"}],"collection":[{"href":"https:\/\/inverma.de\/en\/wp-json\/wp\/v2\/pages"}],"about":[{"href":"https:\/\/inverma.de\/en\/wp-json\/wp\/v2\/types\/page"}],"author":[{"embeddable":true,"href":"https:\/\/inverma.de\/en\/wp-json\/wp\/v2\/users\/9"}],"replies":[{"embeddable":true,"href":"https:\/\/inverma.de\/en\/wp-json\/wp\/v2\/comments?post=6354"}],"version-history":[{"count":0,"href":"https:\/\/inverma.de\/en\/wp-json\/wp\/v2\/pages\/6354\/revisions"}],"up":[{"embeddable":true,"href":"https:\/\/inverma.de\/en\/wp-json\/wp\/v2\/pages\/6321"}],"wp:attachment":[{"href":"https:\/\/inverma.de\/en\/wp-json\/wp\/v2\/media?parent=6354"}],"curies":[{"name":"wp","href":"https:\/\/api.w.org\/{rel}","templated":true}]}}