{"id":6358,"date":"2017-11-01T11:16:26","date_gmt":"2017-11-01T10:16:26","guid":{"rendered":"http:\/\/inverma.de\/?page_id=6358"},"modified":"2020-04-30T01:43:39","modified_gmt":"2020-04-29T23:43:39","slug":"tri-sex-doppler","status":"publish","type":"page","link":"https:\/\/inverma.de\/en\/products-5\/for-her-and-him\/tri-sex-doppler\/","title":{"rendered":"Tri-Sex-Doppler"},"content":{"rendered":"[et_pb_section fb_built=&#8221;1&#8243; _builder_version=&#8221;3.22.4&#8243; inner_width_tablet=&#8221;50px&#8221; inner_max_width_tablet=&#8221;50px&#8221; custom_padding=&#8221;0px|||&#8221; z_index_tablet=&#8221;500&#8243;][et_pb_row _builder_version=&#8221;3.25&#8243; background_size=&#8221;initial&#8221; background_position=&#8221;top_left&#8221; background_repeat=&#8221;repeat&#8221;][et_pb_column type=&#8221;4_4&#8243; _builder_version=&#8221;3.25&#8243; custom_padding=&#8221;|||&#8221; custom_padding__hover=&#8221;|||&#8221;][et_pb_post_title meta=&#8221;off&#8221; featured_image=&#8221;off&#8221; _builder_version=&#8221;3.22.4&#8243; z_index_tablet=&#8221;500&#8243;][\/et_pb_post_title][\/et_pb_column][\/et_pb_row][et_pb_row make_equal=&#8221;on&#8221; _builder_version=&#8221;3.25&#8243; background_color=&#8221;#ffffff&#8221; z_index_tablet=&#8221;500&#8243; box_shadow_style=&#8221;preset3&#8243; column_structure=&#8221;1_3,1_3,1_3&#8243;][et_pb_column type=&#8221;1_3&#8243; _builder_version=&#8221;3.25&#8243; custom_padding=&#8221;|||&#8221; custom_padding__hover=&#8221;|||&#8221;][et_pb_text _builder_version=&#8221;3.27.4&#8243; background_color=&#8221;#ffffff&#8221; custom_padding=&#8221;5%|5%|5%|5%&#8221; z_index_tablet=&#8221;500&#8243;]\n<p><img loading=\"lazy\" decoding=\"async\" class=\"size-full wp-image-7167 aligncenter\" src=\"https:\/\/inverma.de\/wp-content\/uploads\/tri-sex-doppler22290-e1428333037985.png\" alt=\"\" width=\"209\" height=\"300\" srcset=\"https:\/\/inverma.de\/wp-content\/uploads\/tri-sex-doppler22290-e1428333037985.png 209w, https:\/\/inverma.de\/wp-content\/uploads\/tri-sex-doppler22290-e1428333037985-56x80.png 56w\" sizes=\"(max-width: 209px) 100vw, 209px\" \/><\/p>\n<p>Powerful beaming of erected penis after you pulled the stimulator over the whole penis to the root. The firm clasping effect of the more bulky, longer and thicker erect penis is obtained by an air-cushion (no strangulation of the erect member).<\/p>\n<p>When introducing this mega-hard-on it is quite possible from now on to reach the G-point. Quick sexual fulfilment for women during sexual intercourse.<\/p>\n<p>This results in passionate sexual arousal for both partners.<\/p>\n[\/et_pb_text][\/et_pb_column][et_pb_column type=&#8221;1_3&#8243; _builder_version=&#8221;3.25&#8243; custom_padding=&#8221;|||&#8221; custom_padding__hover=&#8221;|||&#8221;][et_pb_text _builder_version=&#8221;4.4.3&#8243; background_color=&#8221;#ffffff&#8221; custom_padding=&#8221;5%|||&#8221; custom_padding_tablet=&#8221;|5%||5%&#8221; custom_padding_phone=&#8221;&#8221; custom_padding_last_edited=&#8221;on|phone&#8221; hover_enabled=&#8221;0&#8243; z_index_tablet=&#8221;500&#8243;]\n<div class=\"prod_box\">Productinformation<\/div>\n<div class=\"prod_list\">\n<ul>\n<li><i class=\"far fa-check-circle\"><\/i>Content: 1 penis-ring with clitoris stimulating air-cushion<\/li>\n<li><i class=\"far fa-check-circle\"><\/i>Made in Germany<\/li>\n<li><i class=\"far fa-check-circle\"><\/i><strong>Art.-No.: 222<\/strong><\/li>\n<\/ul>\n<\/div>\n[\/et_pb_text][et_pb_button button_url=&#8221;https:\/\/inverma.de\/en\/contact\/&#8221; url_new_window=&#8221;on&#8221; button_text=&#8221;More Questions?&#8221; button_alignment=&#8221;left&#8221; admin_label=&#8221;Noch Fragen? Button&#8221; _builder_version=&#8221;3.22.4&#8243; custom_button=&#8221;on&#8221; button_text_color=&#8221;#e2007a&#8221; button_bg_color=&#8221;#efefef&#8221; button_use_icon=&#8221;off&#8221; custom_padding_tablet=&#8221;&#8221; custom_padding_phone=&#8221;&#8221; custom_padding_last_edited=&#8221;on|desktop&#8221; animation_style=&#8221;bounce&#8221; z_index_tablet=&#8221;500&#8243; saved_tabs=&#8221;all&#8221;][\/et_pb_button][\/et_pb_column][et_pb_column type=&#8221;1_3&#8243; _builder_version=&#8221;3.25&#8243; custom_padding=&#8221;|||&#8221; custom_padding__hover=&#8221;|||&#8221;][et_pb_text admin_label=&#8221;Siblings&#8221; _builder_version=&#8221;3.27.4&#8243; background_color=&#8221;#efefef&#8221; use_background_color_gradient=&#8221;on&#8221; background_color_gradient_start=&#8221;#efefef&#8221; background_color_gradient_end=&#8221;#ffffff&#8221; custom_margin=&#8221;5%|5%||&#8221; custom_margin_tablet=&#8221;5%|5%|5%|5%&#8221; custom_margin_phone=&#8221;&#8221; custom_margin_last_edited=&#8221;on|phone&#8221; custom_padding=&#8221;5%|5%|5%|5%&#8221; z_index_tablet=&#8221;500&#8243;]\n<h3><a title=\"ADDITIONAL PRODUCTS FOR HER AND HIM\" href=\"https:\/\/inverma.de\/en\/products-5\/for-her-and-him\/\">ADDITIONAL PRODUCTS FOR HER AND HIM:<\/a><\/h3>\n<ul class=\"su-siblings\"><li class=\"page_item page-item-6354\"><a href=\"https:\/\/inverma.de\/en\/products-5\/for-her-and-him\/jil\/\">Klitoris-Kitzler Jil<\/a><\/li>\n<li class=\"page_item page-item-6362\"><a href=\"https:\/\/inverma.de\/en\/products-5\/for-her-and-him\/wollust-hopper\/\">Wollust-Hopper<\/a><\/li>\n<\/ul>\n[\/et_pb_text][\/et_pb_column][\/et_pb_row][\/et_pb_section]\n","protected":false},"excerpt":{"rendered":"<p>Powerful beaming of erected penis after you pulled the stimulator over the whole penis to the root. The firm clasping effect of the more bulky, longer and thicker erect penis is obtained by an air-cushion (no strangulation of the erect member). When introducing this mega-hard-on it is quite possible from now on to reach the [&hellip;]<\/p>\n","protected":false},"author":9,"featured_media":0,"parent":6321,"menu_order":2,"comment_status":"closed","ping_status":"closed","template":"","meta":{"_et_pb_use_builder":"on","_et_pb_old_content":"[su_row]\r\n[su_column size=\"1\/3\"]\r\n<img class=\"aligncenter wp-image-2970 size-medium\" title=\"Tri-Sex-Doppler\" src=\"http:\/\/inverma.de\/wp-content\/uploads\/tri-sex-doppler22290-e1428333037985.png\" alt=\"Tri-Sex-Doppler\" width=\"209\" height=\"300\" \/>\r\n[\/su_column]\r\n[su_column size=\"1\/3\"]\r\n<p style=\"text-align: justify;\">Bei erigiertem Penis den luftgef\u00fcllten Doppler bis weit nach hinten zur Gliedwurzel \u00fcberstreifen. Die Rutensteifheit wird ohne Strangulation des Penis erreicht. D.h., dass das Aufrichten des Penis vollvolumiger erfolgt und dadurch nat\u00fcrlicher und effektiver wirkt.<\/p>\r\n<p style=\"text-align: justify;\">Beim Eindringen der nun prallen, in L\u00e4nge und Umfang gr\u00f6\u00dfer gewordenen, m\u00e4nnlichen Rute in die weibliche Scheide, kann das absolute nat\u00fcrliche Empfinden bis zur Ekstase gesteigert werden. Schon beim Anlegen erfolgt Anpassung an die Anatomie der Scheide.<\/p>\r\n<p style=\"text-align: justify;\">Zur Wiederbelebung einer zur Routine gewordenen Partner-Beziehung.<\/p>\r\n[\/su_column]\r\n\r\n[su_column size=\"1\/3\"]\r\n<div class=\"prod_box_klein\">\r\n\r\n[su_box title=\"Produktinformation\" box_color=\"#e2007a\"]\r\n<ul>\r\n \t<li>Inhalt: 1 St\u00fcck Penisring mit Klitorisstimulationskissen<\/li>\r\n \t<li>Made in Germany<\/li>\r\n \t<li><strong>Art.-Nr.: 222<\/strong><\/li>\r\n<\/ul>\r\n[\/su_box]\r\n\r\n<\/div>\r\n[\/su_column]\r\n[\/su_row]\r\n<h3><a title=\"Produkte f\u00fcr sie und ihn\" href=\"\/?page_id=24\">Weitere Produkte F\u00dcR SIE und IHN:<\/a><\/h3>\r\n[su_siblings]","_et_gb_content_width":"","footnotes":""},"yoast_head":"<!-- This site is optimized with the Yoast SEO plugin v22.2 - https:\/\/yoast.com\/wordpress\/plugins\/seo\/ -->\n<title>INVERMA Tri-Sex-Doppler<\/title>\n<meta name=\"description\" content=\"INVERMA Tri-Sex-Doppler - Das Aufrichten des Penis erfolgt vollvolumiger und wirkt dadurch nat\u00fcrlicher und effektiver.\" \/>\n<meta name=\"robots\" content=\"index, follow, max-snippet:-1, max-image-preview:large, max-video-preview:-1\" \/>\n<link rel=\"canonical\" href=\"https:\/\/inverma.de\/en\/products-5\/for-her-and-him\/tri-sex-doppler\/\" \/>\n<meta property=\"og:locale\" content=\"en_US\" \/>\n<meta property=\"og:type\" content=\"article\" \/>\n<meta property=\"og:title\" content=\"INVERMA Tri-Sex-Doppler\" \/>\n<meta property=\"og:description\" content=\"INVERMA Tri-Sex-Doppler - Das Aufrichten des Penis erfolgt vollvolumiger und wirkt dadurch nat\u00fcrlicher und effektiver.\" \/>\n<meta property=\"og:url\" content=\"https:\/\/inverma.de\/en\/products-5\/for-her-and-him\/tri-sex-doppler\/\" \/>\n<meta property=\"og:site_name\" content=\"INVERMA\" \/>\n<meta property=\"article:publisher\" content=\"https:\/\/www.facebook.com\/inverma.lange\" \/>\n<meta property=\"article:modified_time\" content=\"2020-04-29T23:43:39+00:00\" \/>\n<meta property=\"og:image\" content=\"https:\/\/inverma.de\/wp-content\/uploads\/tri-sex-doppler22290-e1428333037985.png\" \/>\n<meta name=\"twitter:label1\" content=\"Est. reading time\" \/>\n\t<meta name=\"twitter:data1\" content=\"2 minutes\" \/>\n<script type=\"application\/ld+json\" class=\"yoast-schema-graph\">{\"@context\":\"https:\/\/schema.org\",\"@graph\":[{\"@type\":\"WebPage\",\"@id\":\"https:\/\/inverma.de\/en\/products-5\/for-her-and-him\/tri-sex-doppler\/\",\"url\":\"https:\/\/inverma.de\/en\/products-5\/for-her-and-him\/tri-sex-doppler\/\",\"name\":\"INVERMA Tri-Sex-Doppler\",\"isPartOf\":{\"@id\":\"https:\/\/inverma.de\/en\/#website\"},\"primaryImageOfPage\":{\"@id\":\"https:\/\/inverma.de\/en\/products-5\/for-her-and-him\/tri-sex-doppler\/#primaryimage\"},\"image\":{\"@id\":\"https:\/\/inverma.de\/en\/products-5\/for-her-and-him\/tri-sex-doppler\/#primaryimage\"},\"thumbnailUrl\":\"https:\/\/inverma.de\/wp-content\/uploads\/tri-sex-doppler22290-e1428333037985.png\",\"datePublished\":\"2017-11-01T10:16:26+00:00\",\"dateModified\":\"2020-04-29T23:43:39+00:00\",\"description\":\"INVERMA Tri-Sex-Doppler - Das Aufrichten des Penis erfolgt vollvolumiger und wirkt dadurch nat\u00fcrlicher und effektiver.\",\"breadcrumb\":{\"@id\":\"https:\/\/inverma.de\/en\/products-5\/for-her-and-him\/tri-sex-doppler\/#breadcrumb\"},\"inLanguage\":\"en-US\",\"potentialAction\":[{\"@type\":\"ReadAction\",\"target\":[\"https:\/\/inverma.de\/en\/products-5\/for-her-and-him\/tri-sex-doppler\/\"]}]},{\"@type\":\"ImageObject\",\"inLanguage\":\"en-US\",\"@id\":\"https:\/\/inverma.de\/en\/products-5\/for-her-and-him\/tri-sex-doppler\/#primaryimage\",\"url\":\"https:\/\/inverma.de\/wp-content\/uploads\/tri-sex-doppler22290-e1428333037985.png\",\"contentUrl\":\"https:\/\/inverma.de\/wp-content\/uploads\/tri-sex-doppler22290-e1428333037985.png\",\"width\":209,\"height\":300},{\"@type\":\"BreadcrumbList\",\"@id\":\"https:\/\/inverma.de\/en\/products-5\/for-her-and-him\/tri-sex-doppler\/#breadcrumb\",\"itemListElement\":[{\"@type\":\"ListItem\",\"position\":1,\"name\":\"Home\",\"item\":\"https:\/\/inverma.de\/en\/\"},{\"@type\":\"ListItem\",\"position\":2,\"name\":\"Products\",\"item\":\"https:\/\/inverma.de\/en\/products-5\/\"},{\"@type\":\"ListItem\",\"position\":3,\"name\":\"Products for her and him\",\"item\":\"https:\/\/inverma.de\/en\/products-5\/for-her-and-him\/\"},{\"@type\":\"ListItem\",\"position\":4,\"name\":\"Tri-Sex-Doppler\"}]},{\"@type\":\"WebSite\",\"@id\":\"https:\/\/inverma.de\/en\/#website\",\"url\":\"https:\/\/inverma.de\/en\/\",\"name\":\"INVERMA\",\"description\":\"Come in to the world of erotic and exotic\",\"publisher\":{\"@id\":\"https:\/\/inverma.de\/en\/#organization\"},\"potentialAction\":[{\"@type\":\"SearchAction\",\"target\":{\"@type\":\"EntryPoint\",\"urlTemplate\":\"https:\/\/inverma.de\/en\/?s={search_term_string}\"},\"query-input\":\"required name=search_term_string\"}],\"inLanguage\":\"en-US\"},{\"@type\":\"Organization\",\"@id\":\"https:\/\/inverma.de\/en\/#organization\",\"name\":\"INVERMA Johannes Lange GmbH+Co KG\",\"url\":\"https:\/\/inverma.de\/en\/\",\"logo\":{\"@type\":\"ImageObject\",\"inLanguage\":\"en-US\",\"@id\":\"https:\/\/inverma.de\/en\/#\/schema\/logo\/image\/\",\"url\":\"https:\/\/inverma.de\/wp-content\/uploads\/inverma_logo_neu-e1545358251143.png\",\"contentUrl\":\"https:\/\/inverma.de\/wp-content\/uploads\/inverma_logo_neu-e1545358251143.png\",\"width\":280,\"height\":74,\"caption\":\"INVERMA Johannes Lange GmbH+Co KG\"},\"image\":{\"@id\":\"https:\/\/inverma.de\/en\/#\/schema\/logo\/image\/\"},\"sameAs\":[\"https:\/\/www.facebook.com\/inverma.lange\"]}]}<\/script>\n<!-- \/ Yoast SEO plugin. -->","yoast_head_json":{"title":"INVERMA Tri-Sex-Doppler","description":"INVERMA Tri-Sex-Doppler - Das Aufrichten des Penis erfolgt vollvolumiger und wirkt dadurch nat\u00fcrlicher und effektiver.","robots":{"index":"index","follow":"follow","max-snippet":"max-snippet:-1","max-image-preview":"max-image-preview:large","max-video-preview":"max-video-preview:-1"},"canonical":"https:\/\/inverma.de\/en\/products-5\/for-her-and-him\/tri-sex-doppler\/","og_locale":"en_US","og_type":"article","og_title":"INVERMA Tri-Sex-Doppler","og_description":"INVERMA Tri-Sex-Doppler - Das Aufrichten des Penis erfolgt vollvolumiger und wirkt dadurch nat\u00fcrlicher und effektiver.","og_url":"https:\/\/inverma.de\/en\/products-5\/for-her-and-him\/tri-sex-doppler\/","og_site_name":"INVERMA","article_publisher":"https:\/\/www.facebook.com\/inverma.lange","article_modified_time":"2020-04-29T23:43:39+00:00","og_image":[{"url":"https:\/\/inverma.de\/wp-content\/uploads\/tri-sex-doppler22290-e1428333037985.png"}],"twitter_misc":{"Est. reading time":"2 minutes"},"schema":{"@context":"https:\/\/schema.org","@graph":[{"@type":"WebPage","@id":"https:\/\/inverma.de\/en\/products-5\/for-her-and-him\/tri-sex-doppler\/","url":"https:\/\/inverma.de\/en\/products-5\/for-her-and-him\/tri-sex-doppler\/","name":"INVERMA Tri-Sex-Doppler","isPartOf":{"@id":"https:\/\/inverma.de\/en\/#website"},"primaryImageOfPage":{"@id":"https:\/\/inverma.de\/en\/products-5\/for-her-and-him\/tri-sex-doppler\/#primaryimage"},"image":{"@id":"https:\/\/inverma.de\/en\/products-5\/for-her-and-him\/tri-sex-doppler\/#primaryimage"},"thumbnailUrl":"https:\/\/inverma.de\/wp-content\/uploads\/tri-sex-doppler22290-e1428333037985.png","datePublished":"2017-11-01T10:16:26+00:00","dateModified":"2020-04-29T23:43:39+00:00","description":"INVERMA Tri-Sex-Doppler - Das Aufrichten des Penis erfolgt vollvolumiger und wirkt dadurch nat\u00fcrlicher und effektiver.","breadcrumb":{"@id":"https:\/\/inverma.de\/en\/products-5\/for-her-and-him\/tri-sex-doppler\/#breadcrumb"},"inLanguage":"en-US","potentialAction":[{"@type":"ReadAction","target":["https:\/\/inverma.de\/en\/products-5\/for-her-and-him\/tri-sex-doppler\/"]}]},{"@type":"ImageObject","inLanguage":"en-US","@id":"https:\/\/inverma.de\/en\/products-5\/for-her-and-him\/tri-sex-doppler\/#primaryimage","url":"https:\/\/inverma.de\/wp-content\/uploads\/tri-sex-doppler22290-e1428333037985.png","contentUrl":"https:\/\/inverma.de\/wp-content\/uploads\/tri-sex-doppler22290-e1428333037985.png","width":209,"height":300},{"@type":"BreadcrumbList","@id":"https:\/\/inverma.de\/en\/products-5\/for-her-and-him\/tri-sex-doppler\/#breadcrumb","itemListElement":[{"@type":"ListItem","position":1,"name":"Home","item":"https:\/\/inverma.de\/en\/"},{"@type":"ListItem","position":2,"name":"Products","item":"https:\/\/inverma.de\/en\/products-5\/"},{"@type":"ListItem","position":3,"name":"Products for her and him","item":"https:\/\/inverma.de\/en\/products-5\/for-her-and-him\/"},{"@type":"ListItem","position":4,"name":"Tri-Sex-Doppler"}]},{"@type":"WebSite","@id":"https:\/\/inverma.de\/en\/#website","url":"https:\/\/inverma.de\/en\/","name":"INVERMA","description":"Come in to the world of erotic and exotic","publisher":{"@id":"https:\/\/inverma.de\/en\/#organization"},"potentialAction":[{"@type":"SearchAction","target":{"@type":"EntryPoint","urlTemplate":"https:\/\/inverma.de\/en\/?s={search_term_string}"},"query-input":"required name=search_term_string"}],"inLanguage":"en-US"},{"@type":"Organization","@id":"https:\/\/inverma.de\/en\/#organization","name":"INVERMA Johannes Lange GmbH+Co KG","url":"https:\/\/inverma.de\/en\/","logo":{"@type":"ImageObject","inLanguage":"en-US","@id":"https:\/\/inverma.de\/en\/#\/schema\/logo\/image\/","url":"https:\/\/inverma.de\/wp-content\/uploads\/inverma_logo_neu-e1545358251143.png","contentUrl":"https:\/\/inverma.de\/wp-content\/uploads\/inverma_logo_neu-e1545358251143.png","width":280,"height":74,"caption":"INVERMA Johannes Lange GmbH+Co KG"},"image":{"@id":"https:\/\/inverma.de\/en\/#\/schema\/logo\/image\/"},"sameAs":["https:\/\/www.facebook.com\/inverma.lange"]}]}},"_links":{"self":[{"href":"https:\/\/inverma.de\/en\/wp-json\/wp\/v2\/pages\/6358"}],"collection":[{"href":"https:\/\/inverma.de\/en\/wp-json\/wp\/v2\/pages"}],"about":[{"href":"https:\/\/inverma.de\/en\/wp-json\/wp\/v2\/types\/page"}],"author":[{"embeddable":true,"href":"https:\/\/inverma.de\/en\/wp-json\/wp\/v2\/users\/9"}],"replies":[{"embeddable":true,"href":"https:\/\/inverma.de\/en\/wp-json\/wp\/v2\/comments?post=6358"}],"version-history":[{"count":0,"href":"https:\/\/inverma.de\/en\/wp-json\/wp\/v2\/pages\/6358\/revisions"}],"up":[{"embeddable":true,"href":"https:\/\/inverma.de\/en\/wp-json\/wp\/v2\/pages\/6321"}],"wp:attachment":[{"href":"https:\/\/inverma.de\/en\/wp-json\/wp\/v2\/media?parent=6358"}],"curies":[{"name":"wp","href":"https:\/\/api.w.org\/{rel}","templated":true}]}}