{"id":6362,"date":"2017-11-01T11:17:44","date_gmt":"2017-11-01T10:17:44","guid":{"rendered":"http:\/\/inverma.de\/?page_id=6362"},"modified":"2020-04-30T01:41:48","modified_gmt":"2020-04-29T23:41:48","slug":"wollust-hopper","status":"publish","type":"page","link":"https:\/\/inverma.de\/en\/products-5\/for-her-and-him\/wollust-hopper\/","title":{"rendered":"Wollust-Hopper"},"content":{"rendered":"[et_pb_section fb_built=&#8221;1&#8243; _builder_version=&#8221;3.22.4&#8243; inner_width_tablet=&#8221;50px&#8221; inner_max_width_tablet=&#8221;50px&#8221; custom_padding=&#8221;0px|||&#8221; z_index_tablet=&#8221;500&#8243;][et_pb_row _builder_version=&#8221;3.25&#8243; background_size=&#8221;initial&#8221; background_position=&#8221;top_left&#8221; background_repeat=&#8221;repeat&#8221;][et_pb_column type=&#8221;4_4&#8243; _builder_version=&#8221;3.25&#8243; custom_padding=&#8221;|||&#8221; custom_padding__hover=&#8221;|||&#8221;][et_pb_post_title meta=&#8221;off&#8221; featured_image=&#8221;off&#8221; _builder_version=&#8221;3.22.4&#8243; z_index_tablet=&#8221;500&#8243;][\/et_pb_post_title][\/et_pb_column][\/et_pb_row][et_pb_row make_equal=&#8221;on&#8221; _builder_version=&#8221;3.25&#8243; background_color=&#8221;#ffffff&#8221; z_index_tablet=&#8221;500&#8243; box_shadow_style=&#8221;preset3&#8243; column_structure=&#8221;1_3,1_3,1_3&#8243;][et_pb_column type=&#8221;1_3&#8243; _builder_version=&#8221;3.25&#8243; custom_padding=&#8221;|||&#8221; custom_padding__hover=&#8221;|||&#8221;][et_pb_text _builder_version=&#8221;3.27.4&#8243; background_color=&#8221;#ffffff&#8221; custom_padding=&#8221;5%|5%|5%|5%&#8221; z_index_tablet=&#8221;500&#8243;]<img loading=\"lazy\" decoding=\"async\" class=\"size-full wp-image-7176 aligncenter\" src=\"https:\/\/inverma.de\/wp-content\/uploads\/wollust-hopper22090-e1428333052890.png\" alt=\"\" width=\"188\" height=\"300\" srcset=\"https:\/\/inverma.de\/wp-content\/uploads\/wollust-hopper22090-e1428333052890.png 188w, https:\/\/inverma.de\/wp-content\/uploads\/wollust-hopper22090-e1428333052890-50x80.png 50w\" sizes=\"(max-width: 188px) 100vw, 188px\" \/><\/p>\n<p><strong>Multifunctional libido transmitter<\/strong><\/p>\n<p>Application: Pull the air-filled pulsator over the erected penis as far back as possible to the penis root.<\/p>\n<p>Powerfully, stiffly beaming cock. The progressive, telescopic effect and air make the penis rampant, thick, superstiff and steadfast. The penis simultaniously stimulates the clitoris and G-point.<br \/>\n[\/et_pb_text][\/et_pb_column][et_pb_column type=&#8221;1_3&#8243; _builder_version=&#8221;3.25&#8243; custom_padding=&#8221;|||&#8221; custom_padding__hover=&#8221;|||&#8221;][et_pb_text _builder_version=&#8221;4.4.3&#8243; background_color=&#8221;#ffffff&#8221; custom_padding=&#8221;5%|||&#8221; custom_padding_tablet=&#8221;|5%||5%&#8221; custom_padding_phone=&#8221;&#8221; custom_padding_last_edited=&#8221;on|phone&#8221; hover_enabled=&#8221;0&#8243; z_index_tablet=&#8221;500&#8243;]\n<div class=\"prod_box\">Productinformation<\/div>\n<div class=\"prod_list\">\n<ul>\n<li><i class=\"far fa-check-circle\"><\/i>Content: 1 piece\u00a0penisring with airfilled clitorisstimulationcushion<\/li>\n<li><i class=\"far fa-check-circle\"><\/i>Made in Germany<\/li>\n<li><i class=\"far fa-check-circle\"><\/i><strong>Art.-No.: 22090<\/strong><\/li>\n<\/ul>\n<\/div>\n[\/et_pb_text][et_pb_button button_url=&#8221;https:\/\/inverma.de\/en\/contact\/&#8221; url_new_window=&#8221;on&#8221; button_text=&#8221;More Questions?&#8221; button_alignment=&#8221;left&#8221; admin_label=&#8221;Noch Fragen? Button&#8221; _builder_version=&#8221;3.22.4&#8243; custom_button=&#8221;on&#8221; button_text_color=&#8221;#e2007a&#8221; button_bg_color=&#8221;#efefef&#8221; button_use_icon=&#8221;off&#8221; custom_padding_tablet=&#8221;&#8221; custom_padding_phone=&#8221;&#8221; custom_padding_last_edited=&#8221;on|desktop&#8221; animation_style=&#8221;bounce&#8221; z_index_tablet=&#8221;500&#8243; saved_tabs=&#8221;all&#8221;][\/et_pb_button][\/et_pb_column][et_pb_column type=&#8221;1_3&#8243; _builder_version=&#8221;3.25&#8243; custom_padding=&#8221;|||&#8221; custom_padding__hover=&#8221;|||&#8221;][et_pb_text admin_label=&#8221;Siblings&#8221; _builder_version=&#8221;3.27.4&#8243; background_color=&#8221;#efefef&#8221; use_background_color_gradient=&#8221;on&#8221; background_color_gradient_start=&#8221;#efefef&#8221; background_color_gradient_end=&#8221;#ffffff&#8221; custom_margin=&#8221;5%|5%||&#8221; custom_margin_tablet=&#8221;5%|5%|5%|5%&#8221; custom_margin_phone=&#8221;&#8221; custom_margin_last_edited=&#8221;on|phone&#8221; custom_padding=&#8221;5%|5%|5%|5%&#8221; z_index_tablet=&#8221;500&#8243;]\n<h3><a title=\"ADDITIONAL PRODUCTS FOR HER AND HIM\" href=\"https:\/\/inverma.de\/en\/products-5\/for-her-and-him\/\">ADDITIONAL PRODUCTS FOR HER AND HIM:<\/a><\/h3>\n<ul class=\"su-siblings\"><li class=\"page_item page-item-6354\"><a href=\"https:\/\/inverma.de\/en\/products-5\/for-her-and-him\/jil\/\">Klitoris-Kitzler Jil<\/a><\/li>\n<li class=\"page_item page-item-6358\"><a href=\"https:\/\/inverma.de\/en\/products-5\/for-her-and-him\/tri-sex-doppler\/\">Tri-Sex-Doppler<\/a><\/li>\n<\/ul>\n[\/et_pb_text][\/et_pb_column][\/et_pb_row][\/et_pb_section]\n","protected":false},"excerpt":{"rendered":"<p>Multifunctional libido transmitter Application: Pull the air-filled pulsator over the erected penis as far back as possible to the penis root. Powerfully, stiffly beaming cock. The progressive, telescopic effect and air make the penis rampant, thick, superstiff and steadfast. The penis simultaniously stimulates the clitoris and G-point. Productinformation Content: 1 piece\u00a0penisring with airfilled clitorisstimulationcushion Made [&hellip;]<\/p>\n","protected":false},"author":9,"featured_media":0,"parent":6321,"menu_order":1,"comment_status":"closed","ping_status":"closed","template":"","meta":{"_et_pb_use_builder":"on","_et_pb_old_content":"[su_row]\r\n[su_column size=\"1\/3\"]\r\n<img class=\"aligncenter wp-image-1932 size-medium\" title=\"Wollust-Hopper\" src=\"http:\/\/inverma.de\/wp-content\/uploads\/wollust-hopper22090-e1428333052890.png\" alt=\"Wollust-Hopper\" width=\"188\" height=\"300\" \/>\r\n[\/su_column]\r\n[su_column size=\"1\/3\"]\r\n<p style=\"text-align: justify;\"><strong>Multifunktions-Lustbereiter<\/strong>\r\nAnwendung: Den luftgef\u00fcllten Hopper bei erigiertem Penis bis weit nach hinten zur Gliedwurzel \u00fcberstreifen.\r\nKraftvolles Aufb\u00e4umen des m\u00e4nnlichen Gliedes. Durch den progressiven Teleskopeffekt mit Luft wird der Penis prall und dick, supersteif und standhaft.\u00a0Vergr\u00f6\u00dferung des Penis und gleichzeitige Klitoris- und G-Punkt Stimulation bei der Frau.<\/p>\r\n[\/su_column]\r\n\r\n[su_column size=\"1\/3\"]\r\n<div class=\"prod_box_klein\">\r\n\r\n[su_box title=\"Produktinformation\" box_color=\"#e2007a\"]\r\n<ul>\r\n \t<li>Inhalt: 1 St\u00fcck Penisring mit luftgef\u00fclltem Klitorisstimulationskissen<\/li>\r\n \t<li>Made in Germany<\/li>\r\n \t<li><strong>Art.-Nr.: 22090<\/strong><\/li>\r\n<\/ul>\r\n[\/su_box]\r\n\r\n<\/div>\r\n[\/su_column]\r\n[\/su_row]\r\n<h3><a title=\"Produkte f\u00fcr sie und ihn\" href=\"\/?page_id=24\">Weitere Produkte F\u00dcR SIE und IHN:<\/a><\/h3>\r\n[su_siblings]","_et_gb_content_width":"","footnotes":""},"yoast_head":"<!-- This site is optimized with the Yoast SEO plugin v22.2 - https:\/\/yoast.com\/wordpress\/plugins\/seo\/ -->\n<title>INVERMA Wollust-Hopper<\/title>\n<meta name=\"description\" content=\"INVERMA Wollust-Hopper - Kraftvolles Aufb\u00e4umen des m\u00e4nnlichen Gliedes. Vergr\u00f6\u00dferung des Penis und Klitoris- \/G-Punkt Stimulation der Frau.\" \/>\n<meta name=\"robots\" content=\"index, follow, max-snippet:-1, max-image-preview:large, max-video-preview:-1\" \/>\n<link rel=\"canonical\" href=\"https:\/\/inverma.de\/en\/products-5\/for-her-and-him\/wollust-hopper\/\" \/>\n<meta property=\"og:locale\" content=\"en_US\" \/>\n<meta property=\"og:type\" content=\"article\" \/>\n<meta property=\"og:title\" content=\"INVERMA Wollust-Hopper\" \/>\n<meta property=\"og:description\" content=\"INVERMA Wollust-Hopper - Kraftvolles Aufb\u00e4umen des m\u00e4nnlichen Gliedes. Vergr\u00f6\u00dferung des Penis und Klitoris- \/G-Punkt Stimulation der Frau.\" \/>\n<meta property=\"og:url\" content=\"https:\/\/inverma.de\/en\/products-5\/for-her-and-him\/wollust-hopper\/\" \/>\n<meta property=\"og:site_name\" content=\"INVERMA\" \/>\n<meta property=\"article:publisher\" content=\"https:\/\/www.facebook.com\/inverma.lange\" \/>\n<meta property=\"article:modified_time\" content=\"2020-04-29T23:41:48+00:00\" \/>\n<meta property=\"og:image\" content=\"https:\/\/inverma.de\/wp-content\/uploads\/wollust-hopper22090-e1428333052890.png\" \/>\n<meta name=\"twitter:label1\" content=\"Est. reading time\" \/>\n\t<meta name=\"twitter:data1\" content=\"2 minutes\" \/>\n<script type=\"application\/ld+json\" class=\"yoast-schema-graph\">{\"@context\":\"https:\/\/schema.org\",\"@graph\":[{\"@type\":\"WebPage\",\"@id\":\"https:\/\/inverma.de\/en\/products-5\/for-her-and-him\/wollust-hopper\/\",\"url\":\"https:\/\/inverma.de\/en\/products-5\/for-her-and-him\/wollust-hopper\/\",\"name\":\"INVERMA Wollust-Hopper\",\"isPartOf\":{\"@id\":\"https:\/\/inverma.de\/en\/#website\"},\"primaryImageOfPage\":{\"@id\":\"https:\/\/inverma.de\/en\/products-5\/for-her-and-him\/wollust-hopper\/#primaryimage\"},\"image\":{\"@id\":\"https:\/\/inverma.de\/en\/products-5\/for-her-and-him\/wollust-hopper\/#primaryimage\"},\"thumbnailUrl\":\"https:\/\/inverma.de\/wp-content\/uploads\/wollust-hopper22090-e1428333052890.png\",\"datePublished\":\"2017-11-01T10:17:44+00:00\",\"dateModified\":\"2020-04-29T23:41:48+00:00\",\"description\":\"INVERMA Wollust-Hopper - Kraftvolles Aufb\u00e4umen des m\u00e4nnlichen Gliedes. Vergr\u00f6\u00dferung des Penis und Klitoris- \/G-Punkt Stimulation der Frau.\",\"breadcrumb\":{\"@id\":\"https:\/\/inverma.de\/en\/products-5\/for-her-and-him\/wollust-hopper\/#breadcrumb\"},\"inLanguage\":\"en-US\",\"potentialAction\":[{\"@type\":\"ReadAction\",\"target\":[\"https:\/\/inverma.de\/en\/products-5\/for-her-and-him\/wollust-hopper\/\"]}]},{\"@type\":\"ImageObject\",\"inLanguage\":\"en-US\",\"@id\":\"https:\/\/inverma.de\/en\/products-5\/for-her-and-him\/wollust-hopper\/#primaryimage\",\"url\":\"https:\/\/inverma.de\/wp-content\/uploads\/wollust-hopper22090-e1428333052890.png\",\"contentUrl\":\"https:\/\/inverma.de\/wp-content\/uploads\/wollust-hopper22090-e1428333052890.png\",\"width\":188,\"height\":300},{\"@type\":\"BreadcrumbList\",\"@id\":\"https:\/\/inverma.de\/en\/products-5\/for-her-and-him\/wollust-hopper\/#breadcrumb\",\"itemListElement\":[{\"@type\":\"ListItem\",\"position\":1,\"name\":\"Home\",\"item\":\"https:\/\/inverma.de\/en\/\"},{\"@type\":\"ListItem\",\"position\":2,\"name\":\"Products\",\"item\":\"https:\/\/inverma.de\/en\/products-5\/\"},{\"@type\":\"ListItem\",\"position\":3,\"name\":\"Products for her and him\",\"item\":\"https:\/\/inverma.de\/en\/products-5\/for-her-and-him\/\"},{\"@type\":\"ListItem\",\"position\":4,\"name\":\"Wollust-Hopper\"}]},{\"@type\":\"WebSite\",\"@id\":\"https:\/\/inverma.de\/en\/#website\",\"url\":\"https:\/\/inverma.de\/en\/\",\"name\":\"INVERMA\",\"description\":\"Come in to the world of erotic and exotic\",\"publisher\":{\"@id\":\"https:\/\/inverma.de\/en\/#organization\"},\"potentialAction\":[{\"@type\":\"SearchAction\",\"target\":{\"@type\":\"EntryPoint\",\"urlTemplate\":\"https:\/\/inverma.de\/en\/?s={search_term_string}\"},\"query-input\":\"required name=search_term_string\"}],\"inLanguage\":\"en-US\"},{\"@type\":\"Organization\",\"@id\":\"https:\/\/inverma.de\/en\/#organization\",\"name\":\"INVERMA Johannes Lange GmbH+Co KG\",\"url\":\"https:\/\/inverma.de\/en\/\",\"logo\":{\"@type\":\"ImageObject\",\"inLanguage\":\"en-US\",\"@id\":\"https:\/\/inverma.de\/en\/#\/schema\/logo\/image\/\",\"url\":\"https:\/\/inverma.de\/wp-content\/uploads\/inverma_logo_neu-e1545358251143.png\",\"contentUrl\":\"https:\/\/inverma.de\/wp-content\/uploads\/inverma_logo_neu-e1545358251143.png\",\"width\":280,\"height\":74,\"caption\":\"INVERMA Johannes Lange GmbH+Co KG\"},\"image\":{\"@id\":\"https:\/\/inverma.de\/en\/#\/schema\/logo\/image\/\"},\"sameAs\":[\"https:\/\/www.facebook.com\/inverma.lange\"]}]}<\/script>\n<!-- \/ Yoast SEO plugin. -->","yoast_head_json":{"title":"INVERMA Wollust-Hopper","description":"INVERMA Wollust-Hopper - Kraftvolles Aufb\u00e4umen des m\u00e4nnlichen Gliedes. Vergr\u00f6\u00dferung des Penis und Klitoris- \/G-Punkt Stimulation der Frau.","robots":{"index":"index","follow":"follow","max-snippet":"max-snippet:-1","max-image-preview":"max-image-preview:large","max-video-preview":"max-video-preview:-1"},"canonical":"https:\/\/inverma.de\/en\/products-5\/for-her-and-him\/wollust-hopper\/","og_locale":"en_US","og_type":"article","og_title":"INVERMA Wollust-Hopper","og_description":"INVERMA Wollust-Hopper - Kraftvolles Aufb\u00e4umen des m\u00e4nnlichen Gliedes. Vergr\u00f6\u00dferung des Penis und Klitoris- \/G-Punkt Stimulation der Frau.","og_url":"https:\/\/inverma.de\/en\/products-5\/for-her-and-him\/wollust-hopper\/","og_site_name":"INVERMA","article_publisher":"https:\/\/www.facebook.com\/inverma.lange","article_modified_time":"2020-04-29T23:41:48+00:00","og_image":[{"url":"https:\/\/inverma.de\/wp-content\/uploads\/wollust-hopper22090-e1428333052890.png"}],"twitter_misc":{"Est. reading time":"2 minutes"},"schema":{"@context":"https:\/\/schema.org","@graph":[{"@type":"WebPage","@id":"https:\/\/inverma.de\/en\/products-5\/for-her-and-him\/wollust-hopper\/","url":"https:\/\/inverma.de\/en\/products-5\/for-her-and-him\/wollust-hopper\/","name":"INVERMA Wollust-Hopper","isPartOf":{"@id":"https:\/\/inverma.de\/en\/#website"},"primaryImageOfPage":{"@id":"https:\/\/inverma.de\/en\/products-5\/for-her-and-him\/wollust-hopper\/#primaryimage"},"image":{"@id":"https:\/\/inverma.de\/en\/products-5\/for-her-and-him\/wollust-hopper\/#primaryimage"},"thumbnailUrl":"https:\/\/inverma.de\/wp-content\/uploads\/wollust-hopper22090-e1428333052890.png","datePublished":"2017-11-01T10:17:44+00:00","dateModified":"2020-04-29T23:41:48+00:00","description":"INVERMA Wollust-Hopper - Kraftvolles Aufb\u00e4umen des m\u00e4nnlichen Gliedes. Vergr\u00f6\u00dferung des Penis und Klitoris- \/G-Punkt Stimulation der Frau.","breadcrumb":{"@id":"https:\/\/inverma.de\/en\/products-5\/for-her-and-him\/wollust-hopper\/#breadcrumb"},"inLanguage":"en-US","potentialAction":[{"@type":"ReadAction","target":["https:\/\/inverma.de\/en\/products-5\/for-her-and-him\/wollust-hopper\/"]}]},{"@type":"ImageObject","inLanguage":"en-US","@id":"https:\/\/inverma.de\/en\/products-5\/for-her-and-him\/wollust-hopper\/#primaryimage","url":"https:\/\/inverma.de\/wp-content\/uploads\/wollust-hopper22090-e1428333052890.png","contentUrl":"https:\/\/inverma.de\/wp-content\/uploads\/wollust-hopper22090-e1428333052890.png","width":188,"height":300},{"@type":"BreadcrumbList","@id":"https:\/\/inverma.de\/en\/products-5\/for-her-and-him\/wollust-hopper\/#breadcrumb","itemListElement":[{"@type":"ListItem","position":1,"name":"Home","item":"https:\/\/inverma.de\/en\/"},{"@type":"ListItem","position":2,"name":"Products","item":"https:\/\/inverma.de\/en\/products-5\/"},{"@type":"ListItem","position":3,"name":"Products for her and him","item":"https:\/\/inverma.de\/en\/products-5\/for-her-and-him\/"},{"@type":"ListItem","position":4,"name":"Wollust-Hopper"}]},{"@type":"WebSite","@id":"https:\/\/inverma.de\/en\/#website","url":"https:\/\/inverma.de\/en\/","name":"INVERMA","description":"Come in to the world of erotic and exotic","publisher":{"@id":"https:\/\/inverma.de\/en\/#organization"},"potentialAction":[{"@type":"SearchAction","target":{"@type":"EntryPoint","urlTemplate":"https:\/\/inverma.de\/en\/?s={search_term_string}"},"query-input":"required name=search_term_string"}],"inLanguage":"en-US"},{"@type":"Organization","@id":"https:\/\/inverma.de\/en\/#organization","name":"INVERMA Johannes Lange GmbH+Co KG","url":"https:\/\/inverma.de\/en\/","logo":{"@type":"ImageObject","inLanguage":"en-US","@id":"https:\/\/inverma.de\/en\/#\/schema\/logo\/image\/","url":"https:\/\/inverma.de\/wp-content\/uploads\/inverma_logo_neu-e1545358251143.png","contentUrl":"https:\/\/inverma.de\/wp-content\/uploads\/inverma_logo_neu-e1545358251143.png","width":280,"height":74,"caption":"INVERMA Johannes Lange GmbH+Co KG"},"image":{"@id":"https:\/\/inverma.de\/en\/#\/schema\/logo\/image\/"},"sameAs":["https:\/\/www.facebook.com\/inverma.lange"]}]}},"_links":{"self":[{"href":"https:\/\/inverma.de\/en\/wp-json\/wp\/v2\/pages\/6362"}],"collection":[{"href":"https:\/\/inverma.de\/en\/wp-json\/wp\/v2\/pages"}],"about":[{"href":"https:\/\/inverma.de\/en\/wp-json\/wp\/v2\/types\/page"}],"author":[{"embeddable":true,"href":"https:\/\/inverma.de\/en\/wp-json\/wp\/v2\/users\/9"}],"replies":[{"embeddable":true,"href":"https:\/\/inverma.de\/en\/wp-json\/wp\/v2\/comments?post=6362"}],"version-history":[{"count":0,"href":"https:\/\/inverma.de\/en\/wp-json\/wp\/v2\/pages\/6362\/revisions"}],"up":[{"embeddable":true,"href":"https:\/\/inverma.de\/en\/wp-json\/wp\/v2\/pages\/6321"}],"wp:attachment":[{"href":"https:\/\/inverma.de\/en\/wp-json\/wp\/v2\/media?parent=6362"}],"curies":[{"name":"wp","href":"https:\/\/api.w.org\/{rel}","templated":true}]}}