{"id":6393,"date":"2017-11-01T15:53:08","date_gmt":"2017-11-01T14:53:08","guid":{"rendered":"http:\/\/inverma.de\/?page_id=6393"},"modified":"2020-04-30T01:58:43","modified_gmt":"2020-04-29T23:58:43","slug":"avidite-by-fernand-peril","status":"publish","type":"page","link":"https:\/\/inverma.de\/en\/products-5\/products-for-her\/avidite-by-fernand-peril\/","title":{"rendered":"Avidit\u00e9 by Fernand P\u00e9ril"},"content":{"rendered":"[et_pb_section fb_built=&#8221;1&#8243; _builder_version=&#8221;3.22.4&#8243; inner_width_tablet=&#8221;50px&#8221; inner_max_width_tablet=&#8221;50px&#8221; custom_padding=&#8221;0px|||&#8221; z_index_tablet=&#8221;500&#8243;][et_pb_row _builder_version=&#8221;3.25&#8243; background_size=&#8221;initial&#8221; background_position=&#8221;top_left&#8221; background_repeat=&#8221;repeat&#8221;][et_pb_column type=&#8221;4_4&#8243; _builder_version=&#8221;3.25&#8243; custom_padding=&#8221;|||&#8221; custom_padding__hover=&#8221;|||&#8221;][et_pb_post_title meta=&#8221;off&#8221; featured_image=&#8221;off&#8221; _builder_version=&#8221;3.22.4&#8243; z_index_tablet=&#8221;500&#8243;][\/et_pb_post_title][\/et_pb_column][\/et_pb_row][et_pb_row column_structure=&#8221;1_3,1_3,1_3&#8243; make_equal=&#8221;on&#8221; _builder_version=&#8221;3.25&#8243; background_color=&#8221;#ffffff&#8221; z_index_tablet=&#8221;500&#8243; box_shadow_style=&#8221;preset3&#8243;][et_pb_column type=&#8221;1_3&#8243; _builder_version=&#8221;3.25&#8243; custom_padding=&#8221;|||&#8221; custom_padding__hover=&#8221;|||&#8221;][et_pb_text _builder_version=&#8221;3.27.4&#8243; background_color=&#8221;#ffffff&#8221; custom_padding=&#8221;5%|5%|5%|5%&#8221; z_index_tablet=&#8221;500&#8243;]\n<p><img loading=\"lazy\" decoding=\"async\" class=\"aligncenter wp-image-8326\" src=\"https:\/\/inverma.de\/wp-content\/uploads\/Avidite340.png\" alt=\"\" width=\"300\" height=\"225\" srcset=\"https:\/\/inverma.de\/wp-content\/uploads\/Avidite340.png 340w, https:\/\/inverma.de\/wp-content\/uploads\/Avidite340-80x60.png 80w\" sizes=\"(max-width: 300px) 100vw, 300px\" \/><\/p>\n<p>A jewel among the ladies perfumes with pheromones. The elegant design of the flacon reflects the multiple flavours in the Fernand P\u00e9ril line like a diamond. Exhilarating-seductive, charming-mysterious, hypnotic-sensitive. Especially appropriate if you want a flirt at night.<\/p>\n[\/et_pb_text][\/et_pb_column][et_pb_column type=&#8221;1_3&#8243; _builder_version=&#8221;3.25&#8243; custom_padding=&#8221;|||&#8221; custom_padding__hover=&#8221;|||&#8221;][et_pb_text _builder_version=&#8221;4.4.3&#8243; background_color=&#8221;#ffffff&#8221; custom_padding=&#8221;5%|||&#8221; custom_padding_tablet=&#8221;|5%||5%&#8221; custom_padding_phone=&#8221;&#8221; custom_padding_last_edited=&#8221;on|phone&#8221; z_index_tablet=&#8221;500&#8243;]\n<div class=\"prod_box\">Productinformation<\/div>\n<div class=\"prod_list\">\n<ul>\n<li><i class=\"far fa-check-circle\"><\/i>Content: 50 ml<\/li>\n<li><i class=\"far fa-check-circle\"><\/i>Eau de Toilette<\/li>\n<li><i class=\"far fa-check-circle\"><\/i>high-quality pheromone-perfume for the\u00a0woman in elegant design-flacon<\/li>\n<li><i class=\"far fa-check-circle\"><\/i>Made in Germany<\/li>\n<li><i class=\"far fa-check-circle\"><\/i><strong>Art.-No.: 57700<\/strong><\/li>\n<\/ul>\n<\/div>\n[\/et_pb_text][et_pb_button button_url=&#8221;https:\/\/inverma.de\/en\/contact\/&#8221; url_new_window=&#8221;on&#8221; button_text=&#8221;More Questions?&#8221; button_alignment=&#8221;left&#8221; admin_label=&#8221;Noch Fragen? Button&#8221; _builder_version=&#8221;3.22.4&#8243; custom_button=&#8221;on&#8221; button_text_color=&#8221;#e2007a&#8221; button_bg_color=&#8221;#efefef&#8221; button_use_icon=&#8221;off&#8221; custom_padding_tablet=&#8221;&#8221; custom_padding_phone=&#8221;&#8221; custom_padding_last_edited=&#8221;on|desktop&#8221; animation_style=&#8221;bounce&#8221; z_index_tablet=&#8221;500&#8243; saved_tabs=&#8221;all&#8221;][\/et_pb_button][\/et_pb_column][et_pb_column type=&#8221;1_3&#8243; _builder_version=&#8221;3.25&#8243; custom_padding=&#8221;|||&#8221; custom_padding__hover=&#8221;|||&#8221;][et_pb_text admin_label=&#8221;Siblings&#8221; _builder_version=&#8221;3.27.4&#8243; background_color=&#8221;#efefef&#8221; use_background_color_gradient=&#8221;on&#8221; background_color_gradient_start=&#8221;#efefef&#8221; background_color_gradient_end=&#8221;#ffffff&#8221; custom_margin=&#8221;5%|5%||&#8221; custom_margin_tablet=&#8221;5%|5%|5%|5%&#8221; custom_margin_phone=&#8221;&#8221; custom_margin_last_edited=&#8221;on|phone&#8221; custom_padding=&#8221;5%|5%|5%|5%&#8221; z_index_tablet=&#8221;500&#8243;]\n<h3><a title=\"Produkte f\u00fcr sie\" href=\"https:\/\/inverma.de\/en\/products-5\/products-for-her\/\">ADDITIONAL PRODUCTS FOR HER:<\/a><\/h3>\n<ul class=\"su-siblings\"><li class=\"page_item page-item-6489\"><a href=\"https:\/\/inverma.de\/en\/products-5\/products-for-her\/inverma-frauen-creme\/\">INVERMA Frauen-Creme<\/a><\/li>\n<li class=\"page_item page-item-6509\"><a href=\"https:\/\/inverma.de\/en\/products-5\/products-for-her\/madame-orgasm-cream\/\">Madame cream<\/a><\/li>\n<li class=\"page_item page-item-6479\"><a href=\"https:\/\/inverma.de\/en\/products-5\/products-for-her\/erekta-prompt-for-women\/\">erekta prompt for women<\/a><\/li>\n<li class=\"page_item page-item-6473\"><a href=\"https:\/\/inverma.de\/en\/products-5\/products-for-her\/creme-parfum-paradiso\/\">Creme Parfum Paradiso<\/a><\/li>\n<li class=\"page_item page-item-6484\"><a href=\"https:\/\/inverma.de\/en\/products-5\/products-for-her\/intimite-by-fernand-peril\/\">Intimit\u00e9 by Fernand P\u00e9ril<\/a><\/li>\n<li class=\"page_item page-item-6514\"><a href=\"https:\/\/inverma.de\/en\/products-5\/products-for-her\/parfum-damour-original-inverma\/\">Parfum d&#8217;Amour original INVERMA<\/a><\/li>\n<li class=\"page_item page-item-6494\"><a href=\"https:\/\/inverma.de\/en\/products-5\/products-for-her\/john-long-intim-114\/\">John Long intim No. 114<\/a><\/li>\n<li class=\"page_item page-item-6499\"><a href=\"https:\/\/inverma.de\/en\/products-5\/products-for-her\/john-long-night-118\/\">John Long night No. 118<\/a><\/li>\n<li class=\"page_item page-item-6504\"><a href=\"https:\/\/inverma.de\/en\/products-5\/products-for-her\/john-long-sport-120\/\">John Long sport No. 120<\/a><\/li>\n<li class=\"page_item page-item-6519\"><a href=\"https:\/\/inverma.de\/en\/products-5\/products-for-her\/sin-sense-bodylotion-melon\/\">sin &#038; sense Bodylotion Melon<\/a><\/li>\n<li class=\"page_item page-item-6529\"><a href=\"https:\/\/inverma.de\/en\/products-5\/products-for-her\/sin-sense-massage-oil-nougat\/\">sin &#038; sense Massage Oil Nougat<\/a><\/li>\n<li class=\"page_item page-item-6524\"><a href=\"https:\/\/inverma.de\/en\/products-5\/products-for-her\/sin-sense-massage-oil-marzipan\/\">sin &#038; sense Massage Oil Marzipan<\/a><\/li>\n<\/ul>\n[\/et_pb_text][\/et_pb_column][\/et_pb_row][\/et_pb_section]\n","protected":false},"excerpt":{"rendered":"<p>A jewel among the ladies perfumes with pheromones. The elegant design of the flacon reflects the multiple flavours in the Fernand P\u00e9ril line like a diamond. Exhilarating-seductive, charming-mysterious, hypnotic-sensitive. Especially appropriate if you want a flirt at night. Productinformation Content: 50 ml Eau de Toilette high-quality pheromone-perfume for the\u00a0woman in elegant design-flacon Made in Germany [&hellip;]<\/p>\n","protected":false},"author":8,"featured_media":6879,"parent":6311,"menu_order":5,"comment_status":"closed","ping_status":"closed","template":"","meta":{"_et_pb_use_builder":"on","_et_pb_old_content":"[su_row]\r\n[su_column size=\"1\/3\"]\r\n<img class=\"aligncenter wp-image-1655 size-medium\" title=\"Avidit\u00e9 by Fernand P\u00e9ril\" src=\"https:\/\/inverma.de\/wp-content\/uploads\/avitide-e1428333100477.png\" alt=\"Avidit\u00e9 by Fernand P\u00e9ril\" width=\"300\" height=\"246\" \/>\r\n[\/su_column]\r\n[su_column size=\"1\/3\"]\r\n<p style=\"text-align: justify;\">Ein Juwel unter den Damen-Parfums mit Pheromonen. Die elegante Optik spiegelt die zahlreichen Aromanoten dieses Parfums aus der Fernand P\u00e9ril-Linie so wieder wie die vielf\u00e4ltigen Facetten eines Diamanten:\r\nBerauschend-verf\u00fchrerisch, wertvoll-opulent, bezaubernd-geheimnisvoll, hypnotisch-sinnlich.\r\nBesonders geeignet wenn Sie einen n\u00e4chtlichen Flirt w\u00fcnschen.<\/p>\r\n[\/su_column]\r\n[su_column size=\"1\/3\"]\r\n<div class=\"prod_box_klein\">\r\n\r\n[su_box title=\"Produktinformation\" box_color=\"#e2007a\"]\r\n<ul>\r\n \t<li>Inhalt: 50 ml<\/li>\r\n \t<li>Eau de Toilette<\/li>\r\n \t<li>hochwertiges Pheromon-Parfum f\u00fcr die Frau in elegantem Design-Flacon<\/li>\r\n \t<li>Made in Germany<\/li>\r\n \t<li><strong>Art.-Nr.: 57700<\/strong><\/li>\r\n<\/ul>\r\n[\/su_box]\r\n\r\n<\/div>\r\n[\/su_column]\r\n[\/su_row]\r\n<h3><a title=\"Produkte f\u00fcr sie\" href=\"\/?page_id=777\">WEITERE PRODUKTE F\u00dcR SIE:<\/a><\/h3>\r\n[su_siblings]","_et_gb_content_width":"","footnotes":""},"yoast_head":"<!-- This site is optimized with the Yoast SEO plugin v22.2 - https:\/\/yoast.com\/wordpress\/plugins\/seo\/ -->\n<title>INVERMA Avidit\u00e9 by Fernand P\u00e9ril<\/title>\n<meta name=\"description\" content=\"INVERMA Avidit\u00e9 by Fernand P\u00e9ril - Ein Juwel unter den Damen-Parfums mit Pheromonen. Verf\u00fchrerisch, bezaubernd, geheimnisvoll, sinnlich.\" \/>\n<meta name=\"robots\" content=\"index, follow, max-snippet:-1, max-image-preview:large, max-video-preview:-1\" \/>\n<link rel=\"canonical\" href=\"https:\/\/inverma.de\/en\/products-5\/products-for-her\/avidite-by-fernand-peril\/\" \/>\n<meta property=\"og:locale\" content=\"en_US\" \/>\n<meta property=\"og:type\" content=\"article\" \/>\n<meta property=\"og:title\" content=\"INVERMA Avidit\u00e9 by Fernand P\u00e9ril\" \/>\n<meta property=\"og:description\" content=\"INVERMA Avidit\u00e9 by Fernand P\u00e9ril - Ein Juwel unter den Damen-Parfums mit Pheromonen. Verf\u00fchrerisch, bezaubernd, geheimnisvoll, sinnlich.\" \/>\n<meta property=\"og:url\" content=\"https:\/\/inverma.de\/en\/products-5\/products-for-her\/avidite-by-fernand-peril\/\" \/>\n<meta property=\"og:site_name\" content=\"INVERMA\" \/>\n<meta property=\"article:publisher\" content=\"https:\/\/www.facebook.com\/inverma.lange\" \/>\n<meta property=\"article:modified_time\" content=\"2020-04-29T23:58:43+00:00\" \/>\n<meta property=\"og:image\" content=\"https:\/\/inverma.de\/wp-content\/uploads\/avitide-e1428333100477.png\" \/>\n\t<meta property=\"og:image:width\" content=\"300\" \/>\n\t<meta property=\"og:image:height\" content=\"246\" \/>\n\t<meta property=\"og:image:type\" content=\"image\/png\" \/>\n<meta name=\"twitter:label1\" content=\"Est. reading time\" \/>\n\t<meta name=\"twitter:data1\" content=\"2 minutes\" \/>\n<script type=\"application\/ld+json\" class=\"yoast-schema-graph\">{\"@context\":\"https:\/\/schema.org\",\"@graph\":[{\"@type\":\"WebPage\",\"@id\":\"https:\/\/inverma.de\/en\/products-5\/products-for-her\/avidite-by-fernand-peril\/\",\"url\":\"https:\/\/inverma.de\/en\/products-5\/products-for-her\/avidite-by-fernand-peril\/\",\"name\":\"INVERMA Avidit\u00e9 by Fernand P\u00e9ril\",\"isPartOf\":{\"@id\":\"https:\/\/inverma.de\/en\/#website\"},\"primaryImageOfPage\":{\"@id\":\"https:\/\/inverma.de\/en\/products-5\/products-for-her\/avidite-by-fernand-peril\/#primaryimage\"},\"image\":{\"@id\":\"https:\/\/inverma.de\/en\/products-5\/products-for-her\/avidite-by-fernand-peril\/#primaryimage\"},\"thumbnailUrl\":\"https:\/\/inverma.de\/wp-content\/uploads\/avitide-e1428333100477.png\",\"datePublished\":\"2017-11-01T14:53:08+00:00\",\"dateModified\":\"2020-04-29T23:58:43+00:00\",\"description\":\"INVERMA Avidit\u00e9 by Fernand P\u00e9ril - Ein Juwel unter den Damen-Parfums mit Pheromonen. Verf\u00fchrerisch, bezaubernd, geheimnisvoll, sinnlich.\",\"breadcrumb\":{\"@id\":\"https:\/\/inverma.de\/en\/products-5\/products-for-her\/avidite-by-fernand-peril\/#breadcrumb\"},\"inLanguage\":\"en-US\",\"potentialAction\":[{\"@type\":\"ReadAction\",\"target\":[\"https:\/\/inverma.de\/en\/products-5\/products-for-her\/avidite-by-fernand-peril\/\"]}]},{\"@type\":\"ImageObject\",\"inLanguage\":\"en-US\",\"@id\":\"https:\/\/inverma.de\/en\/products-5\/products-for-her\/avidite-by-fernand-peril\/#primaryimage\",\"url\":\"https:\/\/inverma.de\/wp-content\/uploads\/avitide-e1428333100477.png\",\"contentUrl\":\"https:\/\/inverma.de\/wp-content\/uploads\/avitide-e1428333100477.png\",\"width\":300,\"height\":246,\"caption\":\"Avidite\"},{\"@type\":\"BreadcrumbList\",\"@id\":\"https:\/\/inverma.de\/en\/products-5\/products-for-her\/avidite-by-fernand-peril\/#breadcrumb\",\"itemListElement\":[{\"@type\":\"ListItem\",\"position\":1,\"name\":\"Home\",\"item\":\"https:\/\/inverma.de\/en\/\"},{\"@type\":\"ListItem\",\"position\":2,\"name\":\"Products\",\"item\":\"https:\/\/inverma.de\/en\/products-5\/\"},{\"@type\":\"ListItem\",\"position\":3,\"name\":\"Products for her\",\"item\":\"https:\/\/inverma.de\/en\/products-5\/products-for-her\/\"},{\"@type\":\"ListItem\",\"position\":4,\"name\":\"Avidit\u00e9 by Fernand P\u00e9ril\"}]},{\"@type\":\"WebSite\",\"@id\":\"https:\/\/inverma.de\/en\/#website\",\"url\":\"https:\/\/inverma.de\/en\/\",\"name\":\"INVERMA\",\"description\":\"Come in to the world of erotic and exotic\",\"publisher\":{\"@id\":\"https:\/\/inverma.de\/en\/#organization\"},\"potentialAction\":[{\"@type\":\"SearchAction\",\"target\":{\"@type\":\"EntryPoint\",\"urlTemplate\":\"https:\/\/inverma.de\/en\/?s={search_term_string}\"},\"query-input\":\"required name=search_term_string\"}],\"inLanguage\":\"en-US\"},{\"@type\":\"Organization\",\"@id\":\"https:\/\/inverma.de\/en\/#organization\",\"name\":\"INVERMA Johannes Lange GmbH+Co KG\",\"url\":\"https:\/\/inverma.de\/en\/\",\"logo\":{\"@type\":\"ImageObject\",\"inLanguage\":\"en-US\",\"@id\":\"https:\/\/inverma.de\/en\/#\/schema\/logo\/image\/\",\"url\":\"https:\/\/inverma.de\/wp-content\/uploads\/inverma_logo_neu-e1545358251143.png\",\"contentUrl\":\"https:\/\/inverma.de\/wp-content\/uploads\/inverma_logo_neu-e1545358251143.png\",\"width\":280,\"height\":74,\"caption\":\"INVERMA Johannes Lange GmbH+Co KG\"},\"image\":{\"@id\":\"https:\/\/inverma.de\/en\/#\/schema\/logo\/image\/\"},\"sameAs\":[\"https:\/\/www.facebook.com\/inverma.lange\"]}]}<\/script>\n<!-- \/ Yoast SEO plugin. -->","yoast_head_json":{"title":"INVERMA Avidit\u00e9 by Fernand P\u00e9ril","description":"INVERMA Avidit\u00e9 by Fernand P\u00e9ril - Ein Juwel unter den Damen-Parfums mit Pheromonen. Verf\u00fchrerisch, bezaubernd, geheimnisvoll, sinnlich.","robots":{"index":"index","follow":"follow","max-snippet":"max-snippet:-1","max-image-preview":"max-image-preview:large","max-video-preview":"max-video-preview:-1"},"canonical":"https:\/\/inverma.de\/en\/products-5\/products-for-her\/avidite-by-fernand-peril\/","og_locale":"en_US","og_type":"article","og_title":"INVERMA Avidit\u00e9 by Fernand P\u00e9ril","og_description":"INVERMA Avidit\u00e9 by Fernand P\u00e9ril - Ein Juwel unter den Damen-Parfums mit Pheromonen. Verf\u00fchrerisch, bezaubernd, geheimnisvoll, sinnlich.","og_url":"https:\/\/inverma.de\/en\/products-5\/products-for-her\/avidite-by-fernand-peril\/","og_site_name":"INVERMA","article_publisher":"https:\/\/www.facebook.com\/inverma.lange","article_modified_time":"2020-04-29T23:58:43+00:00","og_image":[{"width":300,"height":246,"url":"https:\/\/inverma.de\/wp-content\/uploads\/avitide-e1428333100477.png","type":"image\/png"}],"twitter_misc":{"Est. reading time":"2 minutes"},"schema":{"@context":"https:\/\/schema.org","@graph":[{"@type":"WebPage","@id":"https:\/\/inverma.de\/en\/products-5\/products-for-her\/avidite-by-fernand-peril\/","url":"https:\/\/inverma.de\/en\/products-5\/products-for-her\/avidite-by-fernand-peril\/","name":"INVERMA Avidit\u00e9 by Fernand P\u00e9ril","isPartOf":{"@id":"https:\/\/inverma.de\/en\/#website"},"primaryImageOfPage":{"@id":"https:\/\/inverma.de\/en\/products-5\/products-for-her\/avidite-by-fernand-peril\/#primaryimage"},"image":{"@id":"https:\/\/inverma.de\/en\/products-5\/products-for-her\/avidite-by-fernand-peril\/#primaryimage"},"thumbnailUrl":"https:\/\/inverma.de\/wp-content\/uploads\/avitide-e1428333100477.png","datePublished":"2017-11-01T14:53:08+00:00","dateModified":"2020-04-29T23:58:43+00:00","description":"INVERMA Avidit\u00e9 by Fernand P\u00e9ril - Ein Juwel unter den Damen-Parfums mit Pheromonen. Verf\u00fchrerisch, bezaubernd, geheimnisvoll, sinnlich.","breadcrumb":{"@id":"https:\/\/inverma.de\/en\/products-5\/products-for-her\/avidite-by-fernand-peril\/#breadcrumb"},"inLanguage":"en-US","potentialAction":[{"@type":"ReadAction","target":["https:\/\/inverma.de\/en\/products-5\/products-for-her\/avidite-by-fernand-peril\/"]}]},{"@type":"ImageObject","inLanguage":"en-US","@id":"https:\/\/inverma.de\/en\/products-5\/products-for-her\/avidite-by-fernand-peril\/#primaryimage","url":"https:\/\/inverma.de\/wp-content\/uploads\/avitide-e1428333100477.png","contentUrl":"https:\/\/inverma.de\/wp-content\/uploads\/avitide-e1428333100477.png","width":300,"height":246,"caption":"Avidite"},{"@type":"BreadcrumbList","@id":"https:\/\/inverma.de\/en\/products-5\/products-for-her\/avidite-by-fernand-peril\/#breadcrumb","itemListElement":[{"@type":"ListItem","position":1,"name":"Home","item":"https:\/\/inverma.de\/en\/"},{"@type":"ListItem","position":2,"name":"Products","item":"https:\/\/inverma.de\/en\/products-5\/"},{"@type":"ListItem","position":3,"name":"Products for her","item":"https:\/\/inverma.de\/en\/products-5\/products-for-her\/"},{"@type":"ListItem","position":4,"name":"Avidit\u00e9 by Fernand P\u00e9ril"}]},{"@type":"WebSite","@id":"https:\/\/inverma.de\/en\/#website","url":"https:\/\/inverma.de\/en\/","name":"INVERMA","description":"Come in to the world of erotic and exotic","publisher":{"@id":"https:\/\/inverma.de\/en\/#organization"},"potentialAction":[{"@type":"SearchAction","target":{"@type":"EntryPoint","urlTemplate":"https:\/\/inverma.de\/en\/?s={search_term_string}"},"query-input":"required name=search_term_string"}],"inLanguage":"en-US"},{"@type":"Organization","@id":"https:\/\/inverma.de\/en\/#organization","name":"INVERMA Johannes Lange GmbH+Co KG","url":"https:\/\/inverma.de\/en\/","logo":{"@type":"ImageObject","inLanguage":"en-US","@id":"https:\/\/inverma.de\/en\/#\/schema\/logo\/image\/","url":"https:\/\/inverma.de\/wp-content\/uploads\/inverma_logo_neu-e1545358251143.png","contentUrl":"https:\/\/inverma.de\/wp-content\/uploads\/inverma_logo_neu-e1545358251143.png","width":280,"height":74,"caption":"INVERMA Johannes Lange GmbH+Co KG"},"image":{"@id":"https:\/\/inverma.de\/en\/#\/schema\/logo\/image\/"},"sameAs":["https:\/\/www.facebook.com\/inverma.lange"]}]}},"_links":{"self":[{"href":"https:\/\/inverma.de\/en\/wp-json\/wp\/v2\/pages\/6393"}],"collection":[{"href":"https:\/\/inverma.de\/en\/wp-json\/wp\/v2\/pages"}],"about":[{"href":"https:\/\/inverma.de\/en\/wp-json\/wp\/v2\/types\/page"}],"author":[{"embeddable":true,"href":"https:\/\/inverma.de\/en\/wp-json\/wp\/v2\/users\/8"}],"replies":[{"embeddable":true,"href":"https:\/\/inverma.de\/en\/wp-json\/wp\/v2\/comments?post=6393"}],"version-history":[{"count":0,"href":"https:\/\/inverma.de\/en\/wp-json\/wp\/v2\/pages\/6393\/revisions"}],"up":[{"embeddable":true,"href":"https:\/\/inverma.de\/en\/wp-json\/wp\/v2\/pages\/6311"}],"wp:featuredmedia":[{"embeddable":true,"href":"https:\/\/inverma.de\/en\/wp-json\/wp\/v2\/media\/6879"}],"wp:attachment":[{"href":"https:\/\/inverma.de\/en\/wp-json\/wp\/v2\/media?parent=6393"}],"curies":[{"name":"wp","href":"https:\/\/api.w.org\/{rel}","templated":true}]}}