{"id":6433,"date":"2017-11-01T16:05:12","date_gmt":"2017-11-01T15:05:12","guid":{"rendered":"http:\/\/inverma.de\/?page_id=6433"},"modified":"2020-05-01T13:35:07","modified_gmt":"2020-05-01T11:35:07","slug":"love-rings","status":"publish","type":"page","link":"https:\/\/inverma.de\/en\/products-5\/products-for-him\/love-rings\/","title":{"rendered":"Love-rings"},"content":{"rendered":"[et_pb_section fb_built=&#8221;1&#8243; _builder_version=&#8221;3.22.4&#8243; inner_width_tablet=&#8221;50px&#8221; inner_max_width_tablet=&#8221;50px&#8221; custom_padding=&#8221;0px|||&#8221; z_index_tablet=&#8221;500&#8243;][et_pb_row _builder_version=&#8221;3.25&#8243; background_size=&#8221;initial&#8221; background_position=&#8221;top_left&#8221; background_repeat=&#8221;repeat&#8221;][et_pb_column type=&#8221;4_4&#8243; _builder_version=&#8221;3.25&#8243; custom_padding=&#8221;|||&#8221; custom_padding__hover=&#8221;|||&#8221;][et_pb_post_title meta=&#8221;off&#8221; featured_image=&#8221;off&#8221; _builder_version=&#8221;3.22.4&#8243; z_index_tablet=&#8221;500&#8243;][\/et_pb_post_title][\/et_pb_column][\/et_pb_row][et_pb_row make_equal=&#8221;on&#8221; _builder_version=&#8221;3.25&#8243; background_color=&#8221;#ffffff&#8221; z_index_tablet=&#8221;500&#8243; box_shadow_style=&#8221;preset3&#8243; column_structure=&#8221;1_3,1_3,1_3&#8243;][et_pb_column type=&#8221;1_3&#8243; _builder_version=&#8221;3.25&#8243; custom_padding=&#8221;|||&#8221; custom_padding__hover=&#8221;|||&#8221;][et_pb_text _builder_version=&#8221;3.27.4&#8243; background_color=&#8221;#ffffff&#8221; custom_padding=&#8221;5%|5%|5%|5%&#8221; z_index_tablet=&#8221;500&#8243;]\n<p><img loading=\"lazy\" decoding=\"async\" class=\"aligncenter wp-image-7055 size-full\" src=\"https:\/\/inverma.de\/wp-content\/uploads\/liebesringe21190-e1428333072909.png\" alt=\"\" width=\"235\" height=\"300\" srcset=\"https:\/\/inverma.de\/wp-content\/uploads\/liebesringe21190-e1428333072909.png 235w, https:\/\/inverma.de\/wp-content\/uploads\/liebesringe21190-e1428333072909-63x80.png 63w\" sizes=\"(max-width: 235px) 100vw, 235px\" \/><\/p>\n<p>Effect:<\/p>\n<p>The ring being pulled over, the penis gets more and more stout. It is, indeed stiff. Your partner will be surprised by such a big cock. It is quite an experience for her to get her pussy perfectly filled. She is excited by the throbbing cock.<\/p>\n[\/et_pb_text][\/et_pb_column][et_pb_column type=&#8221;1_3&#8243; _builder_version=&#8221;3.25&#8243; custom_padding=&#8221;|||&#8221; custom_padding__hover=&#8221;|||&#8221;][et_pb_text _builder_version=&#8221;4.4.3&#8243; background_color=&#8221;#ffffff&#8221; custom_padding=&#8221;5%|||&#8221; custom_padding_tablet=&#8221;|5%||5%&#8221; custom_padding_phone=&#8221;&#8221; custom_padding_last_edited=&#8221;on|phone&#8221; hover_enabled=&#8221;0&#8243; z_index_tablet=&#8221;500&#8243;]\n<div class=\"prod_box\">Productinformation<\/div>\n<div class=\"prod_list\">\n<ul>\n<li><i class=\"far fa-check-circle\"><\/i>Content: 3 pieces<\/li>\n<li><i class=\"far fa-check-circle\"><\/i>transparent, different sizes<\/li>\n<li><i class=\"far fa-check-circle\"><\/i>Made in Germany<\/li>\n<li><i class=\"far fa-check-circle\"><\/i><strong>Art.-No.: 21190<\/strong><\/li>\n<\/ul>\n<\/div>\n[\/et_pb_text][et_pb_button button_url=&#8221;https:\/\/inverma.de\/en\/contact\/&#8221; url_new_window=&#8221;on&#8221; button_text=&#8221;More Questions?&#8221; button_alignment=&#8221;left&#8221; admin_label=&#8221;Noch Fragen? Button&#8221; _builder_version=&#8221;3.22.4&#8243; custom_button=&#8221;on&#8221; button_text_color=&#8221;#e2007a&#8221; button_bg_color=&#8221;#efefef&#8221; button_use_icon=&#8221;off&#8221; custom_padding_tablet=&#8221;&#8221; custom_padding_phone=&#8221;&#8221; custom_padding_last_edited=&#8221;on|desktop&#8221; animation_style=&#8221;bounce&#8221; z_index_tablet=&#8221;500&#8243; saved_tabs=&#8221;all&#8221;][\/et_pb_button][\/et_pb_column][et_pb_column type=&#8221;1_3&#8243; _builder_version=&#8221;3.25&#8243; custom_padding=&#8221;|||&#8221; custom_padding__hover=&#8221;|||&#8221;][et_pb_text admin_label=&#8221;Siblings&#8221; _builder_version=&#8221;3.27.4&#8243; background_color=&#8221;#efefef&#8221; use_background_color_gradient=&#8221;on&#8221; background_color_gradient_start=&#8221;#efefef&#8221; background_color_gradient_end=&#8221;#ffffff&#8221; custom_margin=&#8221;5%|5%||&#8221; custom_margin_tablet=&#8221;5%|5%|5%|5%&#8221; custom_margin_phone=&#8221;&#8221; custom_margin_last_edited=&#8221;on|phone&#8221; custom_padding=&#8221;5%|5%|5%|5%&#8221; z_index_tablet=&#8221;500&#8243;]\n<h3><a title=\"ADDITIONAL PRODUCTS FOR HIM\" href=\"https:\/\/inverma.de\/en\/products-5\/products-for-him\/\">ADDITIONAL PRODUCTS FOR HIM:<\/a><\/h3>\n<ul class=\"su-siblings\"><li class=\"page_item page-item-6408\"><a href=\"https:\/\/inverma.de\/en\/products-5\/products-for-him\/erekta-absolut\/\">erekta absolut<\/a><\/li>\n<li class=\"page_item page-item-6413\"><a href=\"https:\/\/inverma.de\/en\/products-5\/products-for-him\/erekta-prompt-for-men\/\">erekta prompt for men<\/a><\/li>\n<li class=\"page_item page-item-6398\"><a href=\"https:\/\/inverma.de\/en\/products-5\/products-for-him\/bigist-cream\/\">bigist-cream<\/a><\/li>\n<li class=\"page_item page-item-6428\"><a href=\"https:\/\/inverma.de\/en\/products-5\/products-for-him\/largo\/\">largo<\/a><\/li>\n<li class=\"page_item page-item-6438\"><a href=\"https:\/\/inverma.de\/en\/products-5\/products-for-him\/magnaphall\/\">Magnaphall<\/a><\/li>\n<li class=\"page_item page-item-6443\"><a href=\"https:\/\/inverma.de\/en\/products-5\/products-for-him\/maximum\/\">Maximum<\/a><\/li>\n<li class=\"page_item page-item-6418\"><a href=\"https:\/\/inverma.de\/en\/products-5\/products-for-him\/fp-by-fernand-peril\/\">FP by Fernand P\u00e9ril<\/a><\/li>\n<li class=\"page_item page-item-6458\"><a href=\"https:\/\/inverma.de\/en\/products-5\/products-for-him\/verve-by-fernand-peril\/\">Verve by Fernand P\u00e9ril<\/a><\/li>\n<li class=\"page_item page-item-6453\"><a href=\"https:\/\/inverma.de\/en\/products-5\/products-for-him\/mens-parfum-von-inverma\/\">Men&#8217;s Parfum von INVERMA<\/a><\/li>\n<li class=\"page_item page-item-6448\"><a href=\"https:\/\/inverma.de\/en\/products-5\/products-for-him\/men-stop-stop\/\">men stop-stop<\/a><\/li>\n<li class=\"page_item page-item-6403\"><a href=\"https:\/\/inverma.de\/en\/products-5\/products-for-him\/casanova-cream-creme-damour\/\">Casanova cream &#8211; Creme d`Amour<\/a><\/li>\n<li class=\"page_item page-item-6423\"><a href=\"https:\/\/inverma.de\/en\/products-5\/products-for-him\/inverma-herren-creme\/\">INVERMA Herren-Creme<\/a><\/li>\n<\/ul>\n[\/et_pb_text][\/et_pb_column][\/et_pb_row][\/et_pb_section]\n","protected":false},"excerpt":{"rendered":"<p>Effect: The ring being pulled over, the penis gets more and more stout. It is, indeed stiff. Your partner will be surprised by such a big cock. It is quite an experience for her to get her pussy perfectly filled. She is excited by the throbbing cock. Productinformation Content: 3 pieces transparent, different sizes Made [&hellip;]<\/p>\n","protected":false},"author":9,"featured_media":7056,"parent":6316,"menu_order":9,"comment_status":"closed","ping_status":"closed","template":"","meta":{"_et_pb_use_builder":"on","_et_pb_old_content":"[su_row]\r\n[su_column size=\"1\/3\"]\r\n<img class=\"aligncenter wp-image-3115 size-medium\" title=\"Liebesringe\" src=\"http:\/\/inverma.de\/wp-content\/uploads\/liebesringe21190-e1428333072909.png\" alt=\"Liebesringe\" width=\"235\" height=\"300\" \/>\r\n[\/su_column]\r\n[su_column size=\"1\/3\"]\r\n\r\nEffekt f\u00fcr den Mann:\r\n\r\nNach dem Anlegen wird der Penis strammer und strammer. So richtig prall. Ihre Partnerin wird \u00fcber die Penisgr\u00f6\u00dfe staunen. Sie empfindet jetzt mehr; die Vagina wird voll ausgef\u00fcllt. Sie sp\u00fcrt das pulsierende Zucken in sich.\r\n\r\n[\/su_column]\r\n[su_column size=\"1\/3\"]\r\n<div class=\"prod_box_klein\">\r\n\r\n[su_box title=\"Produktinformation\" box_color=\"#e2007a\"]\r\n<ul>\r\n \t<li>Inhalt: 3 St\u00fcck<\/li>\r\n \t<li>transparent, verschiedene Gr\u00f6ssen<\/li>\r\n \t<li>Made in Germany<\/li>\r\n \t<li><strong>Art.-Nr.: 21190<\/strong><\/li>\r\n<\/ul>\r\n[\/su_box]\r\n\r\n<\/div>\r\n[\/su_column]\r\n[\/su_row]\r\n<h3><a title=\"Produkte f\u00fcr ihn\" href=\"\/?page_id=1996\">Weitere Produkte F\u00dcR IHN:<\/a><\/h3>\r\n[su_siblings]","_et_gb_content_width":"","footnotes":""},"yoast_head":"<!-- This site is optimized with the Yoast SEO plugin v22.2 - https:\/\/yoast.com\/wordpress\/plugins\/seo\/ -->\n<title>INVERMA Love-rings<\/title>\n<meta name=\"description\" content=\"INVERMA Love-rings - Strammer Penis mit dem Spezial-Dehnungseffekt nach dem Progressiv-Teleskop-Prinzip\" \/>\n<meta name=\"robots\" content=\"index, follow, max-snippet:-1, max-image-preview:large, max-video-preview:-1\" \/>\n<link rel=\"canonical\" href=\"https:\/\/inverma.de\/en\/products-5\/products-for-him\/love-rings\/\" \/>\n<meta property=\"og:locale\" content=\"en_US\" \/>\n<meta property=\"og:type\" content=\"article\" \/>\n<meta property=\"og:title\" content=\"INVERMA Love-rings\" \/>\n<meta property=\"og:description\" content=\"INVERMA Love-rings - Strammer Penis mit dem Spezial-Dehnungseffekt nach dem Progressiv-Teleskop-Prinzip\" \/>\n<meta property=\"og:url\" content=\"https:\/\/inverma.de\/en\/products-5\/products-for-him\/love-rings\/\" \/>\n<meta property=\"og:site_name\" content=\"INVERMA\" \/>\n<meta property=\"article:publisher\" content=\"https:\/\/www.facebook.com\/inverma.lange\" \/>\n<meta property=\"article:modified_time\" content=\"2020-05-01T11:35:07+00:00\" \/>\n<meta property=\"og:image\" content=\"https:\/\/inverma.de\/wp-content\/uploads\/liebesringe21190-e1428333072909.png\" \/>\n\t<meta property=\"og:image:width\" content=\"235\" \/>\n\t<meta property=\"og:image:height\" content=\"300\" \/>\n\t<meta property=\"og:image:type\" content=\"image\/png\" \/>\n<meta name=\"twitter:label1\" content=\"Est. reading time\" \/>\n\t<meta name=\"twitter:data1\" content=\"2 minutes\" \/>\n<script type=\"application\/ld+json\" class=\"yoast-schema-graph\">{\"@context\":\"https:\/\/schema.org\",\"@graph\":[{\"@type\":\"WebPage\",\"@id\":\"https:\/\/inverma.de\/en\/products-5\/products-for-him\/love-rings\/\",\"url\":\"https:\/\/inverma.de\/en\/products-5\/products-for-him\/love-rings\/\",\"name\":\"INVERMA Love-rings\",\"isPartOf\":{\"@id\":\"https:\/\/inverma.de\/en\/#website\"},\"primaryImageOfPage\":{\"@id\":\"https:\/\/inverma.de\/en\/products-5\/products-for-him\/love-rings\/#primaryimage\"},\"image\":{\"@id\":\"https:\/\/inverma.de\/en\/products-5\/products-for-him\/love-rings\/#primaryimage\"},\"thumbnailUrl\":\"https:\/\/inverma.de\/wp-content\/uploads\/liebesringe21190-e1428333072909.png\",\"datePublished\":\"2017-11-01T15:05:12+00:00\",\"dateModified\":\"2020-05-01T11:35:07+00:00\",\"description\":\"INVERMA Love-rings - Strammer Penis mit dem Spezial-Dehnungseffekt nach dem Progressiv-Teleskop-Prinzip\",\"breadcrumb\":{\"@id\":\"https:\/\/inverma.de\/en\/products-5\/products-for-him\/love-rings\/#breadcrumb\"},\"inLanguage\":\"en-US\",\"potentialAction\":[{\"@type\":\"ReadAction\",\"target\":[\"https:\/\/inverma.de\/en\/products-5\/products-for-him\/love-rings\/\"]}]},{\"@type\":\"ImageObject\",\"inLanguage\":\"en-US\",\"@id\":\"https:\/\/inverma.de\/en\/products-5\/products-for-him\/love-rings\/#primaryimage\",\"url\":\"https:\/\/inverma.de\/wp-content\/uploads\/liebesringe21190-e1428333072909.png\",\"contentUrl\":\"https:\/\/inverma.de\/wp-content\/uploads\/liebesringe21190-e1428333072909.png\",\"width\":235,\"height\":300},{\"@type\":\"BreadcrumbList\",\"@id\":\"https:\/\/inverma.de\/en\/products-5\/products-for-him\/love-rings\/#breadcrumb\",\"itemListElement\":[{\"@type\":\"ListItem\",\"position\":1,\"name\":\"Home\",\"item\":\"https:\/\/inverma.de\/en\/\"},{\"@type\":\"ListItem\",\"position\":2,\"name\":\"Products\",\"item\":\"https:\/\/inverma.de\/en\/products-5\/\"},{\"@type\":\"ListItem\",\"position\":3,\"name\":\"Products for him\",\"item\":\"https:\/\/inverma.de\/en\/products-5\/products-for-him\/\"},{\"@type\":\"ListItem\",\"position\":4,\"name\":\"Love-rings\"}]},{\"@type\":\"WebSite\",\"@id\":\"https:\/\/inverma.de\/en\/#website\",\"url\":\"https:\/\/inverma.de\/en\/\",\"name\":\"INVERMA\",\"description\":\"Come in to the world of erotic and exotic\",\"publisher\":{\"@id\":\"https:\/\/inverma.de\/en\/#organization\"},\"potentialAction\":[{\"@type\":\"SearchAction\",\"target\":{\"@type\":\"EntryPoint\",\"urlTemplate\":\"https:\/\/inverma.de\/en\/?s={search_term_string}\"},\"query-input\":\"required name=search_term_string\"}],\"inLanguage\":\"en-US\"},{\"@type\":\"Organization\",\"@id\":\"https:\/\/inverma.de\/en\/#organization\",\"name\":\"INVERMA Johannes Lange GmbH+Co KG\",\"url\":\"https:\/\/inverma.de\/en\/\",\"logo\":{\"@type\":\"ImageObject\",\"inLanguage\":\"en-US\",\"@id\":\"https:\/\/inverma.de\/en\/#\/schema\/logo\/image\/\",\"url\":\"https:\/\/inverma.de\/wp-content\/uploads\/inverma_logo_neu-e1545358251143.png\",\"contentUrl\":\"https:\/\/inverma.de\/wp-content\/uploads\/inverma_logo_neu-e1545358251143.png\",\"width\":280,\"height\":74,\"caption\":\"INVERMA Johannes Lange GmbH+Co KG\"},\"image\":{\"@id\":\"https:\/\/inverma.de\/en\/#\/schema\/logo\/image\/\"},\"sameAs\":[\"https:\/\/www.facebook.com\/inverma.lange\"]}]}<\/script>\n<!-- \/ Yoast SEO plugin. -->","yoast_head_json":{"title":"INVERMA Love-rings","description":"INVERMA Love-rings - Strammer Penis mit dem Spezial-Dehnungseffekt nach dem Progressiv-Teleskop-Prinzip","robots":{"index":"index","follow":"follow","max-snippet":"max-snippet:-1","max-image-preview":"max-image-preview:large","max-video-preview":"max-video-preview:-1"},"canonical":"https:\/\/inverma.de\/en\/products-5\/products-for-him\/love-rings\/","og_locale":"en_US","og_type":"article","og_title":"INVERMA Love-rings","og_description":"INVERMA Love-rings - Strammer Penis mit dem Spezial-Dehnungseffekt nach dem Progressiv-Teleskop-Prinzip","og_url":"https:\/\/inverma.de\/en\/products-5\/products-for-him\/love-rings\/","og_site_name":"INVERMA","article_publisher":"https:\/\/www.facebook.com\/inverma.lange","article_modified_time":"2020-05-01T11:35:07+00:00","og_image":[{"width":235,"height":300,"url":"https:\/\/inverma.de\/wp-content\/uploads\/liebesringe21190-e1428333072909.png","type":"image\/png"}],"twitter_misc":{"Est. reading time":"2 minutes"},"schema":{"@context":"https:\/\/schema.org","@graph":[{"@type":"WebPage","@id":"https:\/\/inverma.de\/en\/products-5\/products-for-him\/love-rings\/","url":"https:\/\/inverma.de\/en\/products-5\/products-for-him\/love-rings\/","name":"INVERMA Love-rings","isPartOf":{"@id":"https:\/\/inverma.de\/en\/#website"},"primaryImageOfPage":{"@id":"https:\/\/inverma.de\/en\/products-5\/products-for-him\/love-rings\/#primaryimage"},"image":{"@id":"https:\/\/inverma.de\/en\/products-5\/products-for-him\/love-rings\/#primaryimage"},"thumbnailUrl":"https:\/\/inverma.de\/wp-content\/uploads\/liebesringe21190-e1428333072909.png","datePublished":"2017-11-01T15:05:12+00:00","dateModified":"2020-05-01T11:35:07+00:00","description":"INVERMA Love-rings - Strammer Penis mit dem Spezial-Dehnungseffekt nach dem Progressiv-Teleskop-Prinzip","breadcrumb":{"@id":"https:\/\/inverma.de\/en\/products-5\/products-for-him\/love-rings\/#breadcrumb"},"inLanguage":"en-US","potentialAction":[{"@type":"ReadAction","target":["https:\/\/inverma.de\/en\/products-5\/products-for-him\/love-rings\/"]}]},{"@type":"ImageObject","inLanguage":"en-US","@id":"https:\/\/inverma.de\/en\/products-5\/products-for-him\/love-rings\/#primaryimage","url":"https:\/\/inverma.de\/wp-content\/uploads\/liebesringe21190-e1428333072909.png","contentUrl":"https:\/\/inverma.de\/wp-content\/uploads\/liebesringe21190-e1428333072909.png","width":235,"height":300},{"@type":"BreadcrumbList","@id":"https:\/\/inverma.de\/en\/products-5\/products-for-him\/love-rings\/#breadcrumb","itemListElement":[{"@type":"ListItem","position":1,"name":"Home","item":"https:\/\/inverma.de\/en\/"},{"@type":"ListItem","position":2,"name":"Products","item":"https:\/\/inverma.de\/en\/products-5\/"},{"@type":"ListItem","position":3,"name":"Products for him","item":"https:\/\/inverma.de\/en\/products-5\/products-for-him\/"},{"@type":"ListItem","position":4,"name":"Love-rings"}]},{"@type":"WebSite","@id":"https:\/\/inverma.de\/en\/#website","url":"https:\/\/inverma.de\/en\/","name":"INVERMA","description":"Come in to the world of erotic and exotic","publisher":{"@id":"https:\/\/inverma.de\/en\/#organization"},"potentialAction":[{"@type":"SearchAction","target":{"@type":"EntryPoint","urlTemplate":"https:\/\/inverma.de\/en\/?s={search_term_string}"},"query-input":"required name=search_term_string"}],"inLanguage":"en-US"},{"@type":"Organization","@id":"https:\/\/inverma.de\/en\/#organization","name":"INVERMA Johannes Lange GmbH+Co KG","url":"https:\/\/inverma.de\/en\/","logo":{"@type":"ImageObject","inLanguage":"en-US","@id":"https:\/\/inverma.de\/en\/#\/schema\/logo\/image\/","url":"https:\/\/inverma.de\/wp-content\/uploads\/inverma_logo_neu-e1545358251143.png","contentUrl":"https:\/\/inverma.de\/wp-content\/uploads\/inverma_logo_neu-e1545358251143.png","width":280,"height":74,"caption":"INVERMA Johannes Lange GmbH+Co KG"},"image":{"@id":"https:\/\/inverma.de\/en\/#\/schema\/logo\/image\/"},"sameAs":["https:\/\/www.facebook.com\/inverma.lange"]}]}},"_links":{"self":[{"href":"https:\/\/inverma.de\/en\/wp-json\/wp\/v2\/pages\/6433"}],"collection":[{"href":"https:\/\/inverma.de\/en\/wp-json\/wp\/v2\/pages"}],"about":[{"href":"https:\/\/inverma.de\/en\/wp-json\/wp\/v2\/types\/page"}],"author":[{"embeddable":true,"href":"https:\/\/inverma.de\/en\/wp-json\/wp\/v2\/users\/9"}],"replies":[{"embeddable":true,"href":"https:\/\/inverma.de\/en\/wp-json\/wp\/v2\/comments?post=6433"}],"version-history":[{"count":0,"href":"https:\/\/inverma.de\/en\/wp-json\/wp\/v2\/pages\/6433\/revisions"}],"up":[{"embeddable":true,"href":"https:\/\/inverma.de\/en\/wp-json\/wp\/v2\/pages\/6316"}],"wp:featuredmedia":[{"embeddable":true,"href":"https:\/\/inverma.de\/en\/wp-json\/wp\/v2\/media\/7056"}],"wp:attachment":[{"href":"https:\/\/inverma.de\/en\/wp-json\/wp\/v2\/media?parent=6433"}],"curies":[{"name":"wp","href":"https:\/\/api.w.org\/{rel}","templated":true}]}}