{"id":6489,"date":"2017-11-01T16:18:38","date_gmt":"2017-11-01T15:18:38","guid":{"rendered":"http:\/\/inverma.de\/?page_id=6489"},"modified":"2020-04-30T01:48:05","modified_gmt":"2020-04-29T23:48:05","slug":"inverma-frauen-creme","status":"publish","type":"page","link":"https:\/\/inverma.de\/en\/products-5\/products-for-her\/inverma-frauen-creme\/","title":{"rendered":"INVERMA Frauen-Creme"},"content":{"rendered":"[et_pb_section fb_built=&#8221;1&#8243; _builder_version=&#8221;3.22.4&#8243; inner_width_tablet=&#8221;50px&#8221; inner_max_width_tablet=&#8221;50px&#8221; custom_padding=&#8221;0px|||&#8221; z_index_tablet=&#8221;500&#8243;][et_pb_row _builder_version=&#8221;3.25&#8243; background_size=&#8221;initial&#8221; background_position=&#8221;top_left&#8221; background_repeat=&#8221;repeat&#8221;][et_pb_column type=&#8221;4_4&#8243; _builder_version=&#8221;3.25&#8243; custom_padding=&#8221;|||&#8221; custom_padding__hover=&#8221;|||&#8221;][et_pb_post_title meta=&#8221;off&#8221; featured_image=&#8221;off&#8221; _builder_version=&#8221;3.22.4&#8243; z_index_tablet=&#8221;500&#8243;][\/et_pb_post_title][\/et_pb_column][\/et_pb_row][et_pb_row column_structure=&#8221;1_3,1_3,1_3&#8243; make_equal=&#8221;on&#8221; _builder_version=&#8221;3.25&#8243; background_color=&#8221;#ffffff&#8221; z_index_tablet=&#8221;500&#8243; box_shadow_style=&#8221;preset3&#8243;][et_pb_column type=&#8221;1_3&#8243; _builder_version=&#8221;3.25&#8243; custom_padding=&#8221;|||&#8221; custom_padding__hover=&#8221;|||&#8221;][et_pb_text _builder_version=&#8221;3.27.4&#8243; background_color=&#8221;#ffffff&#8221; custom_padding=&#8221;5%|5%|5%|5%&#8221; z_index_tablet=&#8221;500&#8243;]<img loading=\"lazy\" decoding=\"async\" class=\"aligncenter wp-image-780 size-full\" title=\"INVERMA Frauen-Creme\" src=\"https:\/\/inverma.de\/wp-content\/uploads\/Frauencreme_Banderole-340.png\" alt=\"INVERMA Frauen-Creme\" width=\"340\" height=\"133\" \/><\/p>\n<p>Inverma cream for the women can pleasure your sensitive body parts (e.g. clitoris and labia) to the highest degree. The cream is pleasing to your skin and comes with a fresh and prickling sensation. Well composed ingredients and a wonderful flavor may make you receptive and lead to special erotic moments. Pleasing care that will indulge yourself.<br \/>\nUse just a small amount of Inverma cream for the\u00a0women for a soft massage, and wait until the cream is absorbed by the skin. It may be advisable to wash the genital area with mild soap before using the cream.<br \/>\n[\/et_pb_text][\/et_pb_column][et_pb_column type=&#8221;1_3&#8243; _builder_version=&#8221;3.25&#8243; custom_padding=&#8221;|||&#8221; custom_padding__hover=&#8221;|||&#8221;][et_pb_text admin_label=&#8221;Produktinformation&#8221; _builder_version=&#8221;4.4.3&#8243; background_color=&#8221;#ffffff&#8221; custom_padding=&#8221;5%|||&#8221; custom_padding_tablet=&#8221;|5%||5%&#8221; custom_padding_phone=&#8221;&#8221; custom_padding_last_edited=&#8221;on|phone&#8221; hover_enabled=&#8221;0&#8243; z_index_tablet=&#8221;500&#8243; saved_tabs=&#8221;all&#8221;]\n<div class=\"prod_box\">PRODUCTINFORMATION<\/div>\n<div class=\"prod_list\">\n<ul>\n<li><i class=\"far fa-check-circle\"><\/i>Content: 20 ml<\/li>\n<li><i class=\"far fa-check-circle\"><\/i>dermatologically tested \u201cvery good\u201d<\/li>\n<li><i class=\"far fa-check-circle\"><\/i>pleasant application<\/li>\n<li><i class=\"far fa-check-circle\"><\/i>quality care substances, without alcohol and colour additives<\/li>\n<li><i class=\"far fa-check-circle\"><\/i>Made in Germany<\/li>\n<li><i class=\"far fa-check-circle\"><\/i><strong>Art.-No.: 51900<\/strong><\/li>\n<\/ul>\n<\/div>\n[\/et_pb_text][et_pb_button button_url=&#8221;https:\/\/inverma.de\/en\/contact\/&#8221; url_new_window=&#8221;on&#8221; button_text=&#8221;More Questions?&#8221; button_alignment=&#8221;left&#8221; admin_label=&#8221;Noch Fragen? Button&#8221; _builder_version=&#8221;3.22.4&#8243; custom_button=&#8221;on&#8221; button_text_color=&#8221;#e2007a&#8221; button_bg_color=&#8221;#efefef&#8221; button_use_icon=&#8221;off&#8221; custom_padding_tablet=&#8221;&#8221; custom_padding_phone=&#8221;&#8221; custom_padding_last_edited=&#8221;on|desktop&#8221; animation_style=&#8221;bounce&#8221; z_index_tablet=&#8221;500&#8243; saved_tabs=&#8221;all&#8221;][\/et_pb_button][\/et_pb_column][et_pb_column type=&#8221;1_3&#8243; _builder_version=&#8221;3.25&#8243; custom_padding=&#8221;|||&#8221; custom_padding__hover=&#8221;|||&#8221;][et_pb_text admin_label=&#8221;Siblings&#8221; _builder_version=&#8221;3.27.4&#8243; background_color=&#8221;#efefef&#8221; use_background_color_gradient=&#8221;on&#8221; background_color_gradient_start=&#8221;#efefef&#8221; background_color_gradient_end=&#8221;#ffffff&#8221; custom_margin=&#8221;5%|5%||&#8221; custom_margin_tablet=&#8221;5%|5%|5%|5%&#8221; custom_margin_phone=&#8221;&#8221; custom_margin_last_edited=&#8221;on|phone&#8221; custom_padding=&#8221;5%|5%|5%|5%&#8221; z_index_tablet=&#8221;500&#8243; saved_tabs=&#8221;all&#8221;]\n<h3><a title=\"Produkte f\u00fcr sie\" href=\"https:\/\/inverma.de\/en\/products-5\/products-for-her\/\">ADDITIONAL PRODUCTS FOR HER:<\/a><\/h3>\n<ul class=\"su-siblings\"><li class=\"page_item page-item-6509\"><a href=\"https:\/\/inverma.de\/en\/products-5\/products-for-her\/madame-orgasm-cream\/\">Madame cream<\/a><\/li>\n<li class=\"page_item page-item-6479\"><a href=\"https:\/\/inverma.de\/en\/products-5\/products-for-her\/erekta-prompt-for-women\/\">erekta prompt for women<\/a><\/li>\n<li class=\"page_item page-item-6473\"><a href=\"https:\/\/inverma.de\/en\/products-5\/products-for-her\/creme-parfum-paradiso\/\">Creme Parfum Paradiso<\/a><\/li>\n<li class=\"page_item page-item-6393\"><a href=\"https:\/\/inverma.de\/en\/products-5\/products-for-her\/avidite-by-fernand-peril\/\">Avidit\u00e9 by Fernand P\u00e9ril<\/a><\/li>\n<li class=\"page_item page-item-6484\"><a href=\"https:\/\/inverma.de\/en\/products-5\/products-for-her\/intimite-by-fernand-peril\/\">Intimit\u00e9 by Fernand P\u00e9ril<\/a><\/li>\n<li class=\"page_item page-item-6514\"><a href=\"https:\/\/inverma.de\/en\/products-5\/products-for-her\/parfum-damour-original-inverma\/\">Parfum d&#8217;Amour original INVERMA<\/a><\/li>\n<li class=\"page_item page-item-6494\"><a href=\"https:\/\/inverma.de\/en\/products-5\/products-for-her\/john-long-intim-114\/\">John Long intim No. 114<\/a><\/li>\n<li class=\"page_item page-item-6499\"><a href=\"https:\/\/inverma.de\/en\/products-5\/products-for-her\/john-long-night-118\/\">John Long night No. 118<\/a><\/li>\n<li class=\"page_item page-item-6504\"><a href=\"https:\/\/inverma.de\/en\/products-5\/products-for-her\/john-long-sport-120\/\">John Long sport No. 120<\/a><\/li>\n<li class=\"page_item page-item-6519\"><a href=\"https:\/\/inverma.de\/en\/products-5\/products-for-her\/sin-sense-bodylotion-melon\/\">sin &#038; sense Bodylotion Melon<\/a><\/li>\n<li class=\"page_item page-item-6529\"><a href=\"https:\/\/inverma.de\/en\/products-5\/products-for-her\/sin-sense-massage-oil-nougat\/\">sin &#038; sense Massage Oil Nougat<\/a><\/li>\n<li class=\"page_item page-item-6524\"><a href=\"https:\/\/inverma.de\/en\/products-5\/products-for-her\/sin-sense-massage-oil-marzipan\/\">sin &#038; sense Massage Oil Marzipan<\/a><\/li>\n<\/ul>\n[\/et_pb_text][\/et_pb_column][\/et_pb_row][\/et_pb_section]\n","protected":false},"excerpt":{"rendered":"<p>Inverma cream for the women can pleasure your sensitive body parts (e.g. clitoris and labia) to the highest degree. The cream is pleasing to your skin and comes with a fresh and prickling sensation. Well composed ingredients and a wonderful flavor may make you receptive and lead to special erotic moments. Pleasing care that will [&hellip;]<\/p>\n","protected":false},"author":9,"featured_media":6984,"parent":6311,"menu_order":1,"comment_status":"closed","ping_status":"closed","template":"","meta":{"_et_pb_use_builder":"on","_et_pb_old_content":"[su_row]\r\n[su_column size=\"1\/3\"]\r\n<img class=\"aligncenter wp-image-780 size-full\" title=\"INVERMA Frauen-Creme\" src=\"https:\/\/inverma.de\/wp-content\/uploads\/Frauencreme_Banderole-340.png\" alt=\"INVERMA Frauen-Creme\" width=\"340\" height=\"133\" \/>\r\n[\/su_column]\r\n[su_column size=\"1\/3\"]\r\n<p style=\"text-align: justify;\">Kann in h\u00f6chstem Ma\u00df Ihre empfindlichen K\u00f6rperpartien verw\u00f6hnen. Sie ist angenehm auf der Haut und verleiht ein frisch belebendes Gef\u00fchl! Mit ihren wohltuenden Inhaltsstoffen und dem wundervollen Duft kann sie Sie f\u00fcr besondere erotische Momente empf\u00e4nglich machen. Genussvolle Pflege mit Verw\u00f6hncharakter.\r\nEine kleine Menge Inverma Frauen-Creme leicht einreiben und einmassieren bis die Creme eingezogen ist.<\/p>\r\n[\/su_column]\r\n[su_column size=\"1\/3\"]\r\n<div class=\"prod_box_klein\">\r\n\r\n[su_box title=\"Produktinformation\" box_color=\"#e2007a\"]\r\n<ul>\r\n \t<li>Inhalt: 20 ml<\/li>\r\n \t<li>dermatologisch \"sehr gut\" getestet<\/li>\r\n \t<li>angenehme Anwendung<\/li>\r\n \t<li>hochwertige Pflegestoffe, frei von Alkohol und Farbstoffen<\/li>\r\n \t<li>Made in Germany<\/li>\r\n \t<li><strong>Art.-Nr.: 51900<\/strong><\/li>\r\n<\/ul>\r\n[\/su_box]\r\n\r\n<\/div>\r\n[\/su_column]\r\n[\/su_row]\r\n<h3><a title=\"Produkte f\u00fcr sie\" href=\"\/?page_id=777\">Weitere Produkte F\u00dcR SIE:<\/a><\/h3>\r\n[su_siblings]","_et_gb_content_width":"","footnotes":""},"yoast_head":"<!-- This site is optimized with the Yoast SEO plugin v22.2 - https:\/\/yoast.com\/wordpress\/plugins\/seo\/ -->\n<title>INVERMA Frauen-Creme<\/title>\n<meta name=\"description\" content=\"INVERMA Frauen-Creme kann in h\u00f6chstem Ma\u00df Ihre empfindlichen K\u00f6rperpartien verw\u00f6hnen. Angenehm auf der Haut, verleiht ein belebendes Gef\u00fchl\" \/>\n<meta name=\"robots\" content=\"index, follow, max-snippet:-1, max-image-preview:large, max-video-preview:-1\" \/>\n<link rel=\"canonical\" href=\"https:\/\/inverma.de\/en\/products-5\/products-for-her\/inverma-frauen-creme\/\" \/>\n<meta property=\"og:locale\" content=\"en_US\" \/>\n<meta property=\"og:type\" content=\"article\" \/>\n<meta property=\"og:title\" content=\"INVERMA Frauen-Creme\" \/>\n<meta property=\"og:description\" content=\"INVERMA Frauen-Creme kann in h\u00f6chstem Ma\u00df Ihre empfindlichen K\u00f6rperpartien verw\u00f6hnen. Angenehm auf der Haut, verleiht ein belebendes Gef\u00fchl\" \/>\n<meta property=\"og:url\" content=\"https:\/\/inverma.de\/en\/products-5\/products-for-her\/inverma-frauen-creme\/\" \/>\n<meta property=\"og:site_name\" content=\"INVERMA\" \/>\n<meta property=\"article:publisher\" content=\"https:\/\/www.facebook.com\/inverma.lange\" \/>\n<meta property=\"article:modified_time\" content=\"2020-04-29T23:48:05+00:00\" \/>\n<meta property=\"og:image\" content=\"https:\/\/inverma.de\/wp-content\/uploads\/Frauencreme_Banderole-340.png\" \/>\n\t<meta property=\"og:image:width\" content=\"340\" \/>\n\t<meta property=\"og:image:height\" content=\"142\" \/>\n\t<meta property=\"og:image:type\" content=\"image\/png\" \/>\n<meta name=\"twitter:label1\" content=\"Est. reading time\" \/>\n\t<meta name=\"twitter:data1\" content=\"2 minutes\" \/>\n<script type=\"application\/ld+json\" class=\"yoast-schema-graph\">{\"@context\":\"https:\/\/schema.org\",\"@graph\":[{\"@type\":\"WebPage\",\"@id\":\"https:\/\/inverma.de\/en\/products-5\/products-for-her\/inverma-frauen-creme\/\",\"url\":\"https:\/\/inverma.de\/en\/products-5\/products-for-her\/inverma-frauen-creme\/\",\"name\":\"INVERMA Frauen-Creme\",\"isPartOf\":{\"@id\":\"https:\/\/inverma.de\/en\/#website\"},\"primaryImageOfPage\":{\"@id\":\"https:\/\/inverma.de\/en\/products-5\/products-for-her\/inverma-frauen-creme\/#primaryimage\"},\"image\":{\"@id\":\"https:\/\/inverma.de\/en\/products-5\/products-for-her\/inverma-frauen-creme\/#primaryimage\"},\"thumbnailUrl\":\"https:\/\/inverma.de\/wp-content\/uploads\/Frauencreme_Banderole-340.png\",\"datePublished\":\"2017-11-01T15:18:38+00:00\",\"dateModified\":\"2020-04-29T23:48:05+00:00\",\"description\":\"INVERMA Frauen-Creme kann in h\u00f6chstem Ma\u00df Ihre empfindlichen K\u00f6rperpartien verw\u00f6hnen. Angenehm auf der Haut, verleiht ein belebendes Gef\u00fchl\",\"breadcrumb\":{\"@id\":\"https:\/\/inverma.de\/en\/products-5\/products-for-her\/inverma-frauen-creme\/#breadcrumb\"},\"inLanguage\":\"en-US\",\"potentialAction\":[{\"@type\":\"ReadAction\",\"target\":[\"https:\/\/inverma.de\/en\/products-5\/products-for-her\/inverma-frauen-creme\/\"]}]},{\"@type\":\"ImageObject\",\"inLanguage\":\"en-US\",\"@id\":\"https:\/\/inverma.de\/en\/products-5\/products-for-her\/inverma-frauen-creme\/#primaryimage\",\"url\":\"https:\/\/inverma.de\/wp-content\/uploads\/Frauencreme_Banderole-340.png\",\"contentUrl\":\"https:\/\/inverma.de\/wp-content\/uploads\/Frauencreme_Banderole-340.png\",\"width\":340,\"height\":142},{\"@type\":\"BreadcrumbList\",\"@id\":\"https:\/\/inverma.de\/en\/products-5\/products-for-her\/inverma-frauen-creme\/#breadcrumb\",\"itemListElement\":[{\"@type\":\"ListItem\",\"position\":1,\"name\":\"Home\",\"item\":\"https:\/\/inverma.de\/en\/\"},{\"@type\":\"ListItem\",\"position\":2,\"name\":\"Products\",\"item\":\"https:\/\/inverma.de\/en\/products-5\/\"},{\"@type\":\"ListItem\",\"position\":3,\"name\":\"Products for her\",\"item\":\"https:\/\/inverma.de\/en\/products-5\/products-for-her\/\"},{\"@type\":\"ListItem\",\"position\":4,\"name\":\"INVERMA Frauen-Creme\"}]},{\"@type\":\"WebSite\",\"@id\":\"https:\/\/inverma.de\/en\/#website\",\"url\":\"https:\/\/inverma.de\/en\/\",\"name\":\"INVERMA\",\"description\":\"Come in to the world of erotic and exotic\",\"publisher\":{\"@id\":\"https:\/\/inverma.de\/en\/#organization\"},\"potentialAction\":[{\"@type\":\"SearchAction\",\"target\":{\"@type\":\"EntryPoint\",\"urlTemplate\":\"https:\/\/inverma.de\/en\/?s={search_term_string}\"},\"query-input\":\"required name=search_term_string\"}],\"inLanguage\":\"en-US\"},{\"@type\":\"Organization\",\"@id\":\"https:\/\/inverma.de\/en\/#organization\",\"name\":\"INVERMA Johannes Lange GmbH+Co KG\",\"url\":\"https:\/\/inverma.de\/en\/\",\"logo\":{\"@type\":\"ImageObject\",\"inLanguage\":\"en-US\",\"@id\":\"https:\/\/inverma.de\/en\/#\/schema\/logo\/image\/\",\"url\":\"https:\/\/inverma.de\/wp-content\/uploads\/inverma_logo_neu-e1545358251143.png\",\"contentUrl\":\"https:\/\/inverma.de\/wp-content\/uploads\/inverma_logo_neu-e1545358251143.png\",\"width\":280,\"height\":74,\"caption\":\"INVERMA Johannes Lange GmbH+Co KG\"},\"image\":{\"@id\":\"https:\/\/inverma.de\/en\/#\/schema\/logo\/image\/\"},\"sameAs\":[\"https:\/\/www.facebook.com\/inverma.lange\"]}]}<\/script>\n<!-- \/ Yoast SEO plugin. -->","yoast_head_json":{"title":"INVERMA Frauen-Creme","description":"INVERMA Frauen-Creme kann in h\u00f6chstem Ma\u00df Ihre empfindlichen K\u00f6rperpartien verw\u00f6hnen. Angenehm auf der Haut, verleiht ein belebendes Gef\u00fchl","robots":{"index":"index","follow":"follow","max-snippet":"max-snippet:-1","max-image-preview":"max-image-preview:large","max-video-preview":"max-video-preview:-1"},"canonical":"https:\/\/inverma.de\/en\/products-5\/products-for-her\/inverma-frauen-creme\/","og_locale":"en_US","og_type":"article","og_title":"INVERMA Frauen-Creme","og_description":"INVERMA Frauen-Creme kann in h\u00f6chstem Ma\u00df Ihre empfindlichen K\u00f6rperpartien verw\u00f6hnen. Angenehm auf der Haut, verleiht ein belebendes Gef\u00fchl","og_url":"https:\/\/inverma.de\/en\/products-5\/products-for-her\/inverma-frauen-creme\/","og_site_name":"INVERMA","article_publisher":"https:\/\/www.facebook.com\/inverma.lange","article_modified_time":"2020-04-29T23:48:05+00:00","og_image":[{"width":340,"height":142,"url":"https:\/\/inverma.de\/wp-content\/uploads\/Frauencreme_Banderole-340.png","type":"image\/png"}],"twitter_misc":{"Est. reading time":"2 minutes"},"schema":{"@context":"https:\/\/schema.org","@graph":[{"@type":"WebPage","@id":"https:\/\/inverma.de\/en\/products-5\/products-for-her\/inverma-frauen-creme\/","url":"https:\/\/inverma.de\/en\/products-5\/products-for-her\/inverma-frauen-creme\/","name":"INVERMA Frauen-Creme","isPartOf":{"@id":"https:\/\/inverma.de\/en\/#website"},"primaryImageOfPage":{"@id":"https:\/\/inverma.de\/en\/products-5\/products-for-her\/inverma-frauen-creme\/#primaryimage"},"image":{"@id":"https:\/\/inverma.de\/en\/products-5\/products-for-her\/inverma-frauen-creme\/#primaryimage"},"thumbnailUrl":"https:\/\/inverma.de\/wp-content\/uploads\/Frauencreme_Banderole-340.png","datePublished":"2017-11-01T15:18:38+00:00","dateModified":"2020-04-29T23:48:05+00:00","description":"INVERMA Frauen-Creme kann in h\u00f6chstem Ma\u00df Ihre empfindlichen K\u00f6rperpartien verw\u00f6hnen. Angenehm auf der Haut, verleiht ein belebendes Gef\u00fchl","breadcrumb":{"@id":"https:\/\/inverma.de\/en\/products-5\/products-for-her\/inverma-frauen-creme\/#breadcrumb"},"inLanguage":"en-US","potentialAction":[{"@type":"ReadAction","target":["https:\/\/inverma.de\/en\/products-5\/products-for-her\/inverma-frauen-creme\/"]}]},{"@type":"ImageObject","inLanguage":"en-US","@id":"https:\/\/inverma.de\/en\/products-5\/products-for-her\/inverma-frauen-creme\/#primaryimage","url":"https:\/\/inverma.de\/wp-content\/uploads\/Frauencreme_Banderole-340.png","contentUrl":"https:\/\/inverma.de\/wp-content\/uploads\/Frauencreme_Banderole-340.png","width":340,"height":142},{"@type":"BreadcrumbList","@id":"https:\/\/inverma.de\/en\/products-5\/products-for-her\/inverma-frauen-creme\/#breadcrumb","itemListElement":[{"@type":"ListItem","position":1,"name":"Home","item":"https:\/\/inverma.de\/en\/"},{"@type":"ListItem","position":2,"name":"Products","item":"https:\/\/inverma.de\/en\/products-5\/"},{"@type":"ListItem","position":3,"name":"Products for her","item":"https:\/\/inverma.de\/en\/products-5\/products-for-her\/"},{"@type":"ListItem","position":4,"name":"INVERMA Frauen-Creme"}]},{"@type":"WebSite","@id":"https:\/\/inverma.de\/en\/#website","url":"https:\/\/inverma.de\/en\/","name":"INVERMA","description":"Come in to the world of erotic and exotic","publisher":{"@id":"https:\/\/inverma.de\/en\/#organization"},"potentialAction":[{"@type":"SearchAction","target":{"@type":"EntryPoint","urlTemplate":"https:\/\/inverma.de\/en\/?s={search_term_string}"},"query-input":"required name=search_term_string"}],"inLanguage":"en-US"},{"@type":"Organization","@id":"https:\/\/inverma.de\/en\/#organization","name":"INVERMA Johannes Lange GmbH+Co KG","url":"https:\/\/inverma.de\/en\/","logo":{"@type":"ImageObject","inLanguage":"en-US","@id":"https:\/\/inverma.de\/en\/#\/schema\/logo\/image\/","url":"https:\/\/inverma.de\/wp-content\/uploads\/inverma_logo_neu-e1545358251143.png","contentUrl":"https:\/\/inverma.de\/wp-content\/uploads\/inverma_logo_neu-e1545358251143.png","width":280,"height":74,"caption":"INVERMA Johannes Lange GmbH+Co KG"},"image":{"@id":"https:\/\/inverma.de\/en\/#\/schema\/logo\/image\/"},"sameAs":["https:\/\/www.facebook.com\/inverma.lange"]}]}},"_links":{"self":[{"href":"https:\/\/inverma.de\/en\/wp-json\/wp\/v2\/pages\/6489"}],"collection":[{"href":"https:\/\/inverma.de\/en\/wp-json\/wp\/v2\/pages"}],"about":[{"href":"https:\/\/inverma.de\/en\/wp-json\/wp\/v2\/types\/page"}],"author":[{"embeddable":true,"href":"https:\/\/inverma.de\/en\/wp-json\/wp\/v2\/users\/9"}],"replies":[{"embeddable":true,"href":"https:\/\/inverma.de\/en\/wp-json\/wp\/v2\/comments?post=6489"}],"version-history":[{"count":0,"href":"https:\/\/inverma.de\/en\/wp-json\/wp\/v2\/pages\/6489\/revisions"}],"up":[{"embeddable":true,"href":"https:\/\/inverma.de\/en\/wp-json\/wp\/v2\/pages\/6311"}],"wp:featuredmedia":[{"embeddable":true,"href":"https:\/\/inverma.de\/en\/wp-json\/wp\/v2\/media\/6984"}],"wp:attachment":[{"href":"https:\/\/inverma.de\/en\/wp-json\/wp\/v2\/media?parent=6489"}],"curies":[{"name":"wp","href":"https:\/\/api.w.org\/{rel}","templated":true}]}}