{"id":6323,"date":"2017-10-25T16:02:18","date_gmt":"2017-10-25T14:02:18","guid":{"rendered":"http:\/\/inverma.de\/?page_id=6323"},"modified":"2019-10-23T13:45:51","modified_gmt":"2019-10-23T11:45:51","slug":"%d0%bf%d1%80%d0%be%d0%b4%d1%83%d0%ba%d1%82%d1%8b-%d0%b4%d0%bb%d1%8f-%d0%b6%d0%b5%d0%bd%d1%89%d0%b8%d0%bd-%d0%b8-%d0%bc%d1%83%d0%b6%d1%87%d0%b8%d0%bd","status":"publish","type":"page","link":"https:\/\/inverma.de\/ru\/%d0%bf%d1%80%d0%be%d0%b4%d1%83%d0%ba%d1%82%d1%8b-5\/%d0%bf%d1%80%d0%be%d0%b4%d1%83%d0%ba%d1%82%d1%8b-%d0%b4%d0%bb%d1%8f-%d0%b6%d0%b5%d0%bd%d1%89%d0%b8%d0%bd-%d0%b8-%d0%bc%d1%83%d0%b6%d1%87%d0%b8%d0%bd\/","title":{"rendered":"\u043f\u0440\u043e\u0434\u0443\u043a\u0442\u044b \u0434\u043b\u044f \u0436\u0435\u043d\u0449\u0438\u043d \u0438 \u043c\u0443\u0436\u0447\u0438\u043d"},"content":{"rendered":"[et_pb_section bb_built=&#187;1&#8243; inner_width_tablet=&#187;50px&#187; inner_max_width_tablet=&#187;50px&#187; _builder_version=&#187;3.22.4&#8243; custom_padding=&#187;0px|||&#187; z_index_tablet=&#187;500&#8243; custom_margin=&#187;||5%|&#187;][et_pb_row _builder_version=&#187;3.22.4&#8243; custom_padding=&#187;0px||0px|&#187; z_index_tablet=&#187;500&#8243;][et_pb_column type=&#187;4_4&#8243;][et_pb_post_title _builder_version=&#187;3.22.4&#8243; meta=&#187;off&#187; featured_image=&#187;off&#187; text_shadow_horizontal_length=&#187;text_shadow_style,%91object Object%93&#8243; text_shadow_vertical_length=&#187;text_shadow_style,%91object Object%93&#8243; text_shadow_blur_strength=&#187;text_shadow_style,%91object Object%93&#8243; title_text_shadow_horizontal_length=&#187;title_text_shadow_style,%91object Object%93&#8243; title_text_shadow_vertical_length=&#187;title_text_shadow_style,%91object Object%93&#8243; title_text_shadow_blur_strength=&#187;title_text_shadow_style,%91object Object%93&#8243; meta_text_shadow_horizontal_length=&#187;meta_text_shadow_style,%91object Object%93&#8243; meta_text_shadow_vertical_length=&#187;meta_text_shadow_style,%91object Object%93&#8243; meta_text_shadow_blur_strength=&#187;meta_text_shadow_style,%91object Object%93&#8243; z_index_tablet=&#187;500&#8243; \/][\/et_pb_column][\/et_pb_row][et_pb_row _builder_version=&#187;3.22.4&#8243; z_index_tablet=&#187;500&#8243; background_position=&#187;top_left&#187; background_repeat=&#187;repeat&#187; background_size=&#187;initial&#187; background_color_1=&#187;#ffffff&#187; background_color_2=&#187;#ffffff&#187; background_color_3=&#187;#ffffff&#187; make_equal=&#187;on&#187; module_class_1=&#187;box-shadow&#187; module_class_2=&#187;box-shadow&#187; module_class_3=&#187;box-shadow&#187;][et_pb_column type=&#187;1_3&#8243;][et_pb_button admin_label=&#187;212 CLITO-KITZLER JIL&#187; _builder_version=&#187;3.22.4&#8243; button_text=&#187;212 CLITO-KITZLER JIL&#187; button_url=&#187;http:\/\/inverma.de\/ru\/%d0%bf%d1%80%d0%be%d0%b4%d1%83%d0%ba%d1%82%d1%8b\/%d0%bf%d1%80%d0%be%d0%b4%d1%83%d0%ba%d1%82%d1%8b-%d0%b4%d0%bb%d1%8f-%d0%b6%d0%b5%d0%bd%d1%89%d0%b8%d0%bd-%d0%b8-%d0%bc%d1%83%d0%b6%d1%87%d0%b8%d0%bd\/jil\/&#187; button_text_shadow_horizontal_length=&#187;button_text_shadow_style,%91object Object%93&#8243; button_text_shadow_vertical_length=&#187;button_text_shadow_style,%91object Object%93&#8243; button_text_shadow_blur_strength=&#187;button_text_shadow_style,%91object Object%93&#8243; z_index_tablet=&#187;500&#8243; button_alignment=&#187;center&#187; background_layout=&#187;dark&#187; animation_style=&#187;slide&#187; custom_css_main_element=&#187;width: 100%;&#187; custom_margin=&#187;||0px|&#187; custom_button=&#187;on&#187; button_bg_size=&#187;initial&#187; button_bg_position=&#187;top_right&#187; button_text_size=&#187;16&#8243; \/][et_pb_image _builder_version=&#187;3.22.4&#8243; src=&#187;http:\/\/inverma.de\/wp-content\/uploads\/klitoris-kitzler21290-e1428333109283.png&#187; url=&#187;http:\/\/inverma.de\/ru\/%d0%bf%d1%80%d0%be%d0%b4%d1%83%d0%ba%d1%82%d1%8b\/%d0%bf%d1%80%d0%be%d0%b4%d1%83%d0%ba%d1%82%d1%8b-%d0%b4%d0%bb%d1%8f-%d0%b6%d0%b5%d0%bd%d1%89%d0%b8%d0%bd-%d0%b8-%d0%bc%d1%83%d0%b6%d1%87%d0%b8%d0%bd\/jil\/&#187; z_index_tablet=&#187;500&#8243; align=&#187;center&#187; show_bottom_space=&#187;off&#187; custom_padding=&#187;5%|5%|5%|5%&#187; max_height=&#187;160px&#187; \/][\/et_pb_column][et_pb_column type=&#187;1_3&#8243;][et_pb_button admin_label=&#187;22090 WOLLUST-HOPPER&#187; _builder_version=&#187;3.22.4&#8243; button_text=&#187;22090 WOLLUST-HOPPER&#187; button_url=&#187;http:\/\/inverma.de\/ru\/%d0%bf%d1%80%d0%be%d0%b4%d1%83%d0%ba%d1%82%d1%8b\/%d0%bf%d1%80%d0%be%d0%b4%d1%83%d0%ba%d1%82%d1%8b-%d0%b4%d0%bb%d1%8f-%d0%b6%d0%b5%d0%bd%d1%89%d0%b8%d0%bd-%d0%b8-%d0%bc%d1%83%d0%b6%d1%87%d0%b8%d0%bd\/wollust-hopper\/&#187; button_text_shadow_horizontal_length=&#187;button_text_shadow_style,%91object Object%93&#8243; button_text_shadow_vertical_length=&#187;button_text_shadow_style,%91object Object%93&#8243; button_text_shadow_blur_strength=&#187;button_text_shadow_style,%91object Object%93&#8243; z_index_tablet=&#187;500&#8243; button_alignment=&#187;center&#187; background_layout=&#187;dark&#187; animation_style=&#187;slide&#187; custom_css_main_element=&#187;width: 100%;&#187; custom_margin=&#187;||0px|&#187; custom_button=&#187;on&#187; button_text_size=&#187;16&#8243; \/][et_pb_image _builder_version=&#187;3.22.4&#8243; src=&#187;http:\/\/inverma.de\/wp-content\/uploads\/wollust-hopper22090-e1428333052890.png&#187; url=&#187;http:\/\/inverma.de\/ru\/%d0%bf%d1%80%d0%be%d0%b4%d1%83%d0%ba%d1%82%d1%8b\/%d0%bf%d1%80%d0%be%d0%b4%d1%83%d0%ba%d1%82%d1%8b-%d0%b4%d0%bb%d1%8f-%d0%b6%d0%b5%d0%bd%d1%89%d0%b8%d0%bd-%d0%b8-%d0%bc%d1%83%d0%b6%d1%87%d0%b8%d0%bd\/wollust-hopper\/&#187; z_index_tablet=&#187;500&#8243; align=&#187;center&#187; show_bottom_space=&#187;off&#187; custom_padding=&#187;5%|5%|5%|5%&#187; max_height=&#187;160px&#187; \/][\/et_pb_column][et_pb_column type=&#187;1_3&#8243;][et_pb_button admin_label=&#187;222 TRI-SEX-DOPPLER&#187; _builder_version=&#187;3.22.4&#8243; button_text=&#187;222 TRI-SEX-DOPPLER&#187; button_url=&#187;http:\/\/inverma.de\/ru\/%d0%bf%d1%80%d0%be%d0%b4%d1%83%d0%ba%d1%82%d1%8b\/%d0%bf%d1%80%d0%be%d0%b4%d1%83%d0%ba%d1%82%d1%8b-%d0%b4%d0%bb%d1%8f-%d0%b6%d0%b5%d0%bd%d1%89%d0%b8%d0%bd-%d0%b8-%d0%bc%d1%83%d0%b6%d1%87%d0%b8%d0%bd\/tri-sex-doppler\/&#187; button_text_shadow_horizontal_length=&#187;button_text_shadow_style,%91object Object%93&#8243; button_text_shadow_vertical_length=&#187;button_text_shadow_style,%91object Object%93&#8243; button_text_shadow_blur_strength=&#187;button_text_shadow_style,%91object Object%93&#8243; z_index_tablet=&#187;500&#8243; button_alignment=&#187;center&#187; background_layout=&#187;dark&#187; animation_style=&#187;slide&#187; custom_css_main_element=&#187;width: 100%;&#187; custom_margin=&#187;||0px|&#187; custom_button=&#187;on&#187; button_text_size=&#187;16&#8243; \/][et_pb_image _builder_version=&#187;3.22.4&#8243; src=&#187;http:\/\/inverma.de\/wp-content\/uploads\/tri-sex-doppler22290-e1428333037985.png&#187; url=&#187;http:\/\/inverma.de\/ru\/%d0%bf%d1%80%d0%be%d0%b4%d1%83%d0%ba%d1%82%d1%8b\/%d0%bf%d1%80%d0%be%d0%b4%d1%83%d0%ba%d1%82%d1%8b-%d0%b4%d0%bb%d1%8f-%d0%b6%d0%b5%d0%bd%d1%89%d0%b8%d0%bd-%d0%b8-%d0%bc%d1%83%d0%b6%d1%87%d0%b8%d0%bd\/tri-sex-doppler\/&#187; z_index_tablet=&#187;500&#8243; align=&#187;center&#187; show_bottom_space=&#187;off&#187; custom_padding=&#187;5%|5%|5%|5%&#187; max_height=&#187;160px&#187; \/][\/et_pb_column][\/et_pb_row][\/et_pb_section]\n","protected":false},"excerpt":{"rendered":"","protected":false},"author":8,"featured_media":7151,"parent":6249,"menu_order":17,"comment_status":"closed","ping_status":"closed","template":"","meta":{"_et_pb_use_builder":"on","_et_pb_old_content":"[su_row class=\"marginbottom\"]\r\n[su_column size=\"1\/3\"]\r\n<div class=\"box-150\">[su_box title=\"212 Clito-Kitzler Jil\" box_color=\"#e2007a\"]\r\n<a title=\"Klitoris Kitzler\" href=\"\/?page_id=2069\"><img class=\"aligncenter wp-image-1929\" src=\"http:\/\/inverma.de\/wp-content\/uploads\/klitoris-kitzler21290-e1428333109283.png\" alt=\"title=\" width=\"106\" height=\"140\" \/><\/a><\/div>\r\n[\/su_box]\r\n[\/su_column]\r\n[su_column size=\"1\/3\"]\r\n<div class=\"box-150\">[su_box title=\"22090 Wollust-Hopper\" box_color=\"#e2007a\"]\r\n<a title=\"Wollust-Hopper\" href=\"\/?page_id=2074\"><img class=\"aligncenter wp-image-1932\" src=\"http:\/\/inverma.de\/wp-content\/uploads\/wollust-hopper22090-e1428333052890.png\" alt=\"Wollust-Hopper\" width=\"88\" height=\"140\" \/><\/a><\/div>\r\n[\/su_box]\r\n[\/su_column]\r\n[su_column size=\"1\/3\"]\r\n<div class=\"box-150\">[su_box title=\"222 TRI-SEX-DOPPLER\" box_color=\"#e2007a\"]\r\n<a title=\"Tri-Sex-Doppler\" href=\"\/?page_id=2079\"><img class=\"aligncenter wp-image-1933\" src=\"http:\/\/inverma.de\/wp-content\/uploads\/tri-sex-doppler22290-e1428333037985.png\" alt=\"Tri-Sex-Doppler\" width=\"98\" height=\"140\" \/><\/a><\/div>\r\n[\/su_box]\r\n[\/su_column]\r\n[\/su_row]","_et_gb_content_width":"","footnotes":""},"yoast_head":"<!-- This site is optimized with the Yoast SEO plugin v22.2 - https:\/\/yoast.com\/wordpress\/plugins\/seo\/ -->\n<title>\u041f\u0420\u041e\u0414\u0423\u041a\u0422\u042b \u0414\u041b\u042f \u0416\u0415\u041d\u0429\u0418\u041d \u0418 \u041c\u0423\u0416\u0427\u0418\u041d - \u0418\u041d\u0412\u0415\u0420\u041c\u0410<\/title>\n<meta name=\"description\" content=\"\u0418\u041d\u0412\u0415\u0420\u041c\u0410 &quot;Produkte f\u00fcr sie und ihn&quot; k\u00f6nnen f\u00fcr das Intimleben von Mann und Frau wunderbare Lustbereiter in der Partner-Beziehung sein.\" \/>\n<meta name=\"robots\" content=\"index, follow, max-snippet:-1, max-image-preview:large, max-video-preview:-1\" \/>\n<link rel=\"canonical\" href=\"https:\/\/inverma.de\/ru\/%d0%bf%d1%80%d0%be%d0%b4%d1%83%d0%ba%d1%82%d1%8b-5\/%d0%bf%d1%80%d0%be%d0%b4%d1%83%d0%ba%d1%82%d1%8b-%d0%b4%d0%bb%d1%8f-%d0%b6%d0%b5%d0%bd%d1%89%d0%b8%d0%bd-%d0%b8-%d0%bc%d1%83%d0%b6%d1%87%d0%b8%d0%bd\/\" \/>\n<meta property=\"og:locale\" content=\"ru_RU\" \/>\n<meta property=\"og:type\" content=\"article\" \/>\n<meta property=\"og:title\" content=\"\u041f\u0420\u041e\u0414\u0423\u041a\u0422\u042b \u0414\u041b\u042f \u0416\u0415\u041d\u0429\u0418\u041d \u0418 \u041c\u0423\u0416\u0427\u0418\u041d - \u0418\u041d\u0412\u0415\u0420\u041c\u0410\" \/>\n<meta property=\"og:description\" content=\"\u0418\u041d\u0412\u0415\u0420\u041c\u0410 &quot;Produkte f\u00fcr sie und ihn&quot; k\u00f6nnen f\u00fcr das Intimleben von Mann und Frau wunderbare Lustbereiter in der Partner-Beziehung sein.\" \/>\n<meta property=\"og:url\" content=\"https:\/\/inverma.de\/ru\/%d0%bf%d1%80%d0%be%d0%b4%d1%83%d0%ba%d1%82%d1%8b-5\/%d0%bf%d1%80%d0%be%d0%b4%d1%83%d0%ba%d1%82%d1%8b-%d0%b4%d0%bb%d1%8f-%d0%b6%d0%b5%d0%bd%d1%89%d0%b8%d0%bd-%d0%b8-%d0%bc%d1%83%d0%b6%d1%87%d0%b8%d0%bd\/\" \/>\n<meta property=\"og:site_name\" content=\"INVERMA\" \/>\n<meta property=\"article:publisher\" content=\"https:\/\/www.facebook.com\/inverma.lange\" \/>\n<meta property=\"article:modified_time\" content=\"2019-10-23T11:45:51+00:00\" \/>\n<meta property=\"og:image\" content=\"https:\/\/inverma.de\/wp-content\/uploads\/slider6.jpg\" \/>\n\t<meta property=\"og:image:width\" content=\"340\" \/>\n\t<meta property=\"og:image:height\" content=\"240\" \/>\n\t<meta property=\"og:image:type\" content=\"image\/jpeg\" \/>\n<meta name=\"twitter:label1\" content=\"\u041f\u0440\u0438\u043c\u0435\u0440\u043d\u043e\u0435 \u0432\u0440\u0435\u043c\u044f \u0434\u043b\u044f \u0447\u0442\u0435\u043d\u0438\u044f\" \/>\n\t<meta name=\"twitter:data1\" content=\"4 \u043c\u0438\u043d\u0443\u0442\u044b\" \/>\n<script type=\"application\/ld+json\" class=\"yoast-schema-graph\">{\"@context\":\"https:\/\/schema.org\",\"@graph\":[{\"@type\":\"WebPage\",\"@id\":\"https:\/\/inverma.de\/ru\/%d0%bf%d1%80%d0%be%d0%b4%d1%83%d0%ba%d1%82%d1%8b-5\/%d0%bf%d1%80%d0%be%d0%b4%d1%83%d0%ba%d1%82%d1%8b-%d0%b4%d0%bb%d1%8f-%d0%b6%d0%b5%d0%bd%d1%89%d0%b8%d0%bd-%d0%b8-%d0%bc%d1%83%d0%b6%d1%87%d0%b8%d0%bd\/\",\"url\":\"https:\/\/inverma.de\/ru\/%d0%bf%d1%80%d0%be%d0%b4%d1%83%d0%ba%d1%82%d1%8b-5\/%d0%bf%d1%80%d0%be%d0%b4%d1%83%d0%ba%d1%82%d1%8b-%d0%b4%d0%bb%d1%8f-%d0%b6%d0%b5%d0%bd%d1%89%d0%b8%d0%bd-%d0%b8-%d0%bc%d1%83%d0%b6%d1%87%d0%b8%d0%bd\/\",\"name\":\"\u041f\u0420\u041e\u0414\u0423\u041a\u0422\u042b \u0414\u041b\u042f \u0416\u0415\u041d\u0429\u0418\u041d \u0418 \u041c\u0423\u0416\u0427\u0418\u041d - \u0418\u041d\u0412\u0415\u0420\u041c\u0410\",\"isPartOf\":{\"@id\":\"https:\/\/inverma.de\/ru\/#website\"},\"primaryImageOfPage\":{\"@id\":\"https:\/\/inverma.de\/ru\/%d0%bf%d1%80%d0%be%d0%b4%d1%83%d0%ba%d1%82%d1%8b-5\/%d0%bf%d1%80%d0%be%d0%b4%d1%83%d0%ba%d1%82%d1%8b-%d0%b4%d0%bb%d1%8f-%d0%b6%d0%b5%d0%bd%d1%89%d0%b8%d0%bd-%d0%b8-%d0%bc%d1%83%d0%b6%d1%87%d0%b8%d0%bd\/#primaryimage\"},\"image\":{\"@id\":\"https:\/\/inverma.de\/ru\/%d0%bf%d1%80%d0%be%d0%b4%d1%83%d0%ba%d1%82%d1%8b-5\/%d0%bf%d1%80%d0%be%d0%b4%d1%83%d0%ba%d1%82%d1%8b-%d0%b4%d0%bb%d1%8f-%d0%b6%d0%b5%d0%bd%d1%89%d0%b8%d0%bd-%d0%b8-%d0%bc%d1%83%d0%b6%d1%87%d0%b8%d0%bd\/#primaryimage\"},\"thumbnailUrl\":\"https:\/\/inverma.de\/wp-content\/uploads\/slider6.jpg\",\"datePublished\":\"2017-10-25T14:02:18+00:00\",\"dateModified\":\"2019-10-23T11:45:51+00:00\",\"description\":\"\u0418\u041d\u0412\u0415\u0420\u041c\u0410 \\\"Produkte f\u00fcr sie und ihn\\\" k\u00f6nnen f\u00fcr das Intimleben von Mann und Frau wunderbare Lustbereiter in der Partner-Beziehung sein.\",\"breadcrumb\":{\"@id\":\"https:\/\/inverma.de\/ru\/%d0%bf%d1%80%d0%be%d0%b4%d1%83%d0%ba%d1%82%d1%8b-5\/%d0%bf%d1%80%d0%be%d0%b4%d1%83%d0%ba%d1%82%d1%8b-%d0%b4%d0%bb%d1%8f-%d0%b6%d0%b5%d0%bd%d1%89%d0%b8%d0%bd-%d0%b8-%d0%bc%d1%83%d0%b6%d1%87%d0%b8%d0%bd\/#breadcrumb\"},\"inLanguage\":\"ru-RU\",\"potentialAction\":[{\"@type\":\"ReadAction\",\"target\":[\"https:\/\/inverma.de\/ru\/%d0%bf%d1%80%d0%be%d0%b4%d1%83%d0%ba%d1%82%d1%8b-5\/%d0%bf%d1%80%d0%be%d0%b4%d1%83%d0%ba%d1%82%d1%8b-%d0%b4%d0%bb%d1%8f-%d0%b6%d0%b5%d0%bd%d1%89%d0%b8%d0%bd-%d0%b8-%d0%bc%d1%83%d0%b6%d1%87%d0%b8%d0%bd\/\"]}]},{\"@type\":\"ImageObject\",\"inLanguage\":\"ru-RU\",\"@id\":\"https:\/\/inverma.de\/ru\/%d0%bf%d1%80%d0%be%d0%b4%d1%83%d0%ba%d1%82%d1%8b-5\/%d0%bf%d1%80%d0%be%d0%b4%d1%83%d0%ba%d1%82%d1%8b-%d0%b4%d0%bb%d1%8f-%d0%b6%d0%b5%d0%bd%d1%89%d0%b8%d0%bd-%d0%b8-%d0%bc%d1%83%d0%b6%d1%87%d0%b8%d0%bd\/#primaryimage\",\"url\":\"https:\/\/inverma.de\/wp-content\/uploads\/slider6.jpg\",\"contentUrl\":\"https:\/\/inverma.de\/wp-content\/uploads\/slider6.jpg\",\"width\":340,\"height\":240},{\"@type\":\"BreadcrumbList\",\"@id\":\"https:\/\/inverma.de\/ru\/%d0%bf%d1%80%d0%be%d0%b4%d1%83%d0%ba%d1%82%d1%8b-5\/%d0%bf%d1%80%d0%be%d0%b4%d1%83%d0%ba%d1%82%d1%8b-%d0%b4%d0%bb%d1%8f-%d0%b6%d0%b5%d0%bd%d1%89%d0%b8%d0%bd-%d0%b8-%d0%bc%d1%83%d0%b6%d1%87%d0%b8%d0%bd\/#breadcrumb\",\"itemListElement\":[{\"@type\":\"ListItem\",\"position\":1,\"name\":\"Home\",\"item\":\"https:\/\/inverma.de\/ru\/\"},{\"@type\":\"ListItem\",\"position\":2,\"name\":\"\u043f\u0440\u043e\u0434\u0443\u043a\u0442\u044b \u0434\u043b\u044f \u0436\u0435\u043d\u0449\u0438\u043d\",\"item\":\"https:\/\/inverma.de\/ru\/produkte\/fuer-sie\/\"},{\"@type\":\"ListItem\",\"position\":3,\"name\":\"\u043f\u0440\u043e\u0434\u0443\u043a\u0442\u044b \u0434\u043b\u044f \u0436\u0435\u043d\u0449\u0438\u043d \u0438 \u043c\u0443\u0436\u0447\u0438\u043d\"}]},{\"@type\":\"WebSite\",\"@id\":\"https:\/\/inverma.de\/ru\/#website\",\"url\":\"https:\/\/inverma.de\/ru\/\",\"name\":\"INVERMA\",\"description\":\"Come in to the world of erotic and exotic\",\"publisher\":{\"@id\":\"https:\/\/inverma.de\/ru\/#organization\"},\"potentialAction\":[{\"@type\":\"SearchAction\",\"target\":{\"@type\":\"EntryPoint\",\"urlTemplate\":\"https:\/\/inverma.de\/ru\/?s={search_term_string}\"},\"query-input\":\"required name=search_term_string\"}],\"inLanguage\":\"ru-RU\"},{\"@type\":\"Organization\",\"@id\":\"https:\/\/inverma.de\/ru\/#organization\",\"name\":\"INVERMA Johannes Lange GmbH+Co KG\",\"url\":\"https:\/\/inverma.de\/ru\/\",\"logo\":{\"@type\":\"ImageObject\",\"inLanguage\":\"ru-RU\",\"@id\":\"https:\/\/inverma.de\/ru\/#\/schema\/logo\/image\/\",\"url\":\"https:\/\/inverma.de\/wp-content\/uploads\/inverma_logo_neu-e1545358251143.png\",\"contentUrl\":\"https:\/\/inverma.de\/wp-content\/uploads\/inverma_logo_neu-e1545358251143.png\",\"width\":280,\"height\":74,\"caption\":\"INVERMA Johannes Lange GmbH+Co KG\"},\"image\":{\"@id\":\"https:\/\/inverma.de\/ru\/#\/schema\/logo\/image\/\"},\"sameAs\":[\"https:\/\/www.facebook.com\/inverma.lange\"]}]}<\/script>\n<!-- \/ Yoast SEO plugin. -->","yoast_head_json":{"title":"\u041f\u0420\u041e\u0414\u0423\u041a\u0422\u042b \u0414\u041b\u042f \u0416\u0415\u041d\u0429\u0418\u041d \u0418 \u041c\u0423\u0416\u0427\u0418\u041d - \u0418\u041d\u0412\u0415\u0420\u041c\u0410","description":"\u0418\u041d\u0412\u0415\u0420\u041c\u0410 \"Produkte f\u00fcr sie und ihn\" k\u00f6nnen f\u00fcr das Intimleben von Mann und Frau wunderbare Lustbereiter in der Partner-Beziehung sein.","robots":{"index":"index","follow":"follow","max-snippet":"max-snippet:-1","max-image-preview":"max-image-preview:large","max-video-preview":"max-video-preview:-1"},"canonical":"https:\/\/inverma.de\/ru\/%d0%bf%d1%80%d0%be%d0%b4%d1%83%d0%ba%d1%82%d1%8b-5\/%d0%bf%d1%80%d0%be%d0%b4%d1%83%d0%ba%d1%82%d1%8b-%d0%b4%d0%bb%d1%8f-%d0%b6%d0%b5%d0%bd%d1%89%d0%b8%d0%bd-%d0%b8-%d0%bc%d1%83%d0%b6%d1%87%d0%b8%d0%bd\/","og_locale":"ru_RU","og_type":"article","og_title":"\u041f\u0420\u041e\u0414\u0423\u041a\u0422\u042b \u0414\u041b\u042f \u0416\u0415\u041d\u0429\u0418\u041d \u0418 \u041c\u0423\u0416\u0427\u0418\u041d - \u0418\u041d\u0412\u0415\u0420\u041c\u0410","og_description":"\u0418\u041d\u0412\u0415\u0420\u041c\u0410 \"Produkte f\u00fcr sie und ihn\" k\u00f6nnen f\u00fcr das Intimleben von Mann und Frau wunderbare Lustbereiter in der Partner-Beziehung sein.","og_url":"https:\/\/inverma.de\/ru\/%d0%bf%d1%80%d0%be%d0%b4%d1%83%d0%ba%d1%82%d1%8b-5\/%d0%bf%d1%80%d0%be%d0%b4%d1%83%d0%ba%d1%82%d1%8b-%d0%b4%d0%bb%d1%8f-%d0%b6%d0%b5%d0%bd%d1%89%d0%b8%d0%bd-%d0%b8-%d0%bc%d1%83%d0%b6%d1%87%d0%b8%d0%bd\/","og_site_name":"INVERMA","article_publisher":"https:\/\/www.facebook.com\/inverma.lange","article_modified_time":"2019-10-23T11:45:51+00:00","og_image":[{"width":340,"height":240,"url":"https:\/\/inverma.de\/wp-content\/uploads\/slider6.jpg","type":"image\/jpeg"}],"twitter_misc":{"\u041f\u0440\u0438\u043c\u0435\u0440\u043d\u043e\u0435 \u0432\u0440\u0435\u043c\u044f \u0434\u043b\u044f \u0447\u0442\u0435\u043d\u0438\u044f":"4 \u043c\u0438\u043d\u0443\u0442\u044b"},"schema":{"@context":"https:\/\/schema.org","@graph":[{"@type":"WebPage","@id":"https:\/\/inverma.de\/ru\/%d0%bf%d1%80%d0%be%d0%b4%d1%83%d0%ba%d1%82%d1%8b-5\/%d0%bf%d1%80%d0%be%d0%b4%d1%83%d0%ba%d1%82%d1%8b-%d0%b4%d0%bb%d1%8f-%d0%b6%d0%b5%d0%bd%d1%89%d0%b8%d0%bd-%d0%b8-%d0%bc%d1%83%d0%b6%d1%87%d0%b8%d0%bd\/","url":"https:\/\/inverma.de\/ru\/%d0%bf%d1%80%d0%be%d0%b4%d1%83%d0%ba%d1%82%d1%8b-5\/%d0%bf%d1%80%d0%be%d0%b4%d1%83%d0%ba%d1%82%d1%8b-%d0%b4%d0%bb%d1%8f-%d0%b6%d0%b5%d0%bd%d1%89%d0%b8%d0%bd-%d0%b8-%d0%bc%d1%83%d0%b6%d1%87%d0%b8%d0%bd\/","name":"\u041f\u0420\u041e\u0414\u0423\u041a\u0422\u042b \u0414\u041b\u042f \u0416\u0415\u041d\u0429\u0418\u041d \u0418 \u041c\u0423\u0416\u0427\u0418\u041d - \u0418\u041d\u0412\u0415\u0420\u041c\u0410","isPartOf":{"@id":"https:\/\/inverma.de\/ru\/#website"},"primaryImageOfPage":{"@id":"https:\/\/inverma.de\/ru\/%d0%bf%d1%80%d0%be%d0%b4%d1%83%d0%ba%d1%82%d1%8b-5\/%d0%bf%d1%80%d0%be%d0%b4%d1%83%d0%ba%d1%82%d1%8b-%d0%b4%d0%bb%d1%8f-%d0%b6%d0%b5%d0%bd%d1%89%d0%b8%d0%bd-%d0%b8-%d0%bc%d1%83%d0%b6%d1%87%d0%b8%d0%bd\/#primaryimage"},"image":{"@id":"https:\/\/inverma.de\/ru\/%d0%bf%d1%80%d0%be%d0%b4%d1%83%d0%ba%d1%82%d1%8b-5\/%d0%bf%d1%80%d0%be%d0%b4%d1%83%d0%ba%d1%82%d1%8b-%d0%b4%d0%bb%d1%8f-%d0%b6%d0%b5%d0%bd%d1%89%d0%b8%d0%bd-%d0%b8-%d0%bc%d1%83%d0%b6%d1%87%d0%b8%d0%bd\/#primaryimage"},"thumbnailUrl":"https:\/\/inverma.de\/wp-content\/uploads\/slider6.jpg","datePublished":"2017-10-25T14:02:18+00:00","dateModified":"2019-10-23T11:45:51+00:00","description":"\u0418\u041d\u0412\u0415\u0420\u041c\u0410 \"Produkte f\u00fcr sie und ihn\" k\u00f6nnen f\u00fcr das Intimleben von Mann und Frau wunderbare Lustbereiter in der Partner-Beziehung sein.","breadcrumb":{"@id":"https:\/\/inverma.de\/ru\/%d0%bf%d1%80%d0%be%d0%b4%d1%83%d0%ba%d1%82%d1%8b-5\/%d0%bf%d1%80%d0%be%d0%b4%d1%83%d0%ba%d1%82%d1%8b-%d0%b4%d0%bb%d1%8f-%d0%b6%d0%b5%d0%bd%d1%89%d0%b8%d0%bd-%d0%b8-%d0%bc%d1%83%d0%b6%d1%87%d0%b8%d0%bd\/#breadcrumb"},"inLanguage":"ru-RU","potentialAction":[{"@type":"ReadAction","target":["https:\/\/inverma.de\/ru\/%d0%bf%d1%80%d0%be%d0%b4%d1%83%d0%ba%d1%82%d1%8b-5\/%d0%bf%d1%80%d0%be%d0%b4%d1%83%d0%ba%d1%82%d1%8b-%d0%b4%d0%bb%d1%8f-%d0%b6%d0%b5%d0%bd%d1%89%d0%b8%d0%bd-%d0%b8-%d0%bc%d1%83%d0%b6%d1%87%d0%b8%d0%bd\/"]}]},{"@type":"ImageObject","inLanguage":"ru-RU","@id":"https:\/\/inverma.de\/ru\/%d0%bf%d1%80%d0%be%d0%b4%d1%83%d0%ba%d1%82%d1%8b-5\/%d0%bf%d1%80%d0%be%d0%b4%d1%83%d0%ba%d1%82%d1%8b-%d0%b4%d0%bb%d1%8f-%d0%b6%d0%b5%d0%bd%d1%89%d0%b8%d0%bd-%d0%b8-%d0%bc%d1%83%d0%b6%d1%87%d0%b8%d0%bd\/#primaryimage","url":"https:\/\/inverma.de\/wp-content\/uploads\/slider6.jpg","contentUrl":"https:\/\/inverma.de\/wp-content\/uploads\/slider6.jpg","width":340,"height":240},{"@type":"BreadcrumbList","@id":"https:\/\/inverma.de\/ru\/%d0%bf%d1%80%d0%be%d0%b4%d1%83%d0%ba%d1%82%d1%8b-5\/%d0%bf%d1%80%d0%be%d0%b4%d1%83%d0%ba%d1%82%d1%8b-%d0%b4%d0%bb%d1%8f-%d0%b6%d0%b5%d0%bd%d1%89%d0%b8%d0%bd-%d0%b8-%d0%bc%d1%83%d0%b6%d1%87%d0%b8%d0%bd\/#breadcrumb","itemListElement":[{"@type":"ListItem","position":1,"name":"Home","item":"https:\/\/inverma.de\/ru\/"},{"@type":"ListItem","position":2,"name":"\u043f\u0440\u043e\u0434\u0443\u043a\u0442\u044b \u0434\u043b\u044f \u0436\u0435\u043d\u0449\u0438\u043d","item":"https:\/\/inverma.de\/ru\/produkte\/fuer-sie\/"},{"@type":"ListItem","position":3,"name":"\u043f\u0440\u043e\u0434\u0443\u043a\u0442\u044b \u0434\u043b\u044f \u0436\u0435\u043d\u0449\u0438\u043d \u0438 \u043c\u0443\u0436\u0447\u0438\u043d"}]},{"@type":"WebSite","@id":"https:\/\/inverma.de\/ru\/#website","url":"https:\/\/inverma.de\/ru\/","name":"INVERMA","description":"Come in to the world of erotic and exotic","publisher":{"@id":"https:\/\/inverma.de\/ru\/#organization"},"potentialAction":[{"@type":"SearchAction","target":{"@type":"EntryPoint","urlTemplate":"https:\/\/inverma.de\/ru\/?s={search_term_string}"},"query-input":"required name=search_term_string"}],"inLanguage":"ru-RU"},{"@type":"Organization","@id":"https:\/\/inverma.de\/ru\/#organization","name":"INVERMA Johannes Lange GmbH+Co KG","url":"https:\/\/inverma.de\/ru\/","logo":{"@type":"ImageObject","inLanguage":"ru-RU","@id":"https:\/\/inverma.de\/ru\/#\/schema\/logo\/image\/","url":"https:\/\/inverma.de\/wp-content\/uploads\/inverma_logo_neu-e1545358251143.png","contentUrl":"https:\/\/inverma.de\/wp-content\/uploads\/inverma_logo_neu-e1545358251143.png","width":280,"height":74,"caption":"INVERMA Johannes Lange GmbH+Co KG"},"image":{"@id":"https:\/\/inverma.de\/ru\/#\/schema\/logo\/image\/"},"sameAs":["https:\/\/www.facebook.com\/inverma.lange"]}]}},"_links":{"self":[{"href":"https:\/\/inverma.de\/ru\/wp-json\/wp\/v2\/pages\/6323"}],"collection":[{"href":"https:\/\/inverma.de\/ru\/wp-json\/wp\/v2\/pages"}],"about":[{"href":"https:\/\/inverma.de\/ru\/wp-json\/wp\/v2\/types\/page"}],"author":[{"embeddable":true,"href":"https:\/\/inverma.de\/ru\/wp-json\/wp\/v2\/users\/8"}],"replies":[{"embeddable":true,"href":"https:\/\/inverma.de\/ru\/wp-json\/wp\/v2\/comments?post=6323"}],"version-history":[{"count":0,"href":"https:\/\/inverma.de\/ru\/wp-json\/wp\/v2\/pages\/6323\/revisions"}],"up":[{"embeddable":true,"href":"https:\/\/inverma.de\/ru\/wp-json\/wp\/v2\/pages\/6249"}],"wp:featuredmedia":[{"embeddable":true,"href":"https:\/\/inverma.de\/ru\/wp-json\/wp\/v2\/media\/7151"}],"wp:attachment":[{"href":"https:\/\/inverma.de\/ru\/wp-json\/wp\/v2\/media?parent=6323"}],"curies":[{"name":"wp","href":"https:\/\/api.w.org\/{rel}","templated":true}]}}