{"id":10743,"date":"2020-03-17T16:57:28","date_gmt":"2020-03-17T15:57:28","guid":{"rendered":"https:\/\/inverma.de\/%d0%bf%d1%80%d0%be%d0%b4%d1%83%d0%ba%d1%86%d1%96%d1%8f\/%d0%bf%d1%80%d0%be%d0%b4%d1%83%d0%ba%d1%82%d0%b8-%d0%b4%d0%bb%d1%8f-%d0%bd%d0%b8%d1%85\/avidite-by-fernand-peril\/"},"modified":"2020-03-18T22:44:34","modified_gmt":"2020-03-18T21:44:34","slug":"avidite-by-fernand-peril","status":"publish","type":"page","link":"https:\/\/inverma.de\/uk\/%d0%bf%d1%80%d0%be%d0%b4%d1%83%d0%ba%d1%86%d1%96%d1%8f-5\/%d0%bf%d1%80%d0%be%d0%b4%d1%83%d0%ba%d1%82%d0%b8-%d0%b4%d0%bb%d1%8f-%d0%bd%d0%b8%d1%85\/avidite-by-fernand-peril\/","title":{"rendered":"Avidit\u00e9 by Fernand P\u00e9ril"},"content":{"rendered":"[et_pb_section fb_built=&#8221;1&#8243; _builder_version=&#8221;3.22.4&#8243; inner_width_tablet=&#8221;50px&#8221; inner_max_width_tablet=&#8221;50px&#8221; custom_padding=&#8221;0px|||&#8221; z_index_tablet=&#8221;500&#8243;][et_pb_row _builder_version=&#8221;3.25&#8243; background_size=&#8221;initial&#8221; background_position=&#8221;top_left&#8221; background_repeat=&#8221;repeat&#8221;][et_pb_column type=&#8221;4_4&#8243; _builder_version=&#8221;3.25&#8243; custom_padding=&#8221;|||&#8221; custom_padding__hover=&#8221;|||&#8221;][et_pb_post_title meta=&#8221;off&#8221; featured_image=&#8221;off&#8221; _builder_version=&#8221;3.22.4&#8243; z_index_tablet=&#8221;500&#8243;][\/et_pb_post_title][\/et_pb_column][\/et_pb_row][et_pb_row column_structure=&#8221;1_3,1_3,1_3&#8243; make_equal=&#8221;on&#8221; _builder_version=&#8221;3.25&#8243; background_color=&#8221;#ffffff&#8221; z_index_tablet=&#8221;500&#8243; box_shadow_style=&#8221;preset3&#8243;][et_pb_column type=&#8221;1_3&#8243; _builder_version=&#8221;3.25&#8243; custom_padding=&#8221;|||&#8221; custom_padding__hover=&#8221;|||&#8221;][et_pb_text _builder_version=&#8221;4.4.0&#8243; background_color=&#8221;#ffffff&#8221; custom_padding=&#8221;5%|5%|5%|5%&#8221; z_index_tablet=&#8221;500&#8243;]\n<p><img loading=\"lazy\" decoding=\"async\" class=\"aligncenter wp-image-8326\" src=\"https:\/\/inverma.de\/wp-content\/uploads\/Avidite340.png\" alt=\"\" width=\"300\" height=\"225\" srcset=\"https:\/\/inverma.de\/wp-content\/uploads\/Avidite340.png 340w, https:\/\/inverma.de\/wp-content\/uploads\/Avidite340-80x60.png 80w\" sizes=\"(max-width: 300px) 100vw, 300px\" \/><\/p>\n<p>\u0421\u043f\u0440\u0430\u0432\u0436\u043d\u044f \u043f\u0435\u0440\u043b\u0438\u043d\u0430 \u0441\u0435\u0440\u0435\u0434 \u0436\u0456\u043d\u043e\u0447\u0438\u0445 \u043f\u0430\u0440\u0444\u0443\u043c\u0456\u0432 \u0456\u0437 \u0444\u0435\u0440\u043e\u043c\u043e\u043d\u0430\u043c\u0438. \u0415\u043b\u0435\u0433\u0430\u043d\u0442\u043d\u0435 \u043e\u0444\u043e\u0440\u043c\u043b\u0435\u043d\u043d\u044f \u043f\u0430\u0440\u0444\u0443\u043c\u0443 \u043b\u0456\u043d\u0456\u0457 Fernand P\u00e9ril \u0432\u0456\u0434\u043e\u0431\u0440\u0430\u0436\u0430\u0454 \u0447\u0438\u0441\u043b\u0435\u043d\u043d\u0456 \u043d\u043e\u0442\u0438 \u0430\u0440\u043e\u043c\u0430\u0442\u0456\u0432, \u043d\u0430\u0433\u0430\u0434\u0443\u044e\u0447\u0438 \u0446\u0438\u043c \u0431\u0430\u0433\u0430\u0442\u043e\u0433\u0440\u0430\u043d\u043d\u0456\u0441\u0442\u044c \u0434\u0456\u044f\u043c\u0430\u043d\u0442\u0430:<br \/>\u043f\u2019\u044f\u043d\u043a\u043e-\u0441\u043f\u043e\u043a\u0443\u0441\u043b\u0438\u0432\u0438\u0439, \u043a\u043e\u0448\u0442\u043e\u0432\u043d\u043e-\u0440\u043e\u0437\u043a\u0456\u0448\u043d\u0438\u0439, \u0447\u0430\u0440\u0456\u0432\u043d\u043e-\u0442\u0430\u0454\u043c\u043d\u0438\u0447\u0438\u0439 \u0442\u0430 \u043f\u043e\u0445\u0456\u0442\u043b\u0438\u0432\u043e-\u0433\u0456\u043f\u043d\u043e\u0442\u0438\u0447\u043d\u0438\u0439<br \/>\u0421\u0442\u0430\u043d\u0435 \u0443 \u043d\u0430\u0433\u043e\u0434\u0456, \u044f\u043a\u0449\u043e \u0431\u0430\u0436\u0430\u0454\u0442\u0435 \u043f\u043e\u0444\u043b\u0456\u0440\u0442\u0443\u0432\u0430\u0442\u0438 \u0432\u043d\u043e\u0447\u0456.<\/p>\n[\/et_pb_text][\/et_pb_column][et_pb_column type=&#8221;1_3&#8243; _builder_version=&#8221;3.25&#8243; custom_padding=&#8221;|||&#8221; custom_padding__hover=&#8221;|||&#8221;][et_pb_text _builder_version=&#8221;4.4.0&#8243; background_color=&#8221;#ffffff&#8221; custom_padding=&#8221;5%|||&#8221; custom_padding_tablet=&#8221;|5%||5%&#8221; custom_padding_phone=&#8221;&#8221; custom_padding_last_edited=&#8221;on|phone&#8221; hover_enabled=&#8221;0&#8243; z_index_tablet=&#8221;500&#8243;]\n<div class=\"prod_box\">\u0406\u041d\u0424\u041e\u0420\u041c\u0410\u0426\u0406\u042f \u041f\u0420\u041e \u041f\u0420\u041e\u0414\u0423\u041a\u0422<\/div>\n<div class=\"prod_list\">\n<ul>\n<li><i class=\"far fa-check-circle\"><\/i>\u041e\u0431\u2019\u0454\u043c: 50 \u043c\u043b<\/li>\n<li><i class=\"far fa-check-circle\"><\/i>\u0442\u0443\u0430\u043b\u0435\u0442\u043d\u0430 \u0432\u043e\u0434\u0430<\/li>\n<li><i class=\"far fa-check-circle\"><\/i>\u043d\u0430\u0434\u0437\u0432\u0438\u0447\u0430\u0439\u043d\u043e \u044f\u043a\u0456\u0441\u043d\u0438\u0439 \u043f\u0430\u0440\u0444\u0443\u043c \u0456\u0437 \u0444\u0435\u0440\u043e\u043c\u043e\u043d\u0430\u043c\u0438 \u0432 \u0435\u043b\u0435\u0433\u0430\u043d\u0442\u043d\u043e\u043c\u0443 \u0434\u0438\u0437\u0430\u0439\u043d\u0435\u0440\u0441\u044c\u043a\u043e\u043c\u0443 \u0444\u043b\u0430\u043a\u043e\u043d\u0456<\/li>\n<li><i class=\"far fa-check-circle\"><\/i>\u0432\u0438\u0433\u043e\u0442\u043e\u0432\u043b\u0435\u043d\u043e \u0432 \u041d\u0456\u043c\u0435\u0447\u0447\u0438\u043d\u0456<\/li>\n<li><i class=\"far fa-check-circle\"><\/i><strong>\u0410\u0440\u0442. \u2116: 57700<\/strong><\/li>\n<\/ul>\n<\/div>\n[\/et_pb_text][et_pb_button button_url=&#8221;\/?page_id=10&#8243; url_new_window=&#8221;on&#8221; button_text=&#8221;\u041c\u0410\u0404\u0422\u0415 \u0417\u0410\u041f\u0418\u0422\u0410\u041d\u041d\u042f?&#8221; button_alignment=&#8221;left&#8221; admin_label=&#8221;Noch Fragen? Button&#8221; _builder_version=&#8221;3.22.4&#8243; custom_button=&#8221;on&#8221; button_text_color=&#8221;#e2007a&#8221; button_bg_color=&#8221;#efefef&#8221; button_use_icon=&#8221;off&#8221; custom_padding_tablet=&#8221;&#8221; custom_padding_phone=&#8221;&#8221; custom_padding_last_edited=&#8221;on|desktop&#8221; animation_style=&#8221;bounce&#8221; z_index_tablet=&#8221;500&#8243; saved_tabs=&#8221;all&#8221;][\/et_pb_button][\/et_pb_column][et_pb_column type=&#8221;1_3&#8243; _builder_version=&#8221;3.25&#8243; custom_padding=&#8221;|||&#8221; custom_padding__hover=&#8221;|||&#8221;][et_pb_text admin_label=&#8221;Siblings&#8221; _builder_version=&#8221;3.27.4&#8243; background_color=&#8221;#efefef&#8221; use_background_color_gradient=&#8221;on&#8221; background_color_gradient_start=&#8221;#efefef&#8221; background_color_gradient_end=&#8221;#ffffff&#8221; custom_margin=&#8221;5%|5%||&#8221; custom_margin_tablet=&#8221;5%|5%|5%|5%&#8221; custom_margin_phone=&#8221;&#8221; custom_margin_last_edited=&#8221;on|phone&#8221; custom_padding=&#8221;5%|5%|5%|5%&#8221; z_index_tablet=&#8221;500&#8243;]\n<h3><a title=\"Produkte f\u00fcr sie\" href=\"https:\/\/inverma.de\/uk\/%d0%bf%d1%80%d0%be%d0%b4%d1%83%d0%ba%d1%86%d1%96%d1%8f-5\/%d0%bf%d1%80%d0%be%d0%b4%d1%83%d0%ba%d1%82%d0%b8-%d0%b4%d0%bb%d1%8f-%d0%bd%d0%b8%d1%85\/\">\u0418\u041d\u0428\u0410 \u041f\u0420\u041e\u0414\u0423\u041a\u0426\u0406\u042f \u0414\u041b\u042f \u0416\u0406\u041d\u041e\u041a:<\/a><\/h3>\n<ul class=\"su-siblings\"><li class=\"page_item page-item-10581\"><a href=\"https:\/\/inverma.de\/uk\/%d0%bf%d1%80%d0%be%d0%b4%d1%83%d0%ba%d1%86%d1%96%d1%8f-5\/%d0%bf%d1%80%d0%be%d0%b4%d1%83%d0%ba%d1%82%d0%b8-%d0%b4%d0%bb%d1%8f-%d0%bd%d0%b8%d1%85\/%d0%b6%d1%96%d0%bd%d0%be%d1%87%d0%b8%d0%b9-%d0%ba%d1%80%d0%b5%d0%bc-%d1%96%d0%bd%d0%b2%d0%b5%d1%80%d0%bc%d0%b0\/\">\u0416\u0456\u043d\u043e\u0447\u0438\u0439 \u043a\u0440\u0435\u043c \u0406\u043d\u0432\u0435\u0440\u043c\u0430<\/a><\/li>\n<li class=\"page_item page-item-10693\"><a href=\"https:\/\/inverma.de\/uk\/%d0%bf%d1%80%d0%be%d0%b4%d1%83%d0%ba%d1%86%d1%96%d1%8f-5\/%d0%bf%d1%80%d0%be%d0%b4%d1%83%d0%ba%d1%82%d0%b8-%d0%b4%d0%bb%d1%8f-%d0%bd%d0%b8%d1%85\/madame-orgasm-cream\/\">Madame orgasm-cream<\/a><\/li>\n<li class=\"page_item page-item-10698\"><a href=\"https:\/\/inverma.de\/uk\/%d0%bf%d1%80%d0%be%d0%b4%d1%83%d0%ba%d1%86%d1%96%d1%8f-5\/%d0%bf%d1%80%d0%be%d0%b4%d1%83%d0%ba%d1%82%d0%b8-%d0%b4%d0%bb%d1%8f-%d0%bd%d0%b8%d1%85\/erekta-prompt-fuer-die-frau\/\">erekta prompt f\u00fcr die Frau<\/a><\/li>\n<li class=\"page_item page-item-10754\"><a href=\"https:\/\/inverma.de\/uk\/%d0%bf%d1%80%d0%be%d0%b4%d1%83%d0%ba%d1%86%d1%96%d1%8f-5\/%d0%bf%d1%80%d0%be%d0%b4%d1%83%d0%ba%d1%82%d0%b8-%d0%b4%d0%bb%d1%8f-%d0%bd%d0%b8%d1%85\/intimite-by-fernand-peril\/\">Intimit\u00e9 by Fernand P\u00e9ril<\/a><\/li>\n<li class=\"page_item page-item-11195\"><a href=\"https:\/\/inverma.de\/uk\/%d0%bf%d1%80%d0%be%d0%b4%d1%83%d0%ba%d1%86%d1%96%d1%8f-5\/%d0%bf%d1%80%d0%be%d0%b4%d1%83%d0%ba%d1%82%d0%b8-%d0%b4%d0%bb%d1%8f-%d0%bd%d0%b8%d1%85\/parfum-damour-original-inverma\/\">Parfum d&#8217;Amour original INVERMA<\/a><\/li>\n<\/ul>\n[\/et_pb_text][\/et_pb_column][\/et_pb_row][\/et_pb_section]\n","protected":false},"excerpt":{"rendered":"<p>\u0421\u043f\u0440\u0430\u0432\u0436\u043d\u044f \u043f\u0435\u0440\u043b\u0438\u043d\u0430 \u0441\u0435\u0440\u0435\u0434 \u0436\u0456\u043d\u043e\u0447\u0438\u0445 \u043f\u0430\u0440\u0444\u0443\u043c\u0456\u0432 \u0456\u0437 \u0444\u0435\u0440\u043e\u043c\u043e\u043d\u0430\u043c\u0438. \u0415\u043b\u0435\u0433\u0430\u043d\u0442\u043d\u0435 \u043e\u0444\u043e\u0440\u043c\u043b\u0435\u043d\u043d\u044f \u043f\u0430\u0440\u0444\u0443\u043c\u0443 \u043b\u0456\u043d\u0456\u0457 Fernand P\u00e9ril \u0432\u0456\u0434\u043e\u0431\u0440\u0430\u0436\u0430\u0454 \u0447\u0438\u0441\u043b\u0435\u043d\u043d\u0456 \u043d\u043e\u0442\u0438 \u0430\u0440\u043e\u043c\u0430\u0442\u0456\u0432, \u043d\u0430\u0433\u0430\u0434\u0443\u044e\u0447\u0438 \u0446\u0438\u043c \u0431\u0430\u0433\u0430\u0442\u043e\u0433\u0440\u0430\u043d\u043d\u0456\u0441\u0442\u044c \u0434\u0456\u044f\u043c\u0430\u043d\u0442\u0430:\u043f\u2019\u044f\u043d\u043a\u043e-\u0441\u043f\u043e\u043a\u0443\u0441\u043b\u0438\u0432\u0438\u0439, \u043a\u043e\u0448\u0442\u043e\u0432\u043d\u043e-\u0440\u043e\u0437\u043a\u0456\u0448\u043d\u0438\u0439, \u0447\u0430\u0440\u0456\u0432\u043d\u043e-\u0442\u0430\u0454\u043c\u043d\u0438\u0447\u0438\u0439 \u0442\u0430 \u043f\u043e\u0445\u0456\u0442\u043b\u0438\u0432\u043e-\u0433\u0456\u043f\u043d\u043e\u0442\u0438\u0447\u043d\u0438\u0439\u0421\u0442\u0430\u043d\u0435 \u0443 \u043d\u0430\u0433\u043e\u0434\u0456, \u044f\u043a\u0449\u043e \u0431\u0430\u0436\u0430\u0454\u0442\u0435 \u043f\u043e\u0444\u043b\u0456\u0440\u0442\u0443\u0432\u0430\u0442\u0438 \u0432\u043d\u043e\u0447\u0456.\u0406\u041d\u0424\u041e\u0420\u041c\u0410\u0426\u0406\u042f \u041f\u0420\u041e \u041f\u0420\u041e\u0414\u0423\u041a\u0422 \u041e\u0431\u2019\u0454\u043c: 50 \u043c\u043b \u0442\u0443\u0430\u043b\u0435\u0442\u043d\u0430 \u0432\u043e\u0434\u0430 \u043d\u0430\u0434\u0437\u0432\u0438\u0447\u0430\u0439\u043d\u043e \u044f\u043a\u0456\u0441\u043d\u0438\u0439 \u043f\u0430\u0440\u0444\u0443\u043c \u0456\u0437 \u0444\u0435\u0440\u043e\u043c\u043e\u043d\u0430\u043c\u0438 \u0432 \u0435\u043b\u0435\u0433\u0430\u043d\u0442\u043d\u043e\u043c\u0443 \u0434\u0438\u0437\u0430\u0439\u043d\u0435\u0440\u0441\u044c\u043a\u043e\u043c\u0443 \u0444\u043b\u0430\u043a\u043e\u043d\u0456 \u0432\u0438\u0433\u043e\u0442\u043e\u0432\u043b\u0435\u043d\u043e \u0432 \u041d\u0456\u043c\u0435\u0447\u0447\u0438\u043d\u0456 \u0410\u0440\u0442. \u2116: 57700 \u0418\u041d\u0428\u0410 \u041f\u0420\u041e\u0414\u0423\u041a\u0426\u0406\u042f [&hellip;]<\/p>\n","protected":false},"author":8,"featured_media":10568,"parent":10603,"menu_order":5,"comment_status":"closed","ping_status":"closed","template":"","meta":{"_et_pb_use_builder":"on","_et_pb_old_content":"[su_row]\r\n[su_column size=\"1\/3\"]\r\n<img class=\"aligncenter wp-image-1655 size-medium\" title=\"Avidit\u00e9 by Fernand P\u00e9ril\" src=\"https:\/\/inverma.de\/wp-content\/uploads\/avitide-e1428333100477.png\" alt=\"Avidit\u00e9 by Fernand P\u00e9ril\" width=\"300\" height=\"246\" \/>\r\n[\/su_column]\r\n[su_column size=\"1\/3\"]\r\n<p style=\"text-align: justify;\">Ein Juwel unter den Damen-Parfums mit Pheromonen. Die elegante Optik spiegelt die zahlreichen Aromanoten dieses Parfums aus der Fernand P\u00e9ril-Linie so wieder wie die vielf\u00e4ltigen Facetten eines Diamanten:\r\nBerauschend-verf\u00fchrerisch, wertvoll-opulent, bezaubernd-geheimnisvoll, hypnotisch-sinnlich.\r\nBesonders geeignet wenn Sie einen n\u00e4chtlichen Flirt w\u00fcnschen.<\/p>\r\n[\/su_column]\r\n[su_column size=\"1\/3\"]\r\n<div class=\"prod_box_klein\">\r\n\r\n[su_box title=\"Produktinformation\" box_color=\"#e2007a\"]\r\n<ul>\r\n \t<li>Inhalt: 50 ml<\/li>\r\n \t<li>Eau de Toilette<\/li>\r\n \t<li>hochwertiges Pheromon-Parfum f\u00fcr die Frau in elegantem Design-Flacon<\/li>\r\n \t<li>Made in Germany<\/li>\r\n \t<li><strong>Art.-Nr.: 57700<\/strong><\/li>\r\n<\/ul>\r\n[\/su_box]\r\n\r\n<\/div>\r\n[\/su_column]\r\n[\/su_row]\r\n<h3><a title=\"Produkte f\u00fcr sie\" href=\"\/?page_id=777\">WEITERE PRODUKTE F\u00dcR SIE:<\/a><\/h3>\r\n[su_siblings]","_et_gb_content_width":"","footnotes":""},"yoast_head":"<!-- This site is optimized with the Yoast SEO plugin v22.2 - https:\/\/yoast.com\/wordpress\/plugins\/seo\/ -->\n<title>INVERMA Avidit\u00e9 by Fernand P\u00e9ril<\/title>\n<meta name=\"description\" content=\"INVERMA Avidit\u00e9 by Fernand P\u00e9ril - Ein Juwel unter den Damen-Parfums mit Pheromonen. Verf\u00fchrerisch, bezaubernd, geheimnisvoll, sinnlich.\" \/>\n<meta name=\"robots\" content=\"index, follow, max-snippet:-1, max-image-preview:large, max-video-preview:-1\" \/>\n<link rel=\"canonical\" href=\"https:\/\/inverma.de\/uk\/%d0%bf%d1%80%d0%be%d0%b4%d1%83%d0%ba%d1%86%d1%96%d1%8f-5\/%d0%bf%d1%80%d0%be%d0%b4%d1%83%d0%ba%d1%82%d0%b8-%d0%b4%d0%bb%d1%8f-%d0%bd%d0%b8%d1%85\/avidite-by-fernand-peril\/\" \/>\n<meta property=\"og:locale\" content=\"uk_UA\" \/>\n<meta property=\"og:type\" content=\"article\" \/>\n<meta property=\"og:title\" content=\"INVERMA Avidit\u00e9 by Fernand P\u00e9ril\" \/>\n<meta property=\"og:description\" content=\"INVERMA Avidit\u00e9 by Fernand P\u00e9ril - Ein Juwel unter den Damen-Parfums mit Pheromonen. Verf\u00fchrerisch, bezaubernd, geheimnisvoll, sinnlich.\" \/>\n<meta property=\"og:url\" content=\"https:\/\/inverma.de\/uk\/%d0%bf%d1%80%d0%be%d0%b4%d1%83%d0%ba%d1%86%d1%96%d1%8f-5\/%d0%bf%d1%80%d0%be%d0%b4%d1%83%d0%ba%d1%82%d0%b8-%d0%b4%d0%bb%d1%8f-%d0%bd%d0%b8%d1%85\/avidite-by-fernand-peril\/\" \/>\n<meta property=\"og:site_name\" content=\"INVERMA\" \/>\n<meta property=\"article:publisher\" content=\"https:\/\/www.facebook.com\/inverma.lange\" \/>\n<meta property=\"article:modified_time\" content=\"2020-03-18T21:44:34+00:00\" \/>\n<meta property=\"og:image\" content=\"https:\/\/inverma.de\/wp-content\/uploads\/avitide-e1428333100477.png\" \/>\n\t<meta property=\"og:image:width\" content=\"300\" \/>\n\t<meta property=\"og:image:height\" content=\"246\" \/>\n\t<meta property=\"og:image:type\" content=\"image\/png\" \/>\n<meta name=\"twitter:label1\" content=\"Est. reading time\" \/>\n\t<meta name=\"twitter:data1\" content=\"2 minutes\" \/>\n<script type=\"application\/ld+json\" class=\"yoast-schema-graph\">{\"@context\":\"https:\/\/schema.org\",\"@graph\":[{\"@type\":\"WebPage\",\"@id\":\"https:\/\/inverma.de\/uk\/%d0%bf%d1%80%d0%be%d0%b4%d1%83%d0%ba%d1%86%d1%96%d1%8f-5\/%d0%bf%d1%80%d0%be%d0%b4%d1%83%d0%ba%d1%82%d0%b8-%d0%b4%d0%bb%d1%8f-%d0%bd%d0%b8%d1%85\/avidite-by-fernand-peril\/\",\"url\":\"https:\/\/inverma.de\/uk\/%d0%bf%d1%80%d0%be%d0%b4%d1%83%d0%ba%d1%86%d1%96%d1%8f-5\/%d0%bf%d1%80%d0%be%d0%b4%d1%83%d0%ba%d1%82%d0%b8-%d0%b4%d0%bb%d1%8f-%d0%bd%d0%b8%d1%85\/avidite-by-fernand-peril\/\",\"name\":\"INVERMA Avidit\u00e9 by Fernand P\u00e9ril\",\"isPartOf\":{\"@id\":\"https:\/\/inverma.de\/uk\/#website\"},\"primaryImageOfPage\":{\"@id\":\"https:\/\/inverma.de\/uk\/%d0%bf%d1%80%d0%be%d0%b4%d1%83%d0%ba%d1%86%d1%96%d1%8f-5\/%d0%bf%d1%80%d0%be%d0%b4%d1%83%d0%ba%d1%82%d0%b8-%d0%b4%d0%bb%d1%8f-%d0%bd%d0%b8%d1%85\/avidite-by-fernand-peril\/#primaryimage\"},\"image\":{\"@id\":\"https:\/\/inverma.de\/uk\/%d0%bf%d1%80%d0%be%d0%b4%d1%83%d0%ba%d1%86%d1%96%d1%8f-5\/%d0%bf%d1%80%d0%be%d0%b4%d1%83%d0%ba%d1%82%d0%b8-%d0%b4%d0%bb%d1%8f-%d0%bd%d0%b8%d1%85\/avidite-by-fernand-peril\/#primaryimage\"},\"thumbnailUrl\":\"https:\/\/inverma.de\/wp-content\/uploads\/avitide-e1428333100477.png\",\"datePublished\":\"2020-03-17T15:57:28+00:00\",\"dateModified\":\"2020-03-18T21:44:34+00:00\",\"description\":\"INVERMA Avidit\u00e9 by Fernand P\u00e9ril - Ein Juwel unter den Damen-Parfums mit Pheromonen. Verf\u00fchrerisch, bezaubernd, geheimnisvoll, sinnlich.\",\"breadcrumb\":{\"@id\":\"https:\/\/inverma.de\/uk\/%d0%bf%d1%80%d0%be%d0%b4%d1%83%d0%ba%d1%86%d1%96%d1%8f-5\/%d0%bf%d1%80%d0%be%d0%b4%d1%83%d0%ba%d1%82%d0%b8-%d0%b4%d0%bb%d1%8f-%d0%bd%d0%b8%d1%85\/avidite-by-fernand-peril\/#breadcrumb\"},\"inLanguage\":\"uk-UA\",\"potentialAction\":[{\"@type\":\"ReadAction\",\"target\":[\"https:\/\/inverma.de\/uk\/%d0%bf%d1%80%d0%be%d0%b4%d1%83%d0%ba%d1%86%d1%96%d1%8f-5\/%d0%bf%d1%80%d0%be%d0%b4%d1%83%d0%ba%d1%82%d0%b8-%d0%b4%d0%bb%d1%8f-%d0%bd%d0%b8%d1%85\/avidite-by-fernand-peril\/\"]}]},{\"@type\":\"ImageObject\",\"inLanguage\":\"uk-UA\",\"@id\":\"https:\/\/inverma.de\/uk\/%d0%bf%d1%80%d0%be%d0%b4%d1%83%d0%ba%d1%86%d1%96%d1%8f-5\/%d0%bf%d1%80%d0%be%d0%b4%d1%83%d0%ba%d1%82%d0%b8-%d0%b4%d0%bb%d1%8f-%d0%bd%d0%b8%d1%85\/avidite-by-fernand-peril\/#primaryimage\",\"url\":\"https:\/\/inverma.de\/wp-content\/uploads\/avitide-e1428333100477.png\",\"contentUrl\":\"https:\/\/inverma.de\/wp-content\/uploads\/avitide-e1428333100477.png\",\"width\":300,\"height\":246,\"caption\":\"Avidite\"},{\"@type\":\"BreadcrumbList\",\"@id\":\"https:\/\/inverma.de\/uk\/%d0%bf%d1%80%d0%be%d0%b4%d1%83%d0%ba%d1%86%d1%96%d1%8f-5\/%d0%bf%d1%80%d0%be%d0%b4%d1%83%d0%ba%d1%82%d0%b8-%d0%b4%d0%bb%d1%8f-%d0%bd%d0%b8%d1%85\/avidite-by-fernand-peril\/#breadcrumb\",\"itemListElement\":[{\"@type\":\"ListItem\",\"position\":1,\"name\":\"Home\",\"item\":\"https:\/\/inverma.de\/uk\/\"},{\"@type\":\"ListItem\",\"position\":2,\"name\":\"\u041f\u0420\u041e\u0414\u0423\u041a\u0426\u0406\u042f \u0414\u041b\u042f \u0416\u0406\u041d\u041e\u041a\",\"item\":\"https:\/\/inverma.de\/uk\/produkte\/fuer-sie\/\"},{\"@type\":\"ListItem\",\"position\":3,\"name\":\"Avidit\u00e9 by Fernand P\u00e9ril\"}]},{\"@type\":\"WebSite\",\"@id\":\"https:\/\/inverma.de\/uk\/#website\",\"url\":\"https:\/\/inverma.de\/uk\/\",\"name\":\"INVERMA\",\"description\":\"Come in to the world of erotic and exotic\",\"publisher\":{\"@id\":\"https:\/\/inverma.de\/uk\/#organization\"},\"potentialAction\":[{\"@type\":\"SearchAction\",\"target\":{\"@type\":\"EntryPoint\",\"urlTemplate\":\"https:\/\/inverma.de\/uk\/?s={search_term_string}\"},\"query-input\":\"required name=search_term_string\"}],\"inLanguage\":\"uk-UA\"},{\"@type\":\"Organization\",\"@id\":\"https:\/\/inverma.de\/uk\/#organization\",\"name\":\"INVERMA Johannes Lange GmbH+Co KG\",\"url\":\"https:\/\/inverma.de\/uk\/\",\"logo\":{\"@type\":\"ImageObject\",\"inLanguage\":\"uk-UA\",\"@id\":\"https:\/\/inverma.de\/uk\/#\/schema\/logo\/image\/\",\"url\":\"https:\/\/inverma.de\/wp-content\/uploads\/inverma_logo_neu-e1545358251143.png\",\"contentUrl\":\"https:\/\/inverma.de\/wp-content\/uploads\/inverma_logo_neu-e1545358251143.png\",\"width\":280,\"height\":74,\"caption\":\"INVERMA Johannes Lange GmbH+Co KG\"},\"image\":{\"@id\":\"https:\/\/inverma.de\/uk\/#\/schema\/logo\/image\/\"},\"sameAs\":[\"https:\/\/www.facebook.com\/inverma.lange\"]}]}<\/script>\n<!-- \/ Yoast SEO plugin. -->","yoast_head_json":{"title":"INVERMA Avidit\u00e9 by Fernand P\u00e9ril","description":"INVERMA Avidit\u00e9 by Fernand P\u00e9ril - Ein Juwel unter den Damen-Parfums mit Pheromonen. Verf\u00fchrerisch, bezaubernd, geheimnisvoll, sinnlich.","robots":{"index":"index","follow":"follow","max-snippet":"max-snippet:-1","max-image-preview":"max-image-preview:large","max-video-preview":"max-video-preview:-1"},"canonical":"https:\/\/inverma.de\/uk\/%d0%bf%d1%80%d0%be%d0%b4%d1%83%d0%ba%d1%86%d1%96%d1%8f-5\/%d0%bf%d1%80%d0%be%d0%b4%d1%83%d0%ba%d1%82%d0%b8-%d0%b4%d0%bb%d1%8f-%d0%bd%d0%b8%d1%85\/avidite-by-fernand-peril\/","og_locale":"uk_UA","og_type":"article","og_title":"INVERMA Avidit\u00e9 by Fernand P\u00e9ril","og_description":"INVERMA Avidit\u00e9 by Fernand P\u00e9ril - Ein Juwel unter den Damen-Parfums mit Pheromonen. Verf\u00fchrerisch, bezaubernd, geheimnisvoll, sinnlich.","og_url":"https:\/\/inverma.de\/uk\/%d0%bf%d1%80%d0%be%d0%b4%d1%83%d0%ba%d1%86%d1%96%d1%8f-5\/%d0%bf%d1%80%d0%be%d0%b4%d1%83%d0%ba%d1%82%d0%b8-%d0%b4%d0%bb%d1%8f-%d0%bd%d0%b8%d1%85\/avidite-by-fernand-peril\/","og_site_name":"INVERMA","article_publisher":"https:\/\/www.facebook.com\/inverma.lange","article_modified_time":"2020-03-18T21:44:34+00:00","og_image":[{"width":300,"height":246,"url":"https:\/\/inverma.de\/wp-content\/uploads\/avitide-e1428333100477.png","type":"image\/png"}],"twitter_misc":{"Est. reading time":"2 minutes"},"schema":{"@context":"https:\/\/schema.org","@graph":[{"@type":"WebPage","@id":"https:\/\/inverma.de\/uk\/%d0%bf%d1%80%d0%be%d0%b4%d1%83%d0%ba%d1%86%d1%96%d1%8f-5\/%d0%bf%d1%80%d0%be%d0%b4%d1%83%d0%ba%d1%82%d0%b8-%d0%b4%d0%bb%d1%8f-%d0%bd%d0%b8%d1%85\/avidite-by-fernand-peril\/","url":"https:\/\/inverma.de\/uk\/%d0%bf%d1%80%d0%be%d0%b4%d1%83%d0%ba%d1%86%d1%96%d1%8f-5\/%d0%bf%d1%80%d0%be%d0%b4%d1%83%d0%ba%d1%82%d0%b8-%d0%b4%d0%bb%d1%8f-%d0%bd%d0%b8%d1%85\/avidite-by-fernand-peril\/","name":"INVERMA Avidit\u00e9 by Fernand P\u00e9ril","isPartOf":{"@id":"https:\/\/inverma.de\/uk\/#website"},"primaryImageOfPage":{"@id":"https:\/\/inverma.de\/uk\/%d0%bf%d1%80%d0%be%d0%b4%d1%83%d0%ba%d1%86%d1%96%d1%8f-5\/%d0%bf%d1%80%d0%be%d0%b4%d1%83%d0%ba%d1%82%d0%b8-%d0%b4%d0%bb%d1%8f-%d0%bd%d0%b8%d1%85\/avidite-by-fernand-peril\/#primaryimage"},"image":{"@id":"https:\/\/inverma.de\/uk\/%d0%bf%d1%80%d0%be%d0%b4%d1%83%d0%ba%d1%86%d1%96%d1%8f-5\/%d0%bf%d1%80%d0%be%d0%b4%d1%83%d0%ba%d1%82%d0%b8-%d0%b4%d0%bb%d1%8f-%d0%bd%d0%b8%d1%85\/avidite-by-fernand-peril\/#primaryimage"},"thumbnailUrl":"https:\/\/inverma.de\/wp-content\/uploads\/avitide-e1428333100477.png","datePublished":"2020-03-17T15:57:28+00:00","dateModified":"2020-03-18T21:44:34+00:00","description":"INVERMA Avidit\u00e9 by Fernand P\u00e9ril - Ein Juwel unter den Damen-Parfums mit Pheromonen. Verf\u00fchrerisch, bezaubernd, geheimnisvoll, sinnlich.","breadcrumb":{"@id":"https:\/\/inverma.de\/uk\/%d0%bf%d1%80%d0%be%d0%b4%d1%83%d0%ba%d1%86%d1%96%d1%8f-5\/%d0%bf%d1%80%d0%be%d0%b4%d1%83%d0%ba%d1%82%d0%b8-%d0%b4%d0%bb%d1%8f-%d0%bd%d0%b8%d1%85\/avidite-by-fernand-peril\/#breadcrumb"},"inLanguage":"uk-UA","potentialAction":[{"@type":"ReadAction","target":["https:\/\/inverma.de\/uk\/%d0%bf%d1%80%d0%be%d0%b4%d1%83%d0%ba%d1%86%d1%96%d1%8f-5\/%d0%bf%d1%80%d0%be%d0%b4%d1%83%d0%ba%d1%82%d0%b8-%d0%b4%d0%bb%d1%8f-%d0%bd%d0%b8%d1%85\/avidite-by-fernand-peril\/"]}]},{"@type":"ImageObject","inLanguage":"uk-UA","@id":"https:\/\/inverma.de\/uk\/%d0%bf%d1%80%d0%be%d0%b4%d1%83%d0%ba%d1%86%d1%96%d1%8f-5\/%d0%bf%d1%80%d0%be%d0%b4%d1%83%d0%ba%d1%82%d0%b8-%d0%b4%d0%bb%d1%8f-%d0%bd%d0%b8%d1%85\/avidite-by-fernand-peril\/#primaryimage","url":"https:\/\/inverma.de\/wp-content\/uploads\/avitide-e1428333100477.png","contentUrl":"https:\/\/inverma.de\/wp-content\/uploads\/avitide-e1428333100477.png","width":300,"height":246,"caption":"Avidite"},{"@type":"BreadcrumbList","@id":"https:\/\/inverma.de\/uk\/%d0%bf%d1%80%d0%be%d0%b4%d1%83%d0%ba%d1%86%d1%96%d1%8f-5\/%d0%bf%d1%80%d0%be%d0%b4%d1%83%d0%ba%d1%82%d0%b8-%d0%b4%d0%bb%d1%8f-%d0%bd%d0%b8%d1%85\/avidite-by-fernand-peril\/#breadcrumb","itemListElement":[{"@type":"ListItem","position":1,"name":"Home","item":"https:\/\/inverma.de\/uk\/"},{"@type":"ListItem","position":2,"name":"\u041f\u0420\u041e\u0414\u0423\u041a\u0426\u0406\u042f \u0414\u041b\u042f \u0416\u0406\u041d\u041e\u041a","item":"https:\/\/inverma.de\/uk\/produkte\/fuer-sie\/"},{"@type":"ListItem","position":3,"name":"Avidit\u00e9 by Fernand P\u00e9ril"}]},{"@type":"WebSite","@id":"https:\/\/inverma.de\/uk\/#website","url":"https:\/\/inverma.de\/uk\/","name":"INVERMA","description":"Come in to the world of erotic and exotic","publisher":{"@id":"https:\/\/inverma.de\/uk\/#organization"},"potentialAction":[{"@type":"SearchAction","target":{"@type":"EntryPoint","urlTemplate":"https:\/\/inverma.de\/uk\/?s={search_term_string}"},"query-input":"required name=search_term_string"}],"inLanguage":"uk-UA"},{"@type":"Organization","@id":"https:\/\/inverma.de\/uk\/#organization","name":"INVERMA Johannes Lange GmbH+Co KG","url":"https:\/\/inverma.de\/uk\/","logo":{"@type":"ImageObject","inLanguage":"uk-UA","@id":"https:\/\/inverma.de\/uk\/#\/schema\/logo\/image\/","url":"https:\/\/inverma.de\/wp-content\/uploads\/inverma_logo_neu-e1545358251143.png","contentUrl":"https:\/\/inverma.de\/wp-content\/uploads\/inverma_logo_neu-e1545358251143.png","width":280,"height":74,"caption":"INVERMA Johannes Lange GmbH+Co KG"},"image":{"@id":"https:\/\/inverma.de\/uk\/#\/schema\/logo\/image\/"},"sameAs":["https:\/\/www.facebook.com\/inverma.lange"]}]}},"_links":{"self":[{"href":"https:\/\/inverma.de\/uk\/wp-json\/wp\/v2\/pages\/10743"}],"collection":[{"href":"https:\/\/inverma.de\/uk\/wp-json\/wp\/v2\/pages"}],"about":[{"href":"https:\/\/inverma.de\/uk\/wp-json\/wp\/v2\/types\/page"}],"author":[{"embeddable":true,"href":"https:\/\/inverma.de\/uk\/wp-json\/wp\/v2\/users\/8"}],"replies":[{"embeddable":true,"href":"https:\/\/inverma.de\/uk\/wp-json\/wp\/v2\/comments?post=10743"}],"version-history":[{"count":0,"href":"https:\/\/inverma.de\/uk\/wp-json\/wp\/v2\/pages\/10743\/revisions"}],"up":[{"embeddable":true,"href":"https:\/\/inverma.de\/uk\/wp-json\/wp\/v2\/pages\/10603"}],"wp:featuredmedia":[{"embeddable":true,"href":"https:\/\/inverma.de\/uk\/wp-json\/wp\/v2\/media\/10568"}],"wp:attachment":[{"href":"https:\/\/inverma.de\/uk\/wp-json\/wp\/v2\/media?parent=10743"}],"curies":[{"name":"wp","href":"https:\/\/api.w.org\/{rel}","templated":true}]}}