{"id":11049,"date":"2020-03-29T23:36:29","date_gmt":"2020-03-29T21:36:29","guid":{"rendered":"https:\/\/inverma.de\/tri-sex-doppler\/"},"modified":"2020-04-17T00:46:55","modified_gmt":"2020-04-16T22:46:55","slug":"tri-sex-doppler","status":"publish","type":"page","link":"https:\/\/inverma.de\/uk\/%d0%bf%d1%80%d0%be%d0%b4%d1%83%d0%ba%d1%86%d1%96%d1%8f-5\/produkte-fuer-sie-und-ihn\/tri-sex-doppler\/","title":{"rendered":"\u041f\u0420\u0423\u0422\u041d\u0415\u0412\u0415 \u041a\u0406\u041b\u042c\u0426\u0415 TRI-SEX-DOPPLER"},"content":{"rendered":"[et_pb_section fb_built=&#8221;1&#8243; _builder_version=&#8221;3.22.4&#8243; inner_width_tablet=&#8221;50px&#8221; inner_max_width_tablet=&#8221;50px&#8221; custom_padding=&#8221;0px|||&#8221; z_index_tablet=&#8221;500&#8243;][et_pb_row _builder_version=&#8221;3.25&#8243; background_size=&#8221;initial&#8221; background_position=&#8221;top_left&#8221; background_repeat=&#8221;repeat&#8221;][et_pb_column type=&#8221;4_4&#8243; _builder_version=&#8221;3.25&#8243; custom_padding=&#8221;|||&#8221; custom_padding__hover=&#8221;|||&#8221;][et_pb_post_title meta=&#8221;off&#8221; featured_image=&#8221;off&#8221; _builder_version=&#8221;3.22.4&#8243; z_index_tablet=&#8221;500&#8243;][\/et_pb_post_title][\/et_pb_column][\/et_pb_row][et_pb_row column_structure=&#8221;1_3,1_3,1_3&#8243; make_equal=&#8221;on&#8221; _builder_version=&#8221;3.25&#8243; background_color=&#8221;#ffffff&#8221; z_index_tablet=&#8221;500&#8243; box_shadow_style=&#8221;preset3&#8243;][et_pb_column type=&#8221;1_3&#8243; _builder_version=&#8221;3.25&#8243; custom_padding=&#8221;|||&#8221; custom_padding__hover=&#8221;|||&#8221;][et_pb_text _builder_version=&#8221;4.4.2&#8243; background_color=&#8221;#ffffff&#8221; custom_padding=&#8221;5%|5%|5%|5%&#8221; z_index_tablet=&#8221;500&#8243;]\n<p><img loading=\"lazy\" decoding=\"async\" class=\"size-full wp-image-7167 aligncenter\" src=\"https:\/\/inverma.de\/wp-content\/uploads\/tri-sex-doppler22290-e1428333037985.png\" alt=\"\" width=\"209\" height=\"300\" srcset=\"https:\/\/inverma.de\/wp-content\/uploads\/tri-sex-doppler22290-e1428333037985.png 209w, https:\/\/inverma.de\/wp-content\/uploads\/tri-sex-doppler22290-e1428333037985-56x80.png 56w\" sizes=\"(max-width: 209px) 100vw, 209px\" \/><\/p>\n<p> \u041d\u0430\u0442\u044f\u0433\u043d\u0456\u0442\u044c \u043d\u0430\u043f\u043e\u0432\u043d\u0435\u043d\u0435 \u043f\u043e\u0432\u0456\u0442\u0440\u044f\u043c \u043a\u0456\u043b\u044c\u0446\u0435 Doppler \u043d\u0430 \u0437\u0431\u0443\u0434\u0436\u0435\u043d\u043e\u0433\u043e \u043f\u0440\u0443\u0442\u043d\u044f \u0434\u043e \u0439\u043e\u0433\u043e \u043e\u0441\u043d\u043e\u0432\u0438. \u041d\u0430\u043f\u0440\u0443\u0433\u0456\u0441\u0442\u044c \u043f\u0440\u0443\u0442\u043d\u044f \u0434\u043e\u0441\u044f\u0433\u0430\u0454\u0442\u044c\u0441\u044f \u0431\u0435\u0437 \u0439\u043e\u0433\u043e \u043f\u0435\u0440\u0435\u0442\u0438\u0441\u043a\u0430\u043d\u043d\u044f. \u0410 \u0442\u043e\u043c\u0443 \u0432\u0456\u0434\u0431\u0443\u0432\u0430\u0454\u0442\u044c\u0441\u044f \u0446\u0456\u043b\u043a\u043e\u0432\u0438\u0442\u0430 \u043f\u0440\u0438\u0440\u043e\u0434\u043d\u0430 \u0442\u0430 \u0435\u0444\u0435\u043a\u0442\u0438\u0432\u043d\u0430 \u0435\u0440\u0435\u043a\u0446\u0456\u044f.<\/p>\n<p>\u041f\u0456\u0434 \u0447\u0430\u0441 \u043f\u0440\u043e\u043d\u0438\u043a\u043d\u0435\u043d\u043d\u044f \u0437\u0431\u0456\u043b\u044c\u0448\u0435\u043d\u043e\u0433\u043e \u0432\u0437\u0434\u043e\u0432\u0436 \u0456 \u0432\u0448\u0438\u0440 \u043f\u0440\u0443\u0442\u043d\u044f \u0434\u043e \u0436\u0456\u043d\u043e\u0447\u043e\u0457 \u043f\u0456\u0445\u0432\u0438 \u044f\u043a\u0456\u0441\u0442\u044c \u0446\u0456\u043b\u043a\u043e\u043c \u043f\u0440\u0438\u0440\u043e\u0434\u043d\u0438\u0445 \u0432\u0456\u0434\u0447\u0443\u0442\u0442\u0456\u0432 \u043f\u043e\u043a\u0440\u0430\u0449\u0443\u0454\u0442\u044c\u0441\u044f \u0430\u0436 \u0434\u043e \u0435\u043a\u0441\u0442\u0430\u0437\u043e\u0432\u043e\u0457 \u0435\u0432\u0444\u043e\u0440\u0456\u0457. \u041f\u0440\u0443\u0442\u043d\u0435\u0432\u0456 \u043a\u0456\u043b\u044c\u0446\u044f Doppler \u043b\u0435\u0433\u043a\u043e \u043f\u0440\u0438\u0441\u0442\u043e\u0441\u043e\u0432\u0443\u044e\u0442\u044c\u0441\u044f \u0434\u043e \u0431\u0443\u0434\u043e\u0432\u0438 \u043f\u0456\u0445\u0432\u0438.<\/p>\n<p>\u0412\u043e\u043d\u0438 \u0441\u043b\u0443\u0433\u0443\u044e\u0442\u044c \u0432\u0456\u0434\u043d\u043e\u0432\u043b\u0435\u043d\u043d\u044e \u0441\u0435\u043a\u0441\u0443\u0430\u043b\u044c\u043d\u0438\u0445 \u0441\u0442\u043e\u0441\u0443\u043d\u043a\u0456\u0432, \u044f\u043a\u0449\u043e \u0432\u043e\u043d\u0438 \u0440\u0430\u043f\u0442\u043e\u043c \u043e\u0431\u0435\u0440\u043d\u0443\u043b\u0438\u0441\u044f \u043d\u0430 \u0440\u0443\u0442\u0438\u043d\u0443.<\/p>\n[\/et_pb_text][\/et_pb_column][et_pb_column type=&#8221;1_3&#8243; _builder_version=&#8221;3.25&#8243; custom_padding=&#8221;|||&#8221; custom_padding__hover=&#8221;|||&#8221;][et_pb_text _builder_version=&#8221;4.4.2&#8243; background_color=&#8221;#ffffff&#8221; custom_padding=&#8221;5%|||&#8221; custom_padding_tablet=&#8221;|5%||5%&#8221; custom_padding_phone=&#8221;&#8221; custom_padding_last_edited=&#8221;on|phone&#8221; z_index_tablet=&#8221;500&#8243;]\n<div class=\"prod_box\"> \u0406\u041d\u0424\u041e\u0420\u041c\u0410\u0426\u0406\u042f \u041f\u0420\u041e \u041f\u0420\u041e\u0414\u0423\u041a\u0422<\/div>\n<div class=\"prod_list\">\n<ul>\n<li><i class=\"far fa-check-circle\"><\/i>\u0412\u043c\u0456\u0441\u0442: 1 \u043f\u0440\u0443\u0442\u043d\u0435\u0432\u0435 \u043a\u0456\u043b\u044c\u0446\u0435 \u0437 \u043a\u043b\u0456\u0442\u043e\u0440\u043e\u0437\u0431\u0443\u0434\u043d\u043e\u044e \u043f\u043e\u0434\u0443\u0448\u0435\u0447\u043a\u043e\u044e<\/li>\n<li><i class=\"far fa-check-circle\"><\/i>\u0432\u0438\u0433\u043e\u0442\u043e\u0432\u043b\u0435\u043d\u043e \u0432 \u041d\u0456\u043c\u0435\u0447\u0447\u0438\u043d\u0456<\/li>\n<li><i class=\"far fa-check-circle\"><\/i><strong>\u0410\u0440\u0442. \u2116: 222<\/strong><\/li>\n<\/ul>\n<\/div>\n[\/et_pb_text][et_pb_button button_url=&#8221;\/?page_id=10&#8243; url_new_window=&#8221;on&#8221; button_text=&#8221;\u041c\u0410\u0404\u0422\u0415 \u0417\u0410\u041f\u0418\u0422\u0410\u041d\u041d\u042f?&#8221; button_alignment=&#8221;left&#8221; admin_label=&#8221;Noch Fragen? Button&#8221; _builder_version=&#8221;4.4.0&#8243; custom_button=&#8221;on&#8221; button_text_color=&#8221;#e2007a&#8221; button_bg_color=&#8221;#efefef&#8221; button_use_icon=&#8221;off&#8221; custom_padding_tablet=&#8221;&#8221; custom_padding_phone=&#8221;&#8221; custom_padding_last_edited=&#8221;on|desktop&#8221; animation_style=&#8221;bounce&#8221; z_index_tablet=&#8221;500&#8243; saved_tabs=&#8221;all&#8221;][\/et_pb_button][\/et_pb_column][et_pb_column type=&#8221;1_3&#8243; _builder_version=&#8221;3.25&#8243; custom_padding=&#8221;|||&#8221; custom_padding__hover=&#8221;|||&#8221;][et_pb_text admin_label=&#8221;Siblings&#8221; _builder_version=&#8221;4.4.0&#8243; background_color=&#8221;#efefef&#8221; use_background_color_gradient=&#8221;on&#8221; background_color_gradient_start=&#8221;#efefef&#8221; background_color_gradient_end=&#8221;#ffffff&#8221; custom_margin=&#8221;5%|5%||&#8221; custom_margin_tablet=&#8221;5%|5%|5%|5%&#8221; custom_margin_phone=&#8221;&#8221; custom_margin_last_edited=&#8221;on|phone&#8221; custom_padding=&#8221;5%|5%|5%|5%&#8221; z_index_tablet=&#8221;500&#8243;]\n<h3><a title=\"Weitere Produkte f\u00fcr sie und ihn\" href=\"https:\/\/inverma.de\/uk\/%d0%bf%d1%80%d0%be%d0%b4%d1%83%d0%ba%d1%86%d1%96%d1%8f-5\/produkte-fuer-sie-und-ihn\/\"> \u0418\u043d\u0448\u0430 \u043f\u0440\u043e\u0434\u0443\u043a\u0446\u0456\u044f \u0434\u043b\u044f \u0436\u0456\u043d\u043e\u043a \u0442\u0430 \u0447\u043e\u043b\u043e\u0432\u0456\u043a\u0456\u0432:<\/a><\/h3>\n<ul class=\"su-siblings\"><li class=\"page_item page-item-11029\"><a href=\"https:\/\/inverma.de\/uk\/%d0%bf%d1%80%d0%be%d0%b4%d1%83%d0%ba%d1%86%d1%96%d1%8f-5\/produkte-fuer-sie-und-ihn\/klitoris-kitzler-jil\/\">\u041a\u041b\u0406\u0422\u041e\u0420\u041e\u0417\u0411\u0423\u0414\u041d\u0418\u041a JIL<\/a><\/li>\n<li class=\"page_item page-item-11039\"><a href=\"https:\/\/inverma.de\/uk\/%d0%bf%d1%80%d0%be%d0%b4%d1%83%d0%ba%d1%86%d1%96%d1%8f-5\/produkte-fuer-sie-und-ihn\/wollust-hopper\/\">\u041f\u0420\u0423\u0422\u041d\u0415\u0412\u0415 \u041a\u0406\u041b\u042c\u0426\u0415 WOLLUST-HOPPER<\/a><\/li>\n<\/ul>[\/et_pb_text][\/et_pb_column][\/et_pb_row][\/et_pb_section]\n","protected":false},"excerpt":{"rendered":"<p>\u041d\u0430\u0442\u044f\u0433\u043d\u0456\u0442\u044c \u043d\u0430\u043f\u043e\u0432\u043d\u0435\u043d\u0435 \u043f\u043e\u0432\u0456\u0442\u0440\u044f\u043c \u043a\u0456\u043b\u044c\u0446\u0435 Doppler \u043d\u0430 \u0437\u0431\u0443\u0434\u0436\u0435\u043d\u043e\u0433\u043e \u043f\u0440\u0443\u0442\u043d\u044f \u0434\u043e \u0439\u043e\u0433\u043e \u043e\u0441\u043d\u043e\u0432\u0438. \u041d\u0430\u043f\u0440\u0443\u0433\u0456\u0441\u0442\u044c \u043f\u0440\u0443\u0442\u043d\u044f \u0434\u043e\u0441\u044f\u0433\u0430\u0454\u0442\u044c\u0441\u044f \u0431\u0435\u0437 \u0439\u043e\u0433\u043e \u043f\u0435\u0440\u0435\u0442\u0438\u0441\u043a\u0430\u043d\u043d\u044f. \u0410 \u0442\u043e\u043c\u0443 \u0432\u0456\u0434\u0431\u0443\u0432\u0430\u0454\u0442\u044c\u0441\u044f \u0446\u0456\u043b\u043a\u043e\u0432\u0438\u0442\u0430 \u043f\u0440\u0438\u0440\u043e\u0434\u043d\u0430 \u0442\u0430 \u0435\u0444\u0435\u043a\u0442\u0438\u0432\u043d\u0430 \u0435\u0440\u0435\u043a\u0446\u0456\u044f.\u041f\u0456\u0434 \u0447\u0430\u0441 \u043f\u0440\u043e\u043d\u0438\u043a\u043d\u0435\u043d\u043d\u044f \u0437\u0431\u0456\u043b\u044c\u0448\u0435\u043d\u043e\u0433\u043e \u0432\u0437\u0434\u043e\u0432\u0436 \u0456 \u0432\u0448\u0438\u0440 \u043f\u0440\u0443\u0442\u043d\u044f \u0434\u043e \u0436\u0456\u043d\u043e\u0447\u043e\u0457 \u043f\u0456\u0445\u0432\u0438 \u044f\u043a\u0456\u0441\u0442\u044c \u0446\u0456\u043b\u043a\u043e\u043c \u043f\u0440\u0438\u0440\u043e\u0434\u043d\u0438\u0445 \u0432\u0456\u0434\u0447\u0443\u0442\u0442\u0456\u0432 \u043f\u043e\u043a\u0440\u0430\u0449\u0443\u0454\u0442\u044c\u0441\u044f \u0430\u0436 \u0434\u043e \u0435\u043a\u0441\u0442\u0430\u0437\u043e\u0432\u043e\u0457 \u0435\u0432\u0444\u043e\u0440\u0456\u0457. \u041f\u0440\u0443\u0442\u043d\u0435\u0432\u0456 \u043a\u0456\u043b\u044c\u0446\u044f Doppler \u043b\u0435\u0433\u043a\u043e \u043f\u0440\u0438\u0441\u0442\u043e\u0441\u043e\u0432\u0443\u044e\u0442\u044c\u0441\u044f \u0434\u043e \u0431\u0443\u0434\u043e\u0432\u0438 \u043f\u0456\u0445\u0432\u0438.\u0412\u043e\u043d\u0438 \u0441\u043b\u0443\u0433\u0443\u044e\u0442\u044c \u0432\u0456\u0434\u043d\u043e\u0432\u043b\u0435\u043d\u043d\u044e \u0441\u0435\u043a\u0441\u0443\u0430\u043b\u044c\u043d\u0438\u0445 [&hellip;]<\/p>\n","protected":false},"author":9,"featured_media":0,"parent":11122,"menu_order":2,"comment_status":"closed","ping_status":"closed","template":"","meta":{"_et_pb_use_builder":"on","_et_pb_old_content":"[su_row]\r\n[su_column size=\"1\/3\"]\r\n<img class=\"aligncenter wp-image-2970 size-medium\" title=\"Tri-Sex-Doppler\" src=\"https:\/\/inverma.de\/wp-content\/uploads\/tri-sex-doppler22290-e1428333037985.png\" alt=\"Tri-Sex-Doppler\" width=\"209\" height=\"300\" \/>\r\n[\/su_column]\r\n[su_column size=\"1\/3\"]\r\n<p style=\"text-align: justify;\">Bei erigiertem Penis den luftgef\u00fcllten Doppler bis weit nach hinten zur Gliedwurzel \u00fcberstreifen. Die Rutensteifheit wird ohne Strangulation des Penis erreicht. D.h., dass das Aufrichten des Penis vollvolumiger erfolgt und dadurch nat\u00fcrlicher und effektiver wirkt.<\/p>\r\n<p style=\"text-align: justify;\">Beim Eindringen der nun prallen, in L\u00e4nge und Umfang gr\u00f6\u00dfer gewordenen, m\u00e4nnlichen Rute in die weibliche Scheide, kann das absolute nat\u00fcrliche Empfinden bis zur Ekstase gesteigert werden. Schon beim Anlegen erfolgt Anpassung an die Anatomie der Scheide.<\/p>\r\n<p style=\"text-align: justify;\">Zur Wiederbelebung einer zur Routine gewordenen Partner-Beziehung.<\/p>\r\n[\/su_column]\r\n\r\n[su_column size=\"1\/3\"]\r\n<div class=\"prod_box_klein\">\r\n\r\n[su_box title=\"Produktinformation\" box_color=\"#e2007a\"]\r\n<ul>\r\n \t<li>Inhalt: 1 St\u00fcck Penisring mit Klitorisstimulationskissen<\/li>\r\n \t<li>Made in Germany<\/li>\r\n \t<li><strong>Art.-Nr.: 222<\/strong><\/li>\r\n<\/ul>\r\n[\/su_box]\r\n\r\n<\/div>\r\n[\/su_column]\r\n[\/su_row]\r\n<h3><a title=\"Produkte f\u00fcr sie und ihn\" href=\"\/?page_id=24\">Weitere Produkte F\u00dcR SIE und IHN:<\/a><\/h3>\r\n[su_siblings]","_et_gb_content_width":"","footnotes":""},"yoast_head":"<!-- This site is optimized with the Yoast SEO plugin v22.2 - https:\/\/yoast.com\/wordpress\/plugins\/seo\/ -->\n<title>INVERMA Tri-Sex-Doppler<\/title>\n<meta name=\"description\" content=\"INVERMA Tri-Sex-Doppler - Das Aufrichten des Penis erfolgt vollvolumiger und wirkt dadurch nat\u00fcrlicher und effektiver.\" \/>\n<meta name=\"robots\" content=\"index, follow, max-snippet:-1, max-image-preview:large, max-video-preview:-1\" \/>\n<link rel=\"canonical\" href=\"https:\/\/inverma.de\/uk\/%d0%bf%d1%80%d0%be%d0%b4%d1%83%d0%ba%d1%86%d1%96%d1%8f-5\/produkte-fuer-sie-und-ihn\/tri-sex-doppler\/\" \/>\n<meta property=\"og:locale\" content=\"uk_UA\" \/>\n<meta property=\"og:type\" content=\"article\" \/>\n<meta property=\"og:title\" content=\"INVERMA Tri-Sex-Doppler\" \/>\n<meta property=\"og:description\" content=\"INVERMA Tri-Sex-Doppler - Das Aufrichten des Penis erfolgt vollvolumiger und wirkt dadurch nat\u00fcrlicher und effektiver.\" \/>\n<meta property=\"og:url\" content=\"https:\/\/inverma.de\/uk\/%d0%bf%d1%80%d0%be%d0%b4%d1%83%d0%ba%d1%86%d1%96%d1%8f-5\/produkte-fuer-sie-und-ihn\/tri-sex-doppler\/\" \/>\n<meta property=\"og:site_name\" content=\"INVERMA\" \/>\n<meta property=\"article:publisher\" content=\"https:\/\/www.facebook.com\/inverma.lange\" \/>\n<meta property=\"article:modified_time\" content=\"2020-04-16T22:46:55+00:00\" \/>\n<meta property=\"og:image\" content=\"https:\/\/inverma.de\/wp-content\/uploads\/tri-sex-doppler22290-e1428333037985.png\" \/>\n<meta name=\"twitter:label1\" content=\"Est. reading time\" \/>\n\t<meta name=\"twitter:data1\" content=\"1 minute\" \/>\n<script type=\"application\/ld+json\" class=\"yoast-schema-graph\">{\"@context\":\"https:\/\/schema.org\",\"@graph\":[{\"@type\":\"WebPage\",\"@id\":\"https:\/\/inverma.de\/uk\/%d0%bf%d1%80%d0%be%d0%b4%d1%83%d0%ba%d1%86%d1%96%d1%8f-5\/produkte-fuer-sie-und-ihn\/tri-sex-doppler\/\",\"url\":\"https:\/\/inverma.de\/uk\/%d0%bf%d1%80%d0%be%d0%b4%d1%83%d0%ba%d1%86%d1%96%d1%8f-5\/produkte-fuer-sie-und-ihn\/tri-sex-doppler\/\",\"name\":\"INVERMA Tri-Sex-Doppler\",\"isPartOf\":{\"@id\":\"https:\/\/inverma.de\/uk\/#website\"},\"primaryImageOfPage\":{\"@id\":\"https:\/\/inverma.de\/uk\/%d0%bf%d1%80%d0%be%d0%b4%d1%83%d0%ba%d1%86%d1%96%d1%8f-5\/produkte-fuer-sie-und-ihn\/tri-sex-doppler\/#primaryimage\"},\"image\":{\"@id\":\"https:\/\/inverma.de\/uk\/%d0%bf%d1%80%d0%be%d0%b4%d1%83%d0%ba%d1%86%d1%96%d1%8f-5\/produkte-fuer-sie-und-ihn\/tri-sex-doppler\/#primaryimage\"},\"thumbnailUrl\":\"https:\/\/inverma.de\/wp-content\/uploads\/tri-sex-doppler22290-e1428333037985.png\",\"datePublished\":\"2020-03-29T21:36:29+00:00\",\"dateModified\":\"2020-04-16T22:46:55+00:00\",\"description\":\"INVERMA Tri-Sex-Doppler - Das Aufrichten des Penis erfolgt vollvolumiger und wirkt dadurch nat\u00fcrlicher und effektiver.\",\"breadcrumb\":{\"@id\":\"https:\/\/inverma.de\/uk\/%d0%bf%d1%80%d0%be%d0%b4%d1%83%d0%ba%d1%86%d1%96%d1%8f-5\/produkte-fuer-sie-und-ihn\/tri-sex-doppler\/#breadcrumb\"},\"inLanguage\":\"uk-UA\",\"potentialAction\":[{\"@type\":\"ReadAction\",\"target\":[\"https:\/\/inverma.de\/uk\/%d0%bf%d1%80%d0%be%d0%b4%d1%83%d0%ba%d1%86%d1%96%d1%8f-5\/produkte-fuer-sie-und-ihn\/tri-sex-doppler\/\"]}]},{\"@type\":\"ImageObject\",\"inLanguage\":\"uk-UA\",\"@id\":\"https:\/\/inverma.de\/uk\/%d0%bf%d1%80%d0%be%d0%b4%d1%83%d0%ba%d1%86%d1%96%d1%8f-5\/produkte-fuer-sie-und-ihn\/tri-sex-doppler\/#primaryimage\",\"url\":\"https:\/\/inverma.de\/wp-content\/uploads\/tri-sex-doppler22290-e1428333037985.png\",\"contentUrl\":\"https:\/\/inverma.de\/wp-content\/uploads\/tri-sex-doppler22290-e1428333037985.png\",\"width\":209,\"height\":300},{\"@type\":\"BreadcrumbList\",\"@id\":\"https:\/\/inverma.de\/uk\/%d0%bf%d1%80%d0%be%d0%b4%d1%83%d0%ba%d1%86%d1%96%d1%8f-5\/produkte-fuer-sie-und-ihn\/tri-sex-doppler\/#breadcrumb\",\"itemListElement\":[{\"@type\":\"ListItem\",\"position\":1,\"name\":\"Home\",\"item\":\"https:\/\/inverma.de\/uk\/\"},{\"@type\":\"ListItem\",\"position\":2,\"name\":\"\u041f\u0420\u041e\u0414\u0423\u041a\u0426\u0406\u042f \u0414\u041b\u042f \u0416\u0406\u041d\u041e\u041a\",\"item\":\"https:\/\/inverma.de\/uk\/produkte\/fuer-sie\/\"},{\"@type\":\"ListItem\",\"position\":3,\"name\":\"\u041f\u0420\u041e\u0414\u0423\u041a\u0426\u0406\u042f \u0414\u041b\u042f \u0416\u0406\u041d\u041e\u041a \u0422\u0410 \u0427\u041e\u041b\u041e\u0412\u0406\u041a\u0406\u0412\",\"item\":\"https:\/\/inverma.de\/uk\/produkte\/fuer-sie\/fuer-sie-und-ihn\/\"},{\"@type\":\"ListItem\",\"position\":4,\"name\":\"\u041f\u0420\u0423\u0422\u041d\u0415\u0412\u0415 \u041a\u0406\u041b\u042c\u0426\u0415 TRI-SEX-DOPPLER\"}]},{\"@type\":\"WebSite\",\"@id\":\"https:\/\/inverma.de\/uk\/#website\",\"url\":\"https:\/\/inverma.de\/uk\/\",\"name\":\"INVERMA\",\"description\":\"Come in to the world of erotic and exotic\",\"publisher\":{\"@id\":\"https:\/\/inverma.de\/uk\/#organization\"},\"potentialAction\":[{\"@type\":\"SearchAction\",\"target\":{\"@type\":\"EntryPoint\",\"urlTemplate\":\"https:\/\/inverma.de\/uk\/?s={search_term_string}\"},\"query-input\":\"required name=search_term_string\"}],\"inLanguage\":\"uk-UA\"},{\"@type\":\"Organization\",\"@id\":\"https:\/\/inverma.de\/uk\/#organization\",\"name\":\"INVERMA Johannes Lange GmbH+Co KG\",\"url\":\"https:\/\/inverma.de\/uk\/\",\"logo\":{\"@type\":\"ImageObject\",\"inLanguage\":\"uk-UA\",\"@id\":\"https:\/\/inverma.de\/uk\/#\/schema\/logo\/image\/\",\"url\":\"https:\/\/inverma.de\/wp-content\/uploads\/inverma_logo_neu-e1545358251143.png\",\"contentUrl\":\"https:\/\/inverma.de\/wp-content\/uploads\/inverma_logo_neu-e1545358251143.png\",\"width\":280,\"height\":74,\"caption\":\"INVERMA Johannes Lange GmbH+Co KG\"},\"image\":{\"@id\":\"https:\/\/inverma.de\/uk\/#\/schema\/logo\/image\/\"},\"sameAs\":[\"https:\/\/www.facebook.com\/inverma.lange\"]}]}<\/script>\n<!-- \/ Yoast SEO plugin. -->","yoast_head_json":{"title":"INVERMA Tri-Sex-Doppler","description":"INVERMA Tri-Sex-Doppler - Das Aufrichten des Penis erfolgt vollvolumiger und wirkt dadurch nat\u00fcrlicher und effektiver.","robots":{"index":"index","follow":"follow","max-snippet":"max-snippet:-1","max-image-preview":"max-image-preview:large","max-video-preview":"max-video-preview:-1"},"canonical":"https:\/\/inverma.de\/uk\/%d0%bf%d1%80%d0%be%d0%b4%d1%83%d0%ba%d1%86%d1%96%d1%8f-5\/produkte-fuer-sie-und-ihn\/tri-sex-doppler\/","og_locale":"uk_UA","og_type":"article","og_title":"INVERMA Tri-Sex-Doppler","og_description":"INVERMA Tri-Sex-Doppler - Das Aufrichten des Penis erfolgt vollvolumiger und wirkt dadurch nat\u00fcrlicher und effektiver.","og_url":"https:\/\/inverma.de\/uk\/%d0%bf%d1%80%d0%be%d0%b4%d1%83%d0%ba%d1%86%d1%96%d1%8f-5\/produkte-fuer-sie-und-ihn\/tri-sex-doppler\/","og_site_name":"INVERMA","article_publisher":"https:\/\/www.facebook.com\/inverma.lange","article_modified_time":"2020-04-16T22:46:55+00:00","og_image":[{"url":"https:\/\/inverma.de\/wp-content\/uploads\/tri-sex-doppler22290-e1428333037985.png"}],"twitter_misc":{"Est. reading time":"1 minute"},"schema":{"@context":"https:\/\/schema.org","@graph":[{"@type":"WebPage","@id":"https:\/\/inverma.de\/uk\/%d0%bf%d1%80%d0%be%d0%b4%d1%83%d0%ba%d1%86%d1%96%d1%8f-5\/produkte-fuer-sie-und-ihn\/tri-sex-doppler\/","url":"https:\/\/inverma.de\/uk\/%d0%bf%d1%80%d0%be%d0%b4%d1%83%d0%ba%d1%86%d1%96%d1%8f-5\/produkte-fuer-sie-und-ihn\/tri-sex-doppler\/","name":"INVERMA Tri-Sex-Doppler","isPartOf":{"@id":"https:\/\/inverma.de\/uk\/#website"},"primaryImageOfPage":{"@id":"https:\/\/inverma.de\/uk\/%d0%bf%d1%80%d0%be%d0%b4%d1%83%d0%ba%d1%86%d1%96%d1%8f-5\/produkte-fuer-sie-und-ihn\/tri-sex-doppler\/#primaryimage"},"image":{"@id":"https:\/\/inverma.de\/uk\/%d0%bf%d1%80%d0%be%d0%b4%d1%83%d0%ba%d1%86%d1%96%d1%8f-5\/produkte-fuer-sie-und-ihn\/tri-sex-doppler\/#primaryimage"},"thumbnailUrl":"https:\/\/inverma.de\/wp-content\/uploads\/tri-sex-doppler22290-e1428333037985.png","datePublished":"2020-03-29T21:36:29+00:00","dateModified":"2020-04-16T22:46:55+00:00","description":"INVERMA Tri-Sex-Doppler - Das Aufrichten des Penis erfolgt vollvolumiger und wirkt dadurch nat\u00fcrlicher und effektiver.","breadcrumb":{"@id":"https:\/\/inverma.de\/uk\/%d0%bf%d1%80%d0%be%d0%b4%d1%83%d0%ba%d1%86%d1%96%d1%8f-5\/produkte-fuer-sie-und-ihn\/tri-sex-doppler\/#breadcrumb"},"inLanguage":"uk-UA","potentialAction":[{"@type":"ReadAction","target":["https:\/\/inverma.de\/uk\/%d0%bf%d1%80%d0%be%d0%b4%d1%83%d0%ba%d1%86%d1%96%d1%8f-5\/produkte-fuer-sie-und-ihn\/tri-sex-doppler\/"]}]},{"@type":"ImageObject","inLanguage":"uk-UA","@id":"https:\/\/inverma.de\/uk\/%d0%bf%d1%80%d0%be%d0%b4%d1%83%d0%ba%d1%86%d1%96%d1%8f-5\/produkte-fuer-sie-und-ihn\/tri-sex-doppler\/#primaryimage","url":"https:\/\/inverma.de\/wp-content\/uploads\/tri-sex-doppler22290-e1428333037985.png","contentUrl":"https:\/\/inverma.de\/wp-content\/uploads\/tri-sex-doppler22290-e1428333037985.png","width":209,"height":300},{"@type":"BreadcrumbList","@id":"https:\/\/inverma.de\/uk\/%d0%bf%d1%80%d0%be%d0%b4%d1%83%d0%ba%d1%86%d1%96%d1%8f-5\/produkte-fuer-sie-und-ihn\/tri-sex-doppler\/#breadcrumb","itemListElement":[{"@type":"ListItem","position":1,"name":"Home","item":"https:\/\/inverma.de\/uk\/"},{"@type":"ListItem","position":2,"name":"\u041f\u0420\u041e\u0414\u0423\u041a\u0426\u0406\u042f \u0414\u041b\u042f \u0416\u0406\u041d\u041e\u041a","item":"https:\/\/inverma.de\/uk\/produkte\/fuer-sie\/"},{"@type":"ListItem","position":3,"name":"\u041f\u0420\u041e\u0414\u0423\u041a\u0426\u0406\u042f \u0414\u041b\u042f \u0416\u0406\u041d\u041e\u041a \u0422\u0410 \u0427\u041e\u041b\u041e\u0412\u0406\u041a\u0406\u0412","item":"https:\/\/inverma.de\/uk\/produkte\/fuer-sie\/fuer-sie-und-ihn\/"},{"@type":"ListItem","position":4,"name":"\u041f\u0420\u0423\u0422\u041d\u0415\u0412\u0415 \u041a\u0406\u041b\u042c\u0426\u0415 TRI-SEX-DOPPLER"}]},{"@type":"WebSite","@id":"https:\/\/inverma.de\/uk\/#website","url":"https:\/\/inverma.de\/uk\/","name":"INVERMA","description":"Come in to the world of erotic and exotic","publisher":{"@id":"https:\/\/inverma.de\/uk\/#organization"},"potentialAction":[{"@type":"SearchAction","target":{"@type":"EntryPoint","urlTemplate":"https:\/\/inverma.de\/uk\/?s={search_term_string}"},"query-input":"required name=search_term_string"}],"inLanguage":"uk-UA"},{"@type":"Organization","@id":"https:\/\/inverma.de\/uk\/#organization","name":"INVERMA Johannes Lange GmbH+Co KG","url":"https:\/\/inverma.de\/uk\/","logo":{"@type":"ImageObject","inLanguage":"uk-UA","@id":"https:\/\/inverma.de\/uk\/#\/schema\/logo\/image\/","url":"https:\/\/inverma.de\/wp-content\/uploads\/inverma_logo_neu-e1545358251143.png","contentUrl":"https:\/\/inverma.de\/wp-content\/uploads\/inverma_logo_neu-e1545358251143.png","width":280,"height":74,"caption":"INVERMA Johannes Lange GmbH+Co KG"},"image":{"@id":"https:\/\/inverma.de\/uk\/#\/schema\/logo\/image\/"},"sameAs":["https:\/\/www.facebook.com\/inverma.lange"]}]}},"_links":{"self":[{"href":"https:\/\/inverma.de\/uk\/wp-json\/wp\/v2\/pages\/11049"}],"collection":[{"href":"https:\/\/inverma.de\/uk\/wp-json\/wp\/v2\/pages"}],"about":[{"href":"https:\/\/inverma.de\/uk\/wp-json\/wp\/v2\/types\/page"}],"author":[{"embeddable":true,"href":"https:\/\/inverma.de\/uk\/wp-json\/wp\/v2\/users\/9"}],"replies":[{"embeddable":true,"href":"https:\/\/inverma.de\/uk\/wp-json\/wp\/v2\/comments?post=11049"}],"version-history":[{"count":0,"href":"https:\/\/inverma.de\/uk\/wp-json\/wp\/v2\/pages\/11049\/revisions"}],"up":[{"embeddable":true,"href":"https:\/\/inverma.de\/uk\/wp-json\/wp\/v2\/pages\/11122"}],"wp:attachment":[{"href":"https:\/\/inverma.de\/uk\/wp-json\/wp\/v2\/media?parent=11049"}],"curies":[{"name":"wp","href":"https:\/\/api.w.org\/{rel}","templated":true}]}}