{"id":11139,"date":"2020-04-04T17:50:15","date_gmt":"2020-04-04T15:50:15","guid":{"rendered":"https:\/\/inverma.de\/infos\/%d0%bd%d0%be%d0%b2%d0%b8%d0%bd%d0%ba%d0%b8-%d0%b2%d1%96%d0%b4-inverma\/"},"modified":"2020-04-23T13:31:57","modified_gmt":"2020-04-23T11:31:57","slug":"%d0%bd%d0%be%d0%b2%d0%b8%d0%bd%d0%ba%d0%b8-%d0%b2%d1%96%d0%b4-inverma","status":"publish","type":"page","link":"https:\/\/inverma.de\/uk\/infos\/%d0%bd%d0%be%d0%b2%d0%b8%d0%bd%d0%ba%d0%b8-%d0%b2%d1%96%d0%b4-inverma\/","title":{"rendered":"\u041d\u041e\u0412\u0418\u041d\u041a\u0418 \u0412\u0406\u0414 INVERMA"},"content":{"rendered":"[et_pb_section bb_built=&#8221;1&#8243; _builder_version=&#8221;3.22.4&#8243; inner_width_tablet=&#8221;50px&#8221; inner_max_width_tablet=&#8221;50px&#8221; custom_padding=&#8221;0px|||&#8221; z_index_tablet=&#8221;500&#8243;][et_pb_row _builder_version=&#8221;3.25&#8243; custom_padding=&#8221;0px||0px|&#8221; z_index_tablet=&#8221;500&#8243;][et_pb_column type=&#8221;4_4&#8243; _builder_version=&#8221;3.25&#8243; custom_padding=&#8221;|||&#8221; custom_padding__hover=&#8221;|||&#8221;][et_pb_post_title meta=&#8221;off&#8221; featured_image=&#8221;off&#8221; _builder_version=&#8221;3.22.4&#8243; z_index_tablet=&#8221;500&#8243; \/][\/et_pb_column][\/et_pb_row][et_pb_row make_equal=&#8221;on&#8221; _builder_version=&#8221;3.25&#8243; background_color=&#8221;#ffffff&#8221; module_alignment=&#8221;center&#8221; z_index_tablet=&#8221;500&#8243; border_radii=&#8221;on|0px|0px|0px|0px&#8221; box_shadow_style=&#8221;preset3&#8243; column_structure=&#8221;1_2,1_2&#8243;][et_pb_column type=&#8221;1_2&#8243; _builder_version=&#8221;3.25&#8243; background_color=&#8221;#ffffff&#8221; custom_padding=&#8221;|||&#8221; custom_padding__hover=&#8221;|||&#8221;][et_pb_text _builder_version=&#8221;3.27.4&#8243; custom_padding=&#8221;5%|5%|5%|5%&#8221; z_index_tablet=&#8221;500&#8243;]\n<h3> INVERMA \u041f\u041e\u0421\u0422\u0406\u0419\u041d\u041e \u0420\u041e\u0417\u0412\u0418\u0412\u0410\u0404\u0422\u042c\u0421\u042f: \u0413\u0415\u041b\u042c-\u041c\u0410\u0421\u0422\u0418\u041b\u041e COME IN \u0417 \u0415\u041a\u0421\u0422\u0420\u0410\u041a\u0422\u041e\u041c \u0410\u041b\u041e\u0415 \u0412\u0415\u0420\u0410 \u0412\u0406\u0414\u0422\u0415\u041f\u0415\u0420 \u041e\u0411&#8217;\u0404\u041c\u041e\u041c 50 \u0422\u0410 200 \u041c\u041b<\/h3>\n<p> \u0413\u0435\u043b\u044c-\u043c\u0430\u0441\u0442\u0438\u043b\u043e Come In \u0437 \u0435\u043a\u0441\u0442\u0440\u0430\u043a\u0442\u043e\u043c \u0430\u043b\u043e\u0435 \u0432\u0435\u0440\u0430, \u044f\u043a\u0456\u0441\u0442\u044c \u044f\u043a\u043e\u0433\u043e \u043f\u0435\u0440\u0435\u0432\u0456\u0440\u0435\u043d\u0430 \u0440\u043e\u043a\u0430\u043c\u0438, \u043d\u0430\u044f\u0432\u043d\u0438\u0439 \u0432\u0456\u0434\u0442\u0435\u043f\u0435\u0440 \u0443 \u0434\u0432\u043e\u0445 \u043d\u043e\u0432\u0438\u0445 \u043e\u0431&#8217;\u0454\u043c\u0430\u0445. \u041e\u043a\u0440\u0456\u043c \u0442\u044e\u0431\u0438\u043a\u0430 \u043e\u0431\u2019\u0454\u043c\u043e\u043c 100 \u043c\u043b \u043c\u0438 \u043f\u0440\u043e\u043f\u043e\u043d\u0443\u0454\u043c\u043e \u043e\u0431&#8217;\u0454\u043c\u0438 50 \u0442\u0430 200 \u043c\u043b. \u041e\u0442\u0436\u0435, \u043a\u043e\u0436\u0435\u043d \u043c\u043e\u0436\u0435 \u043e\u0431\u0440\u0430\u0442\u0438 \u0437\u0440\u0443\u0447\u043d\u0438\u0439 \u0434\u043b\u044f \u043d\u044c\u043e\u0433\u043e \u0440\u043e\u0437\u043c\u0456\u0440 \u0442\u044e\u0431\u0438\u043a\u0430. \u0412\u0435\u0447\u0456\u0440\u043a\u0430, \u0432\u0456\u0434\u043f\u0443\u0441\u0442\u043a\u0430 \u0447\u0438 \u0434\u043e\u0432\u0433\u0430 \u043f\u0440\u0438\u0441\u0442\u0440\u0430\u0441\u043d\u0430 \u043d\u0456\u0447 \u0432\u0434\u043e\u043c\u0430: \u043d\u0430 \u043a\u043e\u0436\u0435\u043d \u0432\u0438\u043f\u0430\u0434\u043e\u043a \u0436\u0438\u0442\u0442\u044f \u043f\u0440\u043e\u043f\u043e\u043d\u0443\u0454\u0442\u044c\u0441\u044f \u0432\u0456\u0434\u043f\u043e\u0432\u0456\u0434\u043d\u043e \u0437\u0440\u0443\u0447\u043d\u0430 \u043a\u0456\u043b\u044c\u043a\u0456\u0441\u0442\u044c \u0433\u0435\u043b\u044e-\u043c\u0430\u0441\u0442\u0438\u043b\u0430. \u041f\u0456\u0434\u0434\u0430\u0432\u0430\u0439\u0442\u0435\u0441\u044f \u043a\u043e\u0445\u0430\u043d\u043d\u044e \u043a\u043e\u0436\u043d\u043e\u0457 \u0435\u0440\u043e\u0442\u0438\u0447\u043d\u043e\u0457 \u043c\u0438\u0442\u0456, \u043a\u043e\u043b\u0438 \u043c\u0456\u0436 \u0412\u0430\u043c\u0438 \u0442\u0430 \u0412\u0430\u0448\u0438\u043c \u043f\u0430\u0440\u0442\u043d\u0435\u0440\u043e\u043c \u043f\u0430\u043b\u0430\u0454 \u043f\u0440\u0438\u0441\u0442\u0440\u0430\u0441\u0442\u044c. \u0413\u0435\u043b\u044c-\u043c\u0430\u0441\u0442\u0438\u043b\u043e Come In \u0434\u0430\u0440\u0443\u0454 \u0437\u0430\u0434\u043e\u0432\u043e\u043b\u0435\u043d\u043d\u044f \u0443 \u0431\u0443\u0434\u044c-\u044f\u043a\u043e\u043c\u0443 \u0435\u0440\u043e\u0442\u0438\u0447\u043d\u043e\u043c\u0443 \u0432\u0438\u043f\u0430\u0434\u043a\u0443: \u0456 \u0437 \u043f\u0430\u0440\u0442\u043d\u0435\u0440\u043e\u043c, \u0456 \u043d\u0430\u043e\u0434\u0438\u043d\u0446\u0456. \u0419\u043e\u0433\u043e \u043c\u043e\u0436\u043d\u0430 \u0432\u0438\u043a\u043e\u0440\u0438\u0441\u0442\u043e\u0432\u0443\u0432\u0430\u0442\u0438 \u0437 \u0432\u0456\u0431\u0440\u0430\u0442\u043e\u0440\u043e\u043c, \u0444\u0430\u043b\u043e\u0456\u043c\u0456\u0442\u0430\u0442\u043e\u0440\u043e\u043c \u0442\u0430 \u0438\u043d\u0448\u0438\u043c\u0438 \u0456\u0433\u0440\u0430\u0448\u043a\u0430\u043c\u0438. \u0410\u043b\u043e\u0435 \u0432\u0435\u0440\u0430 \u0432 \u0441\u043a\u043b\u0430\u0434\u0456 \u043c\u0430\u0441\u0442\u0438\u043b\u0430 \u043e\u0441\u043e\u0431\u043b\u0438\u0432\u043e \u0441\u043f\u0440\u0438\u044f\u0454 \u0412\u0430\u0448\u043e\u043c\u0443 \u0456\u043d\u0442\u0438\u043c\u043d\u043e\u043c\u0443 \u0434\u043e\u0433\u043b\u044f\u0434\u043e\u0432\u0456 \u0442\u0430 \u0434\u043e\u0431\u0440\u043e\u0447\u0443\u0442\u0442\u044e.<\/p>\n[\/et_pb_text][\/et_pb_column][et_pb_column type=&#8221;1_2&#8243; _builder_version=&#8221;3.25&#8243; background_color=&#8221;#ffffff&#8221; custom_padding=&#8221;|||&#8221; custom_padding__hover=&#8221;|||&#8221;][et_pb_text _builder_version=&#8221;4.4.3&#8243; custom_padding=&#8221;5%|5%|5%|5%&#8221; z_index_tablet=&#8221;500&#8243; text_text_shadow_horizontal_length=&#8221;text_text_shadow_style,%91object Object%93&#8243; text_text_shadow_horizontal_length_tablet=&#8221;0px&#8221; text_text_shadow_vertical_length=&#8221;text_text_shadow_style,%91object Object%93&#8243; text_text_shadow_vertical_length_tablet=&#8221;0px&#8221; text_text_shadow_blur_strength=&#8221;text_text_shadow_style,%91object Object%93&#8243; text_text_shadow_blur_strength_tablet=&#8221;1px&#8221; link_text_shadow_horizontal_length=&#8221;link_text_shadow_style,%91object Object%93&#8243; link_text_shadow_horizontal_length_tablet=&#8221;0px&#8221; link_text_shadow_vertical_length=&#8221;link_text_shadow_style,%91object Object%93&#8243; link_text_shadow_vertical_length_tablet=&#8221;0px&#8221; link_text_shadow_blur_strength=&#8221;link_text_shadow_style,%91object Object%93&#8243; link_text_shadow_blur_strength_tablet=&#8221;1px&#8221; ul_text_shadow_horizontal_length=&#8221;ul_text_shadow_style,%91object Object%93&#8243; ul_text_shadow_horizontal_length_tablet=&#8221;0px&#8221; ul_text_shadow_vertical_length=&#8221;ul_text_shadow_style,%91object Object%93&#8243; ul_text_shadow_vertical_length_tablet=&#8221;0px&#8221; ul_text_shadow_blur_strength=&#8221;ul_text_shadow_style,%91object Object%93&#8243; ul_text_shadow_blur_strength_tablet=&#8221;1px&#8221; ol_text_shadow_horizontal_length=&#8221;ol_text_shadow_style,%91object Object%93&#8243; ol_text_shadow_horizontal_length_tablet=&#8221;0px&#8221; ol_text_shadow_vertical_length=&#8221;ol_text_shadow_style,%91object Object%93&#8243; ol_text_shadow_vertical_length_tablet=&#8221;0px&#8221; ol_text_shadow_blur_strength=&#8221;ol_text_shadow_style,%91object Object%93&#8243; ol_text_shadow_blur_strength_tablet=&#8221;1px&#8221; quote_text_shadow_horizontal_length=&#8221;quote_text_shadow_style,%91object Object%93&#8243; quote_text_shadow_horizontal_length_tablet=&#8221;0px&#8221; quote_text_shadow_vertical_length=&#8221;quote_text_shadow_style,%91object Object%93&#8243; quote_text_shadow_vertical_length_tablet=&#8221;0px&#8221; quote_text_shadow_blur_strength=&#8221;quote_text_shadow_style,%91object Object%93&#8243; quote_text_shadow_blur_strength_tablet=&#8221;1px&#8221; header_text_shadow_horizontal_length=&#8221;header_text_shadow_style,%91object Object%93&#8243; header_text_shadow_horizontal_length_tablet=&#8221;0px&#8221; header_text_shadow_vertical_length=&#8221;header_text_shadow_style,%91object Object%93&#8243; header_text_shadow_vertical_length_tablet=&#8221;0px&#8221; header_text_shadow_blur_strength=&#8221;header_text_shadow_style,%91object Object%93&#8243; header_text_shadow_blur_strength_tablet=&#8221;1px&#8221; header_2_text_shadow_horizontal_length=&#8221;header_2_text_shadow_style,%91object Object%93&#8243; header_2_text_shadow_horizontal_length_tablet=&#8221;0px&#8221; header_2_text_shadow_vertical_length=&#8221;header_2_text_shadow_style,%91object Object%93&#8243; header_2_text_shadow_vertical_length_tablet=&#8221;0px&#8221; header_2_text_shadow_blur_strength=&#8221;header_2_text_shadow_style,%91object Object%93&#8243; header_2_text_shadow_blur_strength_tablet=&#8221;1px&#8221; header_3_text_shadow_horizontal_length=&#8221;header_3_text_shadow_style,%91object Object%93&#8243; header_3_text_shadow_horizontal_length_tablet=&#8221;0px&#8221; header_3_text_shadow_vertical_length=&#8221;header_3_text_shadow_style,%91object Object%93&#8243; header_3_text_shadow_vertical_length_tablet=&#8221;0px&#8221; header_3_text_shadow_blur_strength=&#8221;header_3_text_shadow_style,%91object Object%93&#8243; header_3_text_shadow_blur_strength_tablet=&#8221;1px&#8221; header_4_text_shadow_horizontal_length=&#8221;header_4_text_shadow_style,%91object Object%93&#8243; header_4_text_shadow_horizontal_length_tablet=&#8221;0px&#8221; header_4_text_shadow_vertical_length=&#8221;header_4_text_shadow_style,%91object Object%93&#8243; header_4_text_shadow_vertical_length_tablet=&#8221;0px&#8221; header_4_text_shadow_blur_strength=&#8221;header_4_text_shadow_style,%91object Object%93&#8243; header_4_text_shadow_blur_strength_tablet=&#8221;1px&#8221; header_5_text_shadow_horizontal_length=&#8221;header_5_text_shadow_style,%91object Object%93&#8243; header_5_text_shadow_horizontal_length_tablet=&#8221;0px&#8221; header_5_text_shadow_vertical_length=&#8221;header_5_text_shadow_style,%91object Object%93&#8243; header_5_text_shadow_vertical_length_tablet=&#8221;0px&#8221; header_5_text_shadow_blur_strength=&#8221;header_5_text_shadow_style,%91object Object%93&#8243; header_5_text_shadow_blur_strength_tablet=&#8221;1px&#8221; header_6_text_shadow_horizontal_length=&#8221;header_6_text_shadow_style,%91object Object%93&#8243; header_6_text_shadow_horizontal_length_tablet=&#8221;0px&#8221; header_6_text_shadow_vertical_length=&#8221;header_6_text_shadow_style,%91object Object%93&#8243; header_6_text_shadow_vertical_length_tablet=&#8221;0px&#8221; header_6_text_shadow_blur_strength=&#8221;header_6_text_shadow_style,%91object Object%93&#8243; header_6_text_shadow_blur_strength_tablet=&#8221;1px&#8221; box_shadow_horizontal_tablet=&#8221;0px&#8221; box_shadow_vertical_tablet=&#8221;0px&#8221; box_shadow_blur_tablet=&#8221;40px&#8221; box_shadow_spread_tablet=&#8221;0px&#8221; vertical_offset_tablet=&#8221;0&#8243; horizontal_offset_tablet=&#8221;0&#8243;]\n<p><iframe loading=\"lazy\" width=\"500\" height=\"281\" src=\"https:\/\/www.youtube.com\/embed\/pkW3nCM1Qe0\" frameborder=\"0\" allow=\"accelerometer; autoplay; encrypted-media; gyroscope; picture-in-picture\" allowfullscreen><\/iframe><\/p>\n[\/et_pb_text][\/et_pb_column][\/et_pb_row][\/et_pb_section]\n","protected":false},"excerpt":{"rendered":"<p>INVERMA \u041f\u041e\u0421\u0422\u0406\u0419\u041d\u041e \u0420\u041e\u0417\u0412\u0418\u0412\u0410\u0404\u0422\u042c\u0421\u042f: \u0413\u0415\u041b\u042c-\u041c\u0410\u0421\u0422\u0418\u041b\u041e COME IN \u0417 \u0415\u041a\u0421\u0422\u0420\u0410\u041a\u0422\u041e\u041c \u0410\u041b\u041e\u0415 \u0412\u0415\u0420\u0410 \u0412\u0406\u0414\u0422\u0415\u041f\u0415\u0420 \u041e\u0411&#8217;\u0404\u041c\u041e\u041c 50 \u0422\u0410 200 \u041c\u041b \u0413\u0435\u043b\u044c-\u043c\u0430\u0441\u0442\u0438\u043b\u043e Come In \u0437 \u0435\u043a\u0441\u0442\u0440\u0430\u043a\u0442\u043e\u043c \u0430\u043b\u043e\u0435 \u0432\u0435\u0440\u0430, \u044f\u043a\u0456\u0441\u0442\u044c \u044f\u043a\u043e\u0433\u043e \u043f\u0435\u0440\u0435\u0432\u0456\u0440\u0435\u043d\u0430 \u0440\u043e\u043a\u0430\u043c\u0438, \u043d\u0430\u044f\u0432\u043d\u0438\u0439 \u0432\u0456\u0434\u0442\u0435\u043f\u0435\u0440 \u0443 \u0434\u0432\u043e\u0445 \u043d\u043e\u0432\u0438\u0445 \u043e\u0431&#8217;\u0454\u043c\u0430\u0445. \u041e\u043a\u0440\u0456\u043c \u0442\u044e\u0431\u0438\u043a\u0430 \u043e\u0431\u2019\u0454\u043c\u043e\u043c 100 \u043c\u043b \u043c\u0438 \u043f\u0440\u043e\u043f\u043e\u043d\u0443\u0454\u043c\u043e \u043e\u0431&#8217;\u0454\u043c\u0438 50 \u0442\u0430 200 \u043c\u043b. \u041e\u0442\u0436\u0435, \u043a\u043e\u0436\u0435\u043d \u043c\u043e\u0436\u0435 \u043e\u0431\u0440\u0430\u0442\u0438 \u0437\u0440\u0443\u0447\u043d\u0438\u0439 \u0434\u043b\u044f \u043d\u044c\u043e\u0433\u043e \u0440\u043e\u0437\u043c\u0456\u0440 \u0442\u044e\u0431\u0438\u043a\u0430. \u0412\u0435\u0447\u0456\u0440\u043a\u0430, [&hellip;]<\/p>\n","protected":false},"author":9,"featured_media":0,"parent":10961,"menu_order":2,"comment_status":"closed","ping_status":"closed","template":"","meta":{"_et_pb_use_builder":"on","_et_pb_old_content":"<h3>INVERMA HAT ZUWACHS BEKOMMEN \u2013 COME IN GLEIT-GEL MIT ALOE VERA JETZT AUCH IN 50 ML UND 200 ML<\/h3><p>Unser langj\u00e4hrig bew\u00e4hrtes Come in Gleit-Gel mit Aloe Vera gibt es jetzt in zwei neuen Verpackungsgr\u00f6ssen. Neben der 100 ml-Tube bieten wir auch die Gr\u00f6ssen 50 ml und 200 ml an. Somit kann jetzt jeder Kunde die f\u00fcr Ihn passende Tubengr\u00f6sse w\u00e4hlen. Ob f\u00fcr die Handtasche am Abend, den Kulturbeutel im Urlaub oder eine langanhaltende Liebesnacht zu Hause \u2013 f\u00fcr jeden Anlass haben Sie jetzt immer die passende Menge von unserem Gleit-Gel dabei. Sie k\u00f6nnen sich also der Liebe in jedem erotischen Moment hingeben \u2013 wann immer Sie und Ihr Partner Lust darauf versp\u00fcren. Come in Gleit-Gel f\u00fcr mehr Spass in Ihren intimen Momenten zu zweit oder auch allein. Unser come in Gleit-Gel ist auch f\u00fcr die Benutzung mit einem Vibrator, Dildo oder anderen Toys hervorragend geeignet. Durch sein plus an Aloe Vera pflegt das Gleit-Gel besonders und f\u00f6rdert Ihre Intim-Wellness.<\/p>","_et_gb_content_width":"","footnotes":""},"yoast_head":"<!-- This site is optimized with the Yoast SEO plugin v22.2 - https:\/\/yoast.com\/wordpress\/plugins\/seo\/ -->\n<title>\u041d\u041e\u0412\u0418\u041d\u041a\u0418 \u0412\u0406\u0414 INVERMA - INVERMA<\/title>\n<meta name=\"description\" content=\"Erfahren Sie das Neueste von INVERMA: INVERMA hat Zuwachs bekommen - Come In Gleit-Gel mit Aloe Vera jetzt auch in 50ml und 200ml.\" \/>\n<meta name=\"robots\" content=\"index, follow, max-snippet:-1, max-image-preview:large, max-video-preview:-1\" \/>\n<link rel=\"canonical\" href=\"https:\/\/inverma.de\/uk\/infos\/%d0%bd%d0%be%d0%b2%d0%b8%d0%bd%d0%ba%d0%b8-%d0%b2%d1%96%d0%b4-inverma\/\" \/>\n<meta property=\"og:locale\" content=\"uk_UA\" \/>\n<meta property=\"og:type\" content=\"article\" \/>\n<meta property=\"og:title\" content=\"\u041d\u041e\u0412\u0418\u041d\u041a\u0418 \u0412\u0406\u0414 INVERMA - INVERMA\" \/>\n<meta property=\"og:description\" content=\"Erfahren Sie das Neueste von INVERMA: INVERMA hat Zuwachs bekommen - Come In Gleit-Gel mit Aloe Vera jetzt auch in 50ml und 200ml.\" \/>\n<meta property=\"og:url\" content=\"https:\/\/inverma.de\/uk\/infos\/%d0%bd%d0%be%d0%b2%d0%b8%d0%bd%d0%ba%d0%b8-%d0%b2%d1%96%d0%b4-inverma\/\" \/>\n<meta property=\"og:site_name\" content=\"INVERMA\" \/>\n<meta property=\"article:publisher\" content=\"https:\/\/www.facebook.com\/inverma.lange\" \/>\n<meta property=\"article:modified_time\" content=\"2020-04-23T11:31:57+00:00\" \/>\n<meta name=\"twitter:label1\" content=\"Est. reading time\" \/>\n\t<meta name=\"twitter:data1\" content=\"4 minutes\" \/>\n<script type=\"application\/ld+json\" class=\"yoast-schema-graph\">{\"@context\":\"https:\/\/schema.org\",\"@graph\":[{\"@type\":\"WebPage\",\"@id\":\"https:\/\/inverma.de\/uk\/infos\/%d0%bd%d0%be%d0%b2%d0%b8%d0%bd%d0%ba%d0%b8-%d0%b2%d1%96%d0%b4-inverma\/\",\"url\":\"https:\/\/inverma.de\/uk\/infos\/%d0%bd%d0%be%d0%b2%d0%b8%d0%bd%d0%ba%d0%b8-%d0%b2%d1%96%d0%b4-inverma\/\",\"name\":\"\u041d\u041e\u0412\u0418\u041d\u041a\u0418 \u0412\u0406\u0414 INVERMA - INVERMA\",\"isPartOf\":{\"@id\":\"https:\/\/inverma.de\/uk\/#website\"},\"datePublished\":\"2020-04-04T15:50:15+00:00\",\"dateModified\":\"2020-04-23T11:31:57+00:00\",\"description\":\"Erfahren Sie das Neueste von INVERMA: INVERMA hat Zuwachs bekommen - Come In Gleit-Gel mit Aloe Vera jetzt auch in 50ml und 200ml.\",\"breadcrumb\":{\"@id\":\"https:\/\/inverma.de\/uk\/infos\/%d0%bd%d0%be%d0%b2%d0%b8%d0%bd%d0%ba%d0%b8-%d0%b2%d1%96%d0%b4-inverma\/#breadcrumb\"},\"inLanguage\":\"uk-UA\",\"potentialAction\":[{\"@type\":\"ReadAction\",\"target\":[\"https:\/\/inverma.de\/uk\/infos\/%d0%bd%d0%be%d0%b2%d0%b8%d0%bd%d0%ba%d0%b8-%d0%b2%d1%96%d0%b4-inverma\/\"]}]},{\"@type\":\"BreadcrumbList\",\"@id\":\"https:\/\/inverma.de\/uk\/infos\/%d0%bd%d0%be%d0%b2%d0%b8%d0%bd%d0%ba%d0%b8-%d0%b2%d1%96%d0%b4-inverma\/#breadcrumb\",\"itemListElement\":[{\"@type\":\"ListItem\",\"position\":1,\"name\":\"Home\",\"item\":\"https:\/\/inverma.de\/uk\/\"},{\"@type\":\"ListItem\",\"position\":2,\"name\":\"Infos\",\"item\":\"https:\/\/inverma.de\/uk\/infos\/\"},{\"@type\":\"ListItem\",\"position\":3,\"name\":\"\u041d\u041e\u0412\u0418\u041d\u041a\u0418 \u0412\u0406\u0414 INVERMA\"}]},{\"@type\":\"WebSite\",\"@id\":\"https:\/\/inverma.de\/uk\/#website\",\"url\":\"https:\/\/inverma.de\/uk\/\",\"name\":\"INVERMA\",\"description\":\"Come in to the world of erotic and exotic\",\"publisher\":{\"@id\":\"https:\/\/inverma.de\/uk\/#organization\"},\"potentialAction\":[{\"@type\":\"SearchAction\",\"target\":{\"@type\":\"EntryPoint\",\"urlTemplate\":\"https:\/\/inverma.de\/uk\/?s={search_term_string}\"},\"query-input\":\"required name=search_term_string\"}],\"inLanguage\":\"uk-UA\"},{\"@type\":\"Organization\",\"@id\":\"https:\/\/inverma.de\/uk\/#organization\",\"name\":\"INVERMA Johannes Lange GmbH+Co KG\",\"url\":\"https:\/\/inverma.de\/uk\/\",\"logo\":{\"@type\":\"ImageObject\",\"inLanguage\":\"uk-UA\",\"@id\":\"https:\/\/inverma.de\/uk\/#\/schema\/logo\/image\/\",\"url\":\"https:\/\/inverma.de\/wp-content\/uploads\/inverma_logo_neu-e1545358251143.png\",\"contentUrl\":\"https:\/\/inverma.de\/wp-content\/uploads\/inverma_logo_neu-e1545358251143.png\",\"width\":280,\"height\":74,\"caption\":\"INVERMA Johannes Lange GmbH+Co KG\"},\"image\":{\"@id\":\"https:\/\/inverma.de\/uk\/#\/schema\/logo\/image\/\"},\"sameAs\":[\"https:\/\/www.facebook.com\/inverma.lange\"]}]}<\/script>\n<!-- \/ Yoast SEO plugin. -->","yoast_head_json":{"title":"\u041d\u041e\u0412\u0418\u041d\u041a\u0418 \u0412\u0406\u0414 INVERMA - INVERMA","description":"Erfahren Sie das Neueste von INVERMA: INVERMA hat Zuwachs bekommen - Come In Gleit-Gel mit Aloe Vera jetzt auch in 50ml und 200ml.","robots":{"index":"index","follow":"follow","max-snippet":"max-snippet:-1","max-image-preview":"max-image-preview:large","max-video-preview":"max-video-preview:-1"},"canonical":"https:\/\/inverma.de\/uk\/infos\/%d0%bd%d0%be%d0%b2%d0%b8%d0%bd%d0%ba%d0%b8-%d0%b2%d1%96%d0%b4-inverma\/","og_locale":"uk_UA","og_type":"article","og_title":"\u041d\u041e\u0412\u0418\u041d\u041a\u0418 \u0412\u0406\u0414 INVERMA - INVERMA","og_description":"Erfahren Sie das Neueste von INVERMA: INVERMA hat Zuwachs bekommen - Come In Gleit-Gel mit Aloe Vera jetzt auch in 50ml und 200ml.","og_url":"https:\/\/inverma.de\/uk\/infos\/%d0%bd%d0%be%d0%b2%d0%b8%d0%bd%d0%ba%d0%b8-%d0%b2%d1%96%d0%b4-inverma\/","og_site_name":"INVERMA","article_publisher":"https:\/\/www.facebook.com\/inverma.lange","article_modified_time":"2020-04-23T11:31:57+00:00","twitter_misc":{"Est. reading time":"4 minutes"},"schema":{"@context":"https:\/\/schema.org","@graph":[{"@type":"WebPage","@id":"https:\/\/inverma.de\/uk\/infos\/%d0%bd%d0%be%d0%b2%d0%b8%d0%bd%d0%ba%d0%b8-%d0%b2%d1%96%d0%b4-inverma\/","url":"https:\/\/inverma.de\/uk\/infos\/%d0%bd%d0%be%d0%b2%d0%b8%d0%bd%d0%ba%d0%b8-%d0%b2%d1%96%d0%b4-inverma\/","name":"\u041d\u041e\u0412\u0418\u041d\u041a\u0418 \u0412\u0406\u0414 INVERMA - INVERMA","isPartOf":{"@id":"https:\/\/inverma.de\/uk\/#website"},"datePublished":"2020-04-04T15:50:15+00:00","dateModified":"2020-04-23T11:31:57+00:00","description":"Erfahren Sie das Neueste von INVERMA: INVERMA hat Zuwachs bekommen - Come In Gleit-Gel mit Aloe Vera jetzt auch in 50ml und 200ml.","breadcrumb":{"@id":"https:\/\/inverma.de\/uk\/infos\/%d0%bd%d0%be%d0%b2%d0%b8%d0%bd%d0%ba%d0%b8-%d0%b2%d1%96%d0%b4-inverma\/#breadcrumb"},"inLanguage":"uk-UA","potentialAction":[{"@type":"ReadAction","target":["https:\/\/inverma.de\/uk\/infos\/%d0%bd%d0%be%d0%b2%d0%b8%d0%bd%d0%ba%d0%b8-%d0%b2%d1%96%d0%b4-inverma\/"]}]},{"@type":"BreadcrumbList","@id":"https:\/\/inverma.de\/uk\/infos\/%d0%bd%d0%be%d0%b2%d0%b8%d0%bd%d0%ba%d0%b8-%d0%b2%d1%96%d0%b4-inverma\/#breadcrumb","itemListElement":[{"@type":"ListItem","position":1,"name":"Home","item":"https:\/\/inverma.de\/uk\/"},{"@type":"ListItem","position":2,"name":"Infos","item":"https:\/\/inverma.de\/uk\/infos\/"},{"@type":"ListItem","position":3,"name":"\u041d\u041e\u0412\u0418\u041d\u041a\u0418 \u0412\u0406\u0414 INVERMA"}]},{"@type":"WebSite","@id":"https:\/\/inverma.de\/uk\/#website","url":"https:\/\/inverma.de\/uk\/","name":"INVERMA","description":"Come in to the world of erotic and exotic","publisher":{"@id":"https:\/\/inverma.de\/uk\/#organization"},"potentialAction":[{"@type":"SearchAction","target":{"@type":"EntryPoint","urlTemplate":"https:\/\/inverma.de\/uk\/?s={search_term_string}"},"query-input":"required name=search_term_string"}],"inLanguage":"uk-UA"},{"@type":"Organization","@id":"https:\/\/inverma.de\/uk\/#organization","name":"INVERMA Johannes Lange GmbH+Co KG","url":"https:\/\/inverma.de\/uk\/","logo":{"@type":"ImageObject","inLanguage":"uk-UA","@id":"https:\/\/inverma.de\/uk\/#\/schema\/logo\/image\/","url":"https:\/\/inverma.de\/wp-content\/uploads\/inverma_logo_neu-e1545358251143.png","contentUrl":"https:\/\/inverma.de\/wp-content\/uploads\/inverma_logo_neu-e1545358251143.png","width":280,"height":74,"caption":"INVERMA Johannes Lange GmbH+Co KG"},"image":{"@id":"https:\/\/inverma.de\/uk\/#\/schema\/logo\/image\/"},"sameAs":["https:\/\/www.facebook.com\/inverma.lange"]}]}},"_links":{"self":[{"href":"https:\/\/inverma.de\/uk\/wp-json\/wp\/v2\/pages\/11139"}],"collection":[{"href":"https:\/\/inverma.de\/uk\/wp-json\/wp\/v2\/pages"}],"about":[{"href":"https:\/\/inverma.de\/uk\/wp-json\/wp\/v2\/types\/page"}],"author":[{"embeddable":true,"href":"https:\/\/inverma.de\/uk\/wp-json\/wp\/v2\/users\/9"}],"replies":[{"embeddable":true,"href":"https:\/\/inverma.de\/uk\/wp-json\/wp\/v2\/comments?post=11139"}],"version-history":[{"count":0,"href":"https:\/\/inverma.de\/uk\/wp-json\/wp\/v2\/pages\/11139\/revisions"}],"up":[{"embeddable":true,"href":"https:\/\/inverma.de\/uk\/wp-json\/wp\/v2\/pages\/10961"}],"wp:attachment":[{"href":"https:\/\/inverma.de\/uk\/wp-json\/wp\/v2\/media?parent=11139"}],"curies":[{"name":"wp","href":"https:\/\/api.w.org\/{rel}","templated":true}]}}