{"id":11166,"date":"2020-04-05T20:16:25","date_gmt":"2020-04-05T18:16:25","guid":{"rendered":"https:\/\/inverma.de\/infos\/inverma-intim-wellness\/"},"modified":"2020-05-11T01:45:24","modified_gmt":"2020-05-10T23:45:24","slug":"inverma-intim-wellness","status":"publish","type":"page","link":"https:\/\/inverma.de\/uk\/infos\/inverma-intim-wellness\/","title":{"rendered":"INVERMA INTIM-WELLNESS"},"content":{"rendered":"[et_pb_section fb_built=&#8221;1&#8243; _builder_version=&#8221;3.22.4&#8243; inner_width_tablet=&#8221;50px&#8221; inner_max_width_tablet=&#8221;50px&#8221; custom_padding=&#8221;0px|||&#8221; z_index_tablet=&#8221;500&#8243;][et_pb_row _builder_version=&#8221;3.25&#8243; custom_padding=&#8221;0px||0px|&#8221; z_index_tablet=&#8221;500&#8243;][et_pb_column type=&#8221;4_4&#8243; _builder_version=&#8221;3.0.47&#8243; custom_padding=&#8221;|||&#8221; custom_padding__hover=&#8221;|||&#8221;][et_pb_post_title meta=&#8221;off&#8221; featured_image=&#8221;off&#8221; _builder_version=&#8221;3.22.4&#8243; z_index_tablet=&#8221;500&#8243;][\/et_pb_post_title][\/et_pb_column][\/et_pb_row][et_pb_row column_structure=&#8221;1_3,1_3,1_3&#8243; make_equal=&#8221;on&#8221; _builder_version=&#8221;3.25&#8243; background_color=&#8221;#ffffff&#8221; module_alignment=&#8221;center&#8221; z_index_tablet=&#8221;500&#8243; border_radii=&#8221;on|0px|0px|0px|0px&#8221; box_shadow_style=&#8221;preset3&#8243;][et_pb_column type=&#8221;1_3&#8243; _builder_version=&#8221;3.0.47&#8243; background_color=&#8221;#ffffff&#8221; custom_padding=&#8221;|||&#8221; custom_padding__hover=&#8221;|||&#8221;][et_pb_text _builder_version=&#8221;4.4.5&#8243; custom_padding=&#8221;5%|5%|5%|5%&#8221; custom_padding_tablet=&#8221;0px|5%|0px|5%&#8221; custom_padding_phone=&#8221;&#8221; custom_padding_last_edited=&#8221;on|phone&#8221; z_index_tablet=&#8221;500&#8243;]\n<h3>\u0417\u041d\u0410\u0419\u0414\u0406\u0422\u042c \u0414\u0415\u041a\u0406\u041b\u042c\u041a\u0410 \u0425\u0412\u0418\u041b\u0418\u041d \u0422\u0410 \u0412\u0406\u0414\u041a\u0420\u0418\u0419\u0422\u0415 \u0422\u0410\u0404\u041c\u041d\u0418\u0426\u042e \u0412\u0410\u0428\u041e\u0413\u041e \u0406\u041d\u0422\u0418\u041c\u041d\u041e\u0413\u041e \u0414\u041e\u0411\u0420\u041e\u0427\u0423\u0422\u0422\u042f \u0417 INVERMA!<\/h3>\n<p>\u0423\u0441\u0432\u0456\u0434\u043e\u043c\u0442\u0435 \u0432\u0430\u0436\u043b\u0438\u0432\u0456\u0441\u0442\u044c \u0434\u043e\u0433\u043b\u044f\u0434\u0443 \u0437\u0430 \u0456\u043d\u0442\u0438\u043c\u043d\u0438\u043c\u0438 \u0447\u0430\u0441\u0442\u0438\u043d\u0430\u043c\u0438 \u0442\u0456\u043b\u0430 \u0442\u0430 \u043f\u043e\u0434\u0431\u0430\u0439\u0442\u0435 \u043f\u0440\u043e \u043d\u0438\u0445. \u0410\u0434\u0436\u0435 \u0432\u043e\u043d\u0438 \u0442\u0430\u043a \u0447\u0430\u0441\u0442\u043e \u0432\u0456\u0434\u0456\u0433\u0440\u0430\u044e\u0442\u044c \u043d\u0430\u0434\u0432\u0430\u0436\u043b\u0438\u0432\u0443 \u0440\u043e\u043b\u044e \u0442\u0430 \u0432\u043f\u043b\u0438\u0432\u0430\u044e\u0442\u044c \u043d\u0430 \u0412\u0430\u0448\u0435 \u0437\u0430\u0433\u0430\u043b\u044c\u043d\u0435 \u0441\u0430\u043c\u043e\u043f\u043e\u0447\u0443\u0442\u0442\u044f. \u0413\u0456\u0433\u0456\u0454\u043d\u0430 \u0456\u043d\u0442\u0438\u043c\u043d\u0438\u0445 \u0447\u0430\u0441\u0442\u0438\u043d \u0442\u0456\u043b\u0430 \u0437\u0432\u043e\u0434\u0438\u0442\u044c\u0441\u044f \u043d\u0435 \u043b\u0438\u0448\u0435 \u0434\u043e \u0457\u0445\u043d\u044c\u043e\u0433\u043e \u043c\u0438\u0442\u0442\u044f \u0447\u0438 \u0440\u043e\u0437\u0432\u2019\u044f\u0437\u0430\u043d\u043d\u044f \u043c\u0435\u0434\u0438\u0447\u043d\u0438\u0445 \u043f\u0440\u043e\u0431\u043b\u0435\u043c. \u0414\u043e\u0433\u043b\u044f\u0434 \u0437\u0430 \u0456\u043d\u0442\u0438\u043c\u043d\u0438\u043c\u0438 \u0434\u0456\u043b\u044f\u043d\u043a\u0430\u043c\u0438 \u043e\u0437\u043d\u0430\u0447\u0430\u0454 \u0441\u044c\u043e\u0433\u043e\u0434\u043d\u0456 \u0437\u043d\u0430\u0447\u043d\u043e \u0431\u0456\u043b\u044c\u0448\u0435. \u0412\u0430\u0441 \u0437\u0434\u0438\u0432\u0443\u0454 \u0442\u0430 \u043a\u0456\u043b\u044c\u043a\u0456\u0441\u0442\u044c \u043f\u0440\u0438\u0445\u043e\u0432\u0430\u043d\u043e\u0457 \u0435\u043d\u0435\u0440\u0433\u0456\u0457, \u0449\u043e \u0412\u0438 \u0437\u043c\u043e\u0436\u0435\u0442\u0435 \u0432\u0456\u0434\u043a\u0440\u0438\u0442\u0438 \u0437\u0430 \u0434\u043e\u043f\u043e\u043c\u043e\u0433\u043e\u044e \u043f\u0440\u043e\u0434\u0443\u043a\u0446\u0456\u0457 INVERMA-INTIM-WELLNESS. \u0406\u043d\u0442\u0438\u043c\u043d\u0456 \u0434\u0456\u043b\u044f\u043d\u043a\u0438 \u0449\u043e\u0434\u043d\u044f \u0441\u043f\u0440\u0430\u0432\u043b\u044f\u044e\u0442\u044c \u043d\u0430 \u043d\u0430\u0441 \u0448\u0430\u043b\u0435\u043d\u0438\u0439 \u0432\u043f\u043b\u0438\u0432, \u043d\u0430\u0432\u0456\u0442\u044c \u044f\u043a\u0449\u043e \u0434\u0435\u0445\u0442\u043e \u0442\u043e\u0433\u043e \u043d\u0435 \u0441\u0432\u0456\u0434\u043e\u043c\u0438\u0439. \u0412\u043e\u043d\u0438 \u0454 \u043d\u0430\u0434\u0437\u0432\u0438\u0447\u0430\u0439\u043d\u043e \u0432\u0430\u0436\u043b\u0438\u0432\u0438\u043c\u0438, \u043e\u0441\u043a\u0456\u043b\u044c\u043a\u0438 \u0441\u0442\u0432\u043e\u0440\u044e\u044e\u0442\u044c \u0446\u0456\u043b\u043a\u043e\u0432\u0438\u0442\u0438\u0439 \u0437\u0432\u2019\u044f\u0437\u043e\u043a \u043c\u0456\u0436 \u0434\u0443\u0448\u0435\u044e \u0442\u0430 \u0442\u0456\u043b\u043e\u043c. \u042f\u043a \u0434\u043b\u044f \u0447\u043e\u043b\u043e\u0432\u0456\u043a\u0456\u0432, \u0442\u0430\u043a \u0456 \u0434\u043b\u044f \u0436\u0456\u043d\u043e\u043a \u0456\u043d\u0442\u0438\u043c\u043d\u0430 \u0437\u043e\u043d\u0430 \u0454 \u0432 \u0431\u0430\u0433\u0430\u0442\u044c\u043e\u0445 \u0440\u043e\u0437\u0443\u043c\u0456\u043d\u043d\u044f\u0445 \u043c\u0456\u0440\u0438\u043b\u043e\u043c \u0434\u043e\u0431\u0440\u043e\u0433\u043e \u0441\u0430\u043c\u043e\u043f\u043e\u0447\u0443\u0442\u0442\u044f. \u0422\u0438\u043c \u0441\u0430\u043c\u0438\u043c \u0432\u043e\u043d\u0430 \u043f\u0456\u0434\u0441\u0438\u043b\u044e\u0454 \u0456\u043d\u0434\u0438\u0432\u0456\u0434\u0443\u0430\u043b\u044c\u043d\u0443 \u0441\u0435\u043a\u0441\u0443\u0430\u043b\u044c\u043d\u0443 \u0441\u0430\u043c\u043e\u0432\u043f\u0435\u0432\u043d\u0435\u043d\u0456\u0441\u0442\u044c.<\/p>\n<h5>\u0421\u0410\u041c\u0415 \u0422\u041e\u041c\u0423 \u041f\u0420\u041e\u0414\u0423\u041a\u0426\u0406\u042f\u00a0INVERMA-INTIM-WELLNESS\u00a0\u041c\u041e\u0416\u0415 \u0417\u0410\u0412\u0416\u0414\u0418 \u0421\u0422\u0410\u0422\u0418 \u0412\u0410\u041c \u0423 \u041d\u0410\u0413\u041e\u0414\u0406.<\/h5>\n[\/et_pb_text][\/et_pb_column][et_pb_column type=&#8221;1_3&#8243; _builder_version=&#8221;3.0.47&#8243; background_color=&#8221;#ffffff&#8221; custom_padding=&#8221;|||&#8221; custom_padding__hover=&#8221;|||&#8221;][et_pb_text _builder_version=&#8221;4.4.5&#8243; custom_padding=&#8221;5%|5%|5%|5%&#8221; custom_padding_tablet=&#8221;0px|5%|0px|5%&#8221; custom_padding_phone=&#8221;&#8221; custom_padding_last_edited=&#8221;on|desktop&#8221; z_index_tablet=&#8221;500&#8243;]\n<p>\u0425\u043e\u0440\u043e\u0448\u0435 \u0441\u0430\u043c\u043e\u043f\u043e\u0447\u0443\u0442\u0442\u044f \u0437\u0430\u0432\u0434\u044f\u043a\u0438 \u0446\u0456\u043b\u0435\u0441\u043f\u0440\u044f\u043c\u043e\u0432\u0430\u043d\u043e\u043c\u0443 \u043e\u0447\u0438\u0449\u0435\u043d\u043d\u044e <strong>(CLEAN)<\/strong> \u0456 \u043a\u043e\u043c\u043f\u043b\u0435\u043a\u0441\u043d\u043e\u043c\u0443 \u0434\u043e\u0433\u043b\u044f\u0434\u043e\u0432\u0456 <strong>(CARE)<\/strong> \u0437\u0430 \u0456\u043d\u0442\u0438\u043c\u043d\u0438\u043c\u0438 \u0434\u0456\u043b\u044f\u043d\u043a\u0430\u043c\u0438 \u0441\u043f\u0440\u0430\u0432\u043b\u044f\u0454 \u0431\u0435\u0437\u043f\u043e\u0441\u0435\u0440\u0435\u0434\u043d\u0456\u0439 \u0432\u043f\u043b\u0438\u0432 \u043d\u0430 \u0432\u0456\u0434\u0447\u0443\u0442\u0442\u044f \u043f\u0440\u0438\u0432\u0430\u0431\u043b\u0438\u0432\u043e\u0441\u0442\u0438, \u043a\u0440\u0430\u0441\u0438 \u0442\u0430 \u0435\u0440\u043e\u0442\u0438\u0447\u043d\u043e\u0441\u0442\u0438 \u0443 \u0432\u043b\u0430\u0441\u043d\u0438\u0445 \u043e\u0447\u0430\u0445 \u0456 \u043e\u0447\u0430\u0445 \u043f\u0430\u0440\u0442\u043d\u0435\u0440\u0430. \u0411\u0435\u0437\u0443\u043c\u043e\u0432\u043d\u043e, \u0437\u0432\u2019\u044f\u0437\u043e\u043a \u043c\u0456\u0436 \u043d\u0430\u0448\u043e\u044e \u0435\u0440\u043e\u0442\u0438\u0447\u043d\u043e\u044e \u043f\u0440\u0438\u0432\u0430\u0431\u043b\u0438\u0432\u0456\u0441\u0442\u044e <strong>(BEAUTY)<\/strong> \u0442\u0430 \u043d\u0430\u0448\u0438\u043c \u0441\u0435\u043a\u0441\u0443\u0430\u043b\u044c\u043d\u0438\u043c \u0441\u0430\u043c\u043e\u043f\u043e\u0447\u0443\u0442\u0442\u044f\u043c <strong>(PLEASURE)<\/strong> \u0454 \u0431\u0435\u0437\u0437\u0430\u043f\u0435\u0440\u0435\u0447\u043d\u0438\u043c. \u0423\u0441\u0432\u0456\u0434\u043e\u043c\u043b\u0435\u043d\u043d\u044f \u0446\u044c\u043e\u0433\u043e \u043d\u0430\u0434\u0430\u043b\u043e \u043e\u0447\u0438\u0449\u0435\u043d\u043d\u044e \u0442\u0430 \u0434\u043e\u0433\u043b\u044f\u0434\u043e\u0432\u0456 \u0437\u0430 \u0456\u043d\u0442\u0438\u043c\u043d\u0438\u043c\u0438 \u0434\u0456\u043b\u044f\u043d\u043a\u0430\u043c\u0438 \u043d\u0435\u0430\u0431\u0438\u044f\u043a\u043e\u0433\u043e \u0437\u043d\u0430\u0447\u0435\u043d\u043d\u044f. \u041d\u0435\u0437\u0440\u0443\u0447\u043d\u0430 \u0437\u0430\u0431\u043e\u0440\u043e\u043d\u0435\u043d\u0430 \u0442\u0435\u043c\u0430 \u0456\u043d\u0442\u0438\u043c\u043d\u043e\u0457 \u0433\u0456\u0433\u0456\u0454\u043d\u0438 \u0441\u0442\u0430\u0454 \u0432\u0430\u0436\u043b\u0438\u0432\u043e\u044e \u0431\u0443\u0434\u0435\u043d\u043d\u043e\u044e \u043d\u0435\u043e\u0431\u0445\u0456\u0434\u043d\u0456\u0441\u0442\u044e \u0442\u0430 \u0432\u0438\u0437\u043d\u0430\u0447\u0430\u0454 \u0442\u0435, \u0449\u043e \u0412\u0438 \u043c\u0430\u0454\u0442\u0435 \u0443 \u0412\u0430\u0448\u043e\u043c\u0443 \u0441\u0435\u043a\u0441\u0443\u0430\u043b\u044c\u043d\u043e\u043c\u0443 \u0436\u0438\u0442\u0442\u0456: \u0437\u0430\u0434\u043e\u0432\u043e\u043b\u0435\u043d\u043d\u044f \u0447\u0438 \u0440\u043e\u0437\u0447\u0430\u0440\u0443\u0432\u0430\u043d\u043d\u044f. INVERMA-INTIM-WELLNESS \u0454 \u043a\u043e\u043d\u0446\u0435\u043f\u0442\u043e\u043c \u0433\u0456\u0433\u0456\u0454\u043d\u0438 \u0442\u0430 \u0434\u043e\u0433\u043b\u044f\u0434\u0443 \u0437\u0430 \u0456\u043d\u0442\u0438\u043c\u043d\u0438\u043c\u0438 \u0434\u0456\u043b\u044f\u043d\u043a\u0430\u043c\u0438 \u0437 \u043e\u0434\u043d\u043e\u0433\u043e \u0431\u043e\u043a\u0443, \u0430 \u0437 \u0438\u043d\u0448\u043e\u0433\u043e \u2013 \u0446\u0435 \u043c\u043e\u0436\u043b\u0438\u0432\u0456\u0441\u0442\u044c \u0441\u0442\u0430\u0442\u0438 \u043f\u0440\u0438\u0432\u0430\u0431\u043b\u0438\u0432\u0456\u0448\u0438\u043c \u0442\u0430 \u043e\u0442\u0440\u0438\u043c\u0430\u0442\u0438 \u0449\u0435 \u0431\u0456\u043b\u044c\u0448\u0435 \u0437\u0430\u0434\u043e\u0432\u043e\u043b\u0435\u043d\u043d\u044f \u0432\u0456\u0434 \u0441\u0432\u043e\u0433\u043e \u0441\u0435\u043a\u0441\u0443\u0430\u043b\u044c\u043d\u043e\u0433\u043e \u0436\u0438\u0442\u0442\u044f.<\/p>\n[\/et_pb_text][\/et_pb_column][et_pb_column type=&#8221;1_3&#8243; _builder_version=&#8221;3.0.47&#8243; background_color=&#8221;#ffffff&#8221; custom_padding=&#8221;|2%||&#8221; custom_padding_tablet=&#8221;|5%||5%&#8221; custom_padding_phone=&#8221;&#8221; custom_padding_last_edited=&#8221;on|desktop&#8221; custom_padding__hover=&#8221;|||&#8221;][et_pb_image src=&#8221;https:\/\/inverma.de\/wp-content\/uploads\/frust-lust-2.jpg&#8221; align=&#8221;center&#8221; align_tablet=&#8221;center&#8221; align_phone=&#8221;&#8221; align_last_edited=&#8221;on|desktop&#8221; _builder_version=&#8221;4.1&#8243; custom_padding=&#8221;5%|5%|5%|5%&#8221; custom_padding_tablet=&#8221;0px|5%|0px|5%&#8221; custom_padding_phone=&#8221;&#8221; custom_padding_last_edited=&#8221;on|tablet&#8221; z_index_tablet=&#8221;500&#8243; box_shadow_horizontal_tablet=&#8221;0px&#8221; box_shadow_vertical_tablet=&#8221;0px&#8221; box_shadow_blur_tablet=&#8221;40px&#8221; box_shadow_spread_tablet=&#8221;0px&#8221;][\/et_pb_image][et_pb_text _builder_version=&#8221;4.4.2&#8243; custom_margin=&#8221;0px|0px|0px|0px&#8221; custom_padding=&#8221;5%|5%|5%|5%&#8221; z_index_tablet=&#8221;500&#8243; box_shadow_style=&#8221;preset3&#8243;]\n<h5> \u041a\u041e\u0421\u041c\u0415\u0422\u0418\u0427\u041d\u0406 \u0417\u0410\u0421\u041e\u0411\u0418 \u041a\u041e\u041c\u041f\u0410\u041d\u0406\u0407 INVERMA \u0417\u0410\u0414\u041e\u0412\u041e\u041b\u042c\u041d\u042f\u042e\u0422\u042c \u0420\u0406\u0417\u041d\u041e\u041c\u0410\u041d\u0406\u0422\u041d\u0406 \u0406\u041d\u0422\u0418\u041c\u041d\u0406 \u041f\u041e\u0422\u0420\u0415\u0411\u0418 \u0427\u041e\u041b\u041e\u0412\u0406\u041a\u0406\u0412 \u0422\u0410 \u0416\u0406\u041d\u041e\u041a.<\/h5>\n<h3> INVERMA \u2013 \u041d\u0410\u0414\u041f\u0420\u0418\u0404\u041c\u041d\u0418\u0419 \u0414\u041e\u0413\u041b\u042f\u0414 \u0417 \u041f\u0415\u0421\u0422\u041b\u0418\u0412\u0418\u041c \u0425\u0410\u0420\u0410\u041a\u0422\u0415\u0420\u041e\u041c.<\/h3>\n[\/et_pb_text][\/et_pb_column][\/et_pb_row][\/et_pb_section]\n","protected":false},"excerpt":{"rendered":"<p>\u0417\u041d\u0410\u0419\u0414\u0406\u0422\u042c \u0414\u0415\u041a\u0406\u041b\u042c\u041a\u0410 \u0425\u0412\u0418\u041b\u0418\u041d \u0422\u0410 \u0412\u0406\u0414\u041a\u0420\u0418\u0419\u0422\u0415 \u0422\u0410\u0404\u041c\u041d\u0418\u0426\u042e \u0412\u0410\u0428\u041e\u0413\u041e \u0406\u041d\u0422\u0418\u041c\u041d\u041e\u0413\u041e \u0414\u041e\u0411\u0420\u041e\u0427\u0423\u0422\u0422\u042f \u0417 INVERMA! \u0423\u0441\u0432\u0456\u0434\u043e\u043c\u0442\u0435 \u0432\u0430\u0436\u043b\u0438\u0432\u0456\u0441\u0442\u044c \u0434\u043e\u0433\u043b\u044f\u0434\u0443 \u0437\u0430 \u0456\u043d\u0442\u0438\u043c\u043d\u0438\u043c\u0438 \u0447\u0430\u0441\u0442\u0438\u043d\u0430\u043c\u0438 \u0442\u0456\u043b\u0430 \u0442\u0430 \u043f\u043e\u0434\u0431\u0430\u0439\u0442\u0435 \u043f\u0440\u043e \u043d\u0438\u0445. \u0410\u0434\u0436\u0435 \u0432\u043e\u043d\u0438 \u0442\u0430\u043a \u0447\u0430\u0441\u0442\u043e \u0432\u0456\u0434\u0456\u0433\u0440\u0430\u044e\u0442\u044c \u043d\u0430\u0434\u0432\u0430\u0436\u043b\u0438\u0432\u0443 \u0440\u043e\u043b\u044e \u0442\u0430 \u0432\u043f\u043b\u0438\u0432\u0430\u044e\u0442\u044c \u043d\u0430 \u0412\u0430\u0448\u0435 \u0437\u0430\u0433\u0430\u043b\u044c\u043d\u0435 \u0441\u0430\u043c\u043e\u043f\u043e\u0447\u0443\u0442\u0442\u044f. \u0413\u0456\u0433\u0456\u0454\u043d\u0430 \u0456\u043d\u0442\u0438\u043c\u043d\u0438\u0445 \u0447\u0430\u0441\u0442\u0438\u043d \u0442\u0456\u043b\u0430 \u0437\u0432\u043e\u0434\u0438\u0442\u044c\u0441\u044f \u043d\u0435 \u043b\u0438\u0448\u0435 \u0434\u043e \u0457\u0445\u043d\u044c\u043e\u0433\u043e \u043c\u0438\u0442\u0442\u044f \u0447\u0438 \u0440\u043e\u0437\u0432\u2019\u044f\u0437\u0430\u043d\u043d\u044f \u043c\u0435\u0434\u0438\u0447\u043d\u0438\u0445 \u043f\u0440\u043e\u0431\u043b\u0435\u043c. \u0414\u043e\u0433\u043b\u044f\u0434 \u0437\u0430 \u0456\u043d\u0442\u0438\u043c\u043d\u0438\u043c\u0438 \u0434\u0456\u043b\u044f\u043d\u043a\u0430\u043c\u0438 \u043e\u0437\u043d\u0430\u0447\u0430\u0454 \u0441\u044c\u043e\u0433\u043e\u0434\u043d\u0456 [&hellip;]<\/p>\n","protected":false},"author":9,"featured_media":0,"parent":10961,"menu_order":0,"comment_status":"closed","ping_status":"closed","template":"","meta":{"_et_pb_use_builder":"on","_et_pb_old_content":"<h3>NEHMEN SIE SICH EIN PAAR MINUTEN ZEIT UND L\u00dcFTEN SIE DAS GEHEIMNIS IHRER PERS\u00d6NLICHEN INVERMA-INTIM-WELLNESS!<\/h3><p>Werden Sie sich der Wichtigkeit eines gepflegten Intimbereichs bewusst und tragen Sie ihm Sorge gegen\u00fcber. Er spielt in vielen Momenten eine zentrale Rolle und beeinflusst dabei h\u00e4ufig Ihr generelles Wohlbefinden. Die Hygiene im Intimbereich umfasst nicht nur die einfache Reinigung oder Behandlung medizinischer Probleme. Vielmehr ist die Pflege des Intimbereichs heute viel umfassender. Sie werden \u00fcberrascht sein, wie viel unentdeckte Energie Sie mit unseren\u00a0<strong>INVERMA-INTIM-WELLNESS<\/strong>\u00a0Produkten darin entdecken k\u00f6nnen. Ob bewusst oder unbewusst \u2013 unser Intimbereich beeinflusst uns t\u00e4glich in entscheidendem Ausma\u00df. Er ist eine der wichtigsten Zonen unseres K\u00f6rpers, ein komplexes Zusammenspiel von K\u00f6rper und Geist. Egal, ob Mann oder Frau, unsere Intimzone bestimmt in vielen Dimensionen das Zentrum und den H\u00f6hepunkt des k\u00f6rperlichen Wohlbefindens und st\u00e4rkt somit auch das individuelle sexuelle Selbstbewusstsein.<\/p><h5>UNSERE <strong>INVERMA-INTIM-WELLNESS<\/strong> PRODUKTE K\u00d6NNEN SIE HIERBEI VIELFACH UNTERST\u00dcTZEN.<\/h5><p>Wohlbehagen durch gezielte Reinigung\u00a0<strong>(CLEAN)<\/strong>\u00a0und ganzheitliche Pflege\u00a0<strong>(CARE)<\/strong>\u00a0des Intimbereiches hat eine unmittelbare Auswirkung auf das Gef\u00fchl von Attraktivit\u00e4t, Ausstrahlung und Erotik in den eigenen und auch den Augen des Partners. Der Zusammenhang zwischen unserer erotischen Attraktivit\u00e4t\u00a0<strong>(BEAUTY)<\/strong>\u00a0und unserem sexuellen Wohlf\u00fchlen\u00a0<strong>(PLEASURE)<\/strong> versteht sich von selbst. Im Rahmen dieser st\u00e4rker gewordenen Identifikation hat die Reinigung und Pflege des Intimbereichs stark an Bedeutung gewonnen. Die Intimhygiene entwickelt sich immer mehr von einem biederen Tabuthema zu einer t\u00e4glich wichtigen Notwendigkeit und kann den entscheidenden Unterschied zwischen Lust oder Frust in Ihrer pers\u00f6nlichen und der gemeinsamen Sexualit\u00e4t bewirken. Dieses Konzept von Hygiene und Pflege des Intimbereiches auf der einen Seite und der M\u00f6glichkeit einer damit gesteigerten Attraktivit\u00e4t und Befriedigung bei der Sexualit\u00e4t auf der anderen Seite bezeichnen wir als\u00a0<strong>INVERMA-INTIM-WELLNESS<\/strong>.<\/p><h5>INVERMA INTIM COSMETICS SIND GENAU AUF DIE VERSCHIEDENEN BED\u00dcRFNISSE DES INTIMBEREICHES BEIM MANN UND FRAU ABGESTIMMT.<\/h5><h3>INVERMA \u2013 GENUSSVOLLE PFLEGE MIT VERW\u00d6HNCHARAKTER.<\/h3>","_et_gb_content_width":"","footnotes":""},"yoast_head":"<!-- This site is optimized with the Yoast SEO plugin v22.2 - https:\/\/yoast.com\/wordpress\/plugins\/seo\/ -->\n<title>INVERMA INTIM-WELLNESS - INVERMA<\/title>\n<meta name=\"description\" content=\"Nehmen Sie sich ein paar Minuten Zeit und l\u00fcften Sie das Geheimnis Ihrer pers\u00f6nlichen INVERMA-Intim-Wellness.\" \/>\n<meta name=\"robots\" content=\"index, follow, max-snippet:-1, max-image-preview:large, max-video-preview:-1\" \/>\n<link rel=\"canonical\" href=\"https:\/\/inverma.de\/uk\/infos\/inverma-intim-wellness\/\" \/>\n<meta property=\"og:locale\" content=\"uk_UA\" \/>\n<meta property=\"og:type\" content=\"article\" \/>\n<meta property=\"og:title\" content=\"INVERMA INTIM-WELLNESS - INVERMA\" \/>\n<meta property=\"og:description\" content=\"Nehmen Sie sich ein paar Minuten Zeit und l\u00fcften Sie das Geheimnis Ihrer pers\u00f6nlichen INVERMA-Intim-Wellness.\" \/>\n<meta property=\"og:url\" content=\"https:\/\/inverma.de\/uk\/infos\/inverma-intim-wellness\/\" \/>\n<meta property=\"og:site_name\" content=\"INVERMA\" \/>\n<meta property=\"article:publisher\" content=\"https:\/\/www.facebook.com\/inverma.lange\" \/>\n<meta property=\"article:modified_time\" content=\"2020-05-10T23:45:24+00:00\" \/>\n<meta name=\"twitter:label1\" content=\"Est. reading time\" \/>\n\t<meta name=\"twitter:data1\" content=\"2 minutes\" \/>\n<script type=\"application\/ld+json\" class=\"yoast-schema-graph\">{\"@context\":\"https:\/\/schema.org\",\"@graph\":[{\"@type\":\"WebPage\",\"@id\":\"https:\/\/inverma.de\/uk\/infos\/inverma-intim-wellness\/\",\"url\":\"https:\/\/inverma.de\/uk\/infos\/inverma-intim-wellness\/\",\"name\":\"INVERMA INTIM-WELLNESS - INVERMA\",\"isPartOf\":{\"@id\":\"https:\/\/inverma.de\/uk\/#website\"},\"datePublished\":\"2020-04-05T18:16:25+00:00\",\"dateModified\":\"2020-05-10T23:45:24+00:00\",\"description\":\"Nehmen Sie sich ein paar Minuten Zeit und l\u00fcften Sie das Geheimnis Ihrer pers\u00f6nlichen INVERMA-Intim-Wellness.\",\"breadcrumb\":{\"@id\":\"https:\/\/inverma.de\/uk\/infos\/inverma-intim-wellness\/#breadcrumb\"},\"inLanguage\":\"uk-UA\",\"potentialAction\":[{\"@type\":\"ReadAction\",\"target\":[\"https:\/\/inverma.de\/uk\/infos\/inverma-intim-wellness\/\"]}]},{\"@type\":\"BreadcrumbList\",\"@id\":\"https:\/\/inverma.de\/uk\/infos\/inverma-intim-wellness\/#breadcrumb\",\"itemListElement\":[{\"@type\":\"ListItem\",\"position\":1,\"name\":\"Home\",\"item\":\"https:\/\/inverma.de\/uk\/\"},{\"@type\":\"ListItem\",\"position\":2,\"name\":\"Infos\",\"item\":\"https:\/\/inverma.de\/uk\/infos\/\"},{\"@type\":\"ListItem\",\"position\":3,\"name\":\"INVERMA INTIM-WELLNESS\"}]},{\"@type\":\"WebSite\",\"@id\":\"https:\/\/inverma.de\/uk\/#website\",\"url\":\"https:\/\/inverma.de\/uk\/\",\"name\":\"INVERMA\",\"description\":\"Come in to the world of erotic and exotic\",\"publisher\":{\"@id\":\"https:\/\/inverma.de\/uk\/#organization\"},\"potentialAction\":[{\"@type\":\"SearchAction\",\"target\":{\"@type\":\"EntryPoint\",\"urlTemplate\":\"https:\/\/inverma.de\/uk\/?s={search_term_string}\"},\"query-input\":\"required name=search_term_string\"}],\"inLanguage\":\"uk-UA\"},{\"@type\":\"Organization\",\"@id\":\"https:\/\/inverma.de\/uk\/#organization\",\"name\":\"INVERMA Johannes Lange GmbH+Co KG\",\"url\":\"https:\/\/inverma.de\/uk\/\",\"logo\":{\"@type\":\"ImageObject\",\"inLanguage\":\"uk-UA\",\"@id\":\"https:\/\/inverma.de\/uk\/#\/schema\/logo\/image\/\",\"url\":\"https:\/\/inverma.de\/wp-content\/uploads\/inverma_logo_neu-e1545358251143.png\",\"contentUrl\":\"https:\/\/inverma.de\/wp-content\/uploads\/inverma_logo_neu-e1545358251143.png\",\"width\":280,\"height\":74,\"caption\":\"INVERMA Johannes Lange GmbH+Co KG\"},\"image\":{\"@id\":\"https:\/\/inverma.de\/uk\/#\/schema\/logo\/image\/\"},\"sameAs\":[\"https:\/\/www.facebook.com\/inverma.lange\"]}]}<\/script>\n<!-- \/ Yoast SEO plugin. -->","yoast_head_json":{"title":"INVERMA INTIM-WELLNESS - INVERMA","description":"Nehmen Sie sich ein paar Minuten Zeit und l\u00fcften Sie das Geheimnis Ihrer pers\u00f6nlichen INVERMA-Intim-Wellness.","robots":{"index":"index","follow":"follow","max-snippet":"max-snippet:-1","max-image-preview":"max-image-preview:large","max-video-preview":"max-video-preview:-1"},"canonical":"https:\/\/inverma.de\/uk\/infos\/inverma-intim-wellness\/","og_locale":"uk_UA","og_type":"article","og_title":"INVERMA INTIM-WELLNESS - INVERMA","og_description":"Nehmen Sie sich ein paar Minuten Zeit und l\u00fcften Sie das Geheimnis Ihrer pers\u00f6nlichen INVERMA-Intim-Wellness.","og_url":"https:\/\/inverma.de\/uk\/infos\/inverma-intim-wellness\/","og_site_name":"INVERMA","article_publisher":"https:\/\/www.facebook.com\/inverma.lange","article_modified_time":"2020-05-10T23:45:24+00:00","twitter_misc":{"Est. reading time":"2 minutes"},"schema":{"@context":"https:\/\/schema.org","@graph":[{"@type":"WebPage","@id":"https:\/\/inverma.de\/uk\/infos\/inverma-intim-wellness\/","url":"https:\/\/inverma.de\/uk\/infos\/inverma-intim-wellness\/","name":"INVERMA INTIM-WELLNESS - INVERMA","isPartOf":{"@id":"https:\/\/inverma.de\/uk\/#website"},"datePublished":"2020-04-05T18:16:25+00:00","dateModified":"2020-05-10T23:45:24+00:00","description":"Nehmen Sie sich ein paar Minuten Zeit und l\u00fcften Sie das Geheimnis Ihrer pers\u00f6nlichen INVERMA-Intim-Wellness.","breadcrumb":{"@id":"https:\/\/inverma.de\/uk\/infos\/inverma-intim-wellness\/#breadcrumb"},"inLanguage":"uk-UA","potentialAction":[{"@type":"ReadAction","target":["https:\/\/inverma.de\/uk\/infos\/inverma-intim-wellness\/"]}]},{"@type":"BreadcrumbList","@id":"https:\/\/inverma.de\/uk\/infos\/inverma-intim-wellness\/#breadcrumb","itemListElement":[{"@type":"ListItem","position":1,"name":"Home","item":"https:\/\/inverma.de\/uk\/"},{"@type":"ListItem","position":2,"name":"Infos","item":"https:\/\/inverma.de\/uk\/infos\/"},{"@type":"ListItem","position":3,"name":"INVERMA INTIM-WELLNESS"}]},{"@type":"WebSite","@id":"https:\/\/inverma.de\/uk\/#website","url":"https:\/\/inverma.de\/uk\/","name":"INVERMA","description":"Come in to the world of erotic and exotic","publisher":{"@id":"https:\/\/inverma.de\/uk\/#organization"},"potentialAction":[{"@type":"SearchAction","target":{"@type":"EntryPoint","urlTemplate":"https:\/\/inverma.de\/uk\/?s={search_term_string}"},"query-input":"required name=search_term_string"}],"inLanguage":"uk-UA"},{"@type":"Organization","@id":"https:\/\/inverma.de\/uk\/#organization","name":"INVERMA Johannes Lange GmbH+Co KG","url":"https:\/\/inverma.de\/uk\/","logo":{"@type":"ImageObject","inLanguage":"uk-UA","@id":"https:\/\/inverma.de\/uk\/#\/schema\/logo\/image\/","url":"https:\/\/inverma.de\/wp-content\/uploads\/inverma_logo_neu-e1545358251143.png","contentUrl":"https:\/\/inverma.de\/wp-content\/uploads\/inverma_logo_neu-e1545358251143.png","width":280,"height":74,"caption":"INVERMA Johannes Lange GmbH+Co KG"},"image":{"@id":"https:\/\/inverma.de\/uk\/#\/schema\/logo\/image\/"},"sameAs":["https:\/\/www.facebook.com\/inverma.lange"]}]}},"_links":{"self":[{"href":"https:\/\/inverma.de\/uk\/wp-json\/wp\/v2\/pages\/11166"}],"collection":[{"href":"https:\/\/inverma.de\/uk\/wp-json\/wp\/v2\/pages"}],"about":[{"href":"https:\/\/inverma.de\/uk\/wp-json\/wp\/v2\/types\/page"}],"author":[{"embeddable":true,"href":"https:\/\/inverma.de\/uk\/wp-json\/wp\/v2\/users\/9"}],"replies":[{"embeddable":true,"href":"https:\/\/inverma.de\/uk\/wp-json\/wp\/v2\/comments?post=11166"}],"version-history":[{"count":0,"href":"https:\/\/inverma.de\/uk\/wp-json\/wp\/v2\/pages\/11166\/revisions"}],"up":[{"embeddable":true,"href":"https:\/\/inverma.de\/uk\/wp-json\/wp\/v2\/pages\/10961"}],"wp:attachment":[{"href":"https:\/\/inverma.de\/uk\/wp-json\/wp\/v2\/media?parent=11166"}],"curies":[{"name":"wp","href":"https:\/\/api.w.org\/{rel}","templated":true}]}}