{"id":13665,"date":"2023-04-05T12:44:20","date_gmt":"2023-04-05T10:44:20","guid":{"rendered":"https:\/\/inverma.de\/%d0%b2%d1%96%d0%b4%d0%b1%d0%b8%d1%82%d0%be%d0%ba\/"},"modified":"2023-08-14T12:18:58","modified_gmt":"2023-08-14T10:18:58","slug":"%d0%b2%d1%96%d0%b4%d0%b1%d0%b8%d1%82%d0%be%d0%ba","status":"publish","type":"page","link":"https:\/\/inverma.de\/uk\/%d0%b2%d1%96%d0%b4%d0%b1%d0%b8%d1%82%d0%be%d0%ba\/","title":{"rendered":"\u0432\u0456\u0434\u0431\u0438\u0442\u043e\u043a"},"content":{"rendered":"[et_pb_section fb_built=&#8221;1&#8243; _builder_version=&#8221;4.16&#8243; background_size=&#8221;initial&#8221; z_index_tablet=&#8221;500&#8243; global_colors_info=&#8221;{}&#8221;][et_pb_row _builder_version=&#8221;4.16&#8243; background_size=&#8221;initial&#8221; background_position=&#8221;top_left&#8221; background_repeat=&#8221;repeat&#8221; global_colors_info=&#8221;{}&#8221;][et_pb_column type=&#8221;4_4&#8243; _builder_version=&#8221;4.16&#8243; custom_padding=&#8221;|||&#8221; global_colors_info=&#8221;{}&#8221; custom_padding__hover=&#8221;|||&#8221;][et_pb_post_title meta=&#8221;off&#8221; featured_image=&#8221;off&#8221; _builder_version=&#8221;4.16&#8243; z_index_tablet=&#8221;500&#8243; global_colors_info=&#8221;{}&#8221;][\/et_pb_post_title][\/et_pb_column][\/et_pb_row][et_pb_row _builder_version=&#8221;4.16&#8243; background_color=&#8221;#ffffff&#8221; z_index_tablet=&#8221;500&#8243; box_shadow_style=&#8221;preset3&#8243; global_colors_info=&#8221;{}&#8221;][et_pb_column type=&#8221;4_4&#8243; _builder_version=&#8221;4.16&#8243; custom_padding=&#8221;|||&#8221; global_colors_info=&#8221;{}&#8221; custom_padding__hover=&#8221;|||&#8221;][et_pb_text _builder_version=&#8221;4.18.0&#8243; custom_padding=&#8221;5%|5%|5%|5%&#8221; hover_enabled=&#8221;0&#8243; z_index_tablet=&#8221;500&#8243; global_colors_info=&#8221;{}&#8221; sticky_enabled=&#8221;0&#8243;]\n<h3 style=\"text-align: left;\">ANGABEN ZUM IMPRESSUM GEM\u00c4SS \u00a7 5 TMG:<\/h3>\n<div class=\"su-row\"><div class=\"su-column su-column-size-1-3\"><div class=\"su-column-inner su-u-clearfix su-u-trim\">\n<p>ANSCHRIFT:<\/p>\n<p>INVERMA<br \/>Johannes Lange GmbH + Co KG<br \/>Segeberger Chaussee 365<br \/>22851 Norderstedt<\/p>\n<p>Registergericht: Amtsgericht Kiel<br \/>Registernummer: HRA 1140 NO<\/p>\n<\/div><\/div><div class=\"su-column su-column-size-1-3\"><div class=\"su-column-inner su-u-clearfix su-u-trim\">\n<p>VERTRETEN DURCH:<\/p>\n<p>PHG: INVERMA Chemie GmbH<br \/>Gesch\u00e4ftsf\u00fchrer: Frank Lange<br \/>Segeberger Chaussee 365<br \/>22851 Norderstedt<\/p>\n<p>Registergericht: Amtsgericht Kiel<br \/>Registernummer: HRB 1019 NO<\/p>\n<\/div><\/div><div class=\"su-column su-column-size-1-3\"><div class=\"su-column-inner su-u-clearfix su-u-trim\">\n<p>KONTAKT:<br \/>Telefon: +49 (0)40 5246666<br \/>Telefax: +49 (0)40 5241666<br \/>E-Mail:<a title=\"Email an INVERMA\" href=\"mailto:post@inverma.de\"> post[at]inverma.de<\/a><\/p>\n<\/div><\/div><\/div><div class=\"su-row\"><div class=\"su-column su-column-size-1-3\"><div class=\"su-column-inner su-u-clearfix su-u-trim\">\n<p>UMSATZSTEUER-ID:<\/p>\n<p style=\"text-align: left;\">Umsatzsteuer-Identifikationsnummer gem\u00e4\u00df \u00a727 a<br \/>Umsatzsteuergesetz:\u00a0DE134374907<\/p>\n<\/div><\/div><div class=\"su-column su-column-size-2-3\"><div class=\"su-column-inner su-u-clearfix su-u-trim\">\n<p>VERANTWORTLICH F\u00dcR DEN INHALT NACH \u00a7 55 ABS. 2 RSTV:<\/p>\n<p>Frank Lange<br \/>Segeberger Chaussee 365<br \/>22851 Norderstedt<\/p>\n<\/div><\/div><div class=\"su-column su-column-size-1-3\"><div class=\"su-column-inner su-u-clearfix su-u-trim\"><\/div><\/div><\/div>\n<h3>Streitschlichtung<\/h3>\n<p>Die Europ\u00e4ische Kommission stellt eine Plattform zur Online-Streitbeilegung (OS) bereit: <a href=\"https:\/\/ec.europa.eu\/consumers\/odr\" target=\"_blank\" rel=\"noopener noreferrer\">https:\/\/ec.europa.eu\/consumers\/odr<\/a>.<br \/>Unsere E-Mail-Adresse finden Sie oben im Impressum.<\/p>\n<p>Wir sind nicht bereit oder verpflichtet, an Streitbeilegungsverfahren vor einer Verbraucherschlichtungsstelle teilzunehmen.<\/p>\n<h3>Haftung f\u00fcr Inhalte<\/h3>\n<p>Als Diensteanbieter sind wir gem\u00e4\u00df \u00a7 7 Abs.1 TMG f\u00fcr eigene Inhalte auf diesen Seiten nach den allgemeinen Gesetzen verantwortlich. Nach \u00a7\u00a7 8 bis 10 TMG sind wir als Diensteanbieter jedoch nicht verpflichtet, \u00fcbermittelte oder gespeicherte fremde Informationen zu \u00fcberwachen oder nach Umst\u00e4nden zu forschen, die auf eine rechtswidrige T\u00e4tigkeit hinweisen.<\/p>\n<p>Verpflichtungen zur Entfernung oder Sperrung der Nutzung von Informationen nach den allgemeinen Gesetzen bleiben hiervon unber\u00fchrt. Eine diesbez\u00fcgliche Haftung ist jedoch erst ab dem Zeitpunkt der Kenntnis einer konkreten Rechtsverletzung m\u00f6glich. Bei Bekanntwerden von entsprechenden Rechtsverletzungen werden wir diese Inhalte umgehend entfernen.<\/p>\n<h3>Haftung f\u00fcr Links<\/h3>\n<p>Unser Angebot enth\u00e4lt Links zu externen Websites Dritter, auf deren Inhalte wir keinen Einfluss haben. Deshalb k\u00f6nnen wir f\u00fcr diese fremden Inhalte auch keine Gew\u00e4hr \u00fcbernehmen. F\u00fcr die Inhalte der verlinkten Seiten ist stets der jeweilige Anbieter oder Betreiber der Seiten verantwortlich. Die verlinkten Seiten wurden zum Zeitpunkt der Verlinkung auf m\u00f6gliche Rechtsverst\u00f6\u00dfe \u00fcberpr\u00fcft. Rechtswidrige Inhalte waren zum Zeitpunkt der Verlinkung nicht erkennbar.<\/p>\n<p>Eine permanente inhaltliche Kontrolle der verlinkten Seiten ist jedoch ohne konkrete Anhaltspunkte einer Rechtsverletzung nicht zumutbar. Bei Bekanntwerden von Rechtsverletzungen werden wir derartige Links umgehend entfernen.<\/p>\n<h3>Urheberrecht<\/h3>\n<p>Die durch die Seitenbetreiber erstellten Inhalte und Werke auf diesen Seiten unterliegen dem deutschen Urheberrecht. Die Vervielf\u00e4ltigung, Bearbeitung, Verbreitung und jede Art der Verwertung au\u00dferhalb der Grenzen des Urheberrechtes bed\u00fcrfen der schriftlichen Zustimmung des jeweiligen Autors bzw. Erstellers. Downloads und Kopien dieser Seite sind nur f\u00fcr den privaten, nicht kommerziellen Gebrauch gestattet.<\/p>\n<p>Soweit die Inhalte auf dieser Seite nicht vom Betreiber erstellt wurden, werden die Urheberrechte Dritter beachtet. Insbesondere werden Inhalte Dritter als solche gekennzeichnet. Sollten Sie trotzdem auf eine Urheberrechtsverletzung aufmerksam werden, bitten wir um einen entsprechenden Hinweis. Bei Bekanntwerden von Rechtsverletzungen werden wir derartige Inhalte umgehend entfernen.<\/p>\n[\/et_pb_text][\/et_pb_column][\/et_pb_row][\/et_pb_section]\n","protected":false},"excerpt":{"rendered":"<p>ANGABEN ZUM IMPRESSUM GEM\u00c4SS \u00a7 5 TMG: <div class=\"su-row\"><div class=\"su-column su-column-size-1-3\"><div class=\"su-column-inner su-u-clearfix su-u-trim\"> ANSCHRIFT: INVERMAJohannes Lange GmbH + Co KGSegeberger Chaussee 36522851 Norderstedt Registergericht: Amtsgericht KielRegisternummer: HRA 1140 NO <\/div><\/div><div class=\"su-column su-column-size-1-3\"><div class=\"su-column-inner su-u-clearfix su-u-trim\"> VERTRETEN DURCH: PHG: INVERMA Chemie GmbHGesch\u00e4ftsf\u00fchrer: Frank LangeSegeberger Chaussee 36522851 Norderstedt Registergericht: Amtsgericht KielRegisternummer: HRB 1019 NO <\/div><\/div><div class=\"su-column su-column-size-1-3\"><div class=\"su-column-inner su-u-clearfix su-u-trim\"> KONTAKT:Telefon: +49 (0)40 5246666Telefax: +49 (0)40 5241666E-Mail: post[at]inverma.de <\/div><\/div><\/div><div class=\"su-row\"><\/div><div class=\"su-column su-column-size-1-2\"><div class=\"su-column-inner su-u-clearfix su-u-trim\"><\/div><\/div><\/p>\n","protected":false},"author":8,"featured_media":0,"parent":0,"menu_order":42,"comment_status":"closed","ping_status":"closed","template":"","meta":{"_et_pb_use_builder":"on","_et_pb_old_content":"[et_pb_section fb_built=\"1\" _builder_version=\"4.16\" background_size=\"initial\" z_index_tablet=\"500\" global_colors_info=\"{}\"][et_pb_row _builder_version=\"4.16\" background_size=\"initial\" background_position=\"top_left\" background_repeat=\"repeat\" global_colors_info=\"{}\"][et_pb_column type=\"4_4\" _builder_version=\"4.16\" custom_padding=\"|||\" global_colors_info=\"{}\" custom_padding__hover=\"|||\"][et_pb_post_title meta=\"off\" featured_image=\"off\" _builder_version=\"4.16\" z_index_tablet=\"500\" global_colors_info=\"{}\"][\/et_pb_post_title][\/et_pb_column][\/et_pb_row][et_pb_row _builder_version=\"4.16\" background_color=\"#ffffff\" z_index_tablet=\"500\" box_shadow_style=\"preset3\" global_colors_info=\"{}\"][et_pb_column type=\"4_4\" _builder_version=\"4.16\" custom_padding=\"|||\" global_colors_info=\"{}\" custom_padding__hover=\"|||\"][et_pb_text _builder_version=\"4.18.0\" custom_padding=\"5%|5%|5%|5%\" hover_enabled=\"0\" z_index_tablet=\"500\" global_colors_info=\"{}\" sticky_enabled=\"0\"]<h3 style=\"text-align: left;\">ANGABEN ZUM IMPRESSUM GEM\u00c4SS \u00a7 5 TMG:<\/h3>\r\n<p>[su_row]<br \/>[su_column size=\"1\/3\"]<\/p>\r\n<p>ANSCHRIFT:<\/p>\r\n<p>INVERMA<br \/>Johannes Lange GmbH + Co KG<br \/>Segeberger Chaussee 365<br \/>22851 Norderstedt<\/p>\r\n<p>Registergericht: Amtsgericht Kiel<br \/>Registernummer: HRA 1140 NO<\/p>\r\n<p>[\/su_column]<br \/>[su_column size=\"1\/3\"]<\/p>\r\n<p>VERTRETEN DURCH:<\/p>\r\n<p>PHG: INVERMA Chemie GmbH<br \/>Gesch\u00e4ftsf\u00fchrer: Frank Lange<br \/>Segeberger Chaussee 365<br \/>22851 Norderstedt<\/p>\r\n<p>Registergericht: Amtsgericht Kiel<br \/>Registernummer: HRB 1019 NO<\/p>\r\n<p>[\/su_column]<br \/>[su_column size=\"1\/3\"]<\/p>\r\n<p>KONTAKT:<br \/>Telefon: +49 (0)40 5246666<br \/>Telefax: +49 (0)40 5241666<br \/>E-Mail:<a title=\"Email an INVERMA\" href=\"mailto:post@inverma.de\"> post[at]inverma.de<\/a><\/p>\r\n<p>[\/su_column]<br \/>[\/su_row]<br \/>[su_row]<br \/>[su_column size=\"1\/3\"]<\/p>\r\n<p>UMSATZSTEUER-ID:<\/p>\r\n<p style=\"text-align: left;\">Umsatzsteuer-Identifikationsnummer gem\u00e4\u00df \u00a727 a<br \/>Umsatzsteuergesetz:\u00a0DE134374907<\/p>\r\n<p>[\/su_column]<br \/>[su_column size=\"2\/3\"]<\/p>\r\n<p>VERANTWORTLICH F\u00dcR DEN INHALT NACH \u00a7 55 ABS. 2 RSTV:<\/p>\r\n<p>Frank Lange<br \/>Segeberger Chaussee 365<br \/>22851 Norderstedt<\/p>\r\n<p>[\/su_column]<br \/>[su_column size=\"1\/3\"][\/su_column]<br \/>[\/su_row]<\/p>\r\n<h3>Streitschlichtung<\/h3>\r\n<p>Die Europ\u00e4ische Kommission stellt eine Plattform zur Online-Streitbeilegung (OS) bereit: <a href=\"https:\/\/ec.europa.eu\/consumers\/odr\" target=\"_blank\" rel=\"noopener noreferrer\">https:\/\/ec.europa.eu\/consumers\/odr<\/a>.<br \/>Unsere E-Mail-Adresse finden Sie oben im Impressum.<\/p>\r\n<p>Wir sind nicht bereit oder verpflichtet, an Streitbeilegungsverfahren vor einer Verbraucherschlichtungsstelle teilzunehmen.<\/p>\r\n<h3>Haftung f\u00fcr Inhalte<\/h3>\r\n<p>Als Diensteanbieter sind wir gem\u00e4\u00df \u00a7 7 Abs.1 TMG f\u00fcr eigene Inhalte auf diesen Seiten nach den allgemeinen Gesetzen verantwortlich. Nach \u00a7\u00a7 8 bis 10 TMG sind wir als Diensteanbieter jedoch nicht verpflichtet, \u00fcbermittelte oder gespeicherte fremde Informationen zu \u00fcberwachen oder nach Umst\u00e4nden zu forschen, die auf eine rechtswidrige T\u00e4tigkeit hinweisen.<\/p>\r\n<p>Verpflichtungen zur Entfernung oder Sperrung der Nutzung von Informationen nach den allgemeinen Gesetzen bleiben hiervon unber\u00fchrt. Eine diesbez\u00fcgliche Haftung ist jedoch erst ab dem Zeitpunkt der Kenntnis einer konkreten Rechtsverletzung m\u00f6glich. Bei Bekanntwerden von entsprechenden Rechtsverletzungen werden wir diese Inhalte umgehend entfernen.<\/p>\r\n<h3>Haftung f\u00fcr Links<\/h3>\r\n<p>Unser Angebot enth\u00e4lt Links zu externen Websites Dritter, auf deren Inhalte wir keinen Einfluss haben. Deshalb k\u00f6nnen wir f\u00fcr diese fremden Inhalte auch keine Gew\u00e4hr \u00fcbernehmen. F\u00fcr die Inhalte der verlinkten Seiten ist stets der jeweilige Anbieter oder Betreiber der Seiten verantwortlich. Die verlinkten Seiten wurden zum Zeitpunkt der Verlinkung auf m\u00f6gliche Rechtsverst\u00f6\u00dfe \u00fcberpr\u00fcft. Rechtswidrige Inhalte waren zum Zeitpunkt der Verlinkung nicht erkennbar.<\/p>\r\n<p>Eine permanente inhaltliche Kontrolle der verlinkten Seiten ist jedoch ohne konkrete Anhaltspunkte einer Rechtsverletzung nicht zumutbar. Bei Bekanntwerden von Rechtsverletzungen werden wir derartige Links umgehend entfernen.<\/p>\r\n<h3>Urheberrecht<\/h3>\r\n<p>Die durch die Seitenbetreiber erstellten Inhalte und Werke auf diesen Seiten unterliegen dem deutschen Urheberrecht. Die Vervielf\u00e4ltigung, Bearbeitung, Verbreitung und jede Art der Verwertung au\u00dferhalb der Grenzen des Urheberrechtes bed\u00fcrfen der schriftlichen Zustimmung des jeweiligen Autors bzw. Erstellers. Downloads und Kopien dieser Seite sind nur f\u00fcr den privaten, nicht kommerziellen Gebrauch gestattet.<\/p>\r\n<p>Soweit die Inhalte auf dieser Seite nicht vom Betreiber erstellt wurden, werden die Urheberrechte Dritter beachtet. Insbesondere werden Inhalte Dritter als solche gekennzeichnet. Sollten Sie trotzdem auf eine Urheberrechtsverletzung aufmerksam werden, bitten wir um einen entsprechenden Hinweis. Bei Bekanntwerden von Rechtsverletzungen werden wir derartige Inhalte umgehend entfernen.<\/p>[\/et_pb_text][\/et_pb_column][\/et_pb_row][\/et_pb_section]","_et_gb_content_width":"","footnotes":""},"yoast_head":"<!-- This site is optimized with the Yoast SEO plugin v22.2 - https:\/\/yoast.com\/wordpress\/plugins\/seo\/ -->\n<title>\u0432\u0456\u0434\u0431\u0438\u0442\u043e\u043a - INVERMA<\/title>\n<meta name=\"description\" content=\"INVERMA - LEISTUNG MIT TRADITION \u201eMADE IN GERMANY\u201c SEIT \u00dcBER 69 JAHREN. Das Traditionsunternehmen INVERMA hat seinen Sitz in der N\u00e4he von Hamburg und ist durch seine Marken-Sexual-Produkte weltweit bekannt und nimmt im internationalen Ranking einen Spitzenplatz ein.\" \/>\n<meta name=\"robots\" content=\"index, follow, max-snippet:-1, max-image-preview:large, max-video-preview:-1\" \/>\n<link rel=\"canonical\" href=\"https:\/\/inverma.de\/uk\/%d0%b2%d1%96%d0%b4%d0%b1%d0%b8%d1%82%d0%be%d0%ba\/\" \/>\n<meta property=\"og:locale\" content=\"uk_UA\" \/>\n<meta property=\"og:type\" content=\"article\" \/>\n<meta property=\"og:title\" content=\"\u0432\u0456\u0434\u0431\u0438\u0442\u043e\u043a - INVERMA\" \/>\n<meta property=\"og:description\" content=\"INVERMA - LEISTUNG MIT TRADITION \u201eMADE IN GERMANY\u201c SEIT \u00dcBER 69 JAHREN. Das Traditionsunternehmen INVERMA hat seinen Sitz in der N\u00e4he von Hamburg und ist durch seine Marken-Sexual-Produkte weltweit bekannt und nimmt im internationalen Ranking einen Spitzenplatz ein.\" \/>\n<meta property=\"og:url\" content=\"https:\/\/inverma.de\/uk\/%d0%b2%d1%96%d0%b4%d0%b1%d0%b8%d1%82%d0%be%d0%ba\/\" \/>\n<meta property=\"og:site_name\" content=\"INVERMA\" \/>\n<meta property=\"article:publisher\" content=\"https:\/\/www.facebook.com\/inverma.lange\" \/>\n<meta property=\"article:modified_time\" content=\"2023-08-14T10:18:58+00:00\" \/>\n<meta name=\"twitter:label1\" content=\"Est. reading time\" \/>\n\t<meta name=\"twitter:data1\" content=\"3 minutes\" \/>\n<script type=\"application\/ld+json\" class=\"yoast-schema-graph\">{\"@context\":\"https:\/\/schema.org\",\"@graph\":[{\"@type\":\"WebPage\",\"@id\":\"https:\/\/inverma.de\/uk\/%d0%b2%d1%96%d0%b4%d0%b1%d0%b8%d1%82%d0%be%d0%ba\/\",\"url\":\"https:\/\/inverma.de\/uk\/%d0%b2%d1%96%d0%b4%d0%b1%d0%b8%d1%82%d0%be%d0%ba\/\",\"name\":\"\u0432\u0456\u0434\u0431\u0438\u0442\u043e\u043a - INVERMA\",\"isPartOf\":{\"@id\":\"https:\/\/inverma.de\/uk\/#website\"},\"datePublished\":\"2023-04-05T10:44:20+00:00\",\"dateModified\":\"2023-08-14T10:18:58+00:00\",\"description\":\"INVERMA - LEISTUNG MIT TRADITION \u201eMADE IN GERMANY\u201c SEIT \u00dcBER 69 JAHREN. Das Traditionsunternehmen INVERMA hat seinen Sitz in der N\u00e4he von Hamburg und ist durch seine Marken-Sexual-Produkte weltweit bekannt und nimmt im internationalen Ranking einen Spitzenplatz ein.\",\"breadcrumb\":{\"@id\":\"https:\/\/inverma.de\/uk\/%d0%b2%d1%96%d0%b4%d0%b1%d0%b8%d1%82%d0%be%d0%ba\/#breadcrumb\"},\"inLanguage\":\"uk-UA\",\"potentialAction\":[{\"@type\":\"ReadAction\",\"target\":[\"https:\/\/inverma.de\/uk\/%d0%b2%d1%96%d0%b4%d0%b1%d0%b8%d1%82%d0%be%d0%ba\/\"]}]},{\"@type\":\"BreadcrumbList\",\"@id\":\"https:\/\/inverma.de\/uk\/%d0%b2%d1%96%d0%b4%d0%b1%d0%b8%d1%82%d0%be%d0%ba\/#breadcrumb\",\"itemListElement\":[{\"@type\":\"ListItem\",\"position\":1,\"name\":\"Home\",\"item\":\"https:\/\/inverma.de\/uk\/\"},{\"@type\":\"ListItem\",\"position\":2,\"name\":\"\u0432\u0456\u0434\u0431\u0438\u0442\u043e\u043a\"}]},{\"@type\":\"WebSite\",\"@id\":\"https:\/\/inverma.de\/uk\/#website\",\"url\":\"https:\/\/inverma.de\/uk\/\",\"name\":\"INVERMA\",\"description\":\"Come in to the world of erotic and exotic\",\"publisher\":{\"@id\":\"https:\/\/inverma.de\/uk\/#organization\"},\"potentialAction\":[{\"@type\":\"SearchAction\",\"target\":{\"@type\":\"EntryPoint\",\"urlTemplate\":\"https:\/\/inverma.de\/uk\/?s={search_term_string}\"},\"query-input\":\"required name=search_term_string\"}],\"inLanguage\":\"uk-UA\"},{\"@type\":\"Organization\",\"@id\":\"https:\/\/inverma.de\/uk\/#organization\",\"name\":\"INVERMA Johannes Lange GmbH+Co KG\",\"url\":\"https:\/\/inverma.de\/uk\/\",\"logo\":{\"@type\":\"ImageObject\",\"inLanguage\":\"uk-UA\",\"@id\":\"https:\/\/inverma.de\/uk\/#\/schema\/logo\/image\/\",\"url\":\"https:\/\/inverma.de\/wp-content\/uploads\/inverma_logo_neu-e1545358251143.png\",\"contentUrl\":\"https:\/\/inverma.de\/wp-content\/uploads\/inverma_logo_neu-e1545358251143.png\",\"width\":280,\"height\":74,\"caption\":\"INVERMA Johannes Lange GmbH+Co KG\"},\"image\":{\"@id\":\"https:\/\/inverma.de\/uk\/#\/schema\/logo\/image\/\"},\"sameAs\":[\"https:\/\/www.facebook.com\/inverma.lange\"]}]}<\/script>\n<!-- \/ Yoast SEO plugin. -->","yoast_head_json":{"title":"\u0432\u0456\u0434\u0431\u0438\u0442\u043e\u043a - INVERMA","description":"INVERMA - LEISTUNG MIT TRADITION \u201eMADE IN GERMANY\u201c SEIT \u00dcBER 69 JAHREN. Das Traditionsunternehmen INVERMA hat seinen Sitz in der N\u00e4he von Hamburg und ist durch seine Marken-Sexual-Produkte weltweit bekannt und nimmt im internationalen Ranking einen Spitzenplatz ein.","robots":{"index":"index","follow":"follow","max-snippet":"max-snippet:-1","max-image-preview":"max-image-preview:large","max-video-preview":"max-video-preview:-1"},"canonical":"https:\/\/inverma.de\/uk\/%d0%b2%d1%96%d0%b4%d0%b1%d0%b8%d1%82%d0%be%d0%ba\/","og_locale":"uk_UA","og_type":"article","og_title":"\u0432\u0456\u0434\u0431\u0438\u0442\u043e\u043a - INVERMA","og_description":"INVERMA - LEISTUNG MIT TRADITION \u201eMADE IN GERMANY\u201c SEIT \u00dcBER 69 JAHREN. Das Traditionsunternehmen INVERMA hat seinen Sitz in der N\u00e4he von Hamburg und ist durch seine Marken-Sexual-Produkte weltweit bekannt und nimmt im internationalen Ranking einen Spitzenplatz ein.","og_url":"https:\/\/inverma.de\/uk\/%d0%b2%d1%96%d0%b4%d0%b1%d0%b8%d1%82%d0%be%d0%ba\/","og_site_name":"INVERMA","article_publisher":"https:\/\/www.facebook.com\/inverma.lange","article_modified_time":"2023-08-14T10:18:58+00:00","twitter_misc":{"Est. reading time":"3 minutes"},"schema":{"@context":"https:\/\/schema.org","@graph":[{"@type":"WebPage","@id":"https:\/\/inverma.de\/uk\/%d0%b2%d1%96%d0%b4%d0%b1%d0%b8%d1%82%d0%be%d0%ba\/","url":"https:\/\/inverma.de\/uk\/%d0%b2%d1%96%d0%b4%d0%b1%d0%b8%d1%82%d0%be%d0%ba\/","name":"\u0432\u0456\u0434\u0431\u0438\u0442\u043e\u043a - INVERMA","isPartOf":{"@id":"https:\/\/inverma.de\/uk\/#website"},"datePublished":"2023-04-05T10:44:20+00:00","dateModified":"2023-08-14T10:18:58+00:00","description":"INVERMA - LEISTUNG MIT TRADITION \u201eMADE IN GERMANY\u201c SEIT \u00dcBER 69 JAHREN. Das Traditionsunternehmen INVERMA hat seinen Sitz in der N\u00e4he von Hamburg und ist durch seine Marken-Sexual-Produkte weltweit bekannt und nimmt im internationalen Ranking einen Spitzenplatz ein.","breadcrumb":{"@id":"https:\/\/inverma.de\/uk\/%d0%b2%d1%96%d0%b4%d0%b1%d0%b8%d1%82%d0%be%d0%ba\/#breadcrumb"},"inLanguage":"uk-UA","potentialAction":[{"@type":"ReadAction","target":["https:\/\/inverma.de\/uk\/%d0%b2%d1%96%d0%b4%d0%b1%d0%b8%d1%82%d0%be%d0%ba\/"]}]},{"@type":"BreadcrumbList","@id":"https:\/\/inverma.de\/uk\/%d0%b2%d1%96%d0%b4%d0%b1%d0%b8%d1%82%d0%be%d0%ba\/#breadcrumb","itemListElement":[{"@type":"ListItem","position":1,"name":"Home","item":"https:\/\/inverma.de\/uk\/"},{"@type":"ListItem","position":2,"name":"\u0432\u0456\u0434\u0431\u0438\u0442\u043e\u043a"}]},{"@type":"WebSite","@id":"https:\/\/inverma.de\/uk\/#website","url":"https:\/\/inverma.de\/uk\/","name":"INVERMA","description":"Come in to the world of erotic and exotic","publisher":{"@id":"https:\/\/inverma.de\/uk\/#organization"},"potentialAction":[{"@type":"SearchAction","target":{"@type":"EntryPoint","urlTemplate":"https:\/\/inverma.de\/uk\/?s={search_term_string}"},"query-input":"required name=search_term_string"}],"inLanguage":"uk-UA"},{"@type":"Organization","@id":"https:\/\/inverma.de\/uk\/#organization","name":"INVERMA Johannes Lange GmbH+Co KG","url":"https:\/\/inverma.de\/uk\/","logo":{"@type":"ImageObject","inLanguage":"uk-UA","@id":"https:\/\/inverma.de\/uk\/#\/schema\/logo\/image\/","url":"https:\/\/inverma.de\/wp-content\/uploads\/inverma_logo_neu-e1545358251143.png","contentUrl":"https:\/\/inverma.de\/wp-content\/uploads\/inverma_logo_neu-e1545358251143.png","width":280,"height":74,"caption":"INVERMA Johannes Lange GmbH+Co KG"},"image":{"@id":"https:\/\/inverma.de\/uk\/#\/schema\/logo\/image\/"},"sameAs":["https:\/\/www.facebook.com\/inverma.lange"]}]}},"_links":{"self":[{"href":"https:\/\/inverma.de\/uk\/wp-json\/wp\/v2\/pages\/13665"}],"collection":[{"href":"https:\/\/inverma.de\/uk\/wp-json\/wp\/v2\/pages"}],"about":[{"href":"https:\/\/inverma.de\/uk\/wp-json\/wp\/v2\/types\/page"}],"author":[{"embeddable":true,"href":"https:\/\/inverma.de\/uk\/wp-json\/wp\/v2\/users\/8"}],"replies":[{"embeddable":true,"href":"https:\/\/inverma.de\/uk\/wp-json\/wp\/v2\/comments?post=13665"}],"version-history":[{"count":4,"href":"https:\/\/inverma.de\/uk\/wp-json\/wp\/v2\/pages\/13665\/revisions"}],"predecessor-version":[{"id":19754,"href":"https:\/\/inverma.de\/uk\/wp-json\/wp\/v2\/pages\/13665\/revisions\/19754"}],"wp:attachment":[{"href":"https:\/\/inverma.de\/uk\/wp-json\/wp\/v2\/media?parent=13665"}],"curies":[{"name":"wp","href":"https:\/\/api.w.org\/{rel}","templated":true}]}}